
{"id":19441,"date":"2025-12-11T13:30:13","date_gmt":"2025-12-11T12:30:13","guid":{"rendered":"https:\/\/pfc.hr\/?page_id=19441"},"modified":"2026-01-28T14:23:13","modified_gmt":"2026-01-28T13:23:13","slug":"inzenjer-elektrotehnike-m-z","status":"publish","type":"page","link":"https:\/\/pfc.hr\/hr\/karijere\/inzenjer-elektrotehnike-m-z\/","title":{"rendered":"In\u017eenjer elektrotehnike (m\/\u017e)"},"content":{"rendered":"\n\t<section class=\"section\" id=\"section_470764704\">\n\t\t<div class=\"section-bg fill\" >\n\t\t\t\t\t\t\t\t\t\n\t\t\t\n\n\t\t<\/div>\n\n\t\t\n\t<div class=\"ux-shape-divider ux-shape-divider--bottom ux-shape-divider--style-waves-opacity-3\">\n\t\t<svg viewBox=\"0 0 1000 300\" xmlns=\"http:\/\/www.w3.org\/2000\/svg\" preserveAspectRatio=\"none\">\n\t<path class=\"ux-shape-fill\" opacity=\"0.05\" d=\"M1014 264V386H206L34 300C34 300 344.42 277.16 436 221C542 156 590 160 704 209C811 255 899.11 214.94 979 346L1014 264Z\"\/>\n\t<path class=\"ux-shape-fill\" opacity=\"0.1\" d=\"M-302 55C-302 55 -66.73 263.25 50 214C178 160 283 116 353 141C445.68 174.1 534.28 256.19 588 249C692.9 235 764.52 75.94 855 131C940.61 183.09 1000 254 1000 254V328L-306 338L-302 55Z\"\/>\n\t<path class=\"ux-shape-fill\" opacity=\"0.15\" d=\"M-286 255C-286 255 -72 152 52 126C176 100 255 155 436 227C581.57 284.91 614.7 277.79 708 227C787 184 1009 3.0001 1093 164C1146 265.63 1031 293 1031 293L924 377L-288 389L-286 255Z\"\/>\n\t<path class=\"ux-shape-fill\" opacity=\"0.3\" d=\"M-24 69C-24 69 275.68 370.66 389 314C397 310 622 316 673 356C690.47 369.7 845 224 890 182C944.8 130.85 1018 92 1078 143C1154.12 207.7 1196 242 1196 242L1184 374L-28 386L-24 69Z\"\/>\n\t<path class=\"ux-shape-fill\" d=\"M-12 201C-12 201 58 284 182 258C306 232 342.29 221.23 456 264C565 305 640.82 288.36 721 249C776 222 837.5 191.31 935 253C984 284 1030 279 1030 279L1024 430L-12 440V201Z\"\/>\n<\/svg>\n\t<\/div>\n\n\t\t<div class=\"section-content relative\">\n\t\t\t\n\t\t<\/div>\n\n\t\t\n<style>\n#section_470764704 {\n  padding-top: 50px;\n  padding-bottom: 50px;\n  background-color: #007369;\n}\n#section_470764704 .ux-shape-divider--bottom svg {\n  height: 90px;\n  --divider-width: 100%;\n}\n@media (min-width:550px) {\n  #section_470764704 {\n    padding-top: 80px;\n    padding-bottom: 80px;\n  }\n  #section_470764704 .ux-shape-divider--bottom svg {\n    height: 120px;\n  }\n}\n@media (min-width:850px) {\n  #section_470764704 {\n    padding-top: 100px;\n    padding-bottom: 100px;\n  }\n  #section_470764704 .ux-shape-divider--bottom svg {\n    height: 150px;\n  }\n}\n<\/style>\n\t<\/section>\n\t\n\n\t<section class=\"section\" id=\"section_1616737852\">\n\t\t<div class=\"section-bg fill\" >\n\t\t\t\t\t\t\t\t\t\n\t\t\t\n\n\t\t<\/div>\n\n\t\t\n\n\t\t<div class=\"section-content relative\">\n\t\t\t\n<div class=\"row align-middle\"  id=\"row-1413391604\">\n\n\t<div id=\"col-842118698\" class=\"col medium-6 small-12 large-6\"  >\n\t\t\t\t<div class=\"col-inner\"  >\n\t\t\t\n\t\t\t\n\t<div class=\"img has-hover x md-x lg-x y md-y lg-y\" id=\"image_293805876\">\n\t\t\t\t\t\t\t\t<div class=\"img-inner dark\" >\n\t\t\t<img loading=\"lazy\" decoding=\"async\" width=\"1020\" height=\"1020\" src=\"https:\/\/pfc.hr\/wp-content\/uploads\/2025\/01\/career-pico-flow-controls.jpg\" class=\"attachment-large size-large\" alt=\"career at pico flow controls\" \/>\t\t\t\t\t\t\n\t\t\t\t\t<\/div>\n\t\t\t\t\t\t\t\t\n<style>\n#image_293805876 {\n  width: 100%;\n}\n<\/style>\n\t<\/div>\n\t\n\t\t<\/div>\n\t\t\t\t\t<\/div>\n\n\t\n\n\t<div id=\"col-1173079577\" class=\"col medium-6 small-12 large-6 small-col-first\"  >\n\t\t\t\t<div class=\"col-inner\"  >\n\t\t\t\n\t\t\t\n\t<div id=\"text-1729048288\" class=\"text\">\n\t\t\n<h2>In\u017eenjer elektrotehnike (m\/\u017e)<\/h2>\n\t\t\n<style>\n#text-1729048288 {\n  font-size: 1.4rem;\n}\n<\/style>\n\t<\/div>\n\t\n<p><strong>PICO FLOW CONTROLS d.o.o.<\/strong><\/p>\n<p><strong>Lokacija: Zagreb ili Novoselec<\/strong><\/p>\n<p><strong>Vrsta zaposlenja: Stalni radni odnos<\/strong><\/p>\n<h3><strong>Tko smo mi?<\/strong><\/h3>\n<p>PICO FLOW CONTROLS d.o.o. je tr\u017ei\u0161ni lider u projektiranju, odr\u017eavanju i servisu cjelovitih tehni\u010dkih rje\u0161enja u industriji nafte i plina. Na\u0161 rad temelji se na kvaliteti, sigurnosti i pouzdanosti, a na\u0161 tim \u010dine certificirani stru\u010dnjaci s dugogodi\u0161njim iskustvom. <\/p>\n<h3 data-start=\"384\" data-end=\"704\"><strong>Za\u0161to je ovo prilika za Vas?<\/strong><\/h3>\n<p data-start=\"384\" data-end=\"704\">Ako \u017eelite raditi na <strong>tehni\u010dki zahtjevnim projektima<\/strong>, razvijati svoje znanje u podru\u010dju elektroinstalacija, mjernih sustava i automatizacije te biti dio <strong>stru\u010dnog i podr\u017eavaju\u0107eg tima<\/strong>, ovo je pozicija koja vam nudi stabilnost i profesionalni rast.<\/p>\n\t\t<\/div>\n\t\t\t\t\t<\/div>\n\n\t\n<\/div>\n\t\t<\/div>\n\n\t\t\n<style>\n#section_1616737852 {\n  padding-top: 100px;\n  padding-bottom: 100px;\n  margin-bottom: -100px;\n}\n<\/style>\n\t<\/section>\n\t\n\n\t<section class=\"section\" id=\"section_1897822821\">\n\t\t<div class=\"section-bg fill\" >\n\t\t\t\t\t\t\t\t\t\n\t\t\t\n\n\t\t<\/div>\n\n\t\t\n\n\t\t<div class=\"section-content relative\">\n\t\t\t\n<div class=\"row\"  id=\"row-935132552\">\n\n\t<div id=\"col-500311280\" class=\"col small-12 large-12\"  >\n\t\t\t\t<div class=\"col-inner\"  >\n\t\t\t\n\t\t\t\n<h2><strong>Opis posla i va\u0161e odgovornosti<\/strong><\/h2>\n<ul>\n<li>Projektiranje elektro i instrumentalnih sustava prema va\u017ee\u0107im normama<\/li>\n<li>Sudjelovanje u fazama nu\u0111enja, projektiranja i realizacije projekata<\/li>\n<li>Specifikacija i nabava materijala, organizacija i nadzor radova<\/li>\n<li>Komunikacijsko povezivanje opreme na kontrolne sustave<\/li>\n<li>Terenska defekta\u017ea i otklanjanje kvarova<\/li>\n<li>Samostalno izvo\u0111enje servisa elektro i instrumentalne opreme<\/li>\n<\/ul>\n\t\t<\/div>\n\t\t\t\t\t<\/div>\n\n\t\n<\/div>\n<div class=\"row\"  id=\"row-2092653798\">\n\n\t<div id=\"col-31178253\" class=\"col small-12 large-12\"  >\n\t\t\t\t<div class=\"col-inner\"  >\n\t\t\t\n\t\t\t\n<h2><strong>Uvjeti koje tra\u017eimo:<\/strong><\/h2>\n<ul>\n<li>VSS elektrotehni\u010dkog ili srodnog tehni\u010dkog usmjerenja<\/li>\n<li>Voza\u010dka dozvola B kategorije<\/li>\n<li>Aktivno znanje engleskog jezika (govor i pismo) <\/li>\n<li>Poznavanje MS Office paketa<\/li>\n<li>Proaktivnost, samostalnost i odgovornost u radu<\/li>\n<li>Spremnost na timski rad i kra\u0107a putovanja<\/li>\n<li><strong>Prednost:<\/strong> polo\u017een dr\u017eavni stru\u010dni ispit i iskustvo u industriji nafte i plina ili sli\u010dnim tehni\u010dkim sustavima<\/li>\n<\/ul>\n\t\t<\/div>\n\t\t\t\t\t<\/div>\n\n\t\n<\/div>\n<div class=\"row\"  id=\"row-564382876\">\n\n\t<div id=\"col-60307411\" class=\"col small-12 large-12\"  >\n\t\t\t\t<div class=\"col-inner\"  >\n\t\t\t\n\t\t\t\n<h2><strong>\u0160to nudimo:<\/strong><\/h2>\n<ul>\n<li data-start=\"43\" data-end=\"97\">\n<p data-start=\"45\" data-end=\"97\">Rad u stru\u010dnom i podr\u017eavaju\u0107em timu<\/p>\n<\/li>\n<li data-start=\"98\" data-end=\"159\">\n<p data-start=\"100\" data-end=\"159\">Edukaciju o sustavima i tehnologijama s kojima radimo<\/p>\n<\/li>\n<li data-start=\"160\" data-end=\"233\">\n<p data-start=\"162\" data-end=\"233\">Mogu\u0107nost profesionalnog razvoja i napredovanja<\/p>\n<\/li>\n<li data-start=\"234\" data-end=\"303\">\n<p data-start=\"236\" data-end=\"303\">Sudjelovanje u zanimljivim i tehni\u010dki zahtjevnim projektima<\/p>\n<\/li>\n<li data-start=\"304\" data-end=\"364\" data-is-last-node=\"\">\n<p data-start=\"306\" data-end=\"364\" data-is-last-node=\"\">Stabilno radno okru\u017eenje i stimulativna primanja<\/p>\n<\/li>\n<\/ul>\n\t\t<\/div>\n\t\t\t\t\t<\/div>\n\n\t\n<\/div>\n\t\t<\/div>\n\n\t\t\n<style>\n#section_1897822821 {\n  padding-top: 30px;\n  padding-bottom: 30px;\n  margin-bottom: -40px;\n}\n<\/style>\n\t<\/section>\n\t\n\n\t<section class=\"section\" id=\"section_1937966360\">\n\t\t<div class=\"section-bg fill\" >\n\t\t\t\t\t\t\t\t\t\n\t\t\t\n\n\t\t<\/div>\n\n\t\t\n\t<div class=\"ux-shape-divider ux-shape-divider--bottom ux-shape-divider--style-waves-opacity-3\">\n\t\t<svg viewBox=\"0 0 1000 300\" xmlns=\"http:\/\/www.w3.org\/2000\/svg\" preserveAspectRatio=\"none\">\n\t<path class=\"ux-shape-fill\" opacity=\"0.05\" d=\"M1014 264V386H206L34 300C34 300 344.42 277.16 436 221C542 156 590 160 704 209C811 255 899.11 214.94 979 346L1014 264Z\"\/>\n\t<path class=\"ux-shape-fill\" opacity=\"0.1\" d=\"M-302 55C-302 55 -66.73 263.25 50 214C178 160 283 116 353 141C445.68 174.1 534.28 256.19 588 249C692.9 235 764.52 75.94 855 131C940.61 183.09 1000 254 1000 254V328L-306 338L-302 55Z\"\/>\n\t<path class=\"ux-shape-fill\" opacity=\"0.15\" d=\"M-286 255C-286 255 -72 152 52 126C176 100 255 155 436 227C581.57 284.91 614.7 277.79 708 227C787 184 1009 3.0001 1093 164C1146 265.63 1031 293 1031 293L924 377L-288 389L-286 255Z\"\/>\n\t<path class=\"ux-shape-fill\" opacity=\"0.3\" d=\"M-24 69C-24 69 275.68 370.66 389 314C397 310 622 316 673 356C690.47 369.7 845 224 890 182C944.8 130.85 1018 92 1078 143C1154.12 207.7 1196 242 1196 242L1184 374L-28 386L-24 69Z\"\/>\n\t<path class=\"ux-shape-fill\" d=\"M-12 201C-12 201 58 284 182 258C306 232 342.29 221.23 456 264C565 305 640.82 288.36 721 249C776 222 837.5 191.31 935 253C984 284 1030 279 1030 279L1024 430L-12 440V201Z\"\/>\n<\/svg>\n\t<\/div>\n\n\t\t<div class=\"section-content relative\">\n\t\t\t\n<div class=\"row align-center\"  id=\"row-1549520783\">\n\n\t<div id=\"col-1999173207\" class=\"col medium-8 small-12 large-8\"  >\n\t\t\t\t<div class=\"col-inner\"  >\n\t\t\t\n\t\t\t\n\n<div class=\"wpcf7 no-js\" id=\"wpcf7-f4082-o1\" lang=\"en-US\" dir=\"ltr\" data-wpcf7-id=\"4082\">\n<div class=\"screen-reader-response\"><p role=\"status\" aria-live=\"polite\" aria-atomic=\"true\"><\/p> <ul><\/ul><\/div>\n<form action=\"\/hr\/wp-json\/wp\/v2\/pages\/19441#wpcf7-f4082-o1\" method=\"post\" class=\"wpcf7-form init\" aria-label=\"Contact form\" enctype=\"multipart\/form-data\" novalidate=\"novalidate\" data-status=\"init\">\n<fieldset class=\"hidden-fields-container\"><input type=\"hidden\" name=\"_wpcf7\" value=\"4082\" \/><input type=\"hidden\" name=\"_wpcf7_version\" value=\"6.1.5\" \/><input type=\"hidden\" name=\"_wpcf7_locale\" value=\"en_US\" \/><input type=\"hidden\" name=\"_wpcf7_unit_tag\" value=\"wpcf7-f4082-o1\" \/><input type=\"hidden\" name=\"_wpcf7_container_post\" value=\"0\" \/><input type=\"hidden\" name=\"_wpcf7_posted_data_hash\" value=\"\" \/><input type=\"hidden\" name=\"_wpcf7_recaptcha_response\" value=\"\" \/>\n<\/fieldset>\n<div class=\"two-inputs\">\n\t<p><label>First name*<\/label><br \/>\n<span class=\"wpcf7-form-control-wrap\" data-name=\"FirstName\"><input size=\"40\" maxlength=\"400\" class=\"wpcf7-form-control wpcf7-text wpcf7-validates-as-required\" aria-required=\"true\" aria-invalid=\"false\" placeholder=\"John\" value=\"\" type=\"text\" name=\"FirstName\" \/><\/span>\n\t<\/p>\n\t<p><label>Last name*<\/label><br \/>\n<span class=\"wpcf7-form-control-wrap\" data-name=\"LastName\"><input size=\"40\" maxlength=\"400\" class=\"wpcf7-form-control wpcf7-text wpcf7-validates-as-required\" aria-required=\"true\" aria-invalid=\"false\" placeholder=\"Smith\" value=\"\" type=\"text\" name=\"LastName\" \/><\/span>\n\t<\/p>\n<\/div>\n<p><label>Your email*<\/label><br \/>\n<span class=\"wpcf7-form-control-wrap\" data-name=\"your-email\"><input size=\"40\" maxlength=\"400\" class=\"wpcf7-form-control wpcf7-email wpcf7-validates-as-required wpcf7-text wpcf7-validates-as-email\" autocomplete=\"email\" aria-required=\"true\" aria-invalid=\"false\" placeholder=\"user@mail.com\" value=\"\" type=\"email\" name=\"your-email\" \/><\/span>\n<\/p>\n<p><label>Your phone*<\/label><br \/>\n<span class=\"wpcf7-form-control-wrap\" data-name=\"phone\"><input size=\"40\" maxlength=\"16\" minlength=\"9\" class=\"wpcf7-form-control wpcf7-tel wpcf7-validates-as-required wpcf7-text wpcf7-validates-as-tel\" aria-required=\"true\" aria-invalid=\"false\" placeholder=\"+385 9x xxxxxxx\" value=\"\" type=\"tel\" name=\"phone\" \/><\/span>\n<\/p>\n<p><label>Subject*<\/label><br \/>\n<span class=\"wpcf7-form-control-wrap\" data-name=\"your-subject\"><input size=\"40\" maxlength=\"400\" class=\"wpcf7-form-control wpcf7-text wpcf7-validates-as-required\" aria-required=\"true\" aria-invalid=\"false\" placeholder=\"Reason for contacting us\" value=\"\" type=\"text\" name=\"your-subject\" \/><\/span>\n<\/p>\n<p><label>Your message*<\/label><br \/>\n<span class=\"wpcf7-form-control-wrap\" data-name=\"your-message\"><textarea cols=\"40\" rows=\"10\" maxlength=\"2000\" class=\"wpcf7-form-control wpcf7-textarea wpcf7-validates-as-required\" aria-required=\"true\" aria-invalid=\"false\" placeholder=\"Type Your message here...\" name=\"your-message\"><\/textarea><\/span>\n<\/p>\n<div class=\"two-inputs\">\n\t<p><label>Upload Your CV<\/label><br \/>\n<span class=\"wpcf7-form-control-wrap\" data-name=\"file-CV\"><input size=\"40\" class=\"wpcf7-form-control wpcf7-file\" accept=\"image\/*,.pdf\" aria-invalid=\"false\" type=\"file\" name=\"file-CV\" \/><\/span>\n\t<\/p>\n\t<p><label>Upload Your Motivational letter<\/label><br \/>\n<span class=\"wpcf7-form-control-wrap\" data-name=\"file-ML\"><input size=\"40\" class=\"wpcf7-form-control wpcf7-file\" accept=\"image\/*,.pdf\" aria-invalid=\"false\" type=\"file\" name=\"file-ML\" \/><\/span>\n\t<\/p>\n<\/div>\n<p><span class=\"wpcf7-form-control-wrap\" data-name=\"acceptance\"><span class=\"wpcf7-form-control wpcf7-acceptance\"><span class=\"wpcf7-list-item\"><label><input type=\"checkbox\" name=\"acceptance\" value=\"1\" aria-invalid=\"false\" \/><span class=\"wpcf7-list-item-label\">I accept the <a href=\"https:\/\/pfc.hr\/privacy-policy\/\" target=\"_blank\">Privacy Terms<\/a><\/span><\/label><\/span><\/span><\/span>\n<\/p>\n<p><input class=\"wpcf7-form-control wpcf7-submit has-spinner\" type=\"submit\" value=\"Submit\" \/>\n<\/p><div class=\"wpcf7-response-output\" aria-hidden=\"true\"><\/div>\n<\/form>\n<\/div>\n\n\t\t<\/div>\n\t\t\t\t\t<\/div>\n\n\t\n<\/div>\n\t\t<\/div>\n\n\t\t\n<style>\n#section_1937966360 {\n  padding-top: 80px;\n  padding-bottom: 80px;\n}\n#section_1937966360 .ux-shape-divider--bottom svg {\n  height: 90px;\n  --divider-width: 100%;\n}\n#section_1937966360 .ux-shape-divider--bottom .ux-shape-fill {\n  fill: rgb(0, 0, 0);\n}\n@media (min-width:550px) {\n  #section_1937966360 .ux-shape-divider--bottom svg {\n    height: 120px;\n  }\n}\n@media (min-width:850px) {\n  #section_1937966360 .ux-shape-divider--bottom svg {\n    height: 150px;\n  }\n}\n<\/style>\n\t<\/section>\n\t\n","protected":false},"excerpt":{"rendered":"","protected":false},"author":3,"featured_media":19461,"parent":1633,"menu_order":0,"comment_status":"closed","ping_status":"closed","template":"page-blank.php","meta":{"footnotes":""},"class_list":["post-19441","page","type-page","status-publish","has-post-thumbnail","hentry"],"yoast_head":"<!-- This site is optimized with the Yoast SEO plugin v27.3 - https:\/\/yoast.com\/product\/yoast-seo-wordpress\/ -->\n<title>In\u017eenjer elektrotehnike (m\/\u017e) - PFC<\/title>\n<meta name=\"description\" content=\"Tra\u017eimo in\u017eenjera elektrotehnike (VSS) za projektiranje i odr\u017eavanje sustava u industriji nafte i plina. Lokacija: Zagreb ili Novoselec.\" \/>\n<meta name=\"robots\" content=\"index, follow, max-snippet:-1, max-image-preview:large, max-video-preview:-1\" \/>\n<link rel=\"canonical\" href=\"https:\/\/pfc.hr\/hr\/karijere\/inzenjer-elektrotehnike-m-z\/\" \/>\n<meta property=\"og:locale\" content=\"hr_HR\" \/>\n<meta property=\"og:type\" content=\"article\" \/>\n<meta property=\"og:title\" content=\"In\u017eenjer elektrotehnike (m\/\u017e) - PFC\" \/>\n<meta property=\"og:description\" content=\"Tra\u017eimo in\u017eenjera elektrotehnike (VSS) za projektiranje i odr\u017eavanje sustava u industriji nafte i plina. Lokacija: Zagreb ili Novoselec.\" \/>\n<meta property=\"og:url\" content=\"https:\/\/pfc.hr\/hr\/karijere\/inzenjer-elektrotehnike-m-z\/\" \/>\n<meta property=\"og:site_name\" content=\"PFC\" \/>\n<meta property=\"article:modified_time\" content=\"2026-01-28T13:23:13+00:00\" \/>\n<meta property=\"og:image\" content=\"https:\/\/pfc.hr\/wp-content\/uploads\/2025\/12\/Hiring-pico-flow-controls.jpeg\" \/>\n\t<meta property=\"og:image:width\" content=\"2000\" \/>\n\t<meta property=\"og:image:height\" content=\"1496\" \/>\n\t<meta property=\"og:image:type\" content=\"image\/jpeg\" \/>\n<meta name=\"twitter:card\" content=\"summary_large_image\" \/>\n<meta name=\"twitter:label1\" content=\"Procijenjeno vrijeme \u010ditanja\" \/>\n\t<meta name=\"twitter:data1\" content=\"2 minute\" \/>\n<script type=\"application\/ld+json\" class=\"yoast-schema-graph\">{\"@context\":\"https:\\\/\\\/schema.org\",\"@graph\":[{\"@type\":\"WebPage\",\"@id\":\"https:\\\/\\\/pfc.hr\\\/hr\\\/karijere\\\/inzenjer-elektrotehnike-m-z\\\/\",\"url\":\"https:\\\/\\\/pfc.hr\\\/hr\\\/karijere\\\/inzenjer-elektrotehnike-m-z\\\/\",\"name\":\"In\u017eenjer elektrotehnike (m\\\/\u017e) - PFC\",\"isPartOf\":{\"@id\":\"https:\\\/\\\/pfc.hr\\\/hr\\\/#website\"},\"primaryImageOfPage\":{\"@id\":\"https:\\\/\\\/pfc.hr\\\/hr\\\/karijere\\\/inzenjer-elektrotehnike-m-z\\\/#primaryimage\"},\"image\":{\"@id\":\"https:\\\/\\\/pfc.hr\\\/hr\\\/karijere\\\/inzenjer-elektrotehnike-m-z\\\/#primaryimage\"},\"thumbnailUrl\":\"https:\\\/\\\/pfc.hr\\\/wp-content\\\/uploads\\\/2025\\\/12\\\/Hiring-pico-flow-controls.jpeg\",\"datePublished\":\"2025-12-11T12:30:13+00:00\",\"dateModified\":\"2026-01-28T13:23:13+00:00\",\"description\":\"Tra\u017eimo in\u017eenjera elektrotehnike (VSS) za projektiranje i odr\u017eavanje sustava u industriji nafte i plina. Lokacija: Zagreb ili Novoselec.\",\"breadcrumb\":{\"@id\":\"https:\\\/\\\/pfc.hr\\\/hr\\\/karijere\\\/inzenjer-elektrotehnike-m-z\\\/#breadcrumb\"},\"inLanguage\":\"hr\",\"potentialAction\":[{\"@type\":\"ReadAction\",\"target\":[\"https:\\\/\\\/pfc.hr\\\/hr\\\/karijere\\\/inzenjer-elektrotehnike-m-z\\\/\"]}]},{\"@type\":\"ImageObject\",\"inLanguage\":\"hr\",\"@id\":\"https:\\\/\\\/pfc.hr\\\/hr\\\/karijere\\\/inzenjer-elektrotehnike-m-z\\\/#primaryimage\",\"url\":\"https:\\\/\\\/pfc.hr\\\/wp-content\\\/uploads\\\/2025\\\/12\\\/Hiring-pico-flow-controls.jpeg\",\"contentUrl\":\"https:\\\/\\\/pfc.hr\\\/wp-content\\\/uploads\\\/2025\\\/12\\\/Hiring-pico-flow-controls.jpeg\",\"width\":2000,\"height\":1496,\"caption\":\"electrical engineer\"},{\"@type\":\"BreadcrumbList\",\"@id\":\"https:\\\/\\\/pfc.hr\\\/hr\\\/karijere\\\/inzenjer-elektrotehnike-m-z\\\/#breadcrumb\",\"itemListElement\":[{\"@type\":\"ListItem\",\"position\":1,\"name\":\"Home\",\"item\":\"https:\\\/\\\/pfc.hr\\\/hr\\\/pico-flow-controls\\\/\"},{\"@type\":\"ListItem\",\"position\":2,\"name\":\"Karijere\",\"item\":\"https:\\\/\\\/pfc.hr\\\/hr\\\/karijere\\\/\"},{\"@type\":\"ListItem\",\"position\":3,\"name\":\"In\u017eenjer elektrotehnike (m\\\/\u017e)\"}]},{\"@type\":\"WebSite\",\"@id\":\"https:\\\/\\\/pfc.hr\\\/hr\\\/#website\",\"url\":\"https:\\\/\\\/pfc.hr\\\/hr\\\/\",\"name\":\"PFC\",\"description\":\"\",\"publisher\":{\"@id\":\"https:\\\/\\\/pfc.hr\\\/hr\\\/#organization\"},\"potentialAction\":[{\"@type\":\"SearchAction\",\"target\":{\"@type\":\"EntryPoint\",\"urlTemplate\":\"https:\\\/\\\/pfc.hr\\\/hr\\\/?s={search_term_string}\"},\"query-input\":{\"@type\":\"PropertyValueSpecification\",\"valueRequired\":true,\"valueName\":\"search_term_string\"}}],\"inLanguage\":\"hr\"},{\"@type\":\"Organization\",\"@id\":\"https:\\\/\\\/pfc.hr\\\/hr\\\/#organization\",\"name\":\"Pico Flow Controls\",\"url\":\"https:\\\/\\\/pfc.hr\\\/hr\\\/\",\"logo\":{\"@type\":\"ImageObject\",\"inLanguage\":\"hr\",\"@id\":\"https:\\\/\\\/pfc.hr\\\/hr\\\/#\\\/schema\\\/logo\\\/image\\\/\",\"url\":\"https:\\\/\\\/pfc.hr\\\/wp-content\\\/uploads\\\/2024\\\/10\\\/PFC_Main_Logo.png\",\"contentUrl\":\"https:\\\/\\\/pfc.hr\\\/wp-content\\\/uploads\\\/2024\\\/10\\\/PFC_Main_Logo.png\",\"width\":3920,\"height\":1140,\"caption\":\"Pico Flow Controls\"},\"image\":{\"@id\":\"https:\\\/\\\/pfc.hr\\\/hr\\\/#\\\/schema\\\/logo\\\/image\\\/\"}}]}<\/script>\n<!-- \/ Yoast SEO plugin. -->","yoast_head_json":{"title":"In\u017eenjer elektrotehnike (m\/\u017e) - PFC","description":"Tra\u017eimo in\u017eenjera elektrotehnike (VSS) za projektiranje i odr\u017eavanje sustava u industriji nafte i plina. Lokacija: Zagreb ili Novoselec.","robots":{"index":"index","follow":"follow","max-snippet":"max-snippet:-1","max-image-preview":"max-image-preview:large","max-video-preview":"max-video-preview:-1"},"canonical":"https:\/\/pfc.hr\/hr\/karijere\/inzenjer-elektrotehnike-m-z\/","og_locale":"hr_HR","og_type":"article","og_title":"In\u017eenjer elektrotehnike (m\/\u017e) - PFC","og_description":"Tra\u017eimo in\u017eenjera elektrotehnike (VSS) za projektiranje i odr\u017eavanje sustava u industriji nafte i plina. Lokacija: Zagreb ili Novoselec.","og_url":"https:\/\/pfc.hr\/hr\/karijere\/inzenjer-elektrotehnike-m-z\/","og_site_name":"PFC","article_modified_time":"2026-01-28T13:23:13+00:00","og_image":[{"width":2000,"height":1496,"url":"https:\/\/pfc.hr\/wp-content\/uploads\/2025\/12\/Hiring-pico-flow-controls.jpeg","type":"image\/jpeg"}],"twitter_card":"summary_large_image","twitter_misc":{"Procijenjeno vrijeme \u010ditanja":"2 minute"},"schema":{"@context":"https:\/\/schema.org","@graph":[{"@type":"WebPage","@id":"https:\/\/pfc.hr\/hr\/karijere\/inzenjer-elektrotehnike-m-z\/","url":"https:\/\/pfc.hr\/hr\/karijere\/inzenjer-elektrotehnike-m-z\/","name":"In\u017eenjer elektrotehnike (m\/\u017e) - PFC","isPartOf":{"@id":"https:\/\/pfc.hr\/hr\/#website"},"primaryImageOfPage":{"@id":"https:\/\/pfc.hr\/hr\/karijere\/inzenjer-elektrotehnike-m-z\/#primaryimage"},"image":{"@id":"https:\/\/pfc.hr\/hr\/karijere\/inzenjer-elektrotehnike-m-z\/#primaryimage"},"thumbnailUrl":"https:\/\/pfc.hr\/wp-content\/uploads\/2025\/12\/Hiring-pico-flow-controls.jpeg","datePublished":"2025-12-11T12:30:13+00:00","dateModified":"2026-01-28T13:23:13+00:00","description":"Tra\u017eimo in\u017eenjera elektrotehnike (VSS) za projektiranje i odr\u017eavanje sustava u industriji nafte i plina. Lokacija: Zagreb ili Novoselec.","breadcrumb":{"@id":"https:\/\/pfc.hr\/hr\/karijere\/inzenjer-elektrotehnike-m-z\/#breadcrumb"},"inLanguage":"hr","potentialAction":[{"@type":"ReadAction","target":["https:\/\/pfc.hr\/hr\/karijere\/inzenjer-elektrotehnike-m-z\/"]}]},{"@type":"ImageObject","inLanguage":"hr","@id":"https:\/\/pfc.hr\/hr\/karijere\/inzenjer-elektrotehnike-m-z\/#primaryimage","url":"https:\/\/pfc.hr\/wp-content\/uploads\/2025\/12\/Hiring-pico-flow-controls.jpeg","contentUrl":"https:\/\/pfc.hr\/wp-content\/uploads\/2025\/12\/Hiring-pico-flow-controls.jpeg","width":2000,"height":1496,"caption":"electrical engineer"},{"@type":"BreadcrumbList","@id":"https:\/\/pfc.hr\/hr\/karijere\/inzenjer-elektrotehnike-m-z\/#breadcrumb","itemListElement":[{"@type":"ListItem","position":1,"name":"Home","item":"https:\/\/pfc.hr\/hr\/pico-flow-controls\/"},{"@type":"ListItem","position":2,"name":"Karijere","item":"https:\/\/pfc.hr\/hr\/karijere\/"},{"@type":"ListItem","position":3,"name":"In\u017eenjer elektrotehnike (m\/\u017e)"}]},{"@type":"WebSite","@id":"https:\/\/pfc.hr\/hr\/#website","url":"https:\/\/pfc.hr\/hr\/","name":"PFC","description":"","publisher":{"@id":"https:\/\/pfc.hr\/hr\/#organization"},"potentialAction":[{"@type":"SearchAction","target":{"@type":"EntryPoint","urlTemplate":"https:\/\/pfc.hr\/hr\/?s={search_term_string}"},"query-input":{"@type":"PropertyValueSpecification","valueRequired":true,"valueName":"search_term_string"}}],"inLanguage":"hr"},{"@type":"Organization","@id":"https:\/\/pfc.hr\/hr\/#organization","name":"Pico Flow Controls","url":"https:\/\/pfc.hr\/hr\/","logo":{"@type":"ImageObject","inLanguage":"hr","@id":"https:\/\/pfc.hr\/hr\/#\/schema\/logo\/image\/","url":"https:\/\/pfc.hr\/wp-content\/uploads\/2024\/10\/PFC_Main_Logo.png","contentUrl":"https:\/\/pfc.hr\/wp-content\/uploads\/2024\/10\/PFC_Main_Logo.png","width":3920,"height":1140,"caption":"Pico Flow Controls"},"image":{"@id":"https:\/\/pfc.hr\/hr\/#\/schema\/logo\/image\/"}}]}},"_links":{"self":[{"href":"https:\/\/pfc.hr\/hr\/wp-json\/wp\/v2\/pages\/19441","targetHints":{"allow":["GET"]}}],"collection":[{"href":"https:\/\/pfc.hr\/hr\/wp-json\/wp\/v2\/pages"}],"about":[{"href":"https:\/\/pfc.hr\/hr\/wp-json\/wp\/v2\/types\/page"}],"author":[{"embeddable":true,"href":"https:\/\/pfc.hr\/hr\/wp-json\/wp\/v2\/users\/3"}],"replies":[{"embeddable":true,"href":"https:\/\/pfc.hr\/hr\/wp-json\/wp\/v2\/comments?post=19441"}],"version-history":[{"count":12,"href":"https:\/\/pfc.hr\/hr\/wp-json\/wp\/v2\/pages\/19441\/revisions"}],"predecessor-version":[{"id":19798,"href":"https:\/\/pfc.hr\/hr\/wp-json\/wp\/v2\/pages\/19441\/revisions\/19798"}],"up":[{"embeddable":true,"href":"https:\/\/pfc.hr\/hr\/wp-json\/wp\/v2\/pages\/1633"}],"wp:featuredmedia":[{"embeddable":true,"href":"https:\/\/pfc.hr\/hr\/wp-json\/wp\/v2\/media\/19461"}],"wp:attachment":[{"href":"https:\/\/pfc.hr\/hr\/wp-json\/wp\/v2\/media?parent=19441"}],"curies":[{"name":"wp","href":"https:\/\/api.w.org\/{rel}","templated":true}]}}