
{"id":19392,"date":"2026-01-22T12:50:27","date_gmt":"2026-01-22T11:50:27","guid":{"rendered":"https:\/\/pfc.hr\/?page_id=19392"},"modified":"2026-01-28T08:53:51","modified_gmt":"2026-01-28T07:53:51","slug":"proizvodnja-celicnih-konstrukcija","status":"publish","type":"page","link":"https:\/\/pfc.hr\/hr\/proizvodnja-celicnih-konstrukcija\/","title":{"rendered":"Proizvodnja \u010deli\u010dnih konstrukcija"},"content":{"rendered":"\n\t<section class=\"section dark\" id=\"section_1454756443\">\n\t\t<div class=\"section-bg fill\" >\n\t\t\t<img loading=\"lazy\" decoding=\"async\" width=\"2672\" height=\"1016\" src=\"https:\/\/pfc.hr\/wp-content\/uploads\/2025\/02\/filter-separators-pressure-vessels-production.jpg\" class=\"bg attachment- size-\" alt=\"filters, separators, pressure vessels and heat exchangers\" \/>\t\t\t\t\t\t<div class=\"section-bg-overlay absolute fill\"><\/div>\n\t\t\t\n\n\t\t<\/div>\n\n\t\t\n\n\t\t<div class=\"section-content relative\">\n\t\t\t\n<div class=\"row align-middle\"  id=\"row-484206178\">\n\n\t<div id=\"col-925326963\" class=\"col medium-10 small-12 large-10\"  >\n\t\t\t\t<div class=\"col-inner\"  >\n\t\t\t\n\t\t\t\n\t<div id=\"text-2676272624\" class=\"text\">\n\t\t\n<h1>Proizvodnja \u010deli\u010dnih konstrukcija<\/h1>\n\t\t\n<style>\n#text-2676272624 {\n  font-size: 3rem;\n}\n<\/style>\n\t<\/div>\n\t\n<a href=\"https:\/\/pfc.hr\/hr\/kontakt\/\" class=\"button primary\" style=\"border-radius:99px;\">\n\t\t<span>Po\u0161aljite upit<\/span>\n\t<\/a>\n\n\t\t<\/div>\n\t\t\t\t\t<\/div>\n\n\t\n<\/div>\n\t\t<\/div>\n\n\t\t\n<style>\n#section_1454756443 {\n  padding-top: 50px;\n  padding-bottom: 50px;\n  min-height: 500px;\n}\n#section_1454756443 .section-bg-overlay {\n  background-color: rgba(0, 0, 0, 0.593);\n}\n@media (min-width:550px) {\n  #section_1454756443 {\n    padding-top: 80px;\n    padding-bottom: 80px;\n  }\n}\n@media (min-width:850px) {\n  #section_1454756443 {\n    min-height: 600px;\n  }\n}\n<\/style>\n\t<\/section>\n\t\n\n\t<section class=\"section\" id=\"section_661042410\">\n\t\t<div class=\"section-bg fill\" >\n\t\t\t\t\t\t\t\t\t\n\t\t\t\n\n\t\t<\/div>\n\n\t\t\n\n\t\t<div class=\"section-content relative\">\n\t\t\t\n<div class=\"row align-middle\"  id=\"row-1891390669\">\n\n\t<div id=\"col-526752898\" class=\"col medium-6 small-12 large-6\"  >\n\t\t\t\t<div class=\"col-inner\"  >\n\t\t\t\n\t\t\t\n\t<div class=\"img has-hover x md-x lg-x y md-y lg-y\" id=\"image_753114451\">\n\t\t\t\t\t\t<div data-animate=\"fadeInLeft\">\t\t<div class=\"img-inner box-shadow-2 dark\" >\n\t\t\t<img loading=\"lazy\" decoding=\"async\" width=\"1020\" height=\"571\" src=\"https:\/\/pfc.hr\/wp-content\/uploads\/2025\/02\/high-quality-pressure-equipment.jpg\" class=\"attachment-large size-large\" alt=\"filters, separators, pressure vessels and heat exchangers\" \/>\t\t\t\t\t\t\n\t\t\t\t\t<\/div>\n\t\t<\/div>\t\t\t\t\t\t\n<style>\n#image_753114451 {\n  width: 100%;\n}\n<\/style>\n\t<\/div>\n\t\n\t\t<\/div>\n\t\t\t\t\t<\/div>\n\n\t\n\n\t<div id=\"col-1565386346\" class=\"col medium-6 small-12 large-6 small-col-first\"  >\n\t\t\t\t<div class=\"col-inner\"  >\n\t\t\t\n\t\t\t\n\t<div id=\"text-1489725904\" class=\"text\">\n\t\t\n<h2>Stru\u010dna izrada \u010deli\u010dnih konstrukcija<br \/><\/h2>\n\t\t\n<style>\n#text-1489725904 {\n  font-size: 1.8rem;\n}\n<\/style>\n\t<\/div>\n\t\n<p>U skladu s najvi\u0161im standardima kvalitete i sigurnosti, nudimo proizvodnju \u010deli\u010dnih konstrukcija u klasi EXC2 prema normi EN 1090-2.<\/p>\n<p>Na\u0161 tim certificiranih stru\u010dnjaka osigurava preciznu i pouzdanu izradu za razne gra\u0111evinske i industrijske projekte.<\/p>\n\t\t<\/div>\n\t\t\t\t\t<\/div>\n\n\t\n<\/div>\n\t\t<\/div>\n\n\t\t\n<style>\n#section_661042410 {\n  padding-top: 50px;\n  padding-bottom: 50px;\n  margin-bottom: -50px;\n}\n@media (min-width:850px) {\n  #section_661042410 {\n    padding-top: 80px;\n    padding-bottom: 80px;\n  }\n}\n<\/style>\n\t<\/section>\n\t\n\n\t<section class=\"section\" id=\"section_259408802\">\n\t\t<div class=\"section-bg fill\" >\n\t\t\t\t\t\t\t\t\t\n\t\t\t\n\n\t\t<\/div>\n\n\t\t\n\n\t\t<div class=\"section-content relative\">\n\t\t\t\n<div class=\"row align-middle\"  id=\"row-2080111746\">\n\n\t<div id=\"col-455337639\" class=\"col medium-6 small-12 large-6\"  >\n\t\t\t\t<div class=\"col-inner\"  >\n\t\t\t\n\t\t\t\n\t<div id=\"text-3957587145\" class=\"text\">\n\t\t\n<h2>Zna\u010dajke<\/h2>\n\t\t\n<style>\n#text-3957587145 {\n  font-size: 1.8rem;\n}\n<\/style>\n\t<\/div>\n\t\n<ul>\n<li>Proizvodnja konstrukcija u skladu s normom EN 1090-2, klasa EXC2<\/li>\n<li>Certificirani procesi i kontrola kvalitete<\/li>\n<li>Precizna izrada za standardne i specijalne projekte<\/li>\n<\/ul>\n\t\t<\/div>\n\t\t\t\t\t<\/div>\n\n\t\n\n\t<div id=\"col-1943827793\" class=\"col medium-6 small-12 large-6\"  >\n\t\t\t\t<div class=\"col-inner\"  >\n\t\t\t\n\t\t\t\n\t<div class=\"img has-hover x md-x lg-x y md-y lg-y\" id=\"image_1824824651\">\n\t\t\t\t\t\t<div data-animate=\"fadeInRight\">\t\t<div class=\"img-inner box-shadow-2 dark\" >\n\t\t\t<img loading=\"lazy\" decoding=\"async\" width=\"1020\" height=\"1020\" src=\"https:\/\/pfc.hr\/wp-content\/uploads\/2025\/02\/gas-filter.jpg\" class=\"attachment-large size-large\" alt=\"filters, separators, pressure vessels and heat exchangers\" \/>\t\t\t\t\t\t\n\t\t\t\t\t<\/div>\n\t\t<\/div>\t\t\t\t\t\t\n<style>\n#image_1824824651 {\n  width: 100%;\n}\n<\/style>\n\t<\/div>\n\t\n\t\t<\/div>\n\t\t\t\t\t<\/div>\n\n\t\n<\/div>\n\t\t<\/div>\n\n\t\t\n<style>\n#section_259408802 {\n  padding-top: 30px;\n  padding-bottom: 30px;\n  margin-bottom: -30px;\n  background-color: rgb(255,255,255);\n}\n<\/style>\n\t<\/section>\n\t\n\n\t<section class=\"section\" id=\"section_732362219\">\n\t\t<div class=\"section-bg fill\" >\n\t\t\t\t\t\t\t\t\t\n\t\t\t\n\n\t\t<\/div>\n\n\t\t\n\n\t\t<div class=\"section-content relative\">\n\t\t\t\n<div class=\"row align-middle\"  id=\"row-1770196467\">\n\n\t<div id=\"col-1610856467\" class=\"col medium-6 small-12 large-6\"  >\n\t\t\t\t<div class=\"col-inner\"  >\n\t\t\t\n\t\t\t\n\t<div class=\"img has-hover x md-x lg-x y md-y lg-y\" id=\"image_1694910091\">\n\t\t\t\t\t\t<div data-animate=\"fadeInLeft\">\t\t<div class=\"img-inner box-shadow-2 dark\" >\n\t\t\t<img loading=\"lazy\" decoding=\"async\" width=\"1020\" height=\"571\" src=\"https:\/\/pfc.hr\/wp-content\/uploads\/2025\/02\/zavojnica-izmjenjivac\u030ca-8.jpg\" class=\"attachment-large size-large\" alt=\"filters, separators, pressure vessels and heat exchangers\" \/>\t\t\t\t\t\t\n\t\t\t\t\t<\/div>\n\t\t<\/div>\t\t\t\t\t\t\n<style>\n#image_1694910091 {\n  width: 100%;\n}\n<\/style>\n\t<\/div>\n\t\n\t\t<\/div>\n\t\t\t\t\t<\/div>\n\n\t\n\n\t<div id=\"col-926311350\" class=\"col medium-6 small-12 large-6 small-col-first\"  >\n\t\t\t\t<div class=\"col-inner\"  >\n\t\t\t\n\t\t\t\n\t<div id=\"text-856782588\" class=\"text\">\n\t\t\n<h2>Primjena<\/h2>\n\t\t\n<style>\n#text-856782588 {\n  font-size: 1.8rem;\n}\n<\/style>\n\t<\/div>\n\t\n<ul>\n<li>Skladi\u0161ta i poslovni objekti<\/li>\n<li>Nosive \u010deli\u010dne konstrukcije za zgrade<\/li>\n<li>Specijalne konstrukcije: ograde, rukohvati, potporne konstrukcije<\/li>\n<li>Nosa\u010di solarnih panela (tlo i krovovi)<\/li>\n<li>Konstrukcije za industrijska postrojenja<\/li>\n<\/ul>\n\t\t<\/div>\n\t\t\t\t\t<\/div>\n\n\t\n<\/div>\n\t\t<\/div>\n\n\t\t\n<style>\n#section_732362219 {\n  padding-top: 30px;\n  padding-bottom: 30px;\n}\n<\/style>\n\t<\/section>\n\t\n\n\t<section class=\"section dark\" id=\"section_2112370573\">\n\t\t<div class=\"section-bg fill\" >\n\t\t\t\t\t\t\t\t\t\n\t\t\t\n\n\t\t<\/div>\n\n\t\t\n\n\t\t<div class=\"section-content relative\">\n\t\t\t\n<div class=\"row align-middle\"  id=\"row-1870268957\">\n\n\t<div id=\"col-281204243\" class=\"col medium-6 small-12 large-6\"  >\n\t\t\t\t<div class=\"col-inner\"  >\n\t\t\t\n\t\t\t\n\t<div id=\"text-3943369827\" class=\"text\">\n\t\t\n<h2>Stabilnost i izdr\u017eljivost<\/h2>\n\t\t\n<style>\n#text-3943369827 {\n  font-size: 1.8rem;\n}\n<\/style>\n\t<\/div>\n\t\n<ul>\n<li>Projektirano za maksimalnu stabilnost i nosivost<\/li>\n<li>Tehnike izrade koje minimiziraju otpad materijala<\/li>\n<li>Izdr\u017eljive konstrukcije s minimalnim zahtjevima za odr\u017eavanje<\/li>\n<\/ul>\n\t\t<\/div>\n\t\t\t\t\t<\/div>\n\n\t\n\n\t<div id=\"col-603146873\" class=\"col medium-6 small-12 large-6\"  >\n\t\t\t\t<div class=\"col-inner\"  >\n\t\t\t\n\t\t\t\n\t<div class=\"img has-hover x md-x lg-x y md-y lg-y\" id=\"image_1263124227\">\n\t\t\t\t\t\t\t\t<div class=\"img-inner dark\" >\n\t\t\t<img loading=\"lazy\" decoding=\"async\" width=\"1020\" height=\"574\" src=\"https:\/\/pfc.hr\/wp-content\/uploads\/2025\/02\/1737977064285-1.jpg\" class=\"attachment-large size-large\" alt=\"filters, separators, pressure vessels and heat exchangers\" \/>\t\t\t\t\t\t\n\t\t\t\t\t<\/div>\n\t\t\t\t\t\t\t\t\n<style>\n#image_1263124227 {\n  width: 100%;\n}\n<\/style>\n\t<\/div>\n\t\n\t\t<\/div>\n\t\t\t\t\t<\/div>\n\n\t\n<\/div>\n\t\t<\/div>\n\n\t\t\n<style>\n#section_2112370573 {\n  padding-top: 50px;\n  padding-bottom: 50px;\n  background-color: rgb(85, 85, 84);\n}\n@media (min-width:850px) {\n  #section_2112370573 {\n    padding-top: 80px;\n    padding-bottom: 80px;\n  }\n}\n<\/style>\n\t<\/section>\n\t\n\n  <div class=\"banner has-hover\" id=\"banner-370688412\">\n          <div class=\"banner-inner fill\">\n        <div class=\"banner-bg fill\" >\n                                    <div class=\"overlay\"><\/div>            \n                    <\/div>\n\t\t\n        <div class=\"banner-layers container\">\n            <div class=\"fill banner-link\"><\/div>            \n   <div id=\"text-box-1131410284\" class=\"text-box banner-layer x50 md-x50 lg-x50 y50 md-y50 lg-y50 res-text\">\n                                <div class=\"text-box-content text dark\">\n              \n              <div class=\"text-inner text-center\">\n                  \n\t<div id=\"text-1777926460\" class=\"text\">\n\t\t\n<h5>KONTAKTIRAJTE NAS<\/h5>\n<h3><strong>IMATE LI PITANJA?<\/strong><\/h3>\n<p>Na\u0161 tim stoji vam na raspolaganju. Prona\u0111ite savr\u0161eno rje\u0161enje za svoje industrijske procese. <\/p>\n\t\t\n<style>\n#text-1777926460 {\n  text-align: center;\n  color: rgb(255, 255, 255);\n}\n#text-1777926460 > * {\n  color: rgb(255, 255, 255);\n}\n<\/style>\n\t<\/div>\n\t\n<a href=\"https:\/\/pfc.hr\/hr\/kontakt\/\" class=\"button white\" style=\"border-radius:99px;\">\n\t\t<span>Kontaktirajte nas<\/span>\n\t<\/a>\n\n<a href=\"mailto:info@pfc.hr\" class=\"button white is-outline\" style=\"border-radius:99px;\">\n\t\t<span>Po\u0161aljite upit<\/span>\n\t<\/a>\n\n              <\/div>\n           <\/div>\n                            \n<style>\n#text-box-1131410284 {\n  width: 60%;\n}\n#text-box-1131410284 .text-box-content {\n  font-size: 100%;\n}\n<\/style>\n    <\/div>\n \n        <\/div>\n      <\/div>\n\n            \n<style>\n#banner-370688412 {\n  padding-top: 400px;\n}\n#banner-370688412 .overlay {\n  background-color: rgba(0, 0, 0, 0.3);\n}\n@media (min-width:550px) {\n  #banner-370688412 {\n    padding-top: 500px;\n  }\n}\n@media (min-width:850px) {\n  #banner-370688412 {\n    padding-top: 600px;\n  }\n}\n<\/style>\n  <\/div>\n\n\n\n","protected":false},"excerpt":{"rendered":"","protected":false},"author":3,"featured_media":0,"parent":0,"menu_order":0,"comment_status":"closed","ping_status":"closed","template":"page-blank.php","meta":{"footnotes":""},"class_list":["post-19392","page","type-page","status-publish","hentry"],"yoast_head":"<!-- This site is optimized with the Yoast SEO plugin v27.3 - https:\/\/yoast.com\/product\/yoast-seo-wordpress\/ -->\n<title>Proizvodnja \u010deli\u010dnih konstrukcija - PFC<\/title>\n<meta name=\"description\" content=\"U skladu s najvi\u0161im standardima kvalitete i sigurnosti, nudimo proizvodnju \u010deli\u010dnih konstrukcija prilago\u0111enih specifi\u010dnim zahtjevima projekta.\" \/>\n<meta name=\"robots\" content=\"index, follow, max-snippet:-1, max-image-preview:large, max-video-preview:-1\" \/>\n<link rel=\"canonical\" href=\"https:\/\/pfc.hr\/hr\/proizvodnja-celicnih-konstrukcija\/\" \/>\n<meta property=\"og:locale\" content=\"hr_HR\" \/>\n<meta property=\"og:type\" content=\"article\" \/>\n<meta property=\"og:title\" content=\"Proizvodnja \u010deli\u010dnih konstrukcija - PFC\" \/>\n<meta property=\"og:description\" content=\"U skladu s najvi\u0161im standardima kvalitete i sigurnosti, nudimo proizvodnju \u010deli\u010dnih konstrukcija prilago\u0111enih specifi\u010dnim zahtjevima projekta.\" \/>\n<meta property=\"og:url\" content=\"https:\/\/pfc.hr\/hr\/proizvodnja-celicnih-konstrukcija\/\" \/>\n<meta property=\"og:site_name\" content=\"PFC\" \/>\n<meta property=\"article:modified_time\" content=\"2026-01-28T07:53:51+00:00\" \/>\n<meta name=\"twitter:card\" content=\"summary_large_image\" \/>\n<meta name=\"twitter:label1\" content=\"Procijenjeno vrijeme \u010ditanja\" \/>\n\t<meta name=\"twitter:data1\" content=\"2 minute\" \/>\n<script type=\"application\/ld+json\" class=\"yoast-schema-graph\">{\"@context\":\"https:\\\/\\\/schema.org\",\"@graph\":[{\"@type\":\"WebPage\",\"@id\":\"https:\\\/\\\/pfc.hr\\\/hr\\\/proizvodnja-celicnih-konstrukcija\\\/\",\"url\":\"https:\\\/\\\/pfc.hr\\\/hr\\\/proizvodnja-celicnih-konstrukcija\\\/\",\"name\":\"Proizvodnja \u010deli\u010dnih konstrukcija - PFC\",\"isPartOf\":{\"@id\":\"https:\\\/\\\/pfc.hr\\\/hr\\\/#website\"},\"datePublished\":\"2026-01-22T11:50:27+00:00\",\"dateModified\":\"2026-01-28T07:53:51+00:00\",\"description\":\"U skladu s najvi\u0161im standardima kvalitete i sigurnosti, nudimo proizvodnju \u010deli\u010dnih konstrukcija prilago\u0111enih specifi\u010dnim zahtjevima projekta.\",\"breadcrumb\":{\"@id\":\"https:\\\/\\\/pfc.hr\\\/hr\\\/proizvodnja-celicnih-konstrukcija\\\/#breadcrumb\"},\"inLanguage\":\"hr\",\"potentialAction\":[{\"@type\":\"ReadAction\",\"target\":[\"https:\\\/\\\/pfc.hr\\\/hr\\\/proizvodnja-celicnih-konstrukcija\\\/\"]}]},{\"@type\":\"BreadcrumbList\",\"@id\":\"https:\\\/\\\/pfc.hr\\\/hr\\\/proizvodnja-celicnih-konstrukcija\\\/#breadcrumb\",\"itemListElement\":[{\"@type\":\"ListItem\",\"position\":1,\"name\":\"Home\",\"item\":\"https:\\\/\\\/pfc.hr\\\/hr\\\/pico-flow-controls\\\/\"},{\"@type\":\"ListItem\",\"position\":2,\"name\":\"Proizvodnja \u010deli\u010dnih konstrukcija\"}]},{\"@type\":\"WebSite\",\"@id\":\"https:\\\/\\\/pfc.hr\\\/hr\\\/#website\",\"url\":\"https:\\\/\\\/pfc.hr\\\/hr\\\/\",\"name\":\"PFC\",\"description\":\"\",\"publisher\":{\"@id\":\"https:\\\/\\\/pfc.hr\\\/hr\\\/#organization\"},\"potentialAction\":[{\"@type\":\"SearchAction\",\"target\":{\"@type\":\"EntryPoint\",\"urlTemplate\":\"https:\\\/\\\/pfc.hr\\\/hr\\\/?s={search_term_string}\"},\"query-input\":{\"@type\":\"PropertyValueSpecification\",\"valueRequired\":true,\"valueName\":\"search_term_string\"}}],\"inLanguage\":\"hr\"},{\"@type\":\"Organization\",\"@id\":\"https:\\\/\\\/pfc.hr\\\/hr\\\/#organization\",\"name\":\"Pico Flow Controls\",\"url\":\"https:\\\/\\\/pfc.hr\\\/hr\\\/\",\"logo\":{\"@type\":\"ImageObject\",\"inLanguage\":\"hr\",\"@id\":\"https:\\\/\\\/pfc.hr\\\/hr\\\/#\\\/schema\\\/logo\\\/image\\\/\",\"url\":\"https:\\\/\\\/pfc.hr\\\/wp-content\\\/uploads\\\/2024\\\/10\\\/PFC_Main_Logo.png\",\"contentUrl\":\"https:\\\/\\\/pfc.hr\\\/wp-content\\\/uploads\\\/2024\\\/10\\\/PFC_Main_Logo.png\",\"width\":3920,\"height\":1140,\"caption\":\"Pico Flow Controls\"},\"image\":{\"@id\":\"https:\\\/\\\/pfc.hr\\\/hr\\\/#\\\/schema\\\/logo\\\/image\\\/\"}}]}<\/script>\n<!-- \/ Yoast SEO plugin. -->","yoast_head_json":{"title":"Proizvodnja \u010deli\u010dnih konstrukcija - PFC","description":"U skladu s najvi\u0161im standardima kvalitete i sigurnosti, nudimo proizvodnju \u010deli\u010dnih konstrukcija prilago\u0111enih specifi\u010dnim zahtjevima projekta.","robots":{"index":"index","follow":"follow","max-snippet":"max-snippet:-1","max-image-preview":"max-image-preview:large","max-video-preview":"max-video-preview:-1"},"canonical":"https:\/\/pfc.hr\/hr\/proizvodnja-celicnih-konstrukcija\/","og_locale":"hr_HR","og_type":"article","og_title":"Proizvodnja \u010deli\u010dnih konstrukcija - PFC","og_description":"U skladu s najvi\u0161im standardima kvalitete i sigurnosti, nudimo proizvodnju \u010deli\u010dnih konstrukcija prilago\u0111enih specifi\u010dnim zahtjevima projekta.","og_url":"https:\/\/pfc.hr\/hr\/proizvodnja-celicnih-konstrukcija\/","og_site_name":"PFC","article_modified_time":"2026-01-28T07:53:51+00:00","twitter_card":"summary_large_image","twitter_misc":{"Procijenjeno vrijeme \u010ditanja":"2 minute"},"schema":{"@context":"https:\/\/schema.org","@graph":[{"@type":"WebPage","@id":"https:\/\/pfc.hr\/hr\/proizvodnja-celicnih-konstrukcija\/","url":"https:\/\/pfc.hr\/hr\/proizvodnja-celicnih-konstrukcija\/","name":"Proizvodnja \u010deli\u010dnih konstrukcija - PFC","isPartOf":{"@id":"https:\/\/pfc.hr\/hr\/#website"},"datePublished":"2026-01-22T11:50:27+00:00","dateModified":"2026-01-28T07:53:51+00:00","description":"U skladu s najvi\u0161im standardima kvalitete i sigurnosti, nudimo proizvodnju \u010deli\u010dnih konstrukcija prilago\u0111enih specifi\u010dnim zahtjevima projekta.","breadcrumb":{"@id":"https:\/\/pfc.hr\/hr\/proizvodnja-celicnih-konstrukcija\/#breadcrumb"},"inLanguage":"hr","potentialAction":[{"@type":"ReadAction","target":["https:\/\/pfc.hr\/hr\/proizvodnja-celicnih-konstrukcija\/"]}]},{"@type":"BreadcrumbList","@id":"https:\/\/pfc.hr\/hr\/proizvodnja-celicnih-konstrukcija\/#breadcrumb","itemListElement":[{"@type":"ListItem","position":1,"name":"Home","item":"https:\/\/pfc.hr\/hr\/pico-flow-controls\/"},{"@type":"ListItem","position":2,"name":"Proizvodnja \u010deli\u010dnih konstrukcija"}]},{"@type":"WebSite","@id":"https:\/\/pfc.hr\/hr\/#website","url":"https:\/\/pfc.hr\/hr\/","name":"PFC","description":"","publisher":{"@id":"https:\/\/pfc.hr\/hr\/#organization"},"potentialAction":[{"@type":"SearchAction","target":{"@type":"EntryPoint","urlTemplate":"https:\/\/pfc.hr\/hr\/?s={search_term_string}"},"query-input":{"@type":"PropertyValueSpecification","valueRequired":true,"valueName":"search_term_string"}}],"inLanguage":"hr"},{"@type":"Organization","@id":"https:\/\/pfc.hr\/hr\/#organization","name":"Pico Flow Controls","url":"https:\/\/pfc.hr\/hr\/","logo":{"@type":"ImageObject","inLanguage":"hr","@id":"https:\/\/pfc.hr\/hr\/#\/schema\/logo\/image\/","url":"https:\/\/pfc.hr\/wp-content\/uploads\/2024\/10\/PFC_Main_Logo.png","contentUrl":"https:\/\/pfc.hr\/wp-content\/uploads\/2024\/10\/PFC_Main_Logo.png","width":3920,"height":1140,"caption":"Pico Flow Controls"},"image":{"@id":"https:\/\/pfc.hr\/hr\/#\/schema\/logo\/image\/"}}]}},"_links":{"self":[{"href":"https:\/\/pfc.hr\/hr\/wp-json\/wp\/v2\/pages\/19392","targetHints":{"allow":["GET"]}}],"collection":[{"href":"https:\/\/pfc.hr\/hr\/wp-json\/wp\/v2\/pages"}],"about":[{"href":"https:\/\/pfc.hr\/hr\/wp-json\/wp\/v2\/types\/page"}],"author":[{"embeddable":true,"href":"https:\/\/pfc.hr\/hr\/wp-json\/wp\/v2\/users\/3"}],"replies":[{"embeddable":true,"href":"https:\/\/pfc.hr\/hr\/wp-json\/wp\/v2\/comments?post=19392"}],"version-history":[{"count":16,"href":"https:\/\/pfc.hr\/hr\/wp-json\/wp\/v2\/pages\/19392\/revisions"}],"predecessor-version":[{"id":19720,"href":"https:\/\/pfc.hr\/hr\/wp-json\/wp\/v2\/pages\/19392\/revisions\/19720"}],"wp:attachment":[{"href":"https:\/\/pfc.hr\/hr\/wp-json\/wp\/v2\/media?parent=19392"}],"curies":[{"name":"wp","href":"https:\/\/api.w.org\/{rel}","templated":true}]}}