
{"id":19361,"date":"2025-11-06T12:36:43","date_gmt":"2025-11-06T11:36:43","guid":{"rendered":"https:\/\/pfc.hr\/?page_id=19361"},"modified":"2026-01-27T14:18:35","modified_gmt":"2026-01-27T13:18:35","slug":"proizvodnja-cijevnih-segmenata","status":"publish","type":"page","link":"https:\/\/pfc.hr\/hr\/proizvodnja-cijevnih-segmenata\/","title":{"rendered":"Proizvodnja cijevnih segmenata"},"content":{"rendered":"\n\t<section class=\"section dark\" id=\"section_1853279001\">\n\t\t<div class=\"section-bg fill\" >\n\t\t\t<img loading=\"lazy\" decoding=\"async\" width=\"4000\" height=\"2252\" src=\"https:\/\/pfc.hr\/wp-content\/uploads\/2025\/12\/Pipe-segment-fabrication-before.jpg\" class=\"bg attachment- size-\" alt=\"pipe segment fabrication\" \/>\t\t\t\t\t\t<div class=\"section-bg-overlay absolute fill\"><\/div>\n\t\t\t\n\n\t\t<\/div>\n\n\t\t\n\n\t\t<div class=\"section-content relative\">\n\t\t\t\n<div class=\"row align-middle\"  id=\"row-855714593\">\n\n\t<div id=\"col-1452085780\" class=\"col medium-10 small-12 large-10\"  >\n\t\t\t\t<div class=\"col-inner\"  >\n\t\t\t\n\t\t\t\n\t<div id=\"text-4014426496\" class=\"text\">\n\t\t\n<h1>Proizvodnja cijevnih segmenata<\/h1>\n\t\t\n<style>\n#text-4014426496 {\n  font-size: 3rem;\n}\n<\/style>\n\t<\/div>\n\t\n<a href=\"https:\/\/pfc.hr\/hr\/kontakt\/\" class=\"button primary\" style=\"border-radius:99px;\">\n\t\t<span>Po\u0161aljite upit<\/span>\n\t<\/a>\n\n\t\t<\/div>\n\t\t\t\t\t<\/div>\n\n\t\n<\/div>\n\t\t<\/div>\n\n\t\t\n<style>\n#section_1853279001 {\n  padding-top: 80px;\n  padding-bottom: 80px;\n  min-height: 600px;\n}\n#section_1853279001 .section-bg-overlay {\n  background-color: rgba(0, 0, 0, 0.593);\n}\n<\/style>\n\t<\/section>\n\t\n\n\t<section class=\"section\" id=\"section_1766221565\">\n\t\t<div class=\"section-bg fill\" >\n\t\t\t\t\t\t\t\t\t\n\t\t\t\n\n\t\t<\/div>\n\n\t\t\n\n\t\t<div class=\"section-content relative\">\n\t\t\t\n<div class=\"row align-middle\"  id=\"row-1769604458\">\n\n\t<div id=\"col-648681144\" class=\"col medium-6 small-12 large-6\"  >\n\t\t\t\t<div class=\"col-inner\"  >\n\t\t\t\n\t\t\t\n\t<div class=\"img has-hover x md-x lg-x y md-y lg-y\" id=\"image_1706670329\">\n\t\t\t\t\t\t<div data-animate=\"fadeInLeft\">\t\t<div class=\"img-inner box-shadow-2 dark\" >\n\t\t\t<img loading=\"lazy\" decoding=\"async\" width=\"1020\" height=\"574\" src=\"https:\/\/pfc.hr\/wp-content\/uploads\/2025\/12\/pipe-segment-fabrication-during-works.jpg\" class=\"attachment-large size-large\" alt=\"pipe segment fabrication\" \/>\t\t\t\t\t\t\n\t\t\t\t\t<\/div>\n\t\t<\/div>\t\t\t\t\t\t\n<style>\n#image_1706670329 {\n  width: 100%;\n}\n<\/style>\n\t<\/div>\n\t\n\t\t<\/div>\n\t\t\t\t\t<\/div>\n\n\t\n\n\t<div id=\"col-1040584566\" class=\"col medium-6 small-12 large-6 small-col-first\"  >\n\t\t\t\t<div class=\"col-inner\"  >\n\t\t\t\n\t\t\t\n\t<div id=\"text-3636466780\" class=\"text\">\n\t\t\n<h2>Cijevni segmenti: Od projekta do instalacije<\/h2>\n\t\t\n<style>\n#text-3636466780 {\n  font-size: 1.8rem;\n}\n<\/style>\n\t<\/div>\n\t\n<p>Nudimo tehni\u010dku pripremu projektne dokumentacije te izradu i monta\u017eu tla\u010dnih cjevovoda i cijevnih segmenata u skladu s va\u017ee\u0107im europskim normama i zakonodavstvom.<\/p>\n<p>Na\u0161i sustavi i radni procesi uskla\u0111eni su s normom HRN EN 13480-1:2024 i zahtjevima Direktive o tla\u010dnoj opremi (PED 2014\/68\/EU).<\/p>\n\t\t<\/div>\n\t\t\t\t\t<\/div>\n\n\t\n<\/div>\n\t\t<\/div>\n\n\t\t\n<style>\n#section_1766221565 {\n  padding-top: 80px;\n  padding-bottom: 80px;\n  margin-bottom: -30px;\n}\n<\/style>\n\t<\/section>\n\t\n\n\t<section class=\"section\" id=\"section_764583906\">\n\t\t<div class=\"section-bg fill\" >\n\t\t\t\t\t\t\t\t\t\n\t\t\t\n\n\t\t<\/div>\n\n\t\t\n\n\t\t<div class=\"section-content relative\">\n\t\t\t\n<div class=\"row align-middle\"  id=\"row-6926520\">\n\n\t<div id=\"col-848282411\" class=\"col medium-6 small-12 large-6\"  >\n\t\t\t\t<div class=\"col-inner\"  >\n\t\t\t\n\t\t\t\n\t<div id=\"text-2387734764\" class=\"text\">\n\t\t\n<h2>Zna\u010dajke<\/h2>\n\t\t\n<style>\n#text-2387734764 {\n  font-size: 1.8rem;\n}\n<\/style>\n\t<\/div>\n\t\n<ul>\n<li aria-setsize=\"-1\" data-leveltext=\"\uf0b7\" data-font=\"Symbol\" data-listid=\"3\" data-list-defn-props=\"{\" data-aria-posinset=\"1\" data-aria-level=\"1\"><span data-contrast=\"none\">Zavarivanje i monta\u017ea cjevovoda na terenu<\/span><\/li>\n<\/ul>\n<ul>\n<li aria-setsize=\"-1\" data-leveltext=\"\uf0b7\" data-font=\"Symbol\" data-listid=\"3\" data-list-defn-props=\"{\" data-aria-posinset=\"2\" data-aria-level=\"1\"><span data-contrast=\"none\">Uskla\u0111enost s normama i PED direktivom<\/span><\/li>\n<\/ul>\n<ul>\n<li aria-setsize=\"-1\" data-leveltext=\"\uf0b7\" data-font=\"Symbol\" data-listid=\"3\" data-list-defn-props=\"{\" data-aria-posinset=\"3\" data-aria-level=\"1\"><span data-contrast=\"none\">Suradnja s projektantskim uredima, nadzornim tijelima i krajnjim korisnicima<\/span><\/li>\n<\/ul>\n<ul>\n<li aria-setsize=\"-1\" data-leveltext=\"\uf0b7\" data-font=\"Symbol\" data-listid=\"3\" data-list-defn-props=\"{\" data-aria-posinset=\"4\" data-aria-level=\"1\"><span data-contrast=\"none\">Kompletna usluga: od projektiranja do monta\u017ee i isporuke s CE oznakom<\/span><\/li>\n<\/ul>\n\t\t<\/div>\n\t\t\t\t\t<\/div>\n\n\t\n\n\t<div id=\"col-676726583\" class=\"col medium-6 small-12 large-6\"  >\n\t\t\t\t<div class=\"col-inner\"  >\n\t\t\t\n\t\t\t\n\t<div class=\"img has-hover x md-x lg-x y md-y lg-y\" id=\"image_15036017\">\n\t\t\t\t\t\t<div data-animate=\"fadeInRight\">\t\t<div class=\"img-inner box-shadow-2 dark\" >\n\t\t\t<img loading=\"lazy\" decoding=\"async\" width=\"1020\" height=\"471\" src=\"https:\/\/pfc.hr\/wp-content\/uploads\/2025\/12\/pipe-segment-fabrication-after.jpg\" class=\"attachment-large size-large\" alt=\"pipe segment fabrication\" \/>\t\t\t\t\t\t\n\t\t\t\t\t<\/div>\n\t\t<\/div>\t\t\t\t\t\t\n<style>\n#image_15036017 {\n  width: 100%;\n}\n<\/style>\n\t<\/div>\n\t\n\t\t<\/div>\n\t\t\t\t\t<\/div>\n\n\t\n<\/div>\n\t\t<\/div>\n\n\t\t\n<style>\n#section_764583906 {\n  padding-top: 30px;\n  padding-bottom: 30px;\n  background-color: rgb(255,255,255);\n}\n<\/style>\n\t<\/section>\n\t\n\n\t<section class=\"section\" id=\"section_1338376945\">\n\t\t<div class=\"section-bg fill\" >\n\t\t\t\t\t\t\t\t\t\n\t\t\t\n\n\t\t<\/div>\n\n\t\t\n\n\t\t<div class=\"section-content relative\">\n\t\t\t\n<div class=\"row align-middle\"  id=\"row-1592362829\">\n\n\t<div id=\"col-1215183254\" class=\"col medium-6 small-12 large-6\"  >\n\t\t\t\t<div class=\"col-inner\"  >\n\t\t\t\n\t\t\t\n\t<div class=\"img has-hover x md-x lg-x y md-y lg-y\" id=\"image_1922983797\">\n\t\t\t\t\t\t<div data-animate=\"fadeInLeft\">\t\t<div class=\"img-inner box-shadow-2 dark\" >\n\t\t\t<img loading=\"lazy\" decoding=\"async\" width=\"1020\" height=\"574\" src=\"https:\/\/pfc.hr\/wp-content\/uploads\/2025\/12\/PIG.jpg\" class=\"attachment-large size-large\" alt=\"PIG\" \/>\t\t\t\t\t\t\n\t\t\t\t\t<\/div>\n\t\t<\/div>\t\t\t\t\t\t\n<style>\n#image_1922983797 {\n  width: 100%;\n}\n<\/style>\n\t<\/div>\n\t\n\t\t<\/div>\n\t\t\t\t\t<\/div>\n\n\t\n\n\t<div id=\"col-1313800010\" class=\"col medium-6 small-12 large-6 small-col-first\"  >\n\t\t\t\t<div class=\"col-inner\"  >\n\t\t\t\n\t\t\t\n\t<div id=\"text-2502096704\" class=\"text\">\n\t\t\n<h2>Primjena<\/h2>\n\t\t\n<style>\n#text-2502096704 {\n  font-size: 1.8rem;\n}\n<\/style>\n\t<\/div>\n\t\n<ul>\n<li aria-setsize=\"-1\" data-leveltext=\"\uf0b7\" data-font=\"Symbol\" data-listid=\"4\" data-list-defn-props=\"{\" data-aria-posinset=\"1\" data-aria-level=\"1\"><span data-contrast=\"none\">Industrijska, energetska i procesna postrojenja<\/span><\/li>\n<\/ul>\n<ul>\n<li aria-setsize=\"-1\" data-leveltext=\"\uf0b7\" data-font=\"Symbol\" data-listid=\"4\" data-list-defn-props=\"{\" data-aria-posinset=\"2\" data-aria-level=\"1\"><span data-contrast=\"none\">Tla\u010dni cjevovodi za razli\u010dite industrijske sustave<\/span><\/li>\n<\/ul>\n<ul>\n<li aria-setsize=\"-1\" data-leveltext=\"\uf0b7\" data-font=\"Symbol\" data-listid=\"4\" data-list-defn-props=\"{\" data-aria-posinset=\"3\" data-aria-level=\"1\"><span data-contrast=\"none\">Kompletna implementacija od segmenta do monta\u017ee<\/span><\/li>\n<\/ul>\n\t\t<\/div>\n\t\t\t\t\t<\/div>\n\n\t\n<\/div>\n\t\t<\/div>\n\n\t\t\n<style>\n#section_1338376945 {\n  padding-top: 30px;\n  padding-bottom: 30px;\n  margin-bottom: -30px;\n}\n<\/style>\n\t<\/section>\n\t\n\n\t<section class=\"section dark\" id=\"section_343418985\">\n\t\t<div class=\"section-bg fill\" >\n\t\t\t\t\t\t\t\t\t\n\t\t\t\n\n\t\t<\/div>\n\n\t\t\n\n\t\t<div class=\"section-content relative\">\n\t\t\t\n<div class=\"row align-middle\"  id=\"row-1790217168\">\n\n\t<div id=\"col-1541150926\" class=\"col medium-6 small-12 large-6\"  >\n\t\t\t\t<div class=\"col-inner\"  >\n\t\t\t\n\t\t\t\n\t<div id=\"text-3181612204\" class=\"text\">\n\t\t\n<h2>Kontrola kvalitete<\/h2>\n\t\t\n<style>\n#text-3181612204 {\n  font-size: 1.8rem;\n}\n<\/style>\n\t<\/div>\n\t\n<ul>\n<li data-start=\"555\" data-end=\"608\">\n<p data-start=\"557\" data-end=\"608\">Kontrolirani procesi izrade i monta\u017ee<\/p>\n<\/li>\n<li data-start=\"675\" data-end=\"735\">\n<p data-start=\"677\" data-end=\"735\">Kontinuirani nadzor kvalitete i sigurnosti tijekom izvo\u0111enja<\/p>\n<\/li>\n<li data-start=\"736\" data-end=\"790\">\n<p data-start=\"738\" data-end=\"790\">Dokumentacija o sukladnosti (CE) isporu\u010dena po zavr\u0161etku<\/p>\n<\/li>\n<li data-start=\"791\" data-end=\"850\">\n<p data-start=\"793\" data-end=\"850\">Osigurana operativna cjelovitost i uskla\u0111enost s propisima<\/p>\n<\/li>\n<\/ul>\n\t\t<\/div>\n\t\t\t\t\t<\/div>\n\n\t\n\n\t<div id=\"col-1495992176\" class=\"col medium-6 small-12 large-6\"  >\n\t\t\t\t<div class=\"col-inner\"  >\n\t\t\t\n\t\t\t\n\t<div class=\"img has-hover x md-x lg-x y md-y lg-y\" id=\"image_2114773817\">\n\t\t\t\t\t\t\t\t<div class=\"img-inner dark\" >\n\t\t\t<img loading=\"lazy\" decoding=\"async\" width=\"1020\" height=\"574\" src=\"https:\/\/pfc.hr\/wp-content\/uploads\/2025\/12\/pipe-segment-fabrication-location.jpg\" class=\"attachment-large size-large\" alt=\"pipe segment fabrication\" \/>\t\t\t\t\t\t\n\t\t\t\t\t<\/div>\n\t\t\t\t\t\t\t\t\n<style>\n#image_2114773817 {\n  width: 100%;\n}\n<\/style>\n\t<\/div>\n\t\n\t\t<\/div>\n\t\t\t\t\t<\/div>\n\n\t\n<\/div>\n\t\t<\/div>\n\n\t\t\n<style>\n#section_343418985 {\n  padding-top: 80px;\n  padding-bottom: 80px;\n  background-color: rgb(85, 85, 84);\n}\n<\/style>\n\t<\/section>\n\t\n\n  <div class=\"banner has-hover\" id=\"banner-1444829593\">\n          <div class=\"banner-inner fill\">\n        <div class=\"banner-bg fill\" >\n                                    <div class=\"overlay\"><\/div>            \n                    <\/div>\n\t\t\n        <div class=\"banner-layers container\">\n            <div class=\"fill banner-link\"><\/div>            \n   <div id=\"text-box-205136442\" class=\"text-box banner-layer x50 md-x50 lg-x50 y50 md-y50 lg-y50 res-text\">\n                                <div class=\"text-box-content text dark\">\n              \n              <div class=\"text-inner text-center\">\n                  \n\t<div id=\"text-3514075733\" class=\"text\">\n\t\t\n<h5>KONTAKTIRAJTE NAS<\/h5>\n<h3><strong>IMATE LI PITANJA?<\/strong><\/h3>\n<p>Na\u0161 tim stoji vam na raspolaganju. Prona\u0111ite savr\u0161eno rje\u0161enje za svoje industrijske procese.<br \/>\n\t\t\n<style>\n#text-3514075733 {\n  text-align: center;\n  color: rgb(255, 255, 255);\n}\n#text-3514075733 > * {\n  color: rgb(255, 255, 255);\n}\n<\/style>\n\t<\/div>\n\t\n<a href=\"https:\/\/pfc.hr\/hr\/kontakt\/\" class=\"button white\" style=\"border-radius:99px;\">\n\t\t<span>Kontaktirajte nas<\/span>\n\t<\/a>\n\n<a href=\"mailto:info@pfc.hr\" class=\"button white is-outline\" style=\"border-radius:99px;\">\n\t\t<span>Po\u0161aljite upit<\/span>\n\t<\/a>\n\n              <\/div>\n           <\/div>\n                            \n<style>\n#text-box-205136442 {\n  width: 60%;\n}\n#text-box-205136442 .text-box-content {\n  font-size: 100%;\n}\n<\/style>\n    <\/div>\n \n        <\/div>\n      <\/div>\n\n            \n<style>\n#banner-1444829593 {\n  padding-top: 600px;\n}\n#banner-1444829593 .overlay {\n  background-color: rgba(0, 0, 0, 0.3);\n}\n<\/style>\n  <\/div>\n\n\n\n","protected":false},"excerpt":{"rendered":"","protected":false},"author":3,"featured_media":0,"parent":0,"menu_order":0,"comment_status":"closed","ping_status":"closed","template":"page-blank.php","meta":{"footnotes":""},"class_list":["post-19361","page","type-page","status-publish","hentry"],"yoast_head":"<!-- This site is optimized with the Yoast SEO plugin v27.3 - https:\/\/yoast.com\/product\/yoast-seo-wordpress\/ -->\n<title>Proizvodnja cijevnih segmenata - PFC<\/title>\n<meta name=\"description\" content=\"Sveobuhvatna proizvodnja cijevnih segmenata, uklju\u010duju\u0107i tehni\u010dku dokumentaciju, preciznu izradu i ugradnju na licu mjesta.\" \/>\n<meta name=\"robots\" content=\"index, follow, max-snippet:-1, max-image-preview:large, max-video-preview:-1\" \/>\n<link rel=\"canonical\" href=\"https:\/\/pfc.hr\/hr\/proizvodnja-cijevnih-segmenata\/\" \/>\n<meta property=\"og:locale\" content=\"hr_HR\" \/>\n<meta property=\"og:type\" content=\"article\" \/>\n<meta property=\"og:title\" content=\"Proizvodnja cijevnih segmenata - PFC\" \/>\n<meta property=\"og:description\" content=\"Sveobuhvatna proizvodnja cijevnih segmenata, uklju\u010duju\u0107i tehni\u010dku dokumentaciju, preciznu izradu i ugradnju na licu mjesta.\" \/>\n<meta property=\"og:url\" content=\"https:\/\/pfc.hr\/hr\/proizvodnja-cijevnih-segmenata\/\" \/>\n<meta property=\"og:site_name\" content=\"PFC\" \/>\n<meta property=\"article:modified_time\" content=\"2026-01-27T13:18:35+00:00\" \/>\n<meta name=\"twitter:card\" content=\"summary_large_image\" \/>\n<meta name=\"twitter:label1\" content=\"Procijenjeno vrijeme \u010ditanja\" \/>\n\t<meta name=\"twitter:data1\" content=\"2 minute\" \/>\n<script type=\"application\/ld+json\" class=\"yoast-schema-graph\">{\"@context\":\"https:\\\/\\\/schema.org\",\"@graph\":[{\"@type\":\"WebPage\",\"@id\":\"https:\\\/\\\/pfc.hr\\\/hr\\\/proizvodnja-cijevnih-segmenata\\\/\",\"url\":\"https:\\\/\\\/pfc.hr\\\/hr\\\/proizvodnja-cijevnih-segmenata\\\/\",\"name\":\"Proizvodnja cijevnih segmenata - PFC\",\"isPartOf\":{\"@id\":\"https:\\\/\\\/pfc.hr\\\/hr\\\/#website\"},\"datePublished\":\"2025-11-06T11:36:43+00:00\",\"dateModified\":\"2026-01-27T13:18:35+00:00\",\"description\":\"Sveobuhvatna proizvodnja cijevnih segmenata, uklju\u010duju\u0107i tehni\u010dku dokumentaciju, preciznu izradu i ugradnju na licu mjesta.\",\"breadcrumb\":{\"@id\":\"https:\\\/\\\/pfc.hr\\\/hr\\\/proizvodnja-cijevnih-segmenata\\\/#breadcrumb\"},\"inLanguage\":\"hr\",\"potentialAction\":[{\"@type\":\"ReadAction\",\"target\":[\"https:\\\/\\\/pfc.hr\\\/hr\\\/proizvodnja-cijevnih-segmenata\\\/\"]}]},{\"@type\":\"BreadcrumbList\",\"@id\":\"https:\\\/\\\/pfc.hr\\\/hr\\\/proizvodnja-cijevnih-segmenata\\\/#breadcrumb\",\"itemListElement\":[{\"@type\":\"ListItem\",\"position\":1,\"name\":\"Home\",\"item\":\"https:\\\/\\\/pfc.hr\\\/hr\\\/pico-flow-controls\\\/\"},{\"@type\":\"ListItem\",\"position\":2,\"name\":\"Proizvodnja cijevnih segmenata\"}]},{\"@type\":\"WebSite\",\"@id\":\"https:\\\/\\\/pfc.hr\\\/hr\\\/#website\",\"url\":\"https:\\\/\\\/pfc.hr\\\/hr\\\/\",\"name\":\"PFC\",\"description\":\"\",\"publisher\":{\"@id\":\"https:\\\/\\\/pfc.hr\\\/hr\\\/#organization\"},\"potentialAction\":[{\"@type\":\"SearchAction\",\"target\":{\"@type\":\"EntryPoint\",\"urlTemplate\":\"https:\\\/\\\/pfc.hr\\\/hr\\\/?s={search_term_string}\"},\"query-input\":{\"@type\":\"PropertyValueSpecification\",\"valueRequired\":true,\"valueName\":\"search_term_string\"}}],\"inLanguage\":\"hr\"},{\"@type\":\"Organization\",\"@id\":\"https:\\\/\\\/pfc.hr\\\/hr\\\/#organization\",\"name\":\"Pico Flow Controls\",\"url\":\"https:\\\/\\\/pfc.hr\\\/hr\\\/\",\"logo\":{\"@type\":\"ImageObject\",\"inLanguage\":\"hr\",\"@id\":\"https:\\\/\\\/pfc.hr\\\/hr\\\/#\\\/schema\\\/logo\\\/image\\\/\",\"url\":\"https:\\\/\\\/pfc.hr\\\/wp-content\\\/uploads\\\/2024\\\/10\\\/PFC_Main_Logo.png\",\"contentUrl\":\"https:\\\/\\\/pfc.hr\\\/wp-content\\\/uploads\\\/2024\\\/10\\\/PFC_Main_Logo.png\",\"width\":3920,\"height\":1140,\"caption\":\"Pico Flow Controls\"},\"image\":{\"@id\":\"https:\\\/\\\/pfc.hr\\\/hr\\\/#\\\/schema\\\/logo\\\/image\\\/\"}}]}<\/script>\n<!-- \/ Yoast SEO plugin. -->","yoast_head_json":{"title":"Proizvodnja cijevnih segmenata - PFC","description":"Sveobuhvatna proizvodnja cijevnih segmenata, uklju\u010duju\u0107i tehni\u010dku dokumentaciju, preciznu izradu i ugradnju na licu mjesta.","robots":{"index":"index","follow":"follow","max-snippet":"max-snippet:-1","max-image-preview":"max-image-preview:large","max-video-preview":"max-video-preview:-1"},"canonical":"https:\/\/pfc.hr\/hr\/proizvodnja-cijevnih-segmenata\/","og_locale":"hr_HR","og_type":"article","og_title":"Proizvodnja cijevnih segmenata - PFC","og_description":"Sveobuhvatna proizvodnja cijevnih segmenata, uklju\u010duju\u0107i tehni\u010dku dokumentaciju, preciznu izradu i ugradnju na licu mjesta.","og_url":"https:\/\/pfc.hr\/hr\/proizvodnja-cijevnih-segmenata\/","og_site_name":"PFC","article_modified_time":"2026-01-27T13:18:35+00:00","twitter_card":"summary_large_image","twitter_misc":{"Procijenjeno vrijeme \u010ditanja":"2 minute"},"schema":{"@context":"https:\/\/schema.org","@graph":[{"@type":"WebPage","@id":"https:\/\/pfc.hr\/hr\/proizvodnja-cijevnih-segmenata\/","url":"https:\/\/pfc.hr\/hr\/proizvodnja-cijevnih-segmenata\/","name":"Proizvodnja cijevnih segmenata - PFC","isPartOf":{"@id":"https:\/\/pfc.hr\/hr\/#website"},"datePublished":"2025-11-06T11:36:43+00:00","dateModified":"2026-01-27T13:18:35+00:00","description":"Sveobuhvatna proizvodnja cijevnih segmenata, uklju\u010duju\u0107i tehni\u010dku dokumentaciju, preciznu izradu i ugradnju na licu mjesta.","breadcrumb":{"@id":"https:\/\/pfc.hr\/hr\/proizvodnja-cijevnih-segmenata\/#breadcrumb"},"inLanguage":"hr","potentialAction":[{"@type":"ReadAction","target":["https:\/\/pfc.hr\/hr\/proizvodnja-cijevnih-segmenata\/"]}]},{"@type":"BreadcrumbList","@id":"https:\/\/pfc.hr\/hr\/proizvodnja-cijevnih-segmenata\/#breadcrumb","itemListElement":[{"@type":"ListItem","position":1,"name":"Home","item":"https:\/\/pfc.hr\/hr\/pico-flow-controls\/"},{"@type":"ListItem","position":2,"name":"Proizvodnja cijevnih segmenata"}]},{"@type":"WebSite","@id":"https:\/\/pfc.hr\/hr\/#website","url":"https:\/\/pfc.hr\/hr\/","name":"PFC","description":"","publisher":{"@id":"https:\/\/pfc.hr\/hr\/#organization"},"potentialAction":[{"@type":"SearchAction","target":{"@type":"EntryPoint","urlTemplate":"https:\/\/pfc.hr\/hr\/?s={search_term_string}"},"query-input":{"@type":"PropertyValueSpecification","valueRequired":true,"valueName":"search_term_string"}}],"inLanguage":"hr"},{"@type":"Organization","@id":"https:\/\/pfc.hr\/hr\/#organization","name":"Pico Flow Controls","url":"https:\/\/pfc.hr\/hr\/","logo":{"@type":"ImageObject","inLanguage":"hr","@id":"https:\/\/pfc.hr\/hr\/#\/schema\/logo\/image\/","url":"https:\/\/pfc.hr\/wp-content\/uploads\/2024\/10\/PFC_Main_Logo.png","contentUrl":"https:\/\/pfc.hr\/wp-content\/uploads\/2024\/10\/PFC_Main_Logo.png","width":3920,"height":1140,"caption":"Pico Flow Controls"},"image":{"@id":"https:\/\/pfc.hr\/hr\/#\/schema\/logo\/image\/"}}]}},"_links":{"self":[{"href":"https:\/\/pfc.hr\/hr\/wp-json\/wp\/v2\/pages\/19361","targetHints":{"allow":["GET"]}}],"collection":[{"href":"https:\/\/pfc.hr\/hr\/wp-json\/wp\/v2\/pages"}],"about":[{"href":"https:\/\/pfc.hr\/hr\/wp-json\/wp\/v2\/types\/page"}],"author":[{"embeddable":true,"href":"https:\/\/pfc.hr\/hr\/wp-json\/wp\/v2\/users\/3"}],"replies":[{"embeddable":true,"href":"https:\/\/pfc.hr\/hr\/wp-json\/wp\/v2\/comments?post=19361"}],"version-history":[{"count":13,"href":"https:\/\/pfc.hr\/hr\/wp-json\/wp\/v2\/pages\/19361\/revisions"}],"predecessor-version":[{"id":19576,"href":"https:\/\/pfc.hr\/hr\/wp-json\/wp\/v2\/pages\/19361\/revisions\/19576"}],"wp:attachment":[{"href":"https:\/\/pfc.hr\/hr\/wp-json\/wp\/v2\/media?parent=19361"}],"curies":[{"name":"wp","href":"https:\/\/api.w.org\/{rel}","templated":true}]}}