
{"id":1723,"date":"2024-10-21T13:56:09","date_gmt":"2024-10-21T11:56:09","guid":{"rendered":"https:\/\/pfc.hr\/proizvodi\/elbc-electronic-line-break-control\/"},"modified":"2026-02-10T14:55:20","modified_gmt":"2026-02-10T13:55:20","slug":"elbc-electronic-line-break-control","status":"publish","type":"page","link":"https:\/\/pfc.hr\/hr\/elbc-electronic-line-break-control\/","title":{"rendered":"eLBC &#8211; Sustav za nadzor i automatsku blokadu plinovoda"},"content":{"rendered":"\n\t<section class=\"section dark\" id=\"section_44651768\">\n\t\t<div class=\"section-bg fill\" >\n\t\t\t<img loading=\"lazy\" decoding=\"async\" width=\"2359\" height=\"1306\" src=\"https:\/\/pfc.hr\/wp-content\/uploads\/2024\/11\/PFC_eLBC_Banner_Hero.png\" class=\"bg attachment- size-\" alt=\"eLBC \u2013 Electronic Line Break Control\" \/>\t\t\t\t\t\t\n\t\t\t\n\n\t\t<\/div>\n\n\t\t\n\n\t\t<div class=\"section-content relative\">\n\t\t\t\n<div class=\"row\"  id=\"row-1023325224\">\n\n\t<div id=\"col-230718369\" class=\"col small-12 large-12\"  >\n\t\t\t\t<div class=\"col-inner\"  >\n\t\t\t\n\t\t\t\n<h5>ELECTRONIC LINE BREAK CONTROL<\/h5>\n\t<div id=\"text-1135707519\" class=\"text\">\n\t\t\n<h1>eLBC<\/h1>\n\t\t\n<style>\n#text-1135707519 {\n  font-size: 3rem;\n}\n<\/style>\n\t<\/div>\n\t\n<a href=\"https:\/\/pfc.hr\/hr\/kontakt\/\" class=\"button primary\" style=\"border-radius:99px;\">\n\t\t<span>Po\u0161aljite upit<\/span>\n\t<\/a>\n\n\t\t<\/div>\n\t\t\t\t\t<\/div>\n\n\t\n<\/div>\n\t\t<\/div>\n\n\t\t\n<style>\n#section_44651768 {\n  padding-top: 80px;\n  padding-bottom: 80px;\n  min-height: 600px;\n}\n<\/style>\n\t<\/section>\n\t\n\n\t<section class=\"section\" id=\"section_1770413772\">\n\t\t<div class=\"section-bg fill\" >\n\t\t\t\t\t\t\t\t\t\n\t\t\t\n\n\t\t<\/div>\n\n\t\t\n\n\t\t<div class=\"section-content relative\">\n\t\t\t\n<div class=\"row align-middle\"  id=\"row-1918753126\">\n\n\t<div id=\"col-1073332132\" class=\"col medium-6 small-12 large-6\"  >\n\t\t\t\t<div class=\"col-inner\"  >\n\t\t\t\n\t\t\t\n\t<div class=\"img has-hover x md-x lg-x y md-y lg-y\" id=\"image_175557800\">\n\t\t\t\t\t\t<div data-animate=\"fadeInLeft\">\t\t<div class=\"img-inner dark\" >\n\t\t\t<img loading=\"lazy\" decoding=\"async\" width=\"1020\" height=\"622\" src=\"https:\/\/pfc.hr\/wp-content\/uploads\/2026\/02\/eLBC-1.jpeg\" class=\"attachment-large size-large\" alt=\"eLBC\" \/>\t\t\t\t\t\t\n\t\t\t\t\t<\/div>\n\t\t<\/div>\t\t\t\t\t\t\n<style>\n#image_175557800 {\n  width: 100%;\n}\n<\/style>\n\t<\/div>\n\t\n\t\t<\/div>\n\t\t\t\t\t<\/div>\n\n\t\n\n\t<div id=\"col-1513730376\" class=\"col medium-6 small-12 large-6 small-col-first\"  >\n\t\t\t\t<div class=\"col-inner\"  >\n\t\t\t\n\t\t\t\n\t<div id=\"text-3390500647\" class=\"text\">\n\t\t\n<h2>Sustav za nadzor i automatsku blokadu plinovoda<\/h2>\n\t\t\n<style>\n#text-3390500647 {\n  font-size: 1.8rem;\n}\n<\/style>\n\t<\/div>\n\t\n<p>LBC ure\u0111aj (Line Break Control) dio je blokadnog sustava na plinovodima. Djeluje kao za\u0161titni mehanizam koji kontinuirano nadzire tlak u cjevovodu. <\/p>\n<p>U slu\u010daju pada tlaka koji prelazi unaprijed zadanu sigurnosnu vrijednost, ure\u0111aj automatski zatvara blokadni ventil s pomo\u0107u aktuatora te sprje\u010dava istjecanje fluida u okoli\u0161 te tako osigurava siguran transport fluida i sprje\u010dava katastrofalna zaga\u0111enja okoli\u0161a. <\/p>\n<p>LBC kao sigurnosni ure\u0111aj potrebno je periodi\u010dno kalibrirati kako bi se osiguralo da zadovoljava unaprijed definirane performanse. <\/p>\n<p>Nudimo i isporu\u010dujemo tehnolo\u0161ko rje\u0161enje eLBC ure\u0111aja koje se koristi u eksplozivno ugro\u017eenim prostorima (Ex eLBC).<\/p>\n\t\t<\/div>\n\t\t\t\t\t<\/div>\n\n\t\n<\/div>\n\t\t<\/div>\n\n\t\t\n<style>\n#section_1770413772 {\n  padding-top: 80px;\n  padding-bottom: 80px;\n}\n<\/style>\n\t<\/section>\n\t\n\n\t<section class=\"section\" id=\"section_759158068\">\n\t\t<div class=\"section-bg fill\" >\n\t\t\t\t\t\t\t\t\t\n\t\t\t\n\n\t\t<\/div>\n\n\t\t\n\n\t\t<div class=\"section-content relative\">\n\t\t\t\n<div class=\"row align-center\"  id=\"row-434813976\">\n\n\t<div id=\"col-20212482\" class=\"col medium-8 small-12 large-8\"  >\n\t\t\t\t<div class=\"col-inner text-center\"  >\n\t\t\t\n\t\t\t\n\t<div id=\"text-4148800605\" class=\"text\">\n\t\t\n<h5>GLOBALNA DOSTUPNOST<\/h5>\n\t\t\n<style>\n#text-4148800605 {\n  font-size: 1rem;\n  text-align: center;\n}\n<\/style>\n\t<\/div>\n\t\n\t<div id=\"text-2907051456\" class=\"text\">\n\t\t\n<h2>Line Break Control<\/h2>\n\t\t\n<style>\n#text-2907051456 {\n  font-size: 1.8rem;\n}\n<\/style>\n\t<\/div>\n\t\n\t\t<\/div>\n\t\t\t\t\t<\/div>\n\n\t\n<\/div>\n<div class=\"row\"  id=\"row-387125589\">\n\n\t<div id=\"col-1936195736\" class=\"col small-12 large-12\"  >\n\t\t\t\t<div class=\"col-inner\"  >\n\t\t\t\n\t\t\t\n  <div class=\"banner-grid-wrapper\">\n  <div id=\"banner-grid-1956867086\" class=\"banner-grid row row-grid row-xsmall\" data-packery-options=\"\">\n                      \n<div class=\"col grid-col large-3 grid-col-2-3\" ><div class=\"col-inner\">\n\t<div class=\"img has-hover x md-x lg-x y md-y lg-y\" id=\"image_941794911\">\n\t\t\t\t\t\t<div data-animate=\"fadeInLeft\">\t\t<div class=\"img-inner dark\" >\n\t\t\t<img loading=\"lazy\" decoding=\"async\" width=\"534\" height=\"800\" src=\"https:\/\/pfc.hr\/wp-content\/uploads\/2024\/11\/PFC_eLBC_Grid-1.jpg\" class=\"attachment-large size-large\" alt=\"eLBC \u2013 Electronic Line Break Control\" \/>\t\t\t\t\t\t\n\t\t\t\t\t<\/div>\n\t\t<\/div>\t\t\t\t\t\t\n<style>\n#image_941794911 {\n  width: 100%;\n}\n<\/style>\n\t<\/div>\n\t\n<\/div><\/div>\n<div class=\"col grid-col large-3 grid-col-2-3\" ><div class=\"col-inner\">\n\t<div class=\"img has-hover x md-x lg-x y md-y lg-y\" id=\"image_209229917\">\n\t\t\t\t\t\t<div data-animate=\"fadeInDown\">\t\t<div class=\"img-inner dark\" >\n\t\t\t<img loading=\"lazy\" decoding=\"async\" width=\"449\" height=\"800\" src=\"https:\/\/pfc.hr\/wp-content\/uploads\/2024\/11\/PFC_eLBC_Grid-2.jpg\" class=\"attachment-large size-large\" alt=\"eLBC \u2013 Electronic Line Break Control\" \/>\t\t\t\t\t\t\n\t\t\t\t\t<\/div>\n\t\t<\/div>\t\t\t\t\t\t\n<style>\n#image_209229917 {\n  width: 100%;\n}\n<\/style>\n\t<\/div>\n\t\n<\/div><\/div>\n<div class=\"col grid-col large-6 grid-col-1\" ><div class=\"col-inner\">\n\t<div class=\"img has-hover x md-x lg-x y md-y lg-y\" id=\"image_1228551111\">\n\t\t\t\t\t\t<div data-animate=\"fadeInRight\">\t\t<div class=\"img-inner dark\" >\n\t\t\t<img loading=\"lazy\" decoding=\"async\" width=\"1020\" height=\"681\" src=\"https:\/\/pfc.hr\/wp-content\/uploads\/2024\/11\/PFC_eLBC_Grid-3.jpg\" class=\"attachment-large size-large\" alt=\"eLBC \u2013 Electronic Line Break Control\" \/>\t\t\t\t\t\t\n\t\t\t\t\t<\/div>\n\t\t<\/div>\t\t\t\t\t\t\n<style>\n#image_1228551111 {\n  width: 100%;\n}\n<\/style>\n\t<\/div>\n\t\n<\/div><\/div>\n<div class=\"col grid-col large-6 grid-col-2-3\" data-animate=\"fadeInLeft\"><div class=\"col-inner\">\n\t<div class=\"img has-hover x md-x lg-x y md-y lg-y\" id=\"image_1755728685\">\n\t\t\t\t\t\t\t\t<div class=\"img-inner dark\" >\n\t\t\t<img loading=\"lazy\" decoding=\"async\" width=\"1020\" height=\"681\" src=\"https:\/\/pfc.hr\/wp-content\/uploads\/2024\/11\/PFC_eLBC_Grid-4.jpg\" class=\"attachment-large size-large\" alt=\"eLBC \u2013 Electronic Line Break Control\" \/>\t\t\t\t\t\t\n\t\t\t\t\t<\/div>\n\t\t\t\t\t\t\t\t\n<style>\n#image_1755728685 {\n  width: 100%;\n}\n<\/style>\n\t<\/div>\n\t\n<\/div><\/div>\n<div class=\"col grid-col large-3 grid-col-1-3\" ><div class=\"col-inner\">\n\t<div class=\"img has-hover x md-x lg-x y md-y lg-y\" id=\"image_1621178620\">\n\t\t\t\t\t\t<div data-animate=\"fadeInUp\">\t\t<div class=\"img-inner dark\" >\n\t\t\t<img loading=\"lazy\" decoding=\"async\" width=\"534\" height=\"800\" src=\"https:\/\/pfc.hr\/wp-content\/uploads\/2024\/11\/PFC_eLBC_Grid-5.jpg\" class=\"attachment-large size-large\" alt=\"eLBC \u2013 Electronic Line Break Control\" \/>\t\t\t\t\t\t\n\t\t\t\t\t<\/div>\n\t\t<\/div>\t\t\t\t\t\t\n<style>\n#image_1621178620 {\n  width: 100%;\n}\n<\/style>\n\t<\/div>\n\t\n<\/div><\/div>\n<div class=\"col grid-col large-3 grid-col-1-3\" ><div class=\"col-inner\">\n\t<div class=\"img has-hover x md-x lg-x y md-y lg-y\" id=\"image_494961968\">\n\t\t\t\t\t\t<div data-animate=\"fadeInRight\">\t\t<div class=\"img-inner dark\" >\n\t\t\t<img loading=\"lazy\" decoding=\"async\" width=\"534\" height=\"800\" src=\"https:\/\/pfc.hr\/wp-content\/uploads\/2024\/11\/PFC_eLBC_Grid-6.jpg\" class=\"attachment-large size-large\" alt=\"eLBC \u2013 Electronic Line Break Control\" \/>\t\t\t\t\t\t\n\t\t\t\t\t<\/div>\n\t\t<\/div>\t\t\t\t\t\t\n<style>\n#image_494961968 {\n  width: 100%;\n}\n<\/style>\n\t<\/div>\n\t\n<\/div><\/div>\n            <\/div>\n    <style>\n    #banner-grid-1956867086 .grid-col-1{height: 600px}\n    #banner-grid-1956867086 .grid-col-1-2{height: 300px}\n    #banner-grid-1956867086 .grid-col-1-3{height:200px}\n    #banner-grid-1956867086 .grid-col-2-3{height: 400px}\n    #banner-grid-1956867086 .grid-col-1-4{height: 150px}\n    #banner-grid-1956867086 .grid-col-3-4{height: 450px}\n\n\n    \n    \n\n  <\/style>\n    <\/div>\n  \n\t\t<\/div>\n\t\t\t\t\t<\/div>\n\n\t\n<\/div>\n\t\t<\/div>\n\n\t\t\n<style>\n#section_759158068 {\n  padding-top: 80px;\n  padding-bottom: 80px;\n}\n<\/style>\n\t<\/section>\n\t\n\n\t<section class=\"section dark\" id=\"section_885475906\">\n\t\t<div class=\"section-bg fill\" >\n\t\t\t\t\t\t\t\t\t\n\t\t\t\n\n\t\t<\/div>\n\n\t\t\n\n\t\t<div class=\"section-content relative\">\n\t\t\t\n<div class=\"row align-middle\"  id=\"row-1534506778\">\n\n\t<div id=\"col-2032202562\" class=\"col medium-5 small-12 large-5\"  >\n\t\t\t\t<div class=\"col-inner\"  >\n\t\t\t\n\t\t\t\n<h5>TEMELJEN NA PROCESIMA<\/h5>\n\t<div id=\"text-1741385541\" class=\"text\">\n\t\t\n<h2>Solarni eLBC<\/h2>\n\t\t\n<style>\n#text-1741385541 {\n  font-size: 1.8rem;\n}\n<\/style>\n\t<\/div>\n\t\n<p>Solar eLBC pru\u017ea napredno rje\u0161enje za nadzor i za\u0161titu cjevovoda s automatskim sustavom zatvaranja i nadzora, omogu\u0107uju\u0107i potpuno autonomno napajanje putem solarnih panela na lokacijama gdje elektro-energetska mre\u017ea nije dostupna. <\/p>\n<ul>\n<li><strong>Prilago\u0111en za ekstremne uvjete:<\/strong> Solar eLBC idealan je za udaljene lokacije, osiguravaju\u0107i stabilan i siguran rad sustava cjevovoda bez potrebe za dodatnim napajanjem. <\/li>\n<\/ul>\n<ul>\n<li><strong>Upravljanje procesima za maksimalnu sigurnost:<\/strong> Solar eLBC kontinuirano prikuplja i analizira podatke poput tlaka, temperature, gradijenta pada tlaka i polo\u017eaja ventila te omogu\u0107uje i daljinsko upravljanje ventilom. <\/li>\n<\/ul>\n\t\t<\/div>\n\t\t\t\t\t<\/div>\n\n\t\n\n\t<div id=\"col-1829046880\" class=\"col medium-7 small-12 large-7\"  >\n\t\t\t\t<div class=\"col-inner\"  >\n\t\t\t\n\t\t\t\n\n<p><iframe width=\"100%\" src=\"https:\/\/www.youtube.com\/embed\/c-FO8NF-hMk?si=zGY6ZNAoTE-563M8\" title=\"YouTube video player\" frameborder=\"0\" allow=\"accelerometer; autoplay; clipboard-write; encrypted-media; gyroscope; picture-in-picture; web-share\" referrerpolicy=\"strict-origin-when-cross-origin\" allowfullscreen=\"\"><\/iframe><br \/>\n\n\t\t<\/div>\n\t\t\t\t\t<\/div>\n\n\t\n<\/div>\n\t\t<\/div>\n\n\t\t\n<style>\n#section_885475906 {\n  padding-top: 80px;\n  padding-bottom: 80px;\n  background-color: #007369;\n}\n<\/style>\n\t<\/section>\n\t\n\n\t<section class=\"section\" id=\"section_1845854386\">\n\t\t<div class=\"section-bg fill\" >\n\t\t\t\t\t\t\t\t\t\n\t\t\t\n\n\t\t<\/div>\n\n\t\t\n\n\t\t<div class=\"section-content relative\">\n\t\t\t\n<div class=\"row align-center row-solid\"  id=\"row-961461113\">\n\n\t<div id=\"col-479568126\" class=\"col medium-6 small-12 large-6\"  >\n\t\t\t\t<div class=\"col-inner\"  >\n\t\t\t\n\t\t\t\n\t<div id=\"text-1040079404\" class=\"text\">\n\t\t\n<h2><span class=\"count-up\">30<\/span><\/h2>\n\t\t\n<style>\n#text-1040079404 {\n  font-size: 3rem;\n  text-align: center;\n}\n<\/style>\n\t<\/div>\n\t\n\t<div id=\"text-3651211262\" class=\"text\">\n\t\t\n<h5>GODINA ISKUSTVA<\/h5>\n\t\t\n<style>\n#text-3651211262 {\n  text-align: center;\n}\n<\/style>\n\t<\/div>\n\t\n\t\t<\/div>\n\t\t\t\t\t<\/div>\n\n\t\n\n\t<div id=\"col-794934173\" class=\"col medium-6 small-12 large-6\"  >\n\t\t\t\t<div class=\"col-inner\"  >\n\t\t\t\n\t\t\t\n\t<div id=\"text-732934997\" class=\"text\">\n\t\t\n<h2><span class=\"count-up\">1000<\/span><\/h2>\n\t\t\n<style>\n#text-732934997 {\n  font-size: 3rem;\n  text-align: center;\n}\n<\/style>\n\t<\/div>\n\t\n\t<div id=\"text-4278730827\" class=\"text\">\n\t\t\n<h5>UGRA\u0110ENIH eLBC URE\u0110AJA<\/h5>\n\t\t\n<style>\n#text-4278730827 {\n  text-align: center;\n}\n<\/style>\n\t<\/div>\n\t\n\t\t<\/div>\n\t\t\t\t\t<\/div>\n\n\t\n<\/div>\n\t\t<\/div>\n\n\t\t\n<style>\n#section_1845854386 {\n  padding-top: 80px;\n  padding-bottom: 80px;\n}\n<\/style>\n\t<\/section>\n\t\n\n  <div class=\"banner has-hover\" id=\"banner-1514015936\">\n          <div class=\"banner-inner fill\">\n        <div class=\"banner-bg fill\" >\n                                    <div class=\"overlay\"><\/div>            \n                    <\/div>\n\t\t\n        <div class=\"banner-layers container\">\n            <div class=\"fill banner-link\"><\/div>            \n   <div id=\"text-box-1137576223\" class=\"text-box banner-layer x50 md-x50 lg-x50 y50 md-y50 lg-y50 res-text\">\n                                <div class=\"text-box-content text dark\">\n              \n              <div class=\"text-inner text-center\">\n                  \n\t<div id=\"text-2203504886\" class=\"text\">\n\t\t\n<h5>KONTAKTIRAJTE NAS<\/h5>\n<h3><strong>ZAINTERESIRANI ZA IMPLEMENTACIJU<\/strong><\/h3>\n<p>Zainteresirani ste za na\u0161 proizvod? Na\u0161 stru\u010dni tim prona\u0107i \u0107e najbolje rje\u0161enje za va\u0161e potrebe.<br \/>\n\t\t\n<style>\n#text-2203504886 {\n  text-align: center;\n  color: rgb(255, 255, 255);\n}\n#text-2203504886 > * {\n  color: rgb(255, 255, 255);\n}\n<\/style>\n\t<\/div>\n\t\n<a class=\"button white\" style=\"border-radius:99px;\">\n\t\t<span>Zaka\u017eite sastanak<\/span>\n\t<\/a>\n\n<a href=\"mailto:info@pfc.hr\" class=\"button white is-outline\" style=\"border-radius:99px;\">\n\t\t<span>Kontaktirajte nas<\/span>\n\t<\/a>\n\n              <\/div>\n           <\/div>\n                            \n<style>\n#text-box-1137576223 {\n  width: 60%;\n}\n#text-box-1137576223 .text-box-content {\n  font-size: 100%;\n}\n<\/style>\n    <\/div>\n \n        <\/div>\n      <\/div>\n\n            \n<style>\n#banner-1514015936 {\n  padding-top: 600px;\n}\n#banner-1514015936 .overlay {\n  background-color: rgba(0, 0, 0, 0.3);\n}\n<\/style>\n  <\/div>\n\n\n\n","protected":false},"excerpt":{"rendered":"","protected":false},"author":2,"featured_media":1037,"parent":0,"menu_order":0,"comment_status":"closed","ping_status":"closed","template":"page-blank.php","meta":{"footnotes":""},"class_list":["post-1723","page","type-page","status-publish","has-post-thumbnail","hentry"],"yoast_head":"<!-- This site is optimized with the Yoast SEO plugin v27.3 - https:\/\/yoast.com\/product\/yoast-seo-wordpress\/ -->\n<title>eLBC - Sustav za nadzor i automatsku blokadu plinovoda - PFC<\/title>\n<meta name=\"description\" content=\"eLBC ure\u0111aj u plinovodima prati tlak i zatvara ventil putem aktuatora ako tlak padne ispod postavljene granice u minuti.\" \/>\n<meta name=\"robots\" content=\"index, follow, max-snippet:-1, max-image-preview:large, max-video-preview:-1\" \/>\n<link rel=\"canonical\" href=\"https:\/\/pfc.hr\/hr\/elbc-electronic-line-break-control\/\" \/>\n<meta property=\"og:locale\" content=\"hr_HR\" \/>\n<meta property=\"og:type\" content=\"article\" \/>\n<meta property=\"og:title\" content=\"eLBC - Sustav za nadzor i automatsku blokadu plinovoda - PFC\" \/>\n<meta property=\"og:description\" content=\"eLBC ure\u0111aj u plinovodima prati tlak i zatvara ventil putem aktuatora ako tlak padne ispod postavljene granice u minuti.\" \/>\n<meta property=\"og:url\" content=\"https:\/\/pfc.hr\/hr\/elbc-electronic-line-break-control\/\" \/>\n<meta property=\"og:site_name\" content=\"PFC\" \/>\n<meta property=\"article:modified_time\" content=\"2026-02-10T13:55:20+00:00\" \/>\n<meta property=\"og:image\" content=\"https:\/\/pfc.hr\/wp-content\/uploads\/2024\/11\/PFC_eLBC_Grid-3.jpg\" \/>\n\t<meta property=\"og:image:width\" content=\"2560\" \/>\n\t<meta property=\"og:image:height\" content=\"1709\" \/>\n\t<meta property=\"og:image:type\" content=\"image\/jpeg\" \/>\n<meta name=\"twitter:card\" content=\"summary_large_image\" \/>\n<meta name=\"twitter:label1\" content=\"Procijenjeno vrijeme \u010ditanja\" \/>\n\t<meta name=\"twitter:data1\" content=\"4 minute\" \/>\n<script type=\"application\/ld+json\" class=\"yoast-schema-graph\">{\"@context\":\"https:\\\/\\\/schema.org\",\"@graph\":[{\"@type\":\"WebPage\",\"@id\":\"https:\\\/\\\/pfc.hr\\\/hr\\\/elbc-electronic-line-break-control\\\/\",\"url\":\"https:\\\/\\\/pfc.hr\\\/hr\\\/elbc-electronic-line-break-control\\\/\",\"name\":\"eLBC - Sustav za nadzor i automatsku blokadu plinovoda - PFC\",\"isPartOf\":{\"@id\":\"https:\\\/\\\/pfc.hr\\\/hr\\\/#website\"},\"primaryImageOfPage\":{\"@id\":\"https:\\\/\\\/pfc.hr\\\/hr\\\/elbc-electronic-line-break-control\\\/#primaryimage\"},\"image\":{\"@id\":\"https:\\\/\\\/pfc.hr\\\/hr\\\/elbc-electronic-line-break-control\\\/#primaryimage\"},\"thumbnailUrl\":\"https:\\\/\\\/pfc.hr\\\/wp-content\\\/uploads\\\/2024\\\/11\\\/PFC_eLBC_Grid-3.jpg\",\"datePublished\":\"2024-10-21T11:56:09+00:00\",\"dateModified\":\"2026-02-10T13:55:20+00:00\",\"description\":\"eLBC ure\u0111aj u plinovodima prati tlak i zatvara ventil putem aktuatora ako tlak padne ispod postavljene granice u minuti.\",\"breadcrumb\":{\"@id\":\"https:\\\/\\\/pfc.hr\\\/hr\\\/elbc-electronic-line-break-control\\\/#breadcrumb\"},\"inLanguage\":\"hr\",\"potentialAction\":[{\"@type\":\"ReadAction\",\"target\":[\"https:\\\/\\\/pfc.hr\\\/hr\\\/elbc-electronic-line-break-control\\\/\"]}]},{\"@type\":\"ImageObject\",\"inLanguage\":\"hr\",\"@id\":\"https:\\\/\\\/pfc.hr\\\/hr\\\/elbc-electronic-line-break-control\\\/#primaryimage\",\"url\":\"https:\\\/\\\/pfc.hr\\\/wp-content\\\/uploads\\\/2024\\\/11\\\/PFC_eLBC_Grid-3.jpg\",\"contentUrl\":\"https:\\\/\\\/pfc.hr\\\/wp-content\\\/uploads\\\/2024\\\/11\\\/PFC_eLBC_Grid-3.jpg\",\"width\":2560,\"height\":1709,\"caption\":\"eLBC \u2013 Electronic Line Break Control\"},{\"@type\":\"BreadcrumbList\",\"@id\":\"https:\\\/\\\/pfc.hr\\\/hr\\\/elbc-electronic-line-break-control\\\/#breadcrumb\",\"itemListElement\":[{\"@type\":\"ListItem\",\"position\":1,\"name\":\"Home\",\"item\":\"https:\\\/\\\/pfc.hr\\\/hr\\\/pico-flow-controls\\\/\"},{\"@type\":\"ListItem\",\"position\":2,\"name\":\"eLBC &#8211; Sustav za nadzor i automatsku blokadu plinovoda\"}]},{\"@type\":\"WebSite\",\"@id\":\"https:\\\/\\\/pfc.hr\\\/hr\\\/#website\",\"url\":\"https:\\\/\\\/pfc.hr\\\/hr\\\/\",\"name\":\"PFC\",\"description\":\"\",\"publisher\":{\"@id\":\"https:\\\/\\\/pfc.hr\\\/hr\\\/#organization\"},\"potentialAction\":[{\"@type\":\"SearchAction\",\"target\":{\"@type\":\"EntryPoint\",\"urlTemplate\":\"https:\\\/\\\/pfc.hr\\\/hr\\\/?s={search_term_string}\"},\"query-input\":{\"@type\":\"PropertyValueSpecification\",\"valueRequired\":true,\"valueName\":\"search_term_string\"}}],\"inLanguage\":\"hr\"},{\"@type\":\"Organization\",\"@id\":\"https:\\\/\\\/pfc.hr\\\/hr\\\/#organization\",\"name\":\"Pico Flow Controls\",\"url\":\"https:\\\/\\\/pfc.hr\\\/hr\\\/\",\"logo\":{\"@type\":\"ImageObject\",\"inLanguage\":\"hr\",\"@id\":\"https:\\\/\\\/pfc.hr\\\/hr\\\/#\\\/schema\\\/logo\\\/image\\\/\",\"url\":\"https:\\\/\\\/pfc.hr\\\/wp-content\\\/uploads\\\/2024\\\/10\\\/PFC_Main_Logo.png\",\"contentUrl\":\"https:\\\/\\\/pfc.hr\\\/wp-content\\\/uploads\\\/2024\\\/10\\\/PFC_Main_Logo.png\",\"width\":3920,\"height\":1140,\"caption\":\"Pico Flow Controls\"},\"image\":{\"@id\":\"https:\\\/\\\/pfc.hr\\\/hr\\\/#\\\/schema\\\/logo\\\/image\\\/\"}}]}<\/script>\n<!-- \/ Yoast SEO plugin. -->","yoast_head_json":{"title":"eLBC - Sustav za nadzor i automatsku blokadu plinovoda - PFC","description":"eLBC ure\u0111aj u plinovodima prati tlak i zatvara ventil putem aktuatora ako tlak padne ispod postavljene granice u minuti.","robots":{"index":"index","follow":"follow","max-snippet":"max-snippet:-1","max-image-preview":"max-image-preview:large","max-video-preview":"max-video-preview:-1"},"canonical":"https:\/\/pfc.hr\/hr\/elbc-electronic-line-break-control\/","og_locale":"hr_HR","og_type":"article","og_title":"eLBC - Sustav za nadzor i automatsku blokadu plinovoda - PFC","og_description":"eLBC ure\u0111aj u plinovodima prati tlak i zatvara ventil putem aktuatora ako tlak padne ispod postavljene granice u minuti.","og_url":"https:\/\/pfc.hr\/hr\/elbc-electronic-line-break-control\/","og_site_name":"PFC","article_modified_time":"2026-02-10T13:55:20+00:00","og_image":[{"width":2560,"height":1709,"url":"https:\/\/pfc.hr\/wp-content\/uploads\/2024\/11\/PFC_eLBC_Grid-3.jpg","type":"image\/jpeg"}],"twitter_card":"summary_large_image","twitter_misc":{"Procijenjeno vrijeme \u010ditanja":"4 minute"},"schema":{"@context":"https:\/\/schema.org","@graph":[{"@type":"WebPage","@id":"https:\/\/pfc.hr\/hr\/elbc-electronic-line-break-control\/","url":"https:\/\/pfc.hr\/hr\/elbc-electronic-line-break-control\/","name":"eLBC - Sustav za nadzor i automatsku blokadu plinovoda - PFC","isPartOf":{"@id":"https:\/\/pfc.hr\/hr\/#website"},"primaryImageOfPage":{"@id":"https:\/\/pfc.hr\/hr\/elbc-electronic-line-break-control\/#primaryimage"},"image":{"@id":"https:\/\/pfc.hr\/hr\/elbc-electronic-line-break-control\/#primaryimage"},"thumbnailUrl":"https:\/\/pfc.hr\/wp-content\/uploads\/2024\/11\/PFC_eLBC_Grid-3.jpg","datePublished":"2024-10-21T11:56:09+00:00","dateModified":"2026-02-10T13:55:20+00:00","description":"eLBC ure\u0111aj u plinovodima prati tlak i zatvara ventil putem aktuatora ako tlak padne ispod postavljene granice u minuti.","breadcrumb":{"@id":"https:\/\/pfc.hr\/hr\/elbc-electronic-line-break-control\/#breadcrumb"},"inLanguage":"hr","potentialAction":[{"@type":"ReadAction","target":["https:\/\/pfc.hr\/hr\/elbc-electronic-line-break-control\/"]}]},{"@type":"ImageObject","inLanguage":"hr","@id":"https:\/\/pfc.hr\/hr\/elbc-electronic-line-break-control\/#primaryimage","url":"https:\/\/pfc.hr\/wp-content\/uploads\/2024\/11\/PFC_eLBC_Grid-3.jpg","contentUrl":"https:\/\/pfc.hr\/wp-content\/uploads\/2024\/11\/PFC_eLBC_Grid-3.jpg","width":2560,"height":1709,"caption":"eLBC \u2013 Electronic Line Break Control"},{"@type":"BreadcrumbList","@id":"https:\/\/pfc.hr\/hr\/elbc-electronic-line-break-control\/#breadcrumb","itemListElement":[{"@type":"ListItem","position":1,"name":"Home","item":"https:\/\/pfc.hr\/hr\/pico-flow-controls\/"},{"@type":"ListItem","position":2,"name":"eLBC &#8211; Sustav za nadzor i automatsku blokadu plinovoda"}]},{"@type":"WebSite","@id":"https:\/\/pfc.hr\/hr\/#website","url":"https:\/\/pfc.hr\/hr\/","name":"PFC","description":"","publisher":{"@id":"https:\/\/pfc.hr\/hr\/#organization"},"potentialAction":[{"@type":"SearchAction","target":{"@type":"EntryPoint","urlTemplate":"https:\/\/pfc.hr\/hr\/?s={search_term_string}"},"query-input":{"@type":"PropertyValueSpecification","valueRequired":true,"valueName":"search_term_string"}}],"inLanguage":"hr"},{"@type":"Organization","@id":"https:\/\/pfc.hr\/hr\/#organization","name":"Pico Flow Controls","url":"https:\/\/pfc.hr\/hr\/","logo":{"@type":"ImageObject","inLanguage":"hr","@id":"https:\/\/pfc.hr\/hr\/#\/schema\/logo\/image\/","url":"https:\/\/pfc.hr\/wp-content\/uploads\/2024\/10\/PFC_Main_Logo.png","contentUrl":"https:\/\/pfc.hr\/wp-content\/uploads\/2024\/10\/PFC_Main_Logo.png","width":3920,"height":1140,"caption":"Pico Flow Controls"},"image":{"@id":"https:\/\/pfc.hr\/hr\/#\/schema\/logo\/image\/"}}]}},"_links":{"self":[{"href":"https:\/\/pfc.hr\/hr\/wp-json\/wp\/v2\/pages\/1723","targetHints":{"allow":["GET"]}}],"collection":[{"href":"https:\/\/pfc.hr\/hr\/wp-json\/wp\/v2\/pages"}],"about":[{"href":"https:\/\/pfc.hr\/hr\/wp-json\/wp\/v2\/types\/page"}],"author":[{"embeddable":true,"href":"https:\/\/pfc.hr\/hr\/wp-json\/wp\/v2\/users\/2"}],"replies":[{"embeddable":true,"href":"https:\/\/pfc.hr\/hr\/wp-json\/wp\/v2\/comments?post=1723"}],"version-history":[{"count":38,"href":"https:\/\/pfc.hr\/hr\/wp-json\/wp\/v2\/pages\/1723\/revisions"}],"predecessor-version":[{"id":19828,"href":"https:\/\/pfc.hr\/hr\/wp-json\/wp\/v2\/pages\/1723\/revisions\/19828"}],"wp:featuredmedia":[{"embeddable":true,"href":"https:\/\/pfc.hr\/hr\/wp-json\/wp\/v2\/media\/1037"}],"wp:attachment":[{"href":"https:\/\/pfc.hr\/hr\/wp-json\/wp\/v2\/media?parent=1723"}],"curies":[{"name":"wp","href":"https:\/\/api.w.org\/{rel}","templated":true}]}}