
{"id":17150,"date":"2025-04-18T13:19:27","date_gmt":"2025-04-18T11:19:27","guid":{"rendered":"https:\/\/pfc.hr\/eu-projekti\/"},"modified":"2026-01-27T10:28:39","modified_gmt":"2026-01-27T09:28:39","slug":"eu-projekti","status":"publish","type":"page","link":"https:\/\/pfc.hr\/hr\/eu-projekti\/","title":{"rendered":"EU projekti"},"content":{"rendered":"\n\t<section class=\"section\" id=\"section_1345561162\">\n\t\t<div class=\"section-bg fill\" >\n\t\t\t\t\t\t\t\t\t\n\t\t\t\n\n\t\t<\/div>\n\n\t\t\n\n\t\t<div class=\"section-content relative\">\n\t\t\t\n<div class=\"row\"  id=\"row-44270055\">\n\n\t<div id=\"col-354187578\" class=\"col small-12 large-12\"  >\n\t\t\t\t<div class=\"col-inner\"  >\n\t\t\t\n\t\t\t\n\t<div class=\"img has-hover x md-x lg-x y md-y lg-y\" id=\"image_1610956272\">\n\t\t\t\t\t\t\t\t<div class=\"img-inner dark\" >\n\t\t\t<img loading=\"lazy\" decoding=\"async\" width=\"1020\" height=\"75\" src=\"https:\/\/pfc.hr\/wp-content\/uploads\/2025\/04\/Screenshot-2025-04-18-at-13.16.47.png\" class=\"attachment-large size-large\" alt=\"\" \/>\t\t\t\t\t\t\n\t\t\t\t\t<\/div>\n\t\t\t\t\t\t\t\t\n<style>\n#image_1610956272 {\n  width: 100%;\n}\n<\/style>\n\t<\/div>\n\t\n\t\t<\/div>\n\t\t\t\t\t<\/div>\n\n\t\n<\/div>\n<div class=\"row\"  id=\"row-1875601737\">\n\n\t<div id=\"col-1692074545\" class=\"col medium-2 small-12 large-2\"  >\n\t\t\t\t<div class=\"col-inner\"  >\n\t\t\t\n\t\t\t\n<p><strong>O projektu:<\/strong><\/p>\n\t\t<\/div>\n\t\t\t\t\t<\/div>\n\n\t\n\n\t<div id=\"col-2096471593\" class=\"col medium-10 small-12 large-10\"  >\n\t\t\t\t<div class=\"col-inner\"  >\n\t\t\t\n\t\t\t\n<p>Glavni problem koji se ovim projektom \u017eeli rije\u0161iti je nedovoljna konkurentnost tvrtke Feromihin na globalnom tr\u017ei\u0161tu koja proizlazi iz nedovoljnog ulaganja u inovacije procesa i organizacije poslovanja, a samim time i u provedbu novih rje\u0161enja inovativnih proizvoda. Svrha projekta, odnosno glavni cilj koji se projektom \u017eeli posti\u0107i je dostizanje razine TRL 9 inovativnog proizvoda UULBC-a koji je novi za globalno tr\u017ei\u0161te. Svrha projekta se ostvaruje ulaganjem u inovacije poduze\u0107a, odnosno inovaciju procesa i organizacije poslovanja tvrtke \u010dime se rje\u0161ava glavni problem nedovoljne konkurentnosti i donosi odr\u017eivu korist za ciljne skupine projekta: tvrtku Feromihin, njene zaposlenike, kao i sve poslovne partnere i kupce.   <\/p>\n\t\t<\/div>\n\t\t\t\t\t<\/div>\n\n\t\n<\/div>\n<div class=\"row\"  id=\"row-1857323204\">\n\n\t<div id=\"col-1602186374\" class=\"col small-12 large-12\"  >\n\t\t\t\t<div class=\"col-inner\"  >\n\t\t\t\n\t\t\t\n<p style=\"text-align: center;\"><strong>Naziv projekta:<\/strong> Komercijalizacija inovacija Feromihin<\/p>\n<p style=\"text-align: center;\"><strong>Kod projekta:<\/strong> NPOO.C1.1.2R2-I5.01.0030<\/p>\n<p style=\"text-align: center;\"><strong>Ukupna vrijednost projekta:<\/strong> 1.292.983,26 EUR<\/p>\n<p style=\"text-align: center;\"><strong>Iznos koji sufinancira EU:<\/strong> 358.265,81 EUR<\/p>\n<p style=\"text-align: center;\"><strong>Razdoblje provedbe projekta:<\/strong> 01.09.2022.-01.04.2025.<\/p>\n<p style=\"text-align: center;\"><strong>Financirano iz Poziva na dodjelu bespovratnih sredstava: Komercijalizacija inovacija (referentni broj: NPOO.C1.1.2.R2-I5.01)<\/strong><\/p>\n<p style=\"text-align: center;\"><strong>Naziv korisnika:<\/strong> PICO FLOW CONTROLS d.o.o.<\/p>\n<p style=\"text-align: center;\"><strong>OIB:<\/strong> 80909868681<\/p>\n<p style=\"text-align: center;\">Sadr\u017eaj ove web stranice isklju\u010diva je odgovornost tvrtke PICO FLOW CONTROLS d.o.o. i ne predstavlja slu\u017ebena mi\u0161ljenja Europske unije.<\/p>\n\t\t<\/div>\n\t\t\t\t\t<\/div>\n\n\t\n<\/div>\n\t\t<\/div>\n\n\t\t\n<style>\n#section_1345561162 {\n  padding-top: 30px;\n  padding-bottom: 30px;\n}\n<\/style>\n\t<\/section>\n\t\n","protected":false},"excerpt":{"rendered":"","protected":false},"author":4,"featured_media":0,"parent":0,"menu_order":0,"comment_status":"closed","ping_status":"closed","template":"page-blank.php","meta":{"footnotes":""},"class_list":["post-17150","page","type-page","status-publish","hentry"],"yoast_head":"<!-- This site is optimized with the Yoast SEO plugin v27.3 - https:\/\/yoast.com\/product\/yoast-seo-wordpress\/ -->\n<title>EU projekti - PFC<\/title>\n<meta name=\"robots\" content=\"index, follow, max-snippet:-1, max-image-preview:large, max-video-preview:-1\" \/>\n<link rel=\"canonical\" href=\"https:\/\/pfc.hr\/hr\/eu-projekti\/\" \/>\n<meta property=\"og:locale\" content=\"hr_HR\" \/>\n<meta property=\"og:type\" content=\"article\" \/>\n<meta property=\"og:title\" content=\"EU projekti - PFC\" \/>\n<meta property=\"og:url\" content=\"https:\/\/pfc.hr\/hr\/eu-projekti\/\" \/>\n<meta property=\"og:site_name\" content=\"PFC\" \/>\n<meta property=\"article:modified_time\" content=\"2026-01-27T09:28:39+00:00\" \/>\n<meta name=\"twitter:card\" content=\"summary_large_image\" \/>\n<meta name=\"twitter:label1\" content=\"Procijenjeno vrijeme \u010ditanja\" \/>\n\t<meta name=\"twitter:data1\" content=\"1 minuta\" \/>\n<script type=\"application\/ld+json\" class=\"yoast-schema-graph\">{\"@context\":\"https:\\\/\\\/schema.org\",\"@graph\":[{\"@type\":\"WebPage\",\"@id\":\"https:\\\/\\\/pfc.hr\\\/hr\\\/eu-projekti\\\/\",\"url\":\"https:\\\/\\\/pfc.hr\\\/hr\\\/eu-projekti\\\/\",\"name\":\"EU projekti - PFC\",\"isPartOf\":{\"@id\":\"https:\\\/\\\/pfc.hr\\\/hr\\\/#website\"},\"datePublished\":\"2025-04-18T11:19:27+00:00\",\"dateModified\":\"2026-01-27T09:28:39+00:00\",\"breadcrumb\":{\"@id\":\"https:\\\/\\\/pfc.hr\\\/hr\\\/eu-projekti\\\/#breadcrumb\"},\"inLanguage\":\"hr\",\"potentialAction\":[{\"@type\":\"ReadAction\",\"target\":[\"https:\\\/\\\/pfc.hr\\\/hr\\\/eu-projekti\\\/\"]}]},{\"@type\":\"BreadcrumbList\",\"@id\":\"https:\\\/\\\/pfc.hr\\\/hr\\\/eu-projekti\\\/#breadcrumb\",\"itemListElement\":[{\"@type\":\"ListItem\",\"position\":1,\"name\":\"Home\",\"item\":\"https:\\\/\\\/pfc.hr\\\/hr\\\/pico-flow-controls\\\/\"},{\"@type\":\"ListItem\",\"position\":2,\"name\":\"EU projekti\"}]},{\"@type\":\"WebSite\",\"@id\":\"https:\\\/\\\/pfc.hr\\\/hr\\\/#website\",\"url\":\"https:\\\/\\\/pfc.hr\\\/hr\\\/\",\"name\":\"PFC\",\"description\":\"\",\"publisher\":{\"@id\":\"https:\\\/\\\/pfc.hr\\\/hr\\\/#organization\"},\"potentialAction\":[{\"@type\":\"SearchAction\",\"target\":{\"@type\":\"EntryPoint\",\"urlTemplate\":\"https:\\\/\\\/pfc.hr\\\/hr\\\/?s={search_term_string}\"},\"query-input\":{\"@type\":\"PropertyValueSpecification\",\"valueRequired\":true,\"valueName\":\"search_term_string\"}}],\"inLanguage\":\"hr\"},{\"@type\":\"Organization\",\"@id\":\"https:\\\/\\\/pfc.hr\\\/hr\\\/#organization\",\"name\":\"Pico Flow Controls\",\"url\":\"https:\\\/\\\/pfc.hr\\\/hr\\\/\",\"logo\":{\"@type\":\"ImageObject\",\"inLanguage\":\"hr\",\"@id\":\"https:\\\/\\\/pfc.hr\\\/hr\\\/#\\\/schema\\\/logo\\\/image\\\/\",\"url\":\"https:\\\/\\\/pfc.hr\\\/wp-content\\\/uploads\\\/2024\\\/10\\\/PFC_Main_Logo.png\",\"contentUrl\":\"https:\\\/\\\/pfc.hr\\\/wp-content\\\/uploads\\\/2024\\\/10\\\/PFC_Main_Logo.png\",\"width\":3920,\"height\":1140,\"caption\":\"Pico Flow Controls\"},\"image\":{\"@id\":\"https:\\\/\\\/pfc.hr\\\/hr\\\/#\\\/schema\\\/logo\\\/image\\\/\"}}]}<\/script>\n<!-- \/ Yoast SEO plugin. -->","yoast_head_json":{"title":"EU projekti - PFC","robots":{"index":"index","follow":"follow","max-snippet":"max-snippet:-1","max-image-preview":"max-image-preview:large","max-video-preview":"max-video-preview:-1"},"canonical":"https:\/\/pfc.hr\/hr\/eu-projekti\/","og_locale":"hr_HR","og_type":"article","og_title":"EU projekti - PFC","og_url":"https:\/\/pfc.hr\/hr\/eu-projekti\/","og_site_name":"PFC","article_modified_time":"2026-01-27T09:28:39+00:00","twitter_card":"summary_large_image","twitter_misc":{"Procijenjeno vrijeme \u010ditanja":"1 minuta"},"schema":{"@context":"https:\/\/schema.org","@graph":[{"@type":"WebPage","@id":"https:\/\/pfc.hr\/hr\/eu-projekti\/","url":"https:\/\/pfc.hr\/hr\/eu-projekti\/","name":"EU projekti - PFC","isPartOf":{"@id":"https:\/\/pfc.hr\/hr\/#website"},"datePublished":"2025-04-18T11:19:27+00:00","dateModified":"2026-01-27T09:28:39+00:00","breadcrumb":{"@id":"https:\/\/pfc.hr\/hr\/eu-projekti\/#breadcrumb"},"inLanguage":"hr","potentialAction":[{"@type":"ReadAction","target":["https:\/\/pfc.hr\/hr\/eu-projekti\/"]}]},{"@type":"BreadcrumbList","@id":"https:\/\/pfc.hr\/hr\/eu-projekti\/#breadcrumb","itemListElement":[{"@type":"ListItem","position":1,"name":"Home","item":"https:\/\/pfc.hr\/hr\/pico-flow-controls\/"},{"@type":"ListItem","position":2,"name":"EU projekti"}]},{"@type":"WebSite","@id":"https:\/\/pfc.hr\/hr\/#website","url":"https:\/\/pfc.hr\/hr\/","name":"PFC","description":"","publisher":{"@id":"https:\/\/pfc.hr\/hr\/#organization"},"potentialAction":[{"@type":"SearchAction","target":{"@type":"EntryPoint","urlTemplate":"https:\/\/pfc.hr\/hr\/?s={search_term_string}"},"query-input":{"@type":"PropertyValueSpecification","valueRequired":true,"valueName":"search_term_string"}}],"inLanguage":"hr"},{"@type":"Organization","@id":"https:\/\/pfc.hr\/hr\/#organization","name":"Pico Flow Controls","url":"https:\/\/pfc.hr\/hr\/","logo":{"@type":"ImageObject","inLanguage":"hr","@id":"https:\/\/pfc.hr\/hr\/#\/schema\/logo\/image\/","url":"https:\/\/pfc.hr\/wp-content\/uploads\/2024\/10\/PFC_Main_Logo.png","contentUrl":"https:\/\/pfc.hr\/wp-content\/uploads\/2024\/10\/PFC_Main_Logo.png","width":3920,"height":1140,"caption":"Pico Flow Controls"},"image":{"@id":"https:\/\/pfc.hr\/hr\/#\/schema\/logo\/image\/"}}]}},"_links":{"self":[{"href":"https:\/\/pfc.hr\/hr\/wp-json\/wp\/v2\/pages\/17150","targetHints":{"allow":["GET"]}}],"collection":[{"href":"https:\/\/pfc.hr\/hr\/wp-json\/wp\/v2\/pages"}],"about":[{"href":"https:\/\/pfc.hr\/hr\/wp-json\/wp\/v2\/types\/page"}],"author":[{"embeddable":true,"href":"https:\/\/pfc.hr\/hr\/wp-json\/wp\/v2\/users\/4"}],"replies":[{"embeddable":true,"href":"https:\/\/pfc.hr\/hr\/wp-json\/wp\/v2\/comments?post=17150"}],"version-history":[{"count":15,"href":"https:\/\/pfc.hr\/hr\/wp-json\/wp\/v2\/pages\/17150\/revisions"}],"predecessor-version":[{"id":19672,"href":"https:\/\/pfc.hr\/hr\/wp-json\/wp\/v2\/pages\/17150\/revisions\/19672"}],"wp:attachment":[{"href":"https:\/\/pfc.hr\/hr\/wp-json\/wp\/v2\/media?parent=17150"}],"curies":[{"name":"wp","href":"https:\/\/api.w.org\/{rel}","templated":true}]}}