
{"id":1679,"date":"2024-10-18T08:13:25","date_gmt":"2024-10-18T06:13:25","guid":{"rendered":"https:\/\/pfc.hr\/rjesenja\/rjesenja-za-odoriranje\/"},"modified":"2026-01-27T10:45:14","modified_gmt":"2026-01-27T09:45:14","slug":"odorizacijska-stanica","status":"publish","type":"page","link":"https:\/\/pfc.hr\/hr\/odorizacijska-stanica\/","title":{"rendered":"Odorizacijska stanica"},"content":{"rendered":"\n\t<section class=\"section dark\" id=\"section_1472950518\">\n\t\t<div class=\"section-bg fill\" >\n\t\t\t\t\t\t\t\t\t<div class=\"section-bg-overlay absolute fill\"><\/div>\n\t\t\t\n\n\t\t<\/div>\n\n\t\t\n\n\t\t<div class=\"section-content relative\">\n\t\t\t\n<div class=\"row align-middle\"  id=\"row-519853980\">\n\n\t<div id=\"col-674474012\" class=\"col medium-9 small-12 large-9\"  >\n\t\t\t\t<div class=\"col-inner\"  >\n\t\t\t\n\t\t\t\n\t<div id=\"text-2356391631\" class=\"text\">\n\t\t\n<h1>Odorizacijska stanica<\/h1>\n\t\t\n<style>\n#text-2356391631 {\n  font-size: 2.5rem;\n}\n<\/style>\n\t<\/div>\n\t\n<a href=\"https:\/\/pfc.hr\/hr\/kontakt\/\" class=\"button primary\" style=\"border-radius:99px;\">\n\t\t<span>Po\u0161aljite upit<\/span>\n\t<\/a>\n\n\t\t<\/div>\n\t\t\t\t\t<\/div>\n\n\t\n<\/div>\n\t\t<\/div>\n\n\t\t\n<style>\n#section_1472950518 {\n  padding-top: 80px;\n  padding-bottom: 80px;\n  min-height: 600px;\n}\n#section_1472950518 .section-bg-overlay {\n  background-color: rgba(0, 0, 0, 0.3);\n}\n<\/style>\n\t<\/section>\n\t\n\n\t<section class=\"section\" id=\"section_2130135666\">\n\t\t<div class=\"section-bg fill\" >\n\t\t\t\t\t\t\t\t\t\n\t\t\t\n\n\t\t<\/div>\n\n\t\t\n\n\t\t<div class=\"section-content relative\">\n\t\t\t\n<div class=\"row align-middle\"  id=\"row-714325661\">\n\n\t<div id=\"col-1374541762\" class=\"col medium-6 small-12 large-6\"  >\n\t\t\t\t<div class=\"col-inner\"  >\n\t\t\t\n\t\t\t\n\t<div class=\"img has-hover x md-x lg-x y md-y lg-y\" id=\"image_1812076315\">\n\t\t\t\t\t\t<div data-animate=\"fadeInLeft\">\t\t<div class=\"img-inner box-shadow-2 dark\" >\n\t\t\t<img loading=\"lazy\" decoding=\"async\" width=\"574\" height=\"1024\" src=\"https:\/\/pfc.hr\/wp-content\/uploads\/2025\/02\/gas-odorization-solutions.jpg\" class=\"attachment-large size-large\" alt=\"gas odorization station\" \/>\t\t\t\t\t\t\n\t\t\t\t\t<\/div>\n\t\t<\/div>\t\t\t\t\t\t\n<style>\n#image_1812076315 {\n  width: 90%;\n}\n<\/style>\n\t<\/div>\n\t\n\t\t<\/div>\n\t\t\t\t\t<\/div>\n\n\t\n\n\t<div id=\"col-969980679\" class=\"col medium-6 small-12 large-6 small-col-first\"  >\n\t\t\t\t<div class=\"col-inner\"  >\n\t\t\t\n\t\t\t\n\t<div id=\"text-2760372197\" class=\"text\">\n\t\t\n<h2>\u0160to su odoranti?<\/h2>\n\t\t\n<style>\n#text-2760372197 {\n  font-size: 1.8rem;\n}\n<\/style>\n\t<\/div>\n\t\n<p>Odoranti su supstance s jakim i specifi\u010dnim mirisom koje omogu\u0107uju trenuta\u010dnu detekciju istjecanja plina. <\/p>\n<p>Prirodni i naftni plinovi su u svom izvornom obliku bez mirisa, \u0161to ih \u010dini potencijalno opasnima u slu\u010daju istjecanja. Kako bi se osigurala sigurnost korisnika, odoranti se dodaju tijekom distribucije plina, \u0161to omogu\u0107uje brzo otkrivanje curenja.  <\/p>\n\t<div id=\"gap-1566844763\" class=\"gap-element clearfix\" style=\"display:block; height:auto;\">\n\t\t\n<style>\n#gap-1566844763 {\n  padding-top: 40px;\n}\n<\/style>\n\t<\/div>\n\t\n\t<div id=\"text-4130446253\" class=\"text\">\n\t\t\n<h2>Na\u0161a rje\u0161enja za odoriranje plina osiguravaju:<\/h2>\n\t\t\n<style>\n#text-4130446253 {\n  font-size: 1.2rem;\n}\n<\/style>\n\t<\/div>\n\t\n<ul>\n<li><strong>Sigurnost krajnjih korisnika:<\/strong> Brza detekcija istjecanja plina sprje\u010dava potencijalne nesre\u0107e. <\/li>\n<li><strong>Optimalnu koli\u010dinu odoranta u plinu:<\/strong> Automatizirano doziranje smanjuje nepotrebnu potro\u0161nju. <\/li>\n<li><strong>Neprekidnu funkciju odoriranja:<\/strong> Sustav osigurava kontinuirani rad \u010dak i u slu\u010daju nestanka elektri\u010dne energije. <\/li>\n<\/ul>\n\t\t<\/div>\n\t\t\t\t\t<\/div>\n\n\t\n<\/div>\n\t\t<\/div>\n\n\t\t\n<style>\n#section_2130135666 {\n  padding-top: 80px;\n  padding-bottom: 80px;\n  margin-bottom: -40px;\n}\n<\/style>\n\t<\/section>\n\t\n\n\t<section class=\"section dark\" id=\"section_1200941401\">\n\t\t<div class=\"section-bg fill\" >\n\t\t\t\t\t\t\t\t\t\n\t\t\t\n\n\t\t<\/div>\n\n\t\t\n\n\t\t<div class=\"section-content relative\">\n\t\t\t\n<div class=\"row\"  id=\"row-1167162264\">\n\n\t<div id=\"col-122330644\" class=\"col small-12 large-12\"  >\n\t\t\t\t<div class=\"col-inner\"  >\n\t\t\t\n\t\t\t\n\t<div id=\"text-3508913787\" class=\"text\">\n\t\t\n<h2>Klju\u010dne zna\u010dajke<\/h2>\n\t\t\n<style>\n#text-3508913787 {\n  font-size: 1.8rem;\n}\n<\/style>\n\t<\/div>\n\t\n\t\t<\/div>\n\t\t\t\t\t<\/div>\n\n\t\n<\/div>\n<div class=\"row\"  id=\"row-2082340042\">\n\n\t<div id=\"col-1075013813\" class=\"col medium-6 small-12 large-6\"  >\n\t\t\t\t<div class=\"col-inner\"  >\n\t\t\t\n\t\t\t\n\n\t\t<div class=\"icon-box featured-box icon-box-top text-left\"  >\n\t\t\t\t\t<div class=\"icon-box-img\" style=\"width: 60px\">\n\t\t\t\t<div class=\"icon\">\n\t\t\t\t\t<div class=\"icon-inner\" >\n\t\t\t\t\t\t<svg id=\"Layer_5\" enable-background=\"new 0 0 62 62\" height=\"512\" viewBox=\"0 0 62 62\" width=\"512\" xmlns=\"http:\/\/www.w3.org\/2000\/svg\"><g><path d=\"m60 6c1.103 0 2-.897 2-2v-2c0-1.103-.897-2-2-2h-20c-1.103 0-2 .897-2 2v2c0 1.103.897 2 2 2h1v2c-1.654 0-3 1.346-3 3v17h-19v-1c0-1.654-1.346-3-3-3h-4c-1.654 0-3 1.346-3 3v1h-.87c-2.305 0-4.252 1.649-4.631 3.923l-3.436 20.612c-.042.255-.063.513-.063.771 0 2.589 2.105 4.694 4.694 4.694h.306v1c0 1.654 1.346 3 3 3h4c1.654 0 3-1.346 3-3v-1h20v1c0 1.654 1.346 3 3 3h4c1.654 0 3-1.346 3-3v-1h.306c1.585 0 2.982-.794 3.833-2h4.861v-2h3c2.757 0 5-2.243 5-5s-2.243-5-5-5h-4c-.552 0-1-.448-1-1v-7h7c1.654 0 3-1.346 3-3v-22c0-1.654-1.346-3-3-3v-2zm-20-4h20l.002 2h-20.002zm-29 25c0-.552.448-1 1-1h4c.552 0 1 .448 1 1v1h-6zm-5.528 5.251c.217-1.304 1.335-2.251 2.658-2.251h33.74c1.323 0 2.44.947 2.658 2.251l3.292 19.749h-45.64zm40.226-2.251c-.439-.625-1.018-1.13-1.698-1.476v-2.524h12v4zm-32.698 29c0 .552-.448 1-1 1h-4c-.552 0-1-.448-1-1v-1h6zm30 0c0 .552-.448 1-1 1h-4c-.552 0-1-.448-1-1v-1h6zm2.306-3h-40.612c-1.244 0-2.284-.852-2.592-2h45.796c-.309 1.148-1.349 2-2.592 2zm6.694-2h-2.07c.034-.228.07-.457.07-.694 0-.258-.021-.516-.063-.771l-.09-.535h2.153zm1-8h4c1.654 0 3 1.346 3 3s-1.346 3-3 3h-3v-2h-4.486l-2.334-14h2.82v7c0 1.654 1.346 3 3 3zm6-12h-12.153l-.333-2h11.486v-8h-16v4.012c-.044-.002-.086-.012-.13-.012h-1.87v-6h20v11c0 .552-.448 1-1 1zm1-23v9h-20v-9c0-.552.448-1 1-1h18c.552 0 1 .448 1 1zm-3-3h-14v-2h14z\"\/><path d=\"m42 12h16v2h-16z\"\/><path d=\"m42 16h16v2h-16z\"\/><path d=\"m9 50h18c1.103 0 2-.897 2-2v-14c0-1.103-.897-2-2-2h-18c-1.103 0-2 .897-2 2v14c0 1.103.897 2 2 2zm0-16h18l.002 14h-18.002z\"\/><path d=\"m11 42h14v-6h-14zm2-4h10v2h-10z\"\/><path d=\"m15 44h2v2h-2z\"\/><path d=\"m23 44h2v2h-2z\"\/><path d=\"m19 44h2v2h-2z\"\/><path d=\"m11 44h2v2h-2z\"\/><path d=\"m43 32h-12v10h12zm-2 8h-8v-6h8z\"\/><path d=\"m34 50c1.654 0 3-1.346 3-3s-1.346-3-3-3-3 1.346-3 3 1.346 3 3 3zm0-4c.552 0 1 .448 1 1s-.448 1-1 1-1-.448-1-1 .448-1 1-1z\"\/><path d=\"m39 47c0 1.654 1.346 3 3 3s3-1.346 3-3-1.346-3-3-3-3 1.346-3 3zm4 0c0 .552-.448 1-1 1s-1-.448-1-1 .448-1 1-1 1 .448 1 1z\"\/><\/g><\/svg>\t\t\t\t\t<\/div>\n\t\t\t\t<\/div>\n\t\t\t<\/div>\n\t\t\t\t<div class=\"icon-box-text last-reset\">\n\t\t\t\t\t\t\t\t\t\n<h2>Automatska prilagodba doziranja:<\/h2>\n<p>Ure\u0111aj za odorizaciju automatski prilago\u0111ava koli\u010dinu odoranta u skladu s promjenama protoka plina, osiguravaju\u0107i optimalnu sigurnost i u\u0161tede.<\/p>\n\t\t<\/div>\n\t<\/div>\n\t\n\t\n\t\t<\/div>\n\t\t\t\t\t<\/div>\n\n\t\n\n\t<div id=\"col-833076856\" class=\"col medium-6 small-12 large-6\"  >\n\t\t\t\t<div class=\"col-inner\"  >\n\t\t\t\n\t\t\t\n\n\t\t<div class=\"icon-box featured-box icon-box-top text-left\"  >\n\t\t\t\t\t<div class=\"icon-box-img\" style=\"width: 60px\">\n\t\t\t\t<div class=\"icon\">\n\t\t\t\t\t<div class=\"icon-inner\" >\n\t\t\t\t\t\t<?xml version=\"1.0\" encoding=\"UTF-8\"?>\n<svg xmlns=\"http:\/\/www.w3.org\/2000\/svg\" viewBox=\"0 0 64 64\" width=\"512\" height=\"512\"><g id=\"smarthome-home-control-wifi-setting\"><path d=\"M18.757,23.757a6,6,0,0,1,8.486,0,1,1,0,0,0,1.414-1.414,8,8,0,0,0-11.314,0,1,1,0,0,0,1.414,1.414Z\"\/><path d=\"M19.468,24.458a1,1,0,0,0,1.4,1.424,3.082,3.082,0,0,1,4.256,0,1,1,0,0,0,1.4-1.424,5.007,5.007,0,0,0-7.064,0Z\"\/><path d=\"M61,52H60V17a5,5,0,0,0-5-5H9a5,5,0,0,0-5,5V52H3a1,1,0,0,0-1,1v4a5,5,0,0,0,5,5H57a5,5,0,0,0,5-5V53A1,1,0,0,0,61,52ZM6,17a3.009,3.009,0,0,1,3-3H55a3.009,3.009,0,0,1,3,3V52H6ZM37,54v1a1,1,0,0,1-1,1H28a1,1,0,0,1-1-1V54Zm23,3a3.009,3.009,0,0,1-3,3H7a3.009,3.009,0,0,1-3-3V54H25v1a3.009,3.009,0,0,0,3,3h8a3.009,3.009,0,0,0,3-3V54H60Z\"\/><path d=\"M55,16H9a1,1,0,0,0-1,1V49a1,1,0,0,0,1,1H55a1,1,0,0,0,1-1V17A1,1,0,0,0,55,16ZM54,48H10V18H54Z\"\/><path d=\"M34.97,34.76a1.017,1.017,0,0,0-.49-.64l-11-6a1.02,1.02,0,0,0-.96,0l-11,6a1.017,1.017,0,0,0-.49.64.963.963,0,0,0,.14.79l2,3a.989.989,0,0,0,1.32.32l.51-.28V45a1,1,0,0,0,1,1H30a1,1,0,0,0,1-1V38.59l.51.28A.973.973,0,0,0,32,39a1,1,0,0,0,.83-.45l2-3A.963.963,0,0,0,34.97,34.76ZM24,44H22V40h2Zm5,0H26V39a1,1,0,0,0-1-1H21a1,1,0,0,0-1,1v5H17V37.48l6-3.34,6,3.34Zm2.68-7.32-8.19-4.55a.988.988,0,0,0-.98,0l-8.19,4.55-.88-1.33L23,30.14l9.56,5.21Z\"\/><path d=\"M36,27h6.278a1.983,1.983,0,0,0,3.444,0H52a1,1,0,0,0,0-2H45.722a1.983,1.983,0,0,0-3.444,0H36a1,1,0,0,0,0,2Z\"\/><path d=\"M36,33h2.278a1.983,1.983,0,0,0,3.444,0H52a1,1,0,0,0,0-2H41.722a1.983,1.983,0,0,0-3.444,0H36a1,1,0,0,0,0,2Z\"\/><path d=\"M36,39H47.278a1.983,1.983,0,0,0,3.444,0H52a1,1,0,0,0,0-2H50.722a1.983,1.983,0,0,0-3.444,0H36a1,1,0,0,0,0,2Z\"\/><path d=\"M36,45h4.278a1.983,1.983,0,0,0,3.444,0H52a1,1,0,0,0,0-2H43.722a1.983,1.983,0,0,0-3.444,0H36a1,1,0,0,0,0,2Z\"\/><\/g><\/svg>\n\t\t\t\t\t<\/div>\n\t\t\t\t<\/div>\n\t\t\t<\/div>\n\t\t\t\t<div class=\"icon-box-text last-reset\">\n\t\t\t\t\t\t\t\t\t\n<h2>Daljinsko pra\u0107enje i kontrola:<\/h2>\n<p>Sustav omogu\u0107uje kontinuirani nadzor svih bitnih parametara putem daljinske komunikacije.<\/p>\n\t\t<\/div>\n\t<\/div>\n\t\n\t\n\t\t<\/div>\n\t\t\t\t\t<\/div>\n\n\t\n<\/div>\n<div class=\"row\"  id=\"row-545645306\">\n\n\t<div id=\"col-1712194339\" class=\"col medium-6 small-12 large-6\"  >\n\t\t\t\t<div class=\"col-inner\"  >\n\t\t\t\n\t\t\t\n\n\t\t<div class=\"icon-box featured-box icon-box-top text-left\"  >\n\t\t\t\t\t<div class=\"icon-box-img\" style=\"width: 60px\">\n\t\t\t\t<div class=\"icon\">\n\t\t\t\t\t<div class=\"icon-inner\" >\n\t\t\t\t\t\t<svg id=\"Layer_1\" enable-background=\"new 0 0 100 100\" viewBox=\"0 0 100 100\" xmlns=\"http:\/\/www.w3.org\/2000\/svg\"><path d=\"m87 19c-3.9 0-7 3.1-7 7v19.5c-.7-.3-1.5-.6-2.3-.6-2-.2-3.9.5-5.4 1.8l-20.4 18.8c-.7.7-1.3 1.4-1.9 2.2-.5-.8-1.2-1.6-1.9-2.2l-20.4-18.8c-1.5-1.3-3.4-2-5.4-1.8-.8.1-1.6.3-2.3.6v-19.5c0-3.9-3.1-7-7-7s-7 3.1-7 7v39 .2.2s0 .1.1.2c0 .1 0 .1.1.2 0 0 .1.1.1.2s.1.1.1.2l15.6 21.4v5.4c0 1.1.9 2 2 2h52c1.1 0 2-.9 2-2v-5.4l15.6-21.5c0-.1.1-.1.1-.2s.1-.1.1-.2 0-.1.1-.2c0-.1 0-.1.1-.2s0-.1 0-.2 0-.2 0-.2v-38.9c0-3.9-3.1-7-7-7zm-39 72h-22v-4c0-.1 0-.2 0-.2s0-.1 0-.2 0-.1-.1-.2c0-.1 0-.1-.1-.2 0-.1-.1-.1-.1-.2s-.1-.1-.1-.2l-15.6-21.5v-38.3c0-1.7 1.3-3 3-3s3 1.3 3 3v26 .4c.2 1.8 1 3.5 2.3 4.7l19.5 18c.8.7 2.1.7 2.8-.1.4-.4.5-.9.5-1.3 0-.5-.2-1.1-.6-1.5l-19.4-18c-1.2-1.1-1.5-2.9-.5-4.2.5-.7 1.3-1.1 2.1-1.2s1.7.2 2.3.8l20.4 18.8c1.6 1.5 2.6 3.7 2.6 5.9zm42-26.7-15.6 21.5c0 .1-.1.1-.1.2 0 0-.1.1-.1.2s0 .1-.1.2c0 .1 0 .1-.1.2v.2.2 4h-22v-16.7c0-2.2.9-4.4 2.6-5.9l20.4-18.8c.6-.6 1.5-.9 2.3-.8s1.6.5 2.1 1.2c.9 1.2.7 3-.5 4.2l-19.5 17.9c-.8.8-.9 2-.1 2.8.4.4.9.6 1.5.6.5 0 1-.2 1.3-.5l19.5-18c1.4-1.3 2.2-3 2.3-4.7 0-.1 0-.3 0-.4v-25.9c0-1.7 1.3-3 3-3s3 1.3 3 3v38.3zm-51.1-30.7h8.2l-3.6 17c-.2.9.3 1.9 1.2 2.3.3.1.5.1.8.1.7 0 1.3-.3 1.7-.9l17.4-26.5c.8-1.2.9-2.8.2-4.1s-2.1-2.1-3.6-2.1h-5.8l5.2-8.1c.8-1.2.9-2.8.2-4.1s-2.3-2.2-3.7-2.2h-13.1c-1.9 0-3.5 1.3-3.9 3.1l-5.1 20.4c-.3 1.2 0 2.5.7 3.5s1.9 1.6 3.2 1.6zm5.1-24.6 13.1.1-6.2 9.6c-.6.9-.6 2.1-.1 3.1s1.5 1.6 2.6 1.6l7.7.1-11.5 17.5 1.7-7.8c.2-.9 0-1.8-.6-2.5s-1.4-1.1-2.4-1.1l-9.5-.1z\"\/><\/svg>\t\t\t\t\t<\/div>\n\t\t\t\t<\/div>\n\t\t\t<\/div>\n\t\t\t\t<div class=\"icon-box-text last-reset\">\n\t\t\t\t\t\t\t\t\t\n<h2>Energetska neovisnost:<\/h2>\n<p>Osigurana funkcionalnost i u slu\u010daju nestanka struje.<\/p>\n\t\t<\/div>\n\t<\/div>\n\t\n\t\n\t\t<\/div>\n\t\t\t\t\t<\/div>\n\n\t\n<\/div>\n\t\t<\/div>\n\n\t\t\n<style>\n#section_1200941401 {\n  padding-top: 80px;\n  padding-bottom: 80px;\n  background-color: #007369;\n}\n<\/style>\n\t<\/section>\n\t\n\n\t<section class=\"section\" id=\"section_1327829759\">\n\t\t<div class=\"section-bg fill\" >\n\t\t\t\t\t\t\t\t\t\n\t\t\t\n\n\t\t<\/div>\n\n\t\t\n\n\t\t<div class=\"section-content relative\">\n\t\t\t\n<div class=\"row align-middle\"  id=\"row-1996413442\">\n\n\t<div id=\"col-155524010\" class=\"col medium-6 small-12 large-6 small-col-first\"  >\n\t\t\t\t<div class=\"col-inner\"  >\n\t\t\t\n\t\t\t\n\t<div id=\"text-3823686195\" class=\"text\">\n\t\t\n<h2>Kompaktno i u\u010dinkovito rje\u0161enje<\/h2>\n\t\t\n<style>\n#text-3823686195 {\n  font-size: 1.8rem;\n}\n<\/style>\n\t<\/div>\n\t\n<p>Na\u0161a odorizacijska stanica predstavlja kompaktno i u\u010dinkovito rje\u0161enje kontejnerskog tipa koje zahtijeva minimalne monta\u017ene radove (gra\u0111evinske, strojarske i elektro) na lokaciji ugradnje.<\/p>\n\t\t<\/div>\n\t\t\t\t\t<\/div>\n\n\t\n\n\t<div id=\"col-93420713\" class=\"col medium-6 small-12 large-6\"  >\n\t\t\t\t<div class=\"col-inner\"  >\n\t\t\t\n\t\t\t\n\t<div class=\"img has-hover x md-x lg-x y md-y lg-y\" id=\"image_174608553\">\n\t\t\t\t\t\t<div data-animate=\"fadeInRight\">\t\t<div class=\"img-inner box-shadow-2 dark\" >\n\t\t\t<img loading=\"lazy\" decoding=\"async\" width=\"1020\" height=\"571\" src=\"https:\/\/pfc.hr\/wp-content\/uploads\/2025\/02\/gas-odorization-station.jpg\" class=\"attachment-large size-large\" alt=\"gas odorization station\" \/>\t\t\t\t\t\t\n\t\t\t\t\t<\/div>\n\t\t<\/div>\t\t\t\t\t\t\n<style>\n#image_174608553 {\n  width: 100%;\n}\n<\/style>\n\t<\/div>\n\t\n\t\t<\/div>\n\t\t\t\t\t<\/div>\n\n\t\n<\/div>\n\t\t<\/div>\n\n\t\t\n<style>\n#section_1327829759 {\n  padding-top: 80px;\n  padding-bottom: 80px;\n  margin-bottom: -40px;\n  background-color: rgb(255,255,255);\n}\n<\/style>\n\t<\/section>\n\t\n\n\t<section class=\"section\" id=\"section_1759903344\">\n\t\t<div class=\"section-bg fill\" >\n\t\t\t\t\t\t\t\t\t\n\t\t\t\n\n\t\t<\/div>\n\n\t\t\n\n\t\t<div class=\"section-content relative\">\n\t\t\t\n<div class=\"row align-middle\"  id=\"row-1494139401\">\n\n\t<div id=\"col-1734474643\" class=\"col medium-6 small-12 large-6\"  >\n\t\t\t\t<div class=\"col-inner\"  >\n\t\t\t\n\t\t\t\n\t<div class=\"img has-hover x md-x lg-x y md-y lg-y\" id=\"image_299024296\">\n\t\t\t\t\t\t<div data-animate=\"fadeInLeft\">\t\t<div class=\"img-inner box-shadow-2 dark\" >\n\t\t\t<img loading=\"lazy\" decoding=\"async\" width=\"1020\" height=\"571\" src=\"https:\/\/pfc.hr\/wp-content\/uploads\/2025\/02\/gas-distribution.jpg\" class=\"attachment-large size-large\" alt=\"gas odorization station\" \/>\t\t\t\t\t\t\n\t\t\t\t\t<\/div>\n\t\t<\/div>\t\t\t\t\t\t\n<style>\n#image_299024296 {\n  width: 100%;\n}\n<\/style>\n\t<\/div>\n\t\n\t\t<\/div>\n\t\t\t\t\t<\/div>\n\n\t\n\n\t<div id=\"col-1921009296\" class=\"col medium-6 small-12 large-6 small-col-first\"  >\n\t\t\t\t<div class=\"col-inner\"  >\n\t\t\t\n\t\t\t\n\t<div id=\"text-465975570\" class=\"text\">\n\t\t\n<h2>Sigurnost i u\u010dinkovitost u distribuciji plina<\/h2>\n\t\t\n<style>\n#text-465975570 {\n  font-size: 1.8rem;\n}\n<\/style>\n\t<\/div>\n\t\n<p>Odorizacijsku stanicu dizajnirali smo kako bi udovoljila najvi\u0161im standardima sigurnosti i u\u010dinkovitosti te osigurala pouzdan i dugotrajan rad u sustavima distribucije plina.<\/p>\n\t\t<\/div>\n\t\t\t\t\t<\/div>\n\n\t\n<\/div>\n\t\t<\/div>\n\n\t\t\n<style>\n#section_1759903344 {\n  padding-top: 30px;\n  padding-bottom: 30px;\n  background-color: rgb(255,255,255);\n}\n<\/style>\n\t<\/section>\n\t\n\n  <div class=\"banner has-hover\" id=\"banner-688515186\">\n          <div class=\"banner-inner fill\">\n        <div class=\"banner-bg fill\" >\n                                    <div class=\"overlay\"><\/div>            \n                    <\/div>\n\t\t\n        <div class=\"banner-layers container\">\n            <div class=\"fill banner-link\"><\/div>            \n   <div id=\"text-box-1237739057\" class=\"text-box banner-layer x50 md-x50 lg-x50 y50 md-y50 lg-y50 res-text\">\n                                <div class=\"text-box-content text dark\">\n              \n              <div class=\"text-inner text-center\">\n                  \n<h5>KONTAKTIRAJTE NAS<\/h5>\n\t<div id=\"text-2332114895\" class=\"text\">\n\t\t\n<h3><strong>ZAINTERESIRANI ZA IMPLEMENTACIJU<\/strong><\/h3>\n<p>Na\u0161 implementacijski tim pomo\u0107i \u0107e vam u pronala\u017eenju integriranog rje\u0161enja koje najbolje odgovara va\u0161im potrebama.<br \/>\n\t\t\n<style>\n#text-2332114895 {\n  text-align: center;\n  color: rgb(255, 255, 255);\n}\n#text-2332114895 > * {\n  color: rgb(255, 255, 255);\n}\n<\/style>\n\t<\/div>\n\t\n<a href=\"https:\/\/pfc.hr\/hr\/kontakt\/\" class=\"button white\" style=\"border-radius:99px;\">\n\t\t<span>Zaka\u017eite sastanak<\/span>\n\t<\/a>\n\n<a href=\"mailto:info@pfc.hr\" class=\"button white is-outline\" style=\"border-radius:99px;\">\n\t\t<span>Kontaktirajte nas<\/span>\n\t<\/a>\n\n              <\/div>\n           <\/div>\n                            \n<style>\n#text-box-1237739057 {\n  width: 60%;\n}\n#text-box-1237739057 .text-box-content {\n  font-size: 100%;\n}\n<\/style>\n    <\/div>\n \n        <\/div>\n      <\/div>\n\n            \n<style>\n#banner-688515186 {\n  padding-top: 600px;\n}\n#banner-688515186 .overlay {\n  background-color: rgba(0, 0, 0, 0.3);\n}\n<\/style>\n  <\/div>\n\n\n\n","protected":false},"excerpt":{"rendered":"","protected":false},"author":2,"featured_media":4099,"parent":0,"menu_order":0,"comment_status":"closed","ping_status":"closed","template":"page-blank.php","meta":{"footnotes":""},"class_list":["post-1679","page","type-page","status-publish","has-post-thumbnail","hentry"],"yoast_head":"<!-- This site is optimized with the Yoast SEO plugin v27.3 - https:\/\/yoast.com\/product\/yoast-seo-wordpress\/ -->\n<title>Odorizacijska stanica - PFC<\/title>\n<meta name=\"description\" content=\"Na\u0161a stanica za odoriranje plina kompaktno je i u\u010dinkovito rje\u0161enje u kontejnerskom obliku koje zahtijeva minimalnu instalaciju na lokaciji.\" \/>\n<meta name=\"robots\" content=\"index, follow, max-snippet:-1, max-image-preview:large, max-video-preview:-1\" \/>\n<link rel=\"canonical\" href=\"https:\/\/pfc.hr\/hr\/odorizacijska-stanica\/\" \/>\n<meta property=\"og:locale\" content=\"hr_HR\" \/>\n<meta property=\"og:type\" content=\"article\" \/>\n<meta property=\"og:title\" content=\"Odorizacijska stanica - PFC\" \/>\n<meta property=\"og:description\" content=\"Na\u0161a stanica za odoriranje plina kompaktno je i u\u010dinkovito rje\u0161enje u kontejnerskom obliku koje zahtijeva minimalnu instalaciju na lokaciji.\" \/>\n<meta property=\"og:url\" content=\"https:\/\/pfc.hr\/hr\/odorizacijska-stanica\/\" \/>\n<meta property=\"og:site_name\" content=\"PFC\" \/>\n<meta property=\"article:modified_time\" content=\"2026-01-27T09:45:14+00:00\" \/>\n<meta property=\"og:image\" content=\"https:\/\/pfc.hr\/wp-content\/uploads\/2025\/02\/gas-distribution.jpg\" \/>\n\t<meta property=\"og:image:width\" content=\"2870\" \/>\n\t<meta property=\"og:image:height\" content=\"1608\" \/>\n\t<meta property=\"og:image:type\" content=\"image\/jpeg\" \/>\n<meta name=\"twitter:card\" content=\"summary_large_image\" \/>\n<meta name=\"twitter:label1\" content=\"Procijenjeno vrijeme \u010ditanja\" \/>\n\t<meta name=\"twitter:data1\" content=\"3 minute\" \/>\n<script type=\"application\/ld+json\" class=\"yoast-schema-graph\">{\"@context\":\"https:\\\/\\\/schema.org\",\"@graph\":[{\"@type\":\"WebPage\",\"@id\":\"https:\\\/\\\/pfc.hr\\\/hr\\\/odorizacijska-stanica\\\/\",\"url\":\"https:\\\/\\\/pfc.hr\\\/hr\\\/odorizacijska-stanica\\\/\",\"name\":\"Odorizacijska stanica - PFC\",\"isPartOf\":{\"@id\":\"https:\\\/\\\/pfc.hr\\\/hr\\\/#website\"},\"primaryImageOfPage\":{\"@id\":\"https:\\\/\\\/pfc.hr\\\/hr\\\/odorizacijska-stanica\\\/#primaryimage\"},\"image\":{\"@id\":\"https:\\\/\\\/pfc.hr\\\/hr\\\/odorizacijska-stanica\\\/#primaryimage\"},\"thumbnailUrl\":\"https:\\\/\\\/pfc.hr\\\/wp-content\\\/uploads\\\/2025\\\/02\\\/gas-distribution.jpg\",\"datePublished\":\"2024-10-18T06:13:25+00:00\",\"dateModified\":\"2026-01-27T09:45:14+00:00\",\"description\":\"Na\u0161a stanica za odoriranje plina kompaktno je i u\u010dinkovito rje\u0161enje u kontejnerskom obliku koje zahtijeva minimalnu instalaciju na lokaciji.\",\"breadcrumb\":{\"@id\":\"https:\\\/\\\/pfc.hr\\\/hr\\\/odorizacijska-stanica\\\/#breadcrumb\"},\"inLanguage\":\"hr\",\"potentialAction\":[{\"@type\":\"ReadAction\",\"target\":[\"https:\\\/\\\/pfc.hr\\\/hr\\\/odorizacijska-stanica\\\/\"]}]},{\"@type\":\"ImageObject\",\"inLanguage\":\"hr\",\"@id\":\"https:\\\/\\\/pfc.hr\\\/hr\\\/odorizacijska-stanica\\\/#primaryimage\",\"url\":\"https:\\\/\\\/pfc.hr\\\/wp-content\\\/uploads\\\/2025\\\/02\\\/gas-distribution.jpg\",\"contentUrl\":\"https:\\\/\\\/pfc.hr\\\/wp-content\\\/uploads\\\/2025\\\/02\\\/gas-distribution.jpg\",\"width\":2870,\"height\":1608,\"caption\":\"gas odorization station\"},{\"@type\":\"BreadcrumbList\",\"@id\":\"https:\\\/\\\/pfc.hr\\\/hr\\\/odorizacijska-stanica\\\/#breadcrumb\",\"itemListElement\":[{\"@type\":\"ListItem\",\"position\":1,\"name\":\"Home\",\"item\":\"https:\\\/\\\/pfc.hr\\\/hr\\\/pico-flow-controls\\\/\"},{\"@type\":\"ListItem\",\"position\":2,\"name\":\"Odorizacijska stanica\"}]},{\"@type\":\"WebSite\",\"@id\":\"https:\\\/\\\/pfc.hr\\\/hr\\\/#website\",\"url\":\"https:\\\/\\\/pfc.hr\\\/hr\\\/\",\"name\":\"PFC\",\"description\":\"\",\"publisher\":{\"@id\":\"https:\\\/\\\/pfc.hr\\\/hr\\\/#organization\"},\"potentialAction\":[{\"@type\":\"SearchAction\",\"target\":{\"@type\":\"EntryPoint\",\"urlTemplate\":\"https:\\\/\\\/pfc.hr\\\/hr\\\/?s={search_term_string}\"},\"query-input\":{\"@type\":\"PropertyValueSpecification\",\"valueRequired\":true,\"valueName\":\"search_term_string\"}}],\"inLanguage\":\"hr\"},{\"@type\":\"Organization\",\"@id\":\"https:\\\/\\\/pfc.hr\\\/hr\\\/#organization\",\"name\":\"Pico Flow Controls\",\"url\":\"https:\\\/\\\/pfc.hr\\\/hr\\\/\",\"logo\":{\"@type\":\"ImageObject\",\"inLanguage\":\"hr\",\"@id\":\"https:\\\/\\\/pfc.hr\\\/hr\\\/#\\\/schema\\\/logo\\\/image\\\/\",\"url\":\"https:\\\/\\\/pfc.hr\\\/wp-content\\\/uploads\\\/2024\\\/10\\\/PFC_Main_Logo.png\",\"contentUrl\":\"https:\\\/\\\/pfc.hr\\\/wp-content\\\/uploads\\\/2024\\\/10\\\/PFC_Main_Logo.png\",\"width\":3920,\"height\":1140,\"caption\":\"Pico Flow Controls\"},\"image\":{\"@id\":\"https:\\\/\\\/pfc.hr\\\/hr\\\/#\\\/schema\\\/logo\\\/image\\\/\"}}]}<\/script>\n<!-- \/ Yoast SEO plugin. -->","yoast_head_json":{"title":"Odorizacijska stanica - PFC","description":"Na\u0161a stanica za odoriranje plina kompaktno je i u\u010dinkovito rje\u0161enje u kontejnerskom obliku koje zahtijeva minimalnu instalaciju na lokaciji.","robots":{"index":"index","follow":"follow","max-snippet":"max-snippet:-1","max-image-preview":"max-image-preview:large","max-video-preview":"max-video-preview:-1"},"canonical":"https:\/\/pfc.hr\/hr\/odorizacijska-stanica\/","og_locale":"hr_HR","og_type":"article","og_title":"Odorizacijska stanica - PFC","og_description":"Na\u0161a stanica za odoriranje plina kompaktno je i u\u010dinkovito rje\u0161enje u kontejnerskom obliku koje zahtijeva minimalnu instalaciju na lokaciji.","og_url":"https:\/\/pfc.hr\/hr\/odorizacijska-stanica\/","og_site_name":"PFC","article_modified_time":"2026-01-27T09:45:14+00:00","og_image":[{"width":2870,"height":1608,"url":"https:\/\/pfc.hr\/wp-content\/uploads\/2025\/02\/gas-distribution.jpg","type":"image\/jpeg"}],"twitter_card":"summary_large_image","twitter_misc":{"Procijenjeno vrijeme \u010ditanja":"3 minute"},"schema":{"@context":"https:\/\/schema.org","@graph":[{"@type":"WebPage","@id":"https:\/\/pfc.hr\/hr\/odorizacijska-stanica\/","url":"https:\/\/pfc.hr\/hr\/odorizacijska-stanica\/","name":"Odorizacijska stanica - PFC","isPartOf":{"@id":"https:\/\/pfc.hr\/hr\/#website"},"primaryImageOfPage":{"@id":"https:\/\/pfc.hr\/hr\/odorizacijska-stanica\/#primaryimage"},"image":{"@id":"https:\/\/pfc.hr\/hr\/odorizacijska-stanica\/#primaryimage"},"thumbnailUrl":"https:\/\/pfc.hr\/wp-content\/uploads\/2025\/02\/gas-distribution.jpg","datePublished":"2024-10-18T06:13:25+00:00","dateModified":"2026-01-27T09:45:14+00:00","description":"Na\u0161a stanica za odoriranje plina kompaktno je i u\u010dinkovito rje\u0161enje u kontejnerskom obliku koje zahtijeva minimalnu instalaciju na lokaciji.","breadcrumb":{"@id":"https:\/\/pfc.hr\/hr\/odorizacijska-stanica\/#breadcrumb"},"inLanguage":"hr","potentialAction":[{"@type":"ReadAction","target":["https:\/\/pfc.hr\/hr\/odorizacijska-stanica\/"]}]},{"@type":"ImageObject","inLanguage":"hr","@id":"https:\/\/pfc.hr\/hr\/odorizacijska-stanica\/#primaryimage","url":"https:\/\/pfc.hr\/wp-content\/uploads\/2025\/02\/gas-distribution.jpg","contentUrl":"https:\/\/pfc.hr\/wp-content\/uploads\/2025\/02\/gas-distribution.jpg","width":2870,"height":1608,"caption":"gas odorization station"},{"@type":"BreadcrumbList","@id":"https:\/\/pfc.hr\/hr\/odorizacijska-stanica\/#breadcrumb","itemListElement":[{"@type":"ListItem","position":1,"name":"Home","item":"https:\/\/pfc.hr\/hr\/pico-flow-controls\/"},{"@type":"ListItem","position":2,"name":"Odorizacijska stanica"}]},{"@type":"WebSite","@id":"https:\/\/pfc.hr\/hr\/#website","url":"https:\/\/pfc.hr\/hr\/","name":"PFC","description":"","publisher":{"@id":"https:\/\/pfc.hr\/hr\/#organization"},"potentialAction":[{"@type":"SearchAction","target":{"@type":"EntryPoint","urlTemplate":"https:\/\/pfc.hr\/hr\/?s={search_term_string}"},"query-input":{"@type":"PropertyValueSpecification","valueRequired":true,"valueName":"search_term_string"}}],"inLanguage":"hr"},{"@type":"Organization","@id":"https:\/\/pfc.hr\/hr\/#organization","name":"Pico Flow Controls","url":"https:\/\/pfc.hr\/hr\/","logo":{"@type":"ImageObject","inLanguage":"hr","@id":"https:\/\/pfc.hr\/hr\/#\/schema\/logo\/image\/","url":"https:\/\/pfc.hr\/wp-content\/uploads\/2024\/10\/PFC_Main_Logo.png","contentUrl":"https:\/\/pfc.hr\/wp-content\/uploads\/2024\/10\/PFC_Main_Logo.png","width":3920,"height":1140,"caption":"Pico Flow Controls"},"image":{"@id":"https:\/\/pfc.hr\/hr\/#\/schema\/logo\/image\/"}}]}},"_links":{"self":[{"href":"https:\/\/pfc.hr\/hr\/wp-json\/wp\/v2\/pages\/1679","targetHints":{"allow":["GET"]}}],"collection":[{"href":"https:\/\/pfc.hr\/hr\/wp-json\/wp\/v2\/pages"}],"about":[{"href":"https:\/\/pfc.hr\/hr\/wp-json\/wp\/v2\/types\/page"}],"author":[{"embeddable":true,"href":"https:\/\/pfc.hr\/hr\/wp-json\/wp\/v2\/users\/2"}],"replies":[{"embeddable":true,"href":"https:\/\/pfc.hr\/hr\/wp-json\/wp\/v2\/comments?post=1679"}],"version-history":[{"count":37,"href":"https:\/\/pfc.hr\/hr\/wp-json\/wp\/v2\/pages\/1679\/revisions"}],"predecessor-version":[{"id":18471,"href":"https:\/\/pfc.hr\/hr\/wp-json\/wp\/v2\/pages\/1679\/revisions\/18471"}],"wp:featuredmedia":[{"embeddable":true,"href":"https:\/\/pfc.hr\/hr\/wp-json\/wp\/v2\/media\/4099"}],"wp:attachment":[{"href":"https:\/\/pfc.hr\/hr\/wp-json\/wp\/v2\/media?parent=1679"}],"curies":[{"name":"wp","href":"https:\/\/api.w.org\/{rel}","templated":true}]}}