
{"id":1672,"date":"2024-10-18T08:10:13","date_gmt":"2024-10-18T06:10:13","guid":{"rendered":"https:\/\/pfc.hr\/rjesenja\/cng-lpg-lng-h2-rjesenja\/"},"modified":"2026-01-27T08:54:07","modified_gmt":"2026-01-27T07:54:07","slug":"cng-lpg-lng-h2-rjesenja","status":"publish","type":"page","link":"https:\/\/pfc.hr\/hr\/cng-lpg-lng-h2-rjesenja\/","title":{"rendered":"SPP, UNP, UPP i H2 rje\u0161enja"},"content":{"rendered":"\n\t<section class=\"section dark\" id=\"section_1431638246\">\n\t\t<div class=\"section-bg fill\" >\n\t\t\t<img loading=\"lazy\" decoding=\"async\" width=\"2560\" height=\"1707\" src=\"https:\/\/pfc.hr\/wp-content\/uploads\/2024\/11\/PFC_CNG-solutions_Banner_Hero.jpg\" class=\"bg attachment- size-\" alt=\"\" \/>\t\t\t\t\t\t<div class=\"section-bg-overlay absolute fill\"><\/div>\n\t\t\t\n\n\t\t<\/div>\n\n\t\t\n\n\t\t<div class=\"section-content relative\">\n\t\t\t\n<div class=\"row\"  id=\"row-510482591\">\n\n\t<div id=\"col-642334931\" class=\"col small-12 large-12\"  >\n\t\t\t\t<div class=\"col-inner\"  >\n\t\t\t\n\t\t\t\n<h5>INTEGRIRANO RJE\u0160ENJE<\/h5>\n\t<div id=\"text-3154844765\" class=\"text\">\n\t\t\n<h1>SPP, UNP, UPP i H2 rje\u0161enja<\/h1>\n\t\t\n<style>\n#text-3154844765 {\n  font-size: 2.5rem;\n}\n<\/style>\n\t<\/div>\n\t\n<a href=\"https:\/\/pfc.hr\/hr\/kontakt\/\" class=\"button primary\" style=\"border-radius:99px;\">\n\t\t<span>Po\u0161aljite upit<\/span>\n\t<\/a>\n\n\t\t<\/div>\n\t\t\t\t\t<\/div>\n\n\t\n<\/div>\n\t\t<\/div>\n\n\t\t\n<style>\n#section_1431638246 {\n  padding-top: 80px;\n  padding-bottom: 80px;\n  min-height: 500px;\n}\n#section_1431638246 .section-bg-overlay {\n  background-color: rgba(0, 0, 0, 0.5);\n}\n#section_1431638246 .section-bg img {\n  object-position: 47% 59%;\n}\n@media (min-width:850px) {\n  #section_1431638246 {\n    min-height: 600px;\n  }\n}\n<\/style>\n\t<\/section>\n\t\n\n\t<section class=\"section\" id=\"section_286836180\">\n\t\t<div class=\"section-bg fill\" >\n\t\t\t\t\t\t\t\t\t\n\t\t\t\n\n\t\t<\/div>\n\n\t\t\n\n\t\t<div class=\"section-content relative\">\n\t\t\t\n<div class=\"row align-middle\"  id=\"row-1808302182\">\n\n\t<div id=\"col-180250804\" class=\"col medium-6 small-12 large-6\"  >\n\t\t\t\t<div class=\"col-inner\"  >\n\t\t\t\n\t\t\t\n\t<div class=\"img has-hover x md-x lg-x y md-y lg-y\" id=\"image_1727000794\">\n\t\t\t\t\t\t<div data-animate=\"fadeInLeft\">\t\t<div class=\"img-inner dark\" >\n\t\t\t<img loading=\"lazy\" decoding=\"async\" width=\"1020\" height=\"694\" src=\"https:\/\/pfc.hr\/wp-content\/uploads\/2024\/11\/PFC_CNG-solutions_About.jpg\" class=\"attachment-large size-large\" alt=\"gas station\" \/>\t\t\t\t\t\t\n\t\t\t\t\t<\/div>\n\t\t<\/div>\t\t\t\t\t\t\n<style>\n#image_1727000794 {\n  width: 90%;\n}\n<\/style>\n\t<\/div>\n\t\n\t\t<\/div>\n\t\t\t\t\t<\/div>\n\n\t\n\n\t<div id=\"col-783360460\" class=\"col medium-6 small-12 large-6 small-col-first\"  >\n\t\t\t\t<div class=\"col-inner\"  >\n\t\t\t\n\t\t\t\n<h5>INTEGRIRANO RJE\u0160ENJE<\/h5>\n\t<div id=\"text-913830813\" class=\"text\">\n\t\t\n<h2>Rje\u0161enja za stla\u010deni prirodni plin<\/h2>\n\t\t\n<style>\n#text-913830813 {\n  font-size: 2rem;\n}\n<\/style>\n\t<\/div>\n\t\n<p>Projektiranje, izrada, monta\u017ea, pu\u0161tanje u pogon i odr\u017eavanje punionica stla\u010denog prirodnog plina, po sistemu \u201cklju\u010d u ruke\u201d, koji se koristi za pogon motornih vozila kao alternativno gorivo. <\/p>\n<p>Punionice stla\u010denog prirodnog plina su rje\u0161enja koja nude najbolji kompromis u okviru ekolo\u0161kih karakteristika, dostupnosti energetskih resursa i tehnolo\u0161kog razvoja.<\/p>\n\t\t<\/div>\n\t\t\t\t\t<\/div>\n\n\t\n<\/div>\n\t\t<\/div>\n\n\t\t\n<style>\n#section_286836180 {\n  padding-top: 50px;\n  padding-bottom: 50px;\n}\n@media (min-width:850px) {\n  #section_286836180 {\n    padding-top: 80px;\n    padding-bottom: 80px;\n  }\n}\n<\/style>\n\t<\/section>\n\t\n\n\t<section class=\"section dark\" id=\"section_1408868929\">\n\t\t<div class=\"section-bg fill\" >\n\t\t\t\t\t\t\t\t\t\n\t\t\t\n\n\t\t<\/div>\n\n\t\t\n\n\t\t<div class=\"section-content relative\">\n\t\t\t\n<div class=\"row align-middle\"  id=\"row-1649906857\">\n\n\t<div id=\"col-2055582859\" class=\"col medium-6 small-12 large-6\"  >\n\t\t\t\t<div class=\"col-inner\"  >\n\t\t\t\n\t\t\t\n\t<div id=\"text-1153962028\" class=\"text\">\n\t\t\n<h2>Prednosti SPP-a<\/h2>\n\t\t\n<style>\n#text-1153962028 {\n  font-size: 1.6rem;\n}\n<\/style>\n\t<\/div>\n\t\n<ul>\n<li><strong>Ekolo\u0161ki prihvatljiv:<\/strong> Manje emisije CO\u2082 i \u0161tetnih plinova <\/li>\n<li><strong>Siguran i stabilan:<\/strong> Prirodni plin je lak\u0161i od zraka i brzo se raspr\u0161uje <\/li>\n<li><strong>Ekonomi\u010dan:<\/strong> Ni\u017ei tro\u0161kovi u usporedbi s dizelom i benzinom <\/li>\n<li><strong>Raznovrsna primjena:<\/strong> Industrija, vozila, grijanje i energetski sustavi <\/li>\n<\/ul>\n\t\t<\/div>\n\t\t\t\t\t<\/div>\n\n\t\n\n\t<div id=\"col-1613390748\" class=\"col medium-6 small-12 large-6\"  >\n\t\t\t\t<div class=\"col-inner\"  >\n\t\t\t\n\t\t\t\n\n  <div class=\"banner has-hover has-video\" id=\"banner-1190718867\">\n          <div class=\"banner-inner fill\">\n        <div class=\"banner-bg fill\" >\n                        \t<div class=\"video-overlay no-click fill visible\"><\/div>\n\t<video class=\"video-bg fill visible\" preload playsinline autoplay muted loop>\n\t\t<source src=\"http:\/\/pfc.hr\/wp-content\/uploads\/2024\/11\/PFC_CNG-solutions_Video.mp4\" type=\"video\/mp4\">\t<\/video>\n                        \n                    <\/div>\n\t\t\n        <div class=\"banner-layers container\">\n            <div class=\"fill banner-link\"><\/div>            \n   <div id=\"text-box-223403351\" class=\"text-box banner-layer x50 md-x50 lg-x50 y50 md-y50 lg-y50 res-text\">\n                                <div class=\"text-box-content text dark\">\n              \n              <div class=\"text-inner text-center\">\n                  \n              <\/div>\n           <\/div>\n                            \n<style>\n#text-box-223403351 {\n  width: 60%;\n}\n#text-box-223403351 .text-box-content {\n  font-size: 100%;\n}\n@media (min-width:550px) {\n  #text-box-223403351 {\n    width: 60%;\n  }\n}\n<\/style>\n    <\/div>\n \n        <\/div>\n      <\/div>\n\n            \n<style>\n#banner-1190718867 {\n  padding-top: 56.25%;\n}\n<\/style>\n  <\/div>\n\n\n\t\t<\/div>\n\t\t\t\t\t<\/div>\n\n\t\n<\/div>\n\t\t<\/div>\n\n\t\t\n<style>\n#section_1408868929 {\n  padding-top: 50px;\n  padding-bottom: 50px;\n  background-color: rgb(85, 85, 84);\n}\n@media (min-width:850px) {\n  #section_1408868929 {\n    padding-top: 80px;\n    padding-bottom: 80px;\n  }\n}\n<\/style>\n\t<\/section>\n\t\n\n\t<section class=\"section\" id=\"section_762834771\">\n\t\t<div class=\"section-bg fill\" >\n\t\t\t\t\t\t\t\t\t\n\t\t\t\n\n\t\t<\/div>\n\n\t\t\n\n\t\t<div class=\"section-content relative\">\n\t\t\t\n<div class=\"row align-center row-solid\"  id=\"row-264981919\">\n\n\t<div id=\"col-738589878\" class=\"col medium-4 small-12 large-4\"  >\n\t\t\t\t<div class=\"col-inner\"  >\n\t\t\t\n\t\t\t\n\t<div id=\"text-1504189975\" class=\"text\">\n\t\t\n<h2><span class=\"count-up\">6<\/span><\/h2>\n\t\t\n<style>\n#text-1504189975 {\n  font-size: 3rem;\n  text-align: center;\n}\n<\/style>\n\t<\/div>\n\t\n\t<div id=\"text-599942008\" class=\"text\">\n\t\t\n<h5>SPP STANICA S TIMOM<\/h5>\n\t\t\n<style>\n#text-599942008 {\n  text-align: center;\n}\n<\/style>\n\t<\/div>\n\t\n\t\t<\/div>\n\t\t\t\t\t<\/div>\n\n\t\n\n\t<div id=\"col-1779989282\" class=\"col medium-4 small-12 large-4\"  >\n\t\t\t\t<div class=\"col-inner\"  >\n\t\t\t\n\t\t\t\n\t<div id=\"text-4137219680\" class=\"text\">\n\t\t\n<h2><span class=\"count-up\">1<\/span><\/h2>\n\t\t\n<style>\n#text-4137219680 {\n  font-size: 3rem;\n  text-align: center;\n}\n<\/style>\n\t<\/div>\n\t\n\t<div id=\"text-558492576\" class=\"text\">\n\t\t\n<h5>SAMOPOSLU\u017dNA SPP STANICA<\/h5>\n\t\t\n<style>\n#text-558492576 {\n  text-align: center;\n}\n<\/style>\n\t<\/div>\n\t\n\t\t<\/div>\n\t\t\t\t\t<\/div>\n\n\t\n\n\t<div id=\"col-1075217991\" class=\"col medium-4 small-12 large-4\"  >\n\t\t\t\t<div class=\"col-inner\"  >\n\t\t\t\n\t\t\t\n\t<div id=\"text-1463540366\" class=\"text\">\n\t\t\n<h2><span class=\"count-up\">22<\/span><\/h2>\n\t\t\n<style>\n#text-1463540366 {\n  font-size: 3rem;\n  text-align: center;\n}\n<\/style>\n\t<\/div>\n\t\n\t<div id=\"text-1790423305\" class=\"text\">\n\t\t\n<h5>GODINA ISKUSTVA<\/h5>\n\t\t\n<style>\n#text-1790423305 {\n  text-align: center;\n}\n<\/style>\n\t<\/div>\n\t\n\t\t<\/div>\n\t\t\t\t\t<\/div>\n\n\t\n<\/div>\n\t\t<\/div>\n\n\t\t\n<style>\n#section_762834771 {\n  padding-top: 50px;\n  padding-bottom: 50px;\n}\n@media (min-width:850px) {\n  #section_762834771 {\n    padding-top: 80px;\n    padding-bottom: 80px;\n  }\n}\n<\/style>\n\t<\/section>\n\t\n\n  <div class=\"banner has-hover\" id=\"banner-1236576283\">\n          <div class=\"banner-inner fill\">\n        <div class=\"banner-bg fill\" >\n                                    <div class=\"overlay\"><\/div>            \n                    <\/div>\n\t\t\n        <div class=\"banner-layers container\">\n            <div class=\"fill banner-link\"><\/div>            \n   <div id=\"text-box-1225688295\" class=\"text-box banner-layer x50 md-x50 lg-x50 y70 md-y70 lg-y70 res-text\">\n                                <div class=\"text-box-content text dark\">\n              \n              <div class=\"text-inner text-center\">\n                  \n\t<div id=\"text-1795140860\" class=\"text\">\n\t\t\n<h5>KONTAKTIRAJTE NAS<\/h5>\n<h3><strong>ZAINTERESIRANI ZA IMPLEMENTACIJU<\/strong><\/h3>\n<p>Na\u0161 implementacijski tim pomo\u0107i \u0107e vam u pronala\u017eenju integriranog rje\u0161enja koje najbolje odgovara va\u0161im potrebama.<\/p>\n\t\t\n<style>\n#text-1795140860 {\n  text-align: center;\n  color: rgb(255, 255, 255);\n}\n#text-1795140860 > * {\n  color: rgb(255, 255, 255);\n}\n<\/style>\n\t<\/div>\n\t\n<a href=\"https:\/\/pfc.hr\/hr\/kontakt\/\" class=\"button white\" style=\"border-radius:99px;\">\n\t\t<span>Zaka\u017eite sastanak<\/span>\n\t<\/a>\n\n<a href=\"mailto:info@pfc.hr\" class=\"button white is-outline\" style=\"border-radius:99px;\">\n\t\t<span>Po\u0161aljite upit<\/span>\n\t<\/a>\n\n              <\/div>\n           <\/div>\n                            \n<style>\n#text-box-1225688295 {\n  width: 60%;\n}\n#text-box-1225688295 .text-box-content {\n  font-size: 100%;\n}\n<\/style>\n    <\/div>\n \n        <\/div>\n      <\/div>\n\n            \n<style>\n#banner-1236576283 {\n  padding-top: 500px;\n}\n#banner-1236576283 .overlay {\n  background-color: rgba(0, 0, 0, 0.3);\n}\n@media (min-width:850px) {\n  #banner-1236576283 {\n    padding-top: 600px;\n  }\n}\n<\/style>\n  <\/div>\n\n\n\n","protected":false},"excerpt":{"rendered":"","protected":false},"author":2,"featured_media":1411,"parent":0,"menu_order":0,"comment_status":"closed","ping_status":"closed","template":"page-blank.php","meta":{"footnotes":""},"class_list":["post-1672","page","type-page","status-publish","has-post-thumbnail","hentry"],"yoast_head":"<!-- This site is optimized with the Yoast SEO plugin v27.3 - https:\/\/yoast.com\/product\/yoast-seo-wordpress\/ -->\n<title>SPP, UNP, UPP i H2 rje\u0161enja - PFC<\/title>\n<meta name=\"description\" content=\"SPP je optimalno rje\u0161enje za industriju, transport i energetske sustave. Nudimo kompletnu uslugu &quot;klju\u010d u ruke&quot;, od projektiranja do izvedbe.\" \/>\n<meta name=\"robots\" content=\"index, follow, max-snippet:-1, max-image-preview:large, max-video-preview:-1\" \/>\n<link rel=\"canonical\" href=\"https:\/\/pfc.hr\/hr\/cng-lpg-lng-h2-rjesenja\/\" \/>\n<meta property=\"og:locale\" content=\"hr_HR\" \/>\n<meta property=\"og:type\" content=\"article\" \/>\n<meta property=\"og:title\" content=\"SPP, UNP, UPP i H2 rje\u0161enja - PFC\" \/>\n<meta property=\"og:description\" content=\"SPP je optimalno rje\u0161enje za industriju, transport i energetske sustave. Nudimo kompletnu uslugu &quot;klju\u010d u ruke&quot;, od projektiranja do izvedbe.\" \/>\n<meta property=\"og:url\" content=\"https:\/\/pfc.hr\/hr\/cng-lpg-lng-h2-rjesenja\/\" \/>\n<meta property=\"og:site_name\" content=\"PFC\" \/>\n<meta property=\"article:modified_time\" content=\"2026-01-27T07:54:07+00:00\" \/>\n<meta property=\"og:image\" content=\"https:\/\/pfc.hr\/wp-content\/uploads\/2024\/11\/PFC_CNG-solutions_Banner_Hero.jpg\" \/>\n\t<meta property=\"og:image:width\" content=\"2560\" \/>\n\t<meta property=\"og:image:height\" content=\"1707\" \/>\n\t<meta property=\"og:image:type\" content=\"image\/jpeg\" \/>\n<meta name=\"twitter:card\" content=\"summary_large_image\" \/>\n<meta name=\"twitter:label1\" content=\"Procijenjeno vrijeme \u010ditanja\" \/>\n\t<meta name=\"twitter:data1\" content=\"4 minute\" \/>\n<script type=\"application\/ld+json\" class=\"yoast-schema-graph\">{\"@context\":\"https:\\\/\\\/schema.org\",\"@graph\":[{\"@type\":\"WebPage\",\"@id\":\"https:\\\/\\\/pfc.hr\\\/hr\\\/cng-lpg-lng-h2-rjesenja\\\/\",\"url\":\"https:\\\/\\\/pfc.hr\\\/hr\\\/cng-lpg-lng-h2-rjesenja\\\/\",\"name\":\"SPP, UNP, UPP i H2 rje\u0161enja - PFC\",\"isPartOf\":{\"@id\":\"https:\\\/\\\/pfc.hr\\\/hr\\\/#website\"},\"primaryImageOfPage\":{\"@id\":\"https:\\\/\\\/pfc.hr\\\/hr\\\/cng-lpg-lng-h2-rjesenja\\\/#primaryimage\"},\"image\":{\"@id\":\"https:\\\/\\\/pfc.hr\\\/hr\\\/cng-lpg-lng-h2-rjesenja\\\/#primaryimage\"},\"thumbnailUrl\":\"https:\\\/\\\/pfc.hr\\\/wp-content\\\/uploads\\\/2024\\\/11\\\/PFC_CNG-solutions_Banner_Hero.jpg\",\"datePublished\":\"2024-10-18T06:10:13+00:00\",\"dateModified\":\"2026-01-27T07:54:07+00:00\",\"description\":\"SPP je optimalno rje\u0161enje za industriju, transport i energetske sustave. Nudimo kompletnu uslugu \\\"klju\u010d u ruke\\\", od projektiranja do izvedbe.\",\"breadcrumb\":{\"@id\":\"https:\\\/\\\/pfc.hr\\\/hr\\\/cng-lpg-lng-h2-rjesenja\\\/#breadcrumb\"},\"inLanguage\":\"hr\",\"potentialAction\":[{\"@type\":\"ReadAction\",\"target\":[\"https:\\\/\\\/pfc.hr\\\/hr\\\/cng-lpg-lng-h2-rjesenja\\\/\"]}]},{\"@type\":\"ImageObject\",\"inLanguage\":\"hr\",\"@id\":\"https:\\\/\\\/pfc.hr\\\/hr\\\/cng-lpg-lng-h2-rjesenja\\\/#primaryimage\",\"url\":\"https:\\\/\\\/pfc.hr\\\/wp-content\\\/uploads\\\/2024\\\/11\\\/PFC_CNG-solutions_Banner_Hero.jpg\",\"contentUrl\":\"https:\\\/\\\/pfc.hr\\\/wp-content\\\/uploads\\\/2024\\\/11\\\/PFC_CNG-solutions_Banner_Hero.jpg\",\"width\":2560,\"height\":1707,\"caption\":\"petrol gun with car\"},{\"@type\":\"BreadcrumbList\",\"@id\":\"https:\\\/\\\/pfc.hr\\\/hr\\\/cng-lpg-lng-h2-rjesenja\\\/#breadcrumb\",\"itemListElement\":[{\"@type\":\"ListItem\",\"position\":1,\"name\":\"Home\",\"item\":\"https:\\\/\\\/pfc.hr\\\/hr\\\/pico-flow-controls\\\/\"},{\"@type\":\"ListItem\",\"position\":2,\"name\":\"SPP, UNP, UPP i H2 rje\u0161enja\"}]},{\"@type\":\"WebSite\",\"@id\":\"https:\\\/\\\/pfc.hr\\\/hr\\\/#website\",\"url\":\"https:\\\/\\\/pfc.hr\\\/hr\\\/\",\"name\":\"PFC\",\"description\":\"\",\"publisher\":{\"@id\":\"https:\\\/\\\/pfc.hr\\\/hr\\\/#organization\"},\"potentialAction\":[{\"@type\":\"SearchAction\",\"target\":{\"@type\":\"EntryPoint\",\"urlTemplate\":\"https:\\\/\\\/pfc.hr\\\/hr\\\/?s={search_term_string}\"},\"query-input\":{\"@type\":\"PropertyValueSpecification\",\"valueRequired\":true,\"valueName\":\"search_term_string\"}}],\"inLanguage\":\"hr\"},{\"@type\":\"Organization\",\"@id\":\"https:\\\/\\\/pfc.hr\\\/hr\\\/#organization\",\"name\":\"Pico Flow Controls\",\"url\":\"https:\\\/\\\/pfc.hr\\\/hr\\\/\",\"logo\":{\"@type\":\"ImageObject\",\"inLanguage\":\"hr\",\"@id\":\"https:\\\/\\\/pfc.hr\\\/hr\\\/#\\\/schema\\\/logo\\\/image\\\/\",\"url\":\"https:\\\/\\\/pfc.hr\\\/wp-content\\\/uploads\\\/2024\\\/10\\\/PFC_Main_Logo.png\",\"contentUrl\":\"https:\\\/\\\/pfc.hr\\\/wp-content\\\/uploads\\\/2024\\\/10\\\/PFC_Main_Logo.png\",\"width\":3920,\"height\":1140,\"caption\":\"Pico Flow Controls\"},\"image\":{\"@id\":\"https:\\\/\\\/pfc.hr\\\/hr\\\/#\\\/schema\\\/logo\\\/image\\\/\"}}]}<\/script>\n<!-- \/ Yoast SEO plugin. -->","yoast_head_json":{"title":"SPP, UNP, UPP i H2 rje\u0161enja - PFC","description":"SPP je optimalno rje\u0161enje za industriju, transport i energetske sustave. Nudimo kompletnu uslugu \"klju\u010d u ruke\", od projektiranja do izvedbe.","robots":{"index":"index","follow":"follow","max-snippet":"max-snippet:-1","max-image-preview":"max-image-preview:large","max-video-preview":"max-video-preview:-1"},"canonical":"https:\/\/pfc.hr\/hr\/cng-lpg-lng-h2-rjesenja\/","og_locale":"hr_HR","og_type":"article","og_title":"SPP, UNP, UPP i H2 rje\u0161enja - PFC","og_description":"SPP je optimalno rje\u0161enje za industriju, transport i energetske sustave. Nudimo kompletnu uslugu \"klju\u010d u ruke\", od projektiranja do izvedbe.","og_url":"https:\/\/pfc.hr\/hr\/cng-lpg-lng-h2-rjesenja\/","og_site_name":"PFC","article_modified_time":"2026-01-27T07:54:07+00:00","og_image":[{"width":2560,"height":1707,"url":"https:\/\/pfc.hr\/wp-content\/uploads\/2024\/11\/PFC_CNG-solutions_Banner_Hero.jpg","type":"image\/jpeg"}],"twitter_card":"summary_large_image","twitter_misc":{"Procijenjeno vrijeme \u010ditanja":"4 minute"},"schema":{"@context":"https:\/\/schema.org","@graph":[{"@type":"WebPage","@id":"https:\/\/pfc.hr\/hr\/cng-lpg-lng-h2-rjesenja\/","url":"https:\/\/pfc.hr\/hr\/cng-lpg-lng-h2-rjesenja\/","name":"SPP, UNP, UPP i H2 rje\u0161enja - PFC","isPartOf":{"@id":"https:\/\/pfc.hr\/hr\/#website"},"primaryImageOfPage":{"@id":"https:\/\/pfc.hr\/hr\/cng-lpg-lng-h2-rjesenja\/#primaryimage"},"image":{"@id":"https:\/\/pfc.hr\/hr\/cng-lpg-lng-h2-rjesenja\/#primaryimage"},"thumbnailUrl":"https:\/\/pfc.hr\/wp-content\/uploads\/2024\/11\/PFC_CNG-solutions_Banner_Hero.jpg","datePublished":"2024-10-18T06:10:13+00:00","dateModified":"2026-01-27T07:54:07+00:00","description":"SPP je optimalno rje\u0161enje za industriju, transport i energetske sustave. Nudimo kompletnu uslugu \"klju\u010d u ruke\", od projektiranja do izvedbe.","breadcrumb":{"@id":"https:\/\/pfc.hr\/hr\/cng-lpg-lng-h2-rjesenja\/#breadcrumb"},"inLanguage":"hr","potentialAction":[{"@type":"ReadAction","target":["https:\/\/pfc.hr\/hr\/cng-lpg-lng-h2-rjesenja\/"]}]},{"@type":"ImageObject","inLanguage":"hr","@id":"https:\/\/pfc.hr\/hr\/cng-lpg-lng-h2-rjesenja\/#primaryimage","url":"https:\/\/pfc.hr\/wp-content\/uploads\/2024\/11\/PFC_CNG-solutions_Banner_Hero.jpg","contentUrl":"https:\/\/pfc.hr\/wp-content\/uploads\/2024\/11\/PFC_CNG-solutions_Banner_Hero.jpg","width":2560,"height":1707,"caption":"petrol gun with car"},{"@type":"BreadcrumbList","@id":"https:\/\/pfc.hr\/hr\/cng-lpg-lng-h2-rjesenja\/#breadcrumb","itemListElement":[{"@type":"ListItem","position":1,"name":"Home","item":"https:\/\/pfc.hr\/hr\/pico-flow-controls\/"},{"@type":"ListItem","position":2,"name":"SPP, UNP, UPP i H2 rje\u0161enja"}]},{"@type":"WebSite","@id":"https:\/\/pfc.hr\/hr\/#website","url":"https:\/\/pfc.hr\/hr\/","name":"PFC","description":"","publisher":{"@id":"https:\/\/pfc.hr\/hr\/#organization"},"potentialAction":[{"@type":"SearchAction","target":{"@type":"EntryPoint","urlTemplate":"https:\/\/pfc.hr\/hr\/?s={search_term_string}"},"query-input":{"@type":"PropertyValueSpecification","valueRequired":true,"valueName":"search_term_string"}}],"inLanguage":"hr"},{"@type":"Organization","@id":"https:\/\/pfc.hr\/hr\/#organization","name":"Pico Flow Controls","url":"https:\/\/pfc.hr\/hr\/","logo":{"@type":"ImageObject","inLanguage":"hr","@id":"https:\/\/pfc.hr\/hr\/#\/schema\/logo\/image\/","url":"https:\/\/pfc.hr\/wp-content\/uploads\/2024\/10\/PFC_Main_Logo.png","contentUrl":"https:\/\/pfc.hr\/wp-content\/uploads\/2024\/10\/PFC_Main_Logo.png","width":3920,"height":1140,"caption":"Pico Flow Controls"},"image":{"@id":"https:\/\/pfc.hr\/hr\/#\/schema\/logo\/image\/"}}]}},"_links":{"self":[{"href":"https:\/\/pfc.hr\/hr\/wp-json\/wp\/v2\/pages\/1672","targetHints":{"allow":["GET"]}}],"collection":[{"href":"https:\/\/pfc.hr\/hr\/wp-json\/wp\/v2\/pages"}],"about":[{"href":"https:\/\/pfc.hr\/hr\/wp-json\/wp\/v2\/types\/page"}],"author":[{"embeddable":true,"href":"https:\/\/pfc.hr\/hr\/wp-json\/wp\/v2\/users\/2"}],"replies":[{"embeddable":true,"href":"https:\/\/pfc.hr\/hr\/wp-json\/wp\/v2\/comments?post=1672"}],"version-history":[{"count":37,"href":"https:\/\/pfc.hr\/hr\/wp-json\/wp\/v2\/pages\/1672\/revisions"}],"predecessor-version":[{"id":19655,"href":"https:\/\/pfc.hr\/hr\/wp-json\/wp\/v2\/pages\/1672\/revisions\/19655"}],"wp:featuredmedia":[{"embeddable":true,"href":"https:\/\/pfc.hr\/hr\/wp-json\/wp\/v2\/media\/1411"}],"wp:attachment":[{"href":"https:\/\/pfc.hr\/hr\/wp-json\/wp\/v2\/media?parent=1672"}],"curies":[{"name":"wp","href":"https:\/\/api.w.org\/{rel}","templated":true}]}}