
{"id":1667,"date":"2024-10-18T08:28:33","date_gmt":"2024-10-18T06:28:33","guid":{"rendered":"https:\/\/pfc.hr\/usluga-gradnja\/servis-i-odrzavanje-u-naftnoj-i-plinskoj-industriji\/inspekcija-sigurnosnih-ventila-do-400-bara\/"},"modified":"2026-01-27T13:10:30","modified_gmt":"2026-01-27T12:10:30","slug":"inspekcija-sigurnosnih-ventila-do-400-bara","status":"publish","type":"page","link":"https:\/\/pfc.hr\/hr\/inspekcija-sigurnosnih-ventila-do-400-bara\/","title":{"rendered":"Ispitivanje sigurnosnih ventila do 400 bar"},"content":{"rendered":"\n\t<section class=\"section dark\" id=\"section_1465848545\">\n\t\t<div class=\"section-bg fill\" >\n\t\t\t<img loading=\"lazy\" decoding=\"async\" width=\"2870\" height=\"1608\" src=\"https:\/\/pfc.hr\/wp-content\/uploads\/2025\/01\/valve-pressure-testing.jpg\" class=\"bg attachment- size-\" alt=\"Pressure Testing and Inspection of On-Off Valves Up to 600 Bar\" \/>\t\t\t\t\t\t<div class=\"section-bg-overlay absolute fill\"><\/div>\n\t\t\t\n\n\t\t<\/div>\n\n\t\t\n\n\t\t<div class=\"section-content relative\">\n\t\t\t\n<div class=\"row align-middle\"  id=\"row-1391674459\">\n\n\t<div id=\"col-1989095721\" class=\"col medium-11 small-12 large-11\"  >\n\t\t\t\t<div class=\"col-inner\"  >\n\t\t\t\n\t\t\t\n\t<div id=\"text-313967509\" class=\"text\">\n\t\t\n<h1>Ispitivanje sigurnosnih ventila do 400 bar<\/h1>\n\t\t\n<style>\n#text-313967509 {\n  font-size: 3rem;\n}\n<\/style>\n\t<\/div>\n\t\n<a href=\"https:\/\/pfc.hr\/hr\/kontakt\/\" class=\"button primary\" style=\"border-radius:99px;\">\n\t\t<span>Po\u0161aljite upit<\/span>\n\t<\/a>\n\n\t\t<\/div>\n\t\t\t\t\t<\/div>\n\n\t\n<\/div>\n\t\t<\/div>\n\n\t\t\n<style>\n#section_1465848545 {\n  padding-top: 80px;\n  padding-bottom: 80px;\n  min-height: 600px;\n}\n#section_1465848545 .section-bg-overlay {\n  background-color: rgba(0, 0, 0, 0.738);\n}\n<\/style>\n\t<\/section>\n\t\n\n\t<section class=\"section\" id=\"section_1530848859\">\n\t\t<div class=\"section-bg fill\" >\n\t\t\t\t\t\t\t\t\t\n\t\t\t\n\n\t\t<\/div>\n\n\t\t\n\n\t\t<div class=\"section-content relative\">\n\t\t\t\n<div class=\"row align-middle\"  id=\"row-776198828\">\n\n\t<div id=\"col-1419640871\" class=\"col medium-6 small-12 large-6\"  >\n\t\t\t\t<div class=\"col-inner\"  >\n\t\t\t\n\t\t\t\n\t<div class=\"img has-hover x md-x lg-x y md-y lg-y\" id=\"image_1435744909\">\n\t\t\t\t\t\t<div data-animate=\"fadeInLeft\">\t\t<div class=\"img-inner box-shadow-2 dark\" >\n\t\t\t<img loading=\"lazy\" decoding=\"async\" width=\"1020\" height=\"680\" src=\"https:\/\/pfc.hr\/wp-content\/uploads\/2025\/01\/akreditacija-bazdarenje-min-1-1200x800-1.jpg\" class=\"attachment-large size-large\" alt=\"\" \/>\t\t\t\t\t\t\n\t\t\t\t\t<\/div>\n\t\t<\/div>\t\t\t\t\t\t\n<style>\n#image_1435744909 {\n  width: 100%;\n}\n<\/style>\n\t<\/div>\n\t\n\t\t<\/div>\n\t\t\t\t\t<\/div>\n\n\t\n\n\t<div id=\"col-1396947594\" class=\"col medium-6 small-12 large-6 small-col-first\"  >\n\t\t\t\t<div class=\"col-inner\"  >\n\t\t\t\n\t\t\t\n\t<div id=\"text-1098718788\" class=\"text\">\n\t\t\n<h2>Stru\u010dno ispitivanje sigurnosnih ventila<\/h2>\n\t\t\n<style>\n#text-1098718788 {\n  font-size: 1.8rem;\n}\n<\/style>\n\t<\/div>\n\t\n<p>Provedba inspekcijskih aktivnosti ispitivanja sigurnosnih ventila provodi se prema Pravilniku o pregledima i ispitivanjima opreme pod tlakom visoke razine opasnosti (NN 75\/20).<\/p>\n<p>PICO FLOW CONTROLS d.o.o. posjeduje potvrdu o akreditaciji izdanu od Hrvatske akreditacijske agencije (HAA) prema zahtjevima norme HRN EN ISO\/EC 17020:2012 kao inspekcijsko tijelo vrste C.<\/p>\n\t\t<\/div>\n\t\t\t\t\t<\/div>\n\n\t\n<\/div>\n\t\t<\/div>\n\n\t\t\n<style>\n#section_1530848859 {\n  padding-top: 80px;\n  padding-bottom: 80px;\n  margin-bottom: -40px;\n}\n<\/style>\n\t<\/section>\n\t\n\n\t<section class=\"section\" id=\"section_286299859\">\n\t\t<div class=\"section-bg fill\" >\n\t\t\t\t\t\t\t\t\t\n\t\t\t\n\n\t\t<\/div>\n\n\t\t\n\n\t\t<div class=\"section-content relative\">\n\t\t\t\n<div class=\"row align-middle\"  id=\"row-690078591\">\n\n\t<div id=\"col-782843867\" class=\"col medium-6 small-12 large-6\"  >\n\t\t\t\t<div class=\"col-inner\"  >\n\t\t\t\n\t\t\t\n\t<div id=\"text-4243449521\" class=\"text\">\n\t\t\n<h2>Primjena<\/h2>\n\t\t\n<style>\n#text-4243449521 {\n  font-size: 1.8rem;\n}\n<\/style>\n\t<\/div>\n\t\n<ul>\n<li><strong>Plinovodni i naftni sustavi:<\/strong> Sigurnost u radu klju\u010dne infrastrukture.<\/li>\n<li><strong>Industrijska postrojenja:<\/strong> Odr\u017eavanje sustava za kontrolu tlaka radi za\u0161tite radnika i opreme.<\/li>\n<li><strong>Energetski pogoni:<\/strong> Odr\u017eavanje kontinuiranog i sigurnog rada u svim uvjetima.<\/li>\n<\/ul>\n\t\t<\/div>\n\t\t\t\t\t<\/div>\n\n\t\n\n\t<div id=\"col-1350321602\" class=\"col medium-6 small-12 large-6\"  >\n\t\t\t\t<div class=\"col-inner\"  >\n\t\t\t\n\t\t\t\n\t<div class=\"img has-hover x md-x lg-x y md-y lg-y\" id=\"image_106037593\">\n\t\t\t\t\t\t<div data-animate=\"fadeInRight\">\t\t<div class=\"img-inner box-shadow-2 dark\" >\n\t\t\t<img loading=\"lazy\" decoding=\"async\" width=\"1020\" height=\"571\" src=\"https:\/\/pfc.hr\/wp-content\/uploads\/2025\/03\/maximator-1-1.jpg\" class=\"attachment-large size-large\" alt=\"inspection of safety valves up to 400 bar\" \/>\t\t\t\t\t\t\n\t\t\t\t\t<\/div>\n\t\t<\/div>\t\t\t\t\t\t\n<style>\n#image_106037593 {\n  width: 100%;\n}\n<\/style>\n\t<\/div>\n\t\n\t\t<\/div>\n\t\t\t\t\t<\/div>\n\n\t\n<\/div>\n\t\t<\/div>\n\n\t\t\n<style>\n#section_286299859 {\n  padding-top: 80px;\n  padding-bottom: 80px;\n  margin-bottom: -60px;\n  background-color: rgb(255,255,255);\n}\n<\/style>\n\t<\/section>\n\t\n\n\t<section class=\"section\" id=\"section_49932177\">\n\t\t<div class=\"section-bg fill\" >\n\t\t\t\t\t\t\t\t\t\n\t\t\t\n\n\t\t<\/div>\n\n\t\t\n\n\t\t<div class=\"section-content relative\">\n\t\t\t\n<div class=\"row align-middle\"  id=\"row-45511990\">\n\n\t<div id=\"col-1255639969\" class=\"col medium-6 small-12 large-6\"  >\n\t\t\t\t<div class=\"col-inner\"  >\n\t\t\t\n\t\t\t\n\t<div class=\"img has-hover x md-x lg-x y md-y lg-y\" id=\"image_2093615914\">\n\t\t\t\t\t\t<div data-animate=\"fadeInLeft\">\t\t<div class=\"img-inner box-shadow-2 dark\" >\n\t\t\t<img loading=\"lazy\" decoding=\"async\" width=\"1020\" height=\"571\" src=\"https:\/\/pfc.hr\/wp-content\/uploads\/2025\/01\/Pressure-testing.jpg\" class=\"attachment-large size-large\" alt=\"Pressure Testing and Inspection of On-Off Valves Up to 600 Bar\" \/>\t\t\t\t\t\t\n\t\t\t\t\t<\/div>\n\t\t<\/div>\t\t\t\t\t\t\n<style>\n#image_2093615914 {\n  width: 100%;\n}\n<\/style>\n\t<\/div>\n\t\n\t\t<\/div>\n\t\t\t\t\t<\/div>\n\n\t\n\n\t<div id=\"col-748781800\" class=\"col medium-6 small-12 large-6 small-col-first\"  >\n\t\t\t\t<div class=\"col-inner\"  >\n\t\t\t\n\t\t\t\n\t<div id=\"text-576120783\" class=\"text\">\n\t\t\n<h2>Prednosti<\/h2>\n\t\t\n<style>\n#text-576120783 {\n  font-size: 1.8rem;\n}\n<\/style>\n\t<\/div>\n\t\n<ul>\n<li><strong>Ve\u0107a sigurnost:<\/strong> Sprje\u010davanje nesre\u0107a uzrokovanih prekomjernim tlakom.<\/li>\n<li><strong>Pouzdanost u radu:<\/strong> Smanjenje zastoja i odr\u017eavanje rada sustava.<\/li>\n<li><strong>Uskla\u0111enost s propisima:<\/strong> Ispunjavanje najstro\u017eih sigurnosnih standarda i izbjegavanje sankcija.<\/li>\n<li><strong>Dugotrajnost opreme i ventila:<\/strong> Redovite inspekcije produ\u017euju trajnost ventila.<\/li>\n<\/ul>\n\t\t<\/div>\n\t\t\t\t\t<\/div>\n\n\t\n<\/div>\n\t\t<\/div>\n\n\t\t\n<style>\n#section_49932177 {\n  padding-top: 80px;\n  padding-bottom: 80px;\n}\n<\/style>\n\t<\/section>\n\t\n\n\t<section class=\"section dark\" id=\"section_252462091\">\n\t\t<div class=\"section-bg fill\" >\n\t\t\t\t\t\t\t\t\t\n\t\t\t\n\n\t\t<\/div>\n\n\t\t\n\n\t\t<div class=\"section-content relative\">\n\t\t\t\n<div class=\"row align-middle\"  id=\"row-1493791634\">\n\n\t<div id=\"col-886573558\" class=\"col medium-5 small-12 large-5\"  >\n\t\t\t\t<div class=\"col-inner\"  >\n\t\t\t\n\t\t\t\n\t<div id=\"text-685326400\" class=\"text hidden\">\n\t\t\n<h5>FLEKSIBILNA, OTPORNA, PLASTI\u010cNA MRE\u017dA<\/h5>\n\t\t\t<\/div>\n\t\n\t<div id=\"text-2120518645\" class=\"text\">\n\t\t\n<h2>Za\u0161to odabrati nas?<\/h2>\n\t\t\n<style>\n#text-2120518645 {\n  font-size: 1.8rem;\n}\n<\/style>\n\t<\/div>\n\t\n<ul>\n<li>Stru\u010dnost u sustavima visokotla\u010dne sigurnosti.<\/li>\n<li>Najsuvremenija oprema za preciznu dijagnostiku.<\/li>\n<li>Prilago\u0111eni rasporedi inspekcija prema va\u0161im operativnim potrebama.<\/li>\n<\/ul>\n\t\t<\/div>\n\t\t\t\t\t<\/div>\n\n\t\n\n\t<div id=\"col-1188658884\" class=\"col medium-7 small-12 large-7\"  >\n\t\t\t\t<div class=\"col-inner\"  >\n\t\t\t\n\t\t\t\n\n  <div class=\"banner has-hover\" id=\"banner-2017934775\">\n          <div class=\"banner-inner fill\">\n        <div class=\"banner-bg fill\" >\n            <img loading=\"lazy\" decoding=\"async\" width=\"1020\" height=\"571\" src=\"https:\/\/pfc.hr\/wp-content\/uploads\/2025\/01\/valve-pressure-testing.jpg\" class=\"bg attachment-large size-large\" alt=\"Pressure Testing and Inspection of On-Off Valves Up to 600 Bar\" \/>                                    \n                    <\/div>\n\t\t\n        <div class=\"banner-layers container\">\n            <div class=\"fill banner-link\"><\/div>            \n   <div id=\"text-box-2072810325\" class=\"text-box banner-layer x50 md-x50 lg-x50 y50 md-y50 lg-y50 res-text\">\n                                <div class=\"text-box-content text dark\">\n              \n              <div class=\"text-inner text-center\">\n                  \n              <\/div>\n           <\/div>\n                            \n<style>\n#text-box-2072810325 {\n  width: 60%;\n}\n#text-box-2072810325 .text-box-content {\n  font-size: 100%;\n}\n@media (min-width:550px) {\n  #text-box-2072810325 {\n    width: 60%;\n  }\n}\n<\/style>\n    <\/div>\n \n        <\/div>\n      <\/div>\n\n            \n<style>\n#banner-2017934775 {\n  padding-top: 56.25%;\n}\n<\/style>\n  <\/div>\n\n\n\t\t<\/div>\n\t\t\t\t\t<\/div>\n\n\t\n<\/div>\n\t\t<\/div>\n\n\t\t\n<style>\n#section_252462091 {\n  padding-top: 80px;\n  padding-bottom: 80px;\n  background-color: rgb(85, 85, 84);\n}\n<\/style>\n\t<\/section>\n\t\n\n  <div class=\"banner has-hover\" id=\"banner-843723308\">\n          <div class=\"banner-inner fill\">\n        <div class=\"banner-bg fill\" >\n            <img loading=\"lazy\" decoding=\"async\" width=\"1020\" height=\"388\" src=\"https:\/\/pfc.hr\/wp-content\/uploads\/2025\/01\/pfc-team.jpg\" class=\"bg attachment-large size-large\" alt=\"Pressure Testing and Inspection of On-Off Valves Up to 600 Bar\" \/>                        <div class=\"overlay\"><\/div>            \n                    <\/div>\n\t\t\n        <div class=\"banner-layers container\">\n            <div class=\"fill banner-link\"><\/div>            \n   <div id=\"text-box-855230009\" class=\"text-box banner-layer x50 md-x50 lg-x50 y50 md-y50 lg-y50 res-text\">\n                                <div class=\"text-box-content text dark\">\n              \n              <div class=\"text-inner text-center\">\n                  \n\t<div id=\"text-2030881151\" class=\"text\">\n\t\t\n<h5>KONTAKTIRAJTE NAS<\/h5>\n<h3><strong>ZAINTERESIRANI ZA IMPLEMENTACIJU?<\/strong><\/h3>\n<p>Na\u0161 implementacijski tim pomo\u0107i \u0107e vam u pronala\u017eenju integriranog rje\u0161enja koje najbolje odgovara va\u0161im potrebama.<br \/>\n\t\t\n<style>\n#text-2030881151 {\n  text-align: center;\n  color: rgb(255, 255, 255);\n}\n#text-2030881151 > * {\n  color: rgb(255, 255, 255);\n}\n<\/style>\n\t<\/div>\n\t\n<a href=\"https:\/\/pfc.hr\/hr\/kontakt\/\" class=\"button white\" style=\"border-radius:99px;\">\n\t\t<span>Kontaktirajte nas<\/span>\n\t<\/a>\n\n<a href=\"mailto:info@pfc.hr\" class=\"button white is-outline\" style=\"border-radius:99px;\">\n\t\t<span>Po\u0161aljite upit<\/span>\n\t<\/a>\n\n              <\/div>\n           <\/div>\n                            \n<style>\n#text-box-855230009 {\n  width: 60%;\n}\n#text-box-855230009 .text-box-content {\n  font-size: 100%;\n}\n<\/style>\n    <\/div>\n \n        <\/div>\n      <\/div>\n\n            \n<style>\n#banner-843723308 {\n  padding-top: 600px;\n}\n#banner-843723308 .overlay {\n  background-color: rgba(0, 0, 0, 0.5);\n}\n<\/style>\n  <\/div>\n\n\n\n","protected":false},"excerpt":{"rendered":"","protected":false},"author":2,"featured_media":3674,"parent":0,"menu_order":0,"comment_status":"closed","ping_status":"closed","template":"page-blank.php","meta":{"footnotes":""},"class_list":["post-1667","page","type-page","status-publish","has-post-thumbnail","hentry"],"yoast_head":"<!-- This site is optimized with the Yoast SEO plugin v27.3 - https:\/\/yoast.com\/product\/yoast-seo-wordpress\/ -->\n<title>Ispitivanje sigurnosnih ventila do 400 bar - PFC<\/title>\n<meta name=\"description\" content=\"Posjedujemo potvrdu o akreditaciji izdanu od HAA prema zahtjevima norme HRN EN ISO\/EC 17020:2012 kao inspekcijsko tijelo vrste C.\" \/>\n<meta name=\"robots\" content=\"index, follow, max-snippet:-1, max-image-preview:large, max-video-preview:-1\" \/>\n<link rel=\"canonical\" href=\"https:\/\/pfc.hr\/hr\/inspekcija-sigurnosnih-ventila-do-400-bara\/\" \/>\n<meta property=\"og:locale\" content=\"hr_HR\" \/>\n<meta property=\"og:type\" content=\"article\" \/>\n<meta property=\"og:title\" content=\"Ispitivanje sigurnosnih ventila do 400 bar - PFC\" \/>\n<meta property=\"og:description\" content=\"Posjedujemo potvrdu o akreditaciji izdanu od HAA prema zahtjevima norme HRN EN ISO\/EC 17020:2012 kao inspekcijsko tijelo vrste C.\" \/>\n<meta property=\"og:url\" content=\"https:\/\/pfc.hr\/hr\/inspekcija-sigurnosnih-ventila-do-400-bara\/\" \/>\n<meta property=\"og:site_name\" content=\"PFC\" \/>\n<meta property=\"article:modified_time\" content=\"2026-01-27T12:10:30+00:00\" \/>\n<meta property=\"og:image\" content=\"https:\/\/pfc.hr\/wp-content\/uploads\/2025\/01\/akreditacija-bazdarenje-min-1-1200x800-1.jpg\" \/>\n\t<meta property=\"og:image:width\" content=\"1200\" \/>\n\t<meta property=\"og:image:height\" content=\"800\" \/>\n\t<meta property=\"og:image:type\" content=\"image\/jpeg\" \/>\n<meta name=\"twitter:card\" content=\"summary_large_image\" \/>\n<meta name=\"twitter:label1\" content=\"Procijenjeno vrijeme \u010ditanja\" \/>\n\t<meta name=\"twitter:data1\" content=\"3 minute\" \/>\n<script type=\"application\/ld+json\" class=\"yoast-schema-graph\">{\"@context\":\"https:\\\/\\\/schema.org\",\"@graph\":[{\"@type\":\"WebPage\",\"@id\":\"https:\\\/\\\/pfc.hr\\\/hr\\\/inspekcija-sigurnosnih-ventila-do-400-bara\\\/\",\"url\":\"https:\\\/\\\/pfc.hr\\\/hr\\\/inspekcija-sigurnosnih-ventila-do-400-bara\\\/\",\"name\":\"Ispitivanje sigurnosnih ventila do 400 bar - PFC\",\"isPartOf\":{\"@id\":\"https:\\\/\\\/pfc.hr\\\/hr\\\/#website\"},\"primaryImageOfPage\":{\"@id\":\"https:\\\/\\\/pfc.hr\\\/hr\\\/inspekcija-sigurnosnih-ventila-do-400-bara\\\/#primaryimage\"},\"image\":{\"@id\":\"https:\\\/\\\/pfc.hr\\\/hr\\\/inspekcija-sigurnosnih-ventila-do-400-bara\\\/#primaryimage\"},\"thumbnailUrl\":\"https:\\\/\\\/pfc.hr\\\/wp-content\\\/uploads\\\/2025\\\/01\\\/akreditacija-bazdarenje-min-1-1200x800-1.jpg\",\"datePublished\":\"2024-10-18T06:28:33+00:00\",\"dateModified\":\"2026-01-27T12:10:30+00:00\",\"description\":\"Posjedujemo potvrdu o akreditaciji izdanu od HAA prema zahtjevima norme HRN EN ISO\\\/EC 17020:2012 kao inspekcijsko tijelo vrste C.\",\"breadcrumb\":{\"@id\":\"https:\\\/\\\/pfc.hr\\\/hr\\\/inspekcija-sigurnosnih-ventila-do-400-bara\\\/#breadcrumb\"},\"inLanguage\":\"hr\",\"potentialAction\":[{\"@type\":\"ReadAction\",\"target\":[\"https:\\\/\\\/pfc.hr\\\/hr\\\/inspekcija-sigurnosnih-ventila-do-400-bara\\\/\"]}]},{\"@type\":\"ImageObject\",\"inLanguage\":\"hr\",\"@id\":\"https:\\\/\\\/pfc.hr\\\/hr\\\/inspekcija-sigurnosnih-ventila-do-400-bara\\\/#primaryimage\",\"url\":\"https:\\\/\\\/pfc.hr\\\/wp-content\\\/uploads\\\/2025\\\/01\\\/akreditacija-bazdarenje-min-1-1200x800-1.jpg\",\"contentUrl\":\"https:\\\/\\\/pfc.hr\\\/wp-content\\\/uploads\\\/2025\\\/01\\\/akreditacija-bazdarenje-min-1-1200x800-1.jpg\",\"width\":1200,\"height\":800},{\"@type\":\"BreadcrumbList\",\"@id\":\"https:\\\/\\\/pfc.hr\\\/hr\\\/inspekcija-sigurnosnih-ventila-do-400-bara\\\/#breadcrumb\",\"itemListElement\":[{\"@type\":\"ListItem\",\"position\":1,\"name\":\"Home\",\"item\":\"https:\\\/\\\/pfc.hr\\\/hr\\\/pico-flow-controls\\\/\"},{\"@type\":\"ListItem\",\"position\":2,\"name\":\"Ispitivanje sigurnosnih ventila do 400 bar\"}]},{\"@type\":\"WebSite\",\"@id\":\"https:\\\/\\\/pfc.hr\\\/hr\\\/#website\",\"url\":\"https:\\\/\\\/pfc.hr\\\/hr\\\/\",\"name\":\"PFC\",\"description\":\"\",\"publisher\":{\"@id\":\"https:\\\/\\\/pfc.hr\\\/hr\\\/#organization\"},\"potentialAction\":[{\"@type\":\"SearchAction\",\"target\":{\"@type\":\"EntryPoint\",\"urlTemplate\":\"https:\\\/\\\/pfc.hr\\\/hr\\\/?s={search_term_string}\"},\"query-input\":{\"@type\":\"PropertyValueSpecification\",\"valueRequired\":true,\"valueName\":\"search_term_string\"}}],\"inLanguage\":\"hr\"},{\"@type\":\"Organization\",\"@id\":\"https:\\\/\\\/pfc.hr\\\/hr\\\/#organization\",\"name\":\"Pico Flow Controls\",\"url\":\"https:\\\/\\\/pfc.hr\\\/hr\\\/\",\"logo\":{\"@type\":\"ImageObject\",\"inLanguage\":\"hr\",\"@id\":\"https:\\\/\\\/pfc.hr\\\/hr\\\/#\\\/schema\\\/logo\\\/image\\\/\",\"url\":\"https:\\\/\\\/pfc.hr\\\/wp-content\\\/uploads\\\/2024\\\/10\\\/PFC_Main_Logo.png\",\"contentUrl\":\"https:\\\/\\\/pfc.hr\\\/wp-content\\\/uploads\\\/2024\\\/10\\\/PFC_Main_Logo.png\",\"width\":3920,\"height\":1140,\"caption\":\"Pico Flow Controls\"},\"image\":{\"@id\":\"https:\\\/\\\/pfc.hr\\\/hr\\\/#\\\/schema\\\/logo\\\/image\\\/\"}}]}<\/script>\n<!-- \/ Yoast SEO plugin. -->","yoast_head_json":{"title":"Ispitivanje sigurnosnih ventila do 400 bar - PFC","description":"Posjedujemo potvrdu o akreditaciji izdanu od HAA prema zahtjevima norme HRN EN ISO\/EC 17020:2012 kao inspekcijsko tijelo vrste C.","robots":{"index":"index","follow":"follow","max-snippet":"max-snippet:-1","max-image-preview":"max-image-preview:large","max-video-preview":"max-video-preview:-1"},"canonical":"https:\/\/pfc.hr\/hr\/inspekcija-sigurnosnih-ventila-do-400-bara\/","og_locale":"hr_HR","og_type":"article","og_title":"Ispitivanje sigurnosnih ventila do 400 bar - PFC","og_description":"Posjedujemo potvrdu o akreditaciji izdanu od HAA prema zahtjevima norme HRN EN ISO\/EC 17020:2012 kao inspekcijsko tijelo vrste C.","og_url":"https:\/\/pfc.hr\/hr\/inspekcija-sigurnosnih-ventila-do-400-bara\/","og_site_name":"PFC","article_modified_time":"2026-01-27T12:10:30+00:00","og_image":[{"width":1200,"height":800,"url":"https:\/\/pfc.hr\/wp-content\/uploads\/2025\/01\/akreditacija-bazdarenje-min-1-1200x800-1.jpg","type":"image\/jpeg"}],"twitter_card":"summary_large_image","twitter_misc":{"Procijenjeno vrijeme \u010ditanja":"3 minute"},"schema":{"@context":"https:\/\/schema.org","@graph":[{"@type":"WebPage","@id":"https:\/\/pfc.hr\/hr\/inspekcija-sigurnosnih-ventila-do-400-bara\/","url":"https:\/\/pfc.hr\/hr\/inspekcija-sigurnosnih-ventila-do-400-bara\/","name":"Ispitivanje sigurnosnih ventila do 400 bar - PFC","isPartOf":{"@id":"https:\/\/pfc.hr\/hr\/#website"},"primaryImageOfPage":{"@id":"https:\/\/pfc.hr\/hr\/inspekcija-sigurnosnih-ventila-do-400-bara\/#primaryimage"},"image":{"@id":"https:\/\/pfc.hr\/hr\/inspekcija-sigurnosnih-ventila-do-400-bara\/#primaryimage"},"thumbnailUrl":"https:\/\/pfc.hr\/wp-content\/uploads\/2025\/01\/akreditacija-bazdarenje-min-1-1200x800-1.jpg","datePublished":"2024-10-18T06:28:33+00:00","dateModified":"2026-01-27T12:10:30+00:00","description":"Posjedujemo potvrdu o akreditaciji izdanu od HAA prema zahtjevima norme HRN EN ISO\/EC 17020:2012 kao inspekcijsko tijelo vrste C.","breadcrumb":{"@id":"https:\/\/pfc.hr\/hr\/inspekcija-sigurnosnih-ventila-do-400-bara\/#breadcrumb"},"inLanguage":"hr","potentialAction":[{"@type":"ReadAction","target":["https:\/\/pfc.hr\/hr\/inspekcija-sigurnosnih-ventila-do-400-bara\/"]}]},{"@type":"ImageObject","inLanguage":"hr","@id":"https:\/\/pfc.hr\/hr\/inspekcija-sigurnosnih-ventila-do-400-bara\/#primaryimage","url":"https:\/\/pfc.hr\/wp-content\/uploads\/2025\/01\/akreditacija-bazdarenje-min-1-1200x800-1.jpg","contentUrl":"https:\/\/pfc.hr\/wp-content\/uploads\/2025\/01\/akreditacija-bazdarenje-min-1-1200x800-1.jpg","width":1200,"height":800},{"@type":"BreadcrumbList","@id":"https:\/\/pfc.hr\/hr\/inspekcija-sigurnosnih-ventila-do-400-bara\/#breadcrumb","itemListElement":[{"@type":"ListItem","position":1,"name":"Home","item":"https:\/\/pfc.hr\/hr\/pico-flow-controls\/"},{"@type":"ListItem","position":2,"name":"Ispitivanje sigurnosnih ventila do 400 bar"}]},{"@type":"WebSite","@id":"https:\/\/pfc.hr\/hr\/#website","url":"https:\/\/pfc.hr\/hr\/","name":"PFC","description":"","publisher":{"@id":"https:\/\/pfc.hr\/hr\/#organization"},"potentialAction":[{"@type":"SearchAction","target":{"@type":"EntryPoint","urlTemplate":"https:\/\/pfc.hr\/hr\/?s={search_term_string}"},"query-input":{"@type":"PropertyValueSpecification","valueRequired":true,"valueName":"search_term_string"}}],"inLanguage":"hr"},{"@type":"Organization","@id":"https:\/\/pfc.hr\/hr\/#organization","name":"Pico Flow Controls","url":"https:\/\/pfc.hr\/hr\/","logo":{"@type":"ImageObject","inLanguage":"hr","@id":"https:\/\/pfc.hr\/hr\/#\/schema\/logo\/image\/","url":"https:\/\/pfc.hr\/wp-content\/uploads\/2024\/10\/PFC_Main_Logo.png","contentUrl":"https:\/\/pfc.hr\/wp-content\/uploads\/2024\/10\/PFC_Main_Logo.png","width":3920,"height":1140,"caption":"Pico Flow Controls"},"image":{"@id":"https:\/\/pfc.hr\/hr\/#\/schema\/logo\/image\/"}}]}},"_links":{"self":[{"href":"https:\/\/pfc.hr\/hr\/wp-json\/wp\/v2\/pages\/1667","targetHints":{"allow":["GET"]}}],"collection":[{"href":"https:\/\/pfc.hr\/hr\/wp-json\/wp\/v2\/pages"}],"about":[{"href":"https:\/\/pfc.hr\/hr\/wp-json\/wp\/v2\/types\/page"}],"author":[{"embeddable":true,"href":"https:\/\/pfc.hr\/hr\/wp-json\/wp\/v2\/users\/2"}],"replies":[{"embeddable":true,"href":"https:\/\/pfc.hr\/hr\/wp-json\/wp\/v2\/comments?post=1667"}],"version-history":[{"count":39,"href":"https:\/\/pfc.hr\/hr\/wp-json\/wp\/v2\/pages\/1667\/revisions"}],"predecessor-version":[{"id":18528,"href":"https:\/\/pfc.hr\/hr\/wp-json\/wp\/v2\/pages\/1667\/revisions\/18528"}],"wp:featuredmedia":[{"embeddable":true,"href":"https:\/\/pfc.hr\/hr\/wp-json\/wp\/v2\/media\/3674"}],"wp:attachment":[{"href":"https:\/\/pfc.hr\/hr\/wp-json\/wp\/v2\/media?parent=1667"}],"curies":[{"name":"wp","href":"https:\/\/api.w.org\/{rel}","templated":true}]}}