
{"id":1666,"date":"2024-10-18T08:30:53","date_gmt":"2024-10-18T06:30:53","guid":{"rendered":"https:\/\/pfc.hr\/usluga-gradnja\/servis-i-odrzavanje-u-naftnoj-i-plinskoj-industriji\/ili-i-non-ili-inspekcija-i-izvjestavanje\/"},"modified":"2026-01-27T11:40:20","modified_gmt":"2026-01-27T10:40:20","slug":"ili-i-non-ili-inspekcija-i-izvjestavanje","status":"publish","type":"page","link":"https:\/\/pfc.hr\/hr\/ili-i-non-ili-inspekcija-i-izvjestavanje\/","title":{"rendered":"ILI i NON-ILI inspekcija i izvje\u0161tavanje"},"content":{"rendered":"\n\t<section class=\"section dark\" id=\"section_879040730\">\n\t\t<div class=\"section-bg fill\" >\n\t\t\t\t\t\t\t\t\t<div class=\"section-bg-overlay absolute fill\"><\/div>\n\t\t\t\n\n\t\t<\/div>\n\n\t\t\n\n\t\t<div class=\"section-content relative\">\n\t\t\t\n<div class=\"row align-middle\"  id=\"row-1881080856\">\n\n\t<div id=\"col-501689802\" class=\"col medium-11 small-12 large-11\"  >\n\t\t\t\t<div class=\"col-inner\"  >\n\t\t\t\n\t\t\t\n\t<div id=\"text-2710664730\" class=\"text\">\n\t\t\n<h1>ILI i NON-ILI inspekcija i izvje\u0161tavanje<\/h1>\n\t\t\n<style>\n#text-2710664730 {\n  font-size: 3rem;\n}\n<\/style>\n\t<\/div>\n\t\n<a href=\"https:\/\/pfc.hr\/hr\/kontakt\/\" class=\"button primary\" style=\"border-radius:99px;\">\n\t\t<span>Po\u0161aljite upit<\/span>\n\t<\/a>\n\n\t\t<\/div>\n\t\t\t\t\t<\/div>\n\n\t\n<\/div>\n\t\t<\/div>\n\n\t\t\n<style>\n#section_879040730 {\n  padding-top: 50px;\n  padding-bottom: 50px;\n  min-height: 500px;\n}\n#section_879040730 .section-bg-overlay {\n  background-color: rgba(0, 0, 0, 0.3);\n}\n@media (min-width:550px) {\n  #section_879040730 {\n    padding-top: 80px;\n    padding-bottom: 80px;\n  }\n}\n@media (min-width:850px) {\n  #section_879040730 {\n    min-height: 600px;\n  }\n}\n<\/style>\n\t<\/section>\n\t\n\n\t<section class=\"section\" id=\"section_1052936678\">\n\t\t<div class=\"section-bg fill\" >\n\t\t\t\t\t\t\t\t\t\n\t\t\t\n\n\t\t<\/div>\n\n\t\t\n\n\t\t<div class=\"section-content relative\">\n\t\t\t\n<div class=\"row align-middle\"  id=\"row-642884432\">\n\n\t<div id=\"col-1401257627\" class=\"col medium-6 small-12 large-6\"  >\n\t\t\t\t<div class=\"col-inner\"  >\n\t\t\t\n\t\t\t\n\t<div class=\"img has-hover x md-x lg-x y md-y lg-y\" id=\"image_300435753\">\n\t\t\t\t\t\t<div data-animate=\"fadeInLeft\">\t\t<div class=\"img-inner dark\" >\n\t\t\t<img loading=\"lazy\" decoding=\"async\" width=\"1020\" height=\"571\" src=\"https:\/\/pfc.hr\/wp-content\/uploads\/2024\/12\/Inline-inspection.jpg\" class=\"attachment-large size-large\" alt=\"\" \/>\t\t\t\t\t\t\n\t\t\t\t\t<\/div>\n\t\t<\/div>\t\t\t\t\t\t\n<style>\n#image_300435753 {\n  width: 100%;\n}\n<\/style>\n\t<\/div>\n\t\n\t\t<\/div>\n\t\t\t\t\t<\/div>\n\n\t\n\n\t<div id=\"col-376144960\" class=\"col medium-6 small-12 large-6 small-col-first\"  >\n\t\t\t\t<div class=\"col-inner\"  >\n\t\t\t\n\t\t\t\n\t<div id=\"text-459103811\" class=\"text\">\n\t\t\n<h2>ILI i NON-ILI inspekcija i izvje\u0161tavanje<\/h2>\n\t\t\n<style>\n#text-459103811 {\n  font-size: 1.8rem;\n}\n<\/style>\n\t<\/div>\n\t\n<p>Usluge unutarnje inspekcije plinovoda (ILI) i ne-unutarnje inspekcije plinovoda (NON-ILI) omogu\u0107uju detaljan pregled stanja plinovoda.<\/p>\n<p>ILI koristi specijalizirane ure\u0111aje unutar plinovoda za otkrivanje korozije, pukotina i drugih o\u0161te\u0107enja, dok NON-ILI metode uklju\u010duju vanjske tehnike pregleda poput ultrazvu\u010dnih ili magnetnih metoda za identifikaciju potencijalnih problema.<\/p>\n\t\t<\/div>\n\t\t\t\t\t<\/div>\n\n\t\n<\/div>\n\t\t<\/div>\n\n\t\t\n<style>\n#section_1052936678 {\n  padding-top: 50px;\n  padding-bottom: 50px;\n  margin-bottom: -30px;\n}\n@media (min-width:850px) {\n  #section_1052936678 {\n    padding-top: 80px;\n    padding-bottom: 80px;\n  }\n}\n<\/style>\n\t<\/section>\n\t\n\n\t<section class=\"section\" id=\"section_416570385\">\n\t\t<div class=\"section-bg fill\" >\n\t\t\t\t\t\t\t\t\t\n\t\t\t\n\n\t\t<\/div>\n\n\t\t\n\n\t\t<div class=\"section-content relative\">\n\t\t\t\n<div class=\"row align-middle\"  id=\"row-1758080210\">\n\n\t<div id=\"col-1334628104\" class=\"col medium-6 small-12 large-6\"  >\n\t\t\t\t<div class=\"col-inner\"  >\n\t\t\t\n\t\t\t\n\t<div id=\"text-439916098\" class=\"text\">\n\t\t\n<h2>Inspekcija i izvje\u0161tavanje plinovoda<\/h2>\n\t\t\n<style>\n#text-439916098 {\n  font-size: 1.8rem;\n}\n<\/style>\n\t<\/div>\n\t\n<p>Sigurnost, u\u010dinkovitost i dugotrajnost plinovoda ovise o redovitoj inspekciji i pravovremenom otkrivanju mogu\u0107ih o\u0161te\u0107enja.<\/p>\n<p>Na\u0161e usluge ILI (unutarnje inspekcije) i NON-ILI (vanjske inspekcije) osiguravaju detaljan pregled stanja va\u0161ih plinovoda, pru\u017eaju\u0107i precizne podatke za dono\u0161enje informiranih odluka o odr\u017eavanju i sanaciji.<\/p>\n\t\t<\/div>\n\t\t\t\t\t<\/div>\n\n\t\n\n\t<div id=\"col-1433889189\" class=\"col medium-6 small-12 large-6\"  >\n\t\t\t\t<div class=\"col-inner\"  >\n\t\t\t\n\t\t\t\n\t<div class=\"img has-hover x md-x lg-x y md-y lg-y\" id=\"image_26170548\">\n\t\t\t\t\t\t<div data-animate=\"fadeInRight\">\t\t<div class=\"img-inner dark\" >\n\t\t\t<img loading=\"lazy\" decoding=\"async\" width=\"1020\" height=\"571\" src=\"https:\/\/pfc.hr\/wp-content\/uploads\/2024\/12\/Pipeline-inspection.jpg\" class=\"attachment-large size-large\" alt=\"\" \/>\t\t\t\t\t\t\n\t\t\t\t\t<\/div>\n\t\t<\/div>\t\t\t\t\t\t\n<style>\n#image_26170548 {\n  width: 100%;\n}\n<\/style>\n\t<\/div>\n\t\n\t\t<\/div>\n\t\t\t\t\t<\/div>\n\n\t\n<\/div>\n\t\t<\/div>\n\n\t\t\n<style>\n#section_416570385 {\n  padding-top: 30px;\n  padding-bottom: 30px;\n  margin-bottom: -30px;\n  background-color: rgb(255,255,255);\n}\n<\/style>\n\t<\/section>\n\t\n\n\t<section class=\"section\" id=\"section_490407751\">\n\t\t<div class=\"section-bg fill\" >\n\t\t\t\t\t\t\t\t\t\n\t\t\t\n\n\t\t<\/div>\n\n\t\t\n\n\t\t<div class=\"section-content relative\">\n\t\t\t\n<div class=\"row align-middle\"  id=\"row-1982737129\">\n\n\t<div id=\"col-588105566\" class=\"col medium-6 small-12 large-6\"  >\n\t\t\t\t<div class=\"col-inner\"  >\n\t\t\t\n\t\t\t\n\t<div class=\"img has-hover x md-x lg-x y md-y lg-y\" id=\"image_1674367468\">\n\t\t\t\t\t\t<div data-animate=\"fadeInLeft\">\t\t<div class=\"img-inner dark\" >\n\t\t\t<img loading=\"lazy\" decoding=\"async\" width=\"1020\" height=\"571\" src=\"https:\/\/pfc.hr\/wp-content\/uploads\/2024\/12\/pipeline-examination.jpg\" class=\"attachment-large size-large\" alt=\"\" \/>\t\t\t\t\t\t\n\t\t\t\t\t<\/div>\n\t\t<\/div>\t\t\t\t\t\t\n<style>\n#image_1674367468 {\n  width: 100%;\n}\n<\/style>\n\t<\/div>\n\t\n\t\t<\/div>\n\t\t\t\t\t<\/div>\n\n\t\n\n\t<div id=\"col-2019269292\" class=\"col medium-6 small-12 large-6 small-col-first\"  >\n\t\t\t\t<div class=\"col-inner\"  >\n\t\t\t\n\t\t\t\n\t<div id=\"text-3074543567\" class=\"text\">\n\t\t\n<h2>ILI inspekcija \u2013 unutarnji pregled plinovoda<\/h2>\n\t\t\n<style>\n#text-3074543567 {\n  font-size: 1.8rem;\n}\n<\/style>\n\t<\/div>\n\t\n<p>ILI (In-Line Inspection) koristi specijalizirane ure\u0111aje, tzv. \u201cpametne \u010dista\u010de\u201d (smart pigs), koji se kre\u0107u unutar plinovoda. Ove visokotehnolo\u0161ke metode omogu\u0107uju: <\/p>\n<ul>\n<li><strong>Otkrivanje korozije<\/strong> \u2013 rano prepoznavanje problema prije nego \u0161to postanu ozbiljni.<\/li>\n<li><strong>Detekciju pukotina i deformacija<\/strong> \u2013 precizno lociranje strukturnih slabosti.<\/li>\n<li><strong>Pra\u0107enje promjena u zidu plinovoda<\/strong> \u2013 za optimalno planiranje odr\u017eavanja.<\/li>\n<\/ul>\n<p>Tehnologija ILI pru\u017ea podatke visoke to\u010dnosti, uklju\u010duju\u0107i veli\u010dinu, oblik i lokaciju mogu\u0107ih o\u0161te\u0107enja, \u010dime se minimiziraju rizici i osigurava siguran rad plinovoda. <\/p>\n\t\t<\/div>\n\t\t\t\t\t<\/div>\n\n\t\n<\/div>\n\t\t<\/div>\n\n\t\t\n<style>\n#section_490407751 {\n  padding-top: 30px;\n  padding-bottom: 30px;\n  margin-bottom: -30px;\n}\n<\/style>\n\t<\/section>\n\t\n\n\t<section class=\"section\" id=\"section_599515923\">\n\t\t<div class=\"section-bg fill\" >\n\t\t\t\t\t\t\t\t\t\n\t\t\t\n\n\t\t<\/div>\n\n\t\t\n\n\t\t<div class=\"section-content relative\">\n\t\t\t\n<div class=\"row align-middle\"  id=\"row-745230407\">\n\n\t<div id=\"col-950291244\" class=\"col medium-6 small-12 large-6\"  >\n\t\t\t\t<div class=\"col-inner\"  >\n\t\t\t\n\t\t\t\n\t<div id=\"text-2772837594\" class=\"text\">\n\t\t\n<h2>NON-ILI inspekcija \u2013 vanjske metode pregleda<\/h2>\n\t\t\n<style>\n#text-2772837594 {\n  font-size: 1.8rem;\n}\n<\/style>\n\t<\/div>\n\t\n<p>NON-ILI metode idealne su za plinovode koji nisu kompatibilni s unutarnjim ure\u0111ajima. Ove inspekcije koriste napredne vanjske tehnike, uklju\u010duju\u0107i: <\/p>\n<ul>\n<li><strong>Ultrazvu\u010dne preglede<\/strong> \u2013 za procjenu debljine stijenke i otkrivanje korozije.<\/li>\n<li><strong>Magnetne metode (MFL)<\/strong> \u2013 za identifikaciju metalnih nesavr\u0161enosti.<\/li>\n<li><strong>Geofizi\u010dke i vizualne preglede<\/strong> \u2013 za prepoznavanje potencijalnih problema s pristupa\u010dnih lokacija.<\/li>\n<\/ul>\n<p>NON-ILI pristupi omogu\u0107uju fleksibilnost u odr\u017eavanju plinovoda bez potrebe za fizi\u010dkim pristupom unutra\u0161njosti.<\/p>\n\t\t<\/div>\n\t\t\t\t\t<\/div>\n\n\t\n\n\t<div id=\"col-398539702\" class=\"col medium-6 small-12 large-6\"  >\n\t\t\t\t<div class=\"col-inner\"  >\n\t\t\t\n\t\t\t\n\t<div class=\"img has-hover x md-x lg-x y md-y lg-y\" id=\"image_878688785\">\n\t\t\t\t\t\t<div data-animate=\"fadeInRight\">\t\t<div class=\"img-inner dark\" >\n\t\t\t<img loading=\"lazy\" decoding=\"async\" width=\"1020\" height=\"571\" src=\"https:\/\/pfc.hr\/wp-content\/uploads\/2024\/12\/Pipeline-inspection-2.jpg\" class=\"attachment-large size-large\" alt=\"\" \/>\t\t\t\t\t\t\n\t\t\t\t\t<\/div>\n\t\t<\/div>\t\t\t\t\t\t\n<style>\n#image_878688785 {\n  width: 100%;\n}\n<\/style>\n\t<\/div>\n\t\n\t\t<\/div>\n\t\t\t\t\t<\/div>\n\n\t\n<\/div>\n\t\t<\/div>\n\n\t\t\n<style>\n#section_599515923 {\n  padding-top: 50px;\n  padding-bottom: 50px;\n  margin-bottom: -30px;\n  background-color: rgb(255,255,255);\n}\n@media (min-width:850px) {\n  #section_599515923 {\n    padding-top: 80px;\n    padding-bottom: 80px;\n  }\n}\n<\/style>\n\t<\/section>\n\t\n\n\t<section class=\"section dark\" id=\"section_733792316\">\n\t\t<div class=\"section-bg fill\" >\n\t\t\t\t\t\t\t\t\t\n\t\t\t\n\n\t\t<\/div>\n\n\t\t\n\n\t\t<div class=\"section-content relative\">\n\t\t\t\n<div class=\"row align-middle\"  id=\"row-846170532\">\n\n\t<div id=\"col-2089216159\" class=\"col medium-6 small-12 large-6\"  >\n\t\t\t\t<div class=\"col-inner\"  >\n\t\t\t\n\t\t\t\n\t<div id=\"text-3148308789\" class=\"text\">\n\t\t\n<h2>Za\u0161to odabrati nas?<\/h2>\n\t\t\n<style>\n#text-3148308789 {\n  font-size: 1.8rem;\n}\n<\/style>\n\t<\/div>\n\t\n<ul>\n<li><strong>Stru\u010dnost i tehnologija:<\/strong> Dugogodi\u0161nje iskustvo i kori\u0161tenje najnovijih inspekcijskih tehnologija. <\/li>\n<li><strong>Prilago\u0111ena rje\u0161enja:<\/strong> Inspekcije prilago\u0111ene va\u0161im specifi\u010dnim potrebama. <\/li>\n<li><strong>Sveobuhvatni izvje\u0161taji:<\/strong> Jasna analiza i preporuke za odr\u017eavanje. <\/li>\n<\/ul>\n<p>Sigurnost i pouzdanost va\u0161eg plinovoda na\u0161a su misija. Kontaktirajte nas za profesionalne ILI i NON-ILI usluge inspekcije i osigurajte dugoro\u010dnu sigurnost va\u0161eg sustava.  <\/p>\n\t\t<\/div>\n\t\t\t\t\t<\/div>\n\n\t\n\n\t<div id=\"col-156426169\" class=\"col medium-6 small-12 large-6\"  >\n\t\t\t\t<div class=\"col-inner\"  >\n\t\t\t\n\t\t\t\n\n<p><iframe loading=\"lazy\" src=\"https:\/\/www.youtube.com\/embed\/7KaFNcFNaIU?autoplay=0&amp;controls=1&amp;mute=0&amp;playlist=7KaFNcFNaIU&amp;loop=0\" width=\"560\" height=\"313\" frameborder=\"0\"><\/iframe><br \/>\n\n\t\t<\/div>\n\t\t\t\t\t<\/div>\n\n\t\n<\/div>\n\t\t<\/div>\n\n\t\t\n<style>\n#section_733792316 {\n  padding-top: 50px;\n  padding-bottom: 50px;\n  background-color: rgb(85, 85, 84);\n}\n@media (min-width:850px) {\n  #section_733792316 {\n    padding-top: 80px;\n    padding-bottom: 80px;\n  }\n}\n<\/style>\n\t<\/section>\n\t\n\n  <div class=\"banner has-hover\" id=\"banner-1689207398\">\n          <div class=\"banner-inner fill\">\n        <div class=\"banner-bg fill\" >\n                                    <div class=\"overlay\"><\/div>            \n                    <\/div>\n\t\t\n        <div class=\"banner-layers container\">\n            <div class=\"fill banner-link\"><\/div>            \n   <div id=\"text-box-1361677920\" class=\"text-box banner-layer x50 md-x50 lg-x50 y50 md-y50 lg-y50 res-text\">\n                                <div class=\"text-box-content text dark\">\n              \n              <div class=\"text-inner text-center\">\n                  \n\t<div id=\"text-3636709315\" class=\"text\">\n\t\t\n<h5>KONTAKTIRAJTE NAS<\/h5>\n<h3><strong>ZAINTERESIRANI ZA IMPLEMENTACIJU<\/strong><\/h3>\n<p>Na\u0161 implementacijski tim pomo\u0107i \u0107e vam u pronala\u017eenju integriranog rje\u0161enja koje najbolje odgovara va\u0161im potrebama.<\/p>\n\t\t\n<style>\n#text-3636709315 {\n  text-align: center;\n  color: rgb(255, 255, 255);\n}\n#text-3636709315 > * {\n  color: rgb(255, 255, 255);\n}\n<\/style>\n\t<\/div>\n\t\n<a href=\"https:\/\/pfc.hr\/hr\/kontakt\/\" class=\"button white\" style=\"border-radius:99px;\">\n\t\t<span>Zaka\u017eite sastanak<\/span>\n\t<\/a>\n\n<a href=\"mailto:info@pfc.hr\" class=\"button white is-outline\" style=\"border-radius:99px;\">\n\t\t<span>Kontaktirajte nas<\/span>\n\t<\/a>\n\n              <\/div>\n           <\/div>\n                            \n<style>\n#text-box-1361677920 {\n  width: 60%;\n}\n#text-box-1361677920 .text-box-content {\n  font-size: 100%;\n}\n<\/style>\n    <\/div>\n \n        <\/div>\n      <\/div>\n\n            \n<style>\n#banner-1689207398 {\n  padding-top: 500px;\n}\n#banner-1689207398 .overlay {\n  background-color: rgba(0, 0, 0, 0.3);\n}\n@media (min-width:850px) {\n  #banner-1689207398 {\n    padding-top: 600px;\n  }\n}\n<\/style>\n  <\/div>\n\n\n\n","protected":false},"excerpt":{"rendered":"","protected":false},"author":2,"featured_media":2312,"parent":0,"menu_order":0,"comment_status":"closed","ping_status":"closed","template":"page-blank.php","meta":{"footnotes":""},"class_list":["post-1666","page","type-page","status-publish","has-post-thumbnail","hentry"],"yoast_head":"<!-- This site is optimized with the Yoast SEO plugin v27.3 - https:\/\/yoast.com\/product\/yoast-seo-wordpress\/ -->\n<title>ILI i NON-ILI inspekcija i izvje\u0161tavanje - PFC<\/title>\n<meta name=\"description\" content=\"ILI (In-Line Inspection) i NON-ILI (Non-In-Line Inspection) usluge inspekcije i izvje\u0161tavanja omogu\u0107uju detaljnu procjenu stanja cjevovoda.\" \/>\n<meta name=\"robots\" content=\"index, follow, max-snippet:-1, max-image-preview:large, max-video-preview:-1\" \/>\n<link rel=\"canonical\" href=\"https:\/\/pfc.hr\/hr\/ili-i-non-ili-inspekcija-i-izvjestavanje\/\" \/>\n<meta property=\"og:locale\" content=\"hr_HR\" \/>\n<meta property=\"og:type\" content=\"article\" \/>\n<meta property=\"og:title\" content=\"ILI i NON-ILI inspekcija i izvje\u0161tavanje - PFC\" \/>\n<meta property=\"og:description\" content=\"ILI (In-Line Inspection) i NON-ILI (Non-In-Line Inspection) usluge inspekcije i izvje\u0161tavanja omogu\u0107uju detaljnu procjenu stanja cjevovoda.\" \/>\n<meta property=\"og:url\" content=\"https:\/\/pfc.hr\/hr\/ili-i-non-ili-inspekcija-i-izvjestavanje\/\" \/>\n<meta property=\"og:site_name\" content=\"PFC\" \/>\n<meta property=\"article:modified_time\" content=\"2026-01-27T10:40:20+00:00\" \/>\n<meta property=\"og:image\" content=\"https:\/\/pfc.hr\/wp-content\/uploads\/2024\/12\/Pipeline-inspection-2.jpg\" \/>\n\t<meta property=\"og:image:width\" content=\"2870\" \/>\n\t<meta property=\"og:image:height\" content=\"1608\" \/>\n\t<meta property=\"og:image:type\" content=\"image\/jpeg\" \/>\n<meta name=\"twitter:card\" content=\"summary_large_image\" \/>\n<meta name=\"twitter:label1\" content=\"Procijenjeno vrijeme \u010ditanja\" \/>\n\t<meta name=\"twitter:data1\" content=\"4 minute\" \/>\n<script type=\"application\/ld+json\" class=\"yoast-schema-graph\">{\"@context\":\"https:\\\/\\\/schema.org\",\"@graph\":[{\"@type\":\"WebPage\",\"@id\":\"https:\\\/\\\/pfc.hr\\\/hr\\\/ili-i-non-ili-inspekcija-i-izvjestavanje\\\/\",\"url\":\"https:\\\/\\\/pfc.hr\\\/hr\\\/ili-i-non-ili-inspekcija-i-izvjestavanje\\\/\",\"name\":\"ILI i NON-ILI inspekcija i izvje\u0161tavanje - PFC\",\"isPartOf\":{\"@id\":\"https:\\\/\\\/pfc.hr\\\/hr\\\/#website\"},\"primaryImageOfPage\":{\"@id\":\"https:\\\/\\\/pfc.hr\\\/hr\\\/ili-i-non-ili-inspekcija-i-izvjestavanje\\\/#primaryimage\"},\"image\":{\"@id\":\"https:\\\/\\\/pfc.hr\\\/hr\\\/ili-i-non-ili-inspekcija-i-izvjestavanje\\\/#primaryimage\"},\"thumbnailUrl\":\"https:\\\/\\\/pfc.hr\\\/wp-content\\\/uploads\\\/2024\\\/12\\\/Pipeline-inspection-2.jpg\",\"datePublished\":\"2024-10-18T06:30:53+00:00\",\"dateModified\":\"2026-01-27T10:40:20+00:00\",\"description\":\"ILI (In-Line Inspection) i NON-ILI (Non-In-Line Inspection) usluge inspekcije i izvje\u0161tavanja omogu\u0107uju detaljnu procjenu stanja cjevovoda.\",\"breadcrumb\":{\"@id\":\"https:\\\/\\\/pfc.hr\\\/hr\\\/ili-i-non-ili-inspekcija-i-izvjestavanje\\\/#breadcrumb\"},\"inLanguage\":\"hr\",\"potentialAction\":[{\"@type\":\"ReadAction\",\"target\":[\"https:\\\/\\\/pfc.hr\\\/hr\\\/ili-i-non-ili-inspekcija-i-izvjestavanje\\\/\"]}]},{\"@type\":\"ImageObject\",\"inLanguage\":\"hr\",\"@id\":\"https:\\\/\\\/pfc.hr\\\/hr\\\/ili-i-non-ili-inspekcija-i-izvjestavanje\\\/#primaryimage\",\"url\":\"https:\\\/\\\/pfc.hr\\\/wp-content\\\/uploads\\\/2024\\\/12\\\/Pipeline-inspection-2.jpg\",\"contentUrl\":\"https:\\\/\\\/pfc.hr\\\/wp-content\\\/uploads\\\/2024\\\/12\\\/Pipeline-inspection-2.jpg\",\"width\":2870,\"height\":1608},{\"@type\":\"BreadcrumbList\",\"@id\":\"https:\\\/\\\/pfc.hr\\\/hr\\\/ili-i-non-ili-inspekcija-i-izvjestavanje\\\/#breadcrumb\",\"itemListElement\":[{\"@type\":\"ListItem\",\"position\":1,\"name\":\"Home\",\"item\":\"https:\\\/\\\/pfc.hr\\\/hr\\\/pico-flow-controls\\\/\"},{\"@type\":\"ListItem\",\"position\":2,\"name\":\"ILI i NON-ILI inspekcija i izvje\u0161tavanje\"}]},{\"@type\":\"WebSite\",\"@id\":\"https:\\\/\\\/pfc.hr\\\/hr\\\/#website\",\"url\":\"https:\\\/\\\/pfc.hr\\\/hr\\\/\",\"name\":\"PFC\",\"description\":\"\",\"publisher\":{\"@id\":\"https:\\\/\\\/pfc.hr\\\/hr\\\/#organization\"},\"potentialAction\":[{\"@type\":\"SearchAction\",\"target\":{\"@type\":\"EntryPoint\",\"urlTemplate\":\"https:\\\/\\\/pfc.hr\\\/hr\\\/?s={search_term_string}\"},\"query-input\":{\"@type\":\"PropertyValueSpecification\",\"valueRequired\":true,\"valueName\":\"search_term_string\"}}],\"inLanguage\":\"hr\"},{\"@type\":\"Organization\",\"@id\":\"https:\\\/\\\/pfc.hr\\\/hr\\\/#organization\",\"name\":\"Pico Flow Controls\",\"url\":\"https:\\\/\\\/pfc.hr\\\/hr\\\/\",\"logo\":{\"@type\":\"ImageObject\",\"inLanguage\":\"hr\",\"@id\":\"https:\\\/\\\/pfc.hr\\\/hr\\\/#\\\/schema\\\/logo\\\/image\\\/\",\"url\":\"https:\\\/\\\/pfc.hr\\\/wp-content\\\/uploads\\\/2024\\\/10\\\/PFC_Main_Logo.png\",\"contentUrl\":\"https:\\\/\\\/pfc.hr\\\/wp-content\\\/uploads\\\/2024\\\/10\\\/PFC_Main_Logo.png\",\"width\":3920,\"height\":1140,\"caption\":\"Pico Flow Controls\"},\"image\":{\"@id\":\"https:\\\/\\\/pfc.hr\\\/hr\\\/#\\\/schema\\\/logo\\\/image\\\/\"}}]}<\/script>\n<!-- \/ Yoast SEO plugin. -->","yoast_head_json":{"title":"ILI i NON-ILI inspekcija i izvje\u0161tavanje - PFC","description":"ILI (In-Line Inspection) i NON-ILI (Non-In-Line Inspection) usluge inspekcije i izvje\u0161tavanja omogu\u0107uju detaljnu procjenu stanja cjevovoda.","robots":{"index":"index","follow":"follow","max-snippet":"max-snippet:-1","max-image-preview":"max-image-preview:large","max-video-preview":"max-video-preview:-1"},"canonical":"https:\/\/pfc.hr\/hr\/ili-i-non-ili-inspekcija-i-izvjestavanje\/","og_locale":"hr_HR","og_type":"article","og_title":"ILI i NON-ILI inspekcija i izvje\u0161tavanje - PFC","og_description":"ILI (In-Line Inspection) i NON-ILI (Non-In-Line Inspection) usluge inspekcije i izvje\u0161tavanja omogu\u0107uju detaljnu procjenu stanja cjevovoda.","og_url":"https:\/\/pfc.hr\/hr\/ili-i-non-ili-inspekcija-i-izvjestavanje\/","og_site_name":"PFC","article_modified_time":"2026-01-27T10:40:20+00:00","og_image":[{"width":2870,"height":1608,"url":"https:\/\/pfc.hr\/wp-content\/uploads\/2024\/12\/Pipeline-inspection-2.jpg","type":"image\/jpeg"}],"twitter_card":"summary_large_image","twitter_misc":{"Procijenjeno vrijeme \u010ditanja":"4 minute"},"schema":{"@context":"https:\/\/schema.org","@graph":[{"@type":"WebPage","@id":"https:\/\/pfc.hr\/hr\/ili-i-non-ili-inspekcija-i-izvjestavanje\/","url":"https:\/\/pfc.hr\/hr\/ili-i-non-ili-inspekcija-i-izvjestavanje\/","name":"ILI i NON-ILI inspekcija i izvje\u0161tavanje - PFC","isPartOf":{"@id":"https:\/\/pfc.hr\/hr\/#website"},"primaryImageOfPage":{"@id":"https:\/\/pfc.hr\/hr\/ili-i-non-ili-inspekcija-i-izvjestavanje\/#primaryimage"},"image":{"@id":"https:\/\/pfc.hr\/hr\/ili-i-non-ili-inspekcija-i-izvjestavanje\/#primaryimage"},"thumbnailUrl":"https:\/\/pfc.hr\/wp-content\/uploads\/2024\/12\/Pipeline-inspection-2.jpg","datePublished":"2024-10-18T06:30:53+00:00","dateModified":"2026-01-27T10:40:20+00:00","description":"ILI (In-Line Inspection) i NON-ILI (Non-In-Line Inspection) usluge inspekcije i izvje\u0161tavanja omogu\u0107uju detaljnu procjenu stanja cjevovoda.","breadcrumb":{"@id":"https:\/\/pfc.hr\/hr\/ili-i-non-ili-inspekcija-i-izvjestavanje\/#breadcrumb"},"inLanguage":"hr","potentialAction":[{"@type":"ReadAction","target":["https:\/\/pfc.hr\/hr\/ili-i-non-ili-inspekcija-i-izvjestavanje\/"]}]},{"@type":"ImageObject","inLanguage":"hr","@id":"https:\/\/pfc.hr\/hr\/ili-i-non-ili-inspekcija-i-izvjestavanje\/#primaryimage","url":"https:\/\/pfc.hr\/wp-content\/uploads\/2024\/12\/Pipeline-inspection-2.jpg","contentUrl":"https:\/\/pfc.hr\/wp-content\/uploads\/2024\/12\/Pipeline-inspection-2.jpg","width":2870,"height":1608},{"@type":"BreadcrumbList","@id":"https:\/\/pfc.hr\/hr\/ili-i-non-ili-inspekcija-i-izvjestavanje\/#breadcrumb","itemListElement":[{"@type":"ListItem","position":1,"name":"Home","item":"https:\/\/pfc.hr\/hr\/pico-flow-controls\/"},{"@type":"ListItem","position":2,"name":"ILI i NON-ILI inspekcija i izvje\u0161tavanje"}]},{"@type":"WebSite","@id":"https:\/\/pfc.hr\/hr\/#website","url":"https:\/\/pfc.hr\/hr\/","name":"PFC","description":"","publisher":{"@id":"https:\/\/pfc.hr\/hr\/#organization"},"potentialAction":[{"@type":"SearchAction","target":{"@type":"EntryPoint","urlTemplate":"https:\/\/pfc.hr\/hr\/?s={search_term_string}"},"query-input":{"@type":"PropertyValueSpecification","valueRequired":true,"valueName":"search_term_string"}}],"inLanguage":"hr"},{"@type":"Organization","@id":"https:\/\/pfc.hr\/hr\/#organization","name":"Pico Flow Controls","url":"https:\/\/pfc.hr\/hr\/","logo":{"@type":"ImageObject","inLanguage":"hr","@id":"https:\/\/pfc.hr\/hr\/#\/schema\/logo\/image\/","url":"https:\/\/pfc.hr\/wp-content\/uploads\/2024\/10\/PFC_Main_Logo.png","contentUrl":"https:\/\/pfc.hr\/wp-content\/uploads\/2024\/10\/PFC_Main_Logo.png","width":3920,"height":1140,"caption":"Pico Flow Controls"},"image":{"@id":"https:\/\/pfc.hr\/hr\/#\/schema\/logo\/image\/"}}]}},"_links":{"self":[{"href":"https:\/\/pfc.hr\/hr\/wp-json\/wp\/v2\/pages\/1666","targetHints":{"allow":["GET"]}}],"collection":[{"href":"https:\/\/pfc.hr\/hr\/wp-json\/wp\/v2\/pages"}],"about":[{"href":"https:\/\/pfc.hr\/hr\/wp-json\/wp\/v2\/types\/page"}],"author":[{"embeddable":true,"href":"https:\/\/pfc.hr\/hr\/wp-json\/wp\/v2\/users\/2"}],"replies":[{"embeddable":true,"href":"https:\/\/pfc.hr\/hr\/wp-json\/wp\/v2\/comments?post=1666"}],"version-history":[{"count":41,"href":"https:\/\/pfc.hr\/hr\/wp-json\/wp\/v2\/pages\/1666\/revisions"}],"predecessor-version":[{"id":19678,"href":"https:\/\/pfc.hr\/hr\/wp-json\/wp\/v2\/pages\/1666\/revisions\/19678"}],"wp:featuredmedia":[{"embeddable":true,"href":"https:\/\/pfc.hr\/hr\/wp-json\/wp\/v2\/media\/2312"}],"wp:attachment":[{"href":"https:\/\/pfc.hr\/hr\/wp-json\/wp\/v2\/media?parent=1666"}],"curies":[{"name":"wp","href":"https:\/\/api.w.org\/{rel}","templated":true}]}}