
{"id":1658,"date":"2024-10-18T08:24:30","date_gmt":"2024-10-18T06:24:30","guid":{"rendered":"https:\/\/pfc.hr\/usluga-gradnja\/gradevinske-elektro-i-instrumentalne-usluge\/instrumentacijski-radovi\/"},"modified":"2026-01-27T15:12:55","modified_gmt":"2026-01-27T14:12:55","slug":"procesna-instrumentacija","status":"publish","type":"page","link":"https:\/\/pfc.hr\/hr\/procesna-instrumentacija\/","title":{"rendered":"Procesna instrumentacija"},"content":{"rendered":"\n\t<section class=\"section dark\" id=\"section_1957966098\">\n\t\t<div class=\"section-bg fill\" >\n\t\t\t\t\t\t\t\t\t<div class=\"section-bg-overlay absolute fill\"><\/div>\n\t\t\t\n\n\t\t<\/div>\n\n\t\t\n\n\t\t<div class=\"section-content relative\">\n\t\t\t\n<div class=\"row align-middle\"  id=\"row-1392993841\">\n\n\t<div id=\"col-1811893216\" class=\"col medium-11 small-12 large-11\"  >\n\t\t\t\t<div class=\"col-inner\"  >\n\t\t\t\n\t\t\t\n\t<div id=\"text-772017593\" class=\"text hidden\">\n\t\t\n<h5>ADVANCED PIPELINE PROTECTION<\/h5>\n\t\t\t<\/div>\n\t\n\t<div id=\"text-1626500719\" class=\"text\">\n\t\t\n<h1>Procesna instrumentacija<\/h1>\n\t\t\n<style>\n#text-1626500719 {\n  font-size: 3rem;\n}\n<\/style>\n\t<\/div>\n\t\n<a href=\"https:\/\/pfc.hr\/hr\/kontakt\/\" class=\"button primary\" style=\"border-radius:99px;\">\n\t\t<span>Po\u0161aljite upit<\/span>\n\t<\/a>\n\n\t\t<\/div>\n\t\t\t\t\t<\/div>\n\n\t\n<\/div>\n\t\t<\/div>\n\n\t\t\n<style>\n#section_1957966098 {\n  padding-top: 50px;\n  padding-bottom: 50px;\n  min-height: 500px;\n}\n#section_1957966098 .section-bg-overlay {\n  background-color: rgba(0, 0, 0, 0.3);\n}\n@media (min-width:550px) {\n  #section_1957966098 {\n    padding-top: 80px;\n    padding-bottom: 80px;\n  }\n}\n@media (min-width:850px) {\n  #section_1957966098 {\n    min-height: 600px;\n  }\n}\n<\/style>\n\t<\/section>\n\t\n\n\t<section class=\"section\" id=\"section_1875104404\">\n\t\t<div class=\"section-bg fill\" >\n\t\t\t\t\t\t\t\t\t\n\t\t\t\n\n\t\t<\/div>\n\n\t\t\n\n\t\t<div class=\"section-content relative\">\n\t\t\t\n<div class=\"row align-middle\"  id=\"row-154065237\">\n\n\t<div id=\"col-1470336096\" class=\"col medium-6 small-12 large-6\"  >\n\t\t\t\t<div class=\"col-inner\"  >\n\t\t\t\n\t\t\t\n\t<div class=\"img has-hover x md-x lg-x y md-y lg-y\" id=\"image_32904619\">\n\t\t\t\t\t\t<div data-animate=\"fadeInLeft\">\t\t<div class=\"img-inner box-shadow-2 dark\" >\n\t\t\t<img loading=\"lazy\" decoding=\"async\" width=\"1020\" height=\"571\" src=\"https:\/\/pfc.hr\/wp-content\/uploads\/2025\/02\/Process-instrumentation.jpg\" class=\"attachment-large size-large\" alt=\"procesna instrumentacija\" \/>\t\t\t\t\t\t\n\t\t\t\t\t<\/div>\n\t\t<\/div>\t\t\t\t\t\t\n<style>\n#image_32904619 {\n  width: 100%;\n}\n<\/style>\n\t<\/div>\n\t\n\t\t<\/div>\n\t\t\t\t\t<\/div>\n\n\t\n\n\t<div id=\"col-70376577\" class=\"col medium-6 small-12 large-6 small-col-first\"  >\n\t\t\t\t<div class=\"col-inner\"  >\n\t\t\t\n\t\t\t\n\t<div id=\"text-3539477253\" class=\"text\">\n\t\t\n<h2>Procesna instrumentacija<\/h2>\n\t\t\n<style>\n#text-3539477253 {\n  font-size: 1.8rem;\n}\n<\/style>\n\t<\/div>\n\t\n<p>Precizno pode\u0161eni instrumenti omogu\u0107uju u\u010dinkovito upravljanje industrijskim postrojenjima, osiguravaju sigurnost procesa te jam\u010de visoku kvalitetu i u\u010dinkovitost krajnjih proizvoda. <\/p>\n\t<div id=\"gap-864325696\" class=\"gap-element clearfix\" style=\"display:block; height:auto;\">\n\t\t\n<style>\n#gap-864325696 {\n  padding-top: 30px;\n}\n<\/style>\n\t<\/div>\n\t\n\t<div id=\"text-1444790605\" class=\"text\">\n\t\t\n<h2>Primjena<\/h2>\n\t\t\n<style>\n#text-1444790605 {\n  font-size: 1.2rem;\n}\n<\/style>\n\t<\/div>\n\t\n<p>Procesna instrumentacija ima klju\u010dnu ulogu u industrijama poput energetike, kemijske industrije, naftne i plinske industrije, farmaceutike i prehrambene industrije.<\/p>\n\t\t<\/div>\n\t\t\t\t\t<\/div>\n\n\t\n<\/div>\n\t\t<\/div>\n\n\t\t\n<style>\n#section_1875104404 {\n  padding-top: 50px;\n  padding-bottom: 50px;\n  margin-bottom: -60px;\n}\n@media (min-width:850px) {\n  #section_1875104404 {\n    padding-top: 80px;\n    padding-bottom: 80px;\n  }\n}\n<\/style>\n\t<\/section>\n\t\n\n\n\t<section class=\"section\" id=\"section_1903537842\">\n\t\t<div class=\"section-bg fill\" >\n\t\t\t\t\t\t\t\t\t\n\t\t\t\n\n\t\t<\/div>\n\n\t\t\n\n\t\t<div class=\"section-content relative\">\n\t\t\t\n<div class=\"row align-middle\"  id=\"row-1962924017\">\n\n\t<div id=\"col-52043322\" class=\"col medium-6 small-12 large-6\"  >\n\t\t\t\t<div class=\"col-inner\"  >\n\t\t\t\n\t\t\t\n\t<div id=\"text-1161763475\" class=\"text\">\n\t\t\n<h2>Usluge<\/h2>\n\t\t\n<style>\n#text-1161763475 {\n  font-size: 1.8rem;\n}\n<\/style>\n\t<\/div>\n\t\n<p>Na\u0161 \u0161iroki spektar usluga obuhva\u0107a prodaju, ugradnju (procesno i elektro povezivanje), parametriranje te servis sljede\u0107e instrumentacijske opreme:<\/p>\n<ul>\n<li>Mjerni pretvornici tlaka, temperature, razine, protoka, vibracije itd.<\/li>\n<li>ON\/OFF ventili s pneumatskim ili elektri\u010dnim aktuatorima<\/li>\n<li>Regulacijski ventili s pneumatskim ili elektri\u010dnim aktuatorima<\/li>\n<li>Ra\u010dunala protoka, uklju\u010duju\u0107i fiskalna mjerenja<\/li>\n<li>PLC i HMI \u2013 programabilni logi\u010dki kontroleri i zasloni za upravljanje procesom<\/li>\n<li>SCADA sustavi za prikaz, upravljanje i spremanje procesnih parametara<\/li>\n<\/ul>\n\t\t<\/div>\n\t\t\t\t\t<\/div>\n\n\t\n\n\t<div id=\"col-850745691\" class=\"col medium-6 small-12 large-6\"  >\n\t\t\t\t<div class=\"col-inner\"  >\n\t\t\t\n\t\t\t\n\t<div class=\"img has-hover x md-x lg-x y md-y lg-y\" id=\"image_540413152\">\n\t\t\t\t\t\t<div data-animate=\"fadeInRight\">\t\t<div class=\"img-inner box-shadow-2 dark\" >\n\t\t\t<img loading=\"lazy\" decoding=\"async\" width=\"1020\" height=\"571\" src=\"https:\/\/pfc.hr\/wp-content\/uploads\/2025\/02\/Process-instrumentation-services.jpg\" class=\"attachment-large size-large\" alt=\"procesna instrumentacija\" \/>\t\t\t\t\t\t\n\t\t\t\t\t<\/div>\n\t\t<\/div>\t\t\t\t\t\t\n<style>\n#image_540413152 {\n  width: 100%;\n}\n<\/style>\n\t<\/div>\n\t\n\t\t<\/div>\n\t\t\t\t\t<\/div>\n\n\t\n<\/div>\n\t\t<\/div>\n\n\t\t\n<style>\n#section_1903537842 {\n  padding-top: 50px;\n  padding-bottom: 50px;\n  margin-bottom: -30px;\n  background-color: rgb(255,255,255);\n}\n@media (min-width:850px) {\n  #section_1903537842 {\n    padding-top: 80px;\n    padding-bottom: 80px;\n  }\n}\n<\/style>\n\t<\/section>\n\t\n\n\t<section class=\"section\" id=\"section_1851657682\">\n\t\t<div class=\"section-bg fill\" >\n\t\t\t\t\t\t\t\t\t\n\t\t\t\n\n\t\t<\/div>\n\n\t\t\n\n\t\t<div class=\"section-content relative\">\n\t\t\t\n<div class=\"row align-middle\"  id=\"row-702107907\">\n\n\t<div id=\"col-61391885\" class=\"col medium-6 small-12 large-6\"  >\n\t\t\t\t<div class=\"col-inner\"  >\n\t\t\t\n\t\t\t\n\t<div class=\"img has-hover x md-x lg-x y md-y lg-y\" id=\"image_946322516\">\n\t\t\t\t\t\t<div data-animate=\"fadeInLeft\">\t\t<div class=\"img-inner box-shadow-2 dark\" >\n\t\t\t<img loading=\"lazy\" decoding=\"async\" width=\"1020\" height=\"571\" src=\"https:\/\/pfc.hr\/wp-content\/uploads\/2025\/02\/Process-instrumentation-equipment.jpg\" class=\"attachment-large size-large\" alt=\"procesna instrumentacija\" \/>\t\t\t\t\t\t\n\t\t\t\t\t<\/div>\n\t\t<\/div>\t\t\t\t\t\t\n<style>\n#image_946322516 {\n  width: 100%;\n}\n<\/style>\n\t<\/div>\n\t\n\t\t<\/div>\n\t\t\t\t\t<\/div>\n\n\t\n\n\t<div id=\"col-1645421486\" class=\"col medium-6 small-12 large-6 small-col-first\"  >\n\t\t\t\t<div class=\"col-inner\"  >\n\t\t\t\n\t\t\t\n\t<div id=\"text-1520748433\" class=\"text hidden\">\n\t\t\n<h5>NAPREDNA ZA\u0160TITA CJEVOVODA<\/h5>\n\t\t\t<\/div>\n\t\n\t<div id=\"text-1204834049\" class=\"text\">\n\t\t\n<h2>Za\u0161to odabrati nas?<\/h2>\n\t\t\n<style>\n#text-1204834049 {\n  font-size: 1.8rem;\n}\n<\/style>\n\t<\/div>\n\t\n<p>Klijentima pru\u017eamo sveobuhvatnu podr\u0161ku u svim fazama projekta, uklju\u010duju\u0107i idejno rje\u0161enje, projektiranje, nabavku opreme, ugradnju, odr\u017eavanje i servis. <\/p>\n<p>Bez obzira na slo\u017eenost sustava, od jednostavnih rje\u0161enja do kompleksnih sustava s vi\u0161e tisu\u0107a signala, osiguravamo visoku razinu pouzdanosti i u\u010dinkovitosti.<\/p>\n\t\t<\/div>\n\t\t\t\t\t<\/div>\n\n\t\n<\/div>\n\t\t<\/div>\n\n\t\t\n<style>\n#section_1851657682 {\n  padding-top: 30px;\n  padding-bottom: 30px;\n}\n<\/style>\n\t<\/section>\n\t\n\n\n\n\n  <div class=\"banner has-hover\" id=\"banner-395918699\">\n          <div class=\"banner-inner fill\">\n        <div class=\"banner-bg fill\" >\n                                    <div class=\"overlay\"><\/div>            \n                    <\/div>\n\t\t\n        <div class=\"banner-layers container\">\n            <div class=\"fill banner-link\"><\/div>            \n   <div id=\"text-box-1990171191\" class=\"text-box banner-layer x50 md-x50 lg-x50 y50 md-y50 lg-y50 res-text\">\n                                <div class=\"text-box-content text dark\">\n              \n              <div class=\"text-inner text-center\">\n                  \n\t<div id=\"text-4204963441\" class=\"text\">\n\t\t\n<h5>KONTAKTIRAJTE NAS<\/h5>\n<h3><strong>ZAINTERESIRANI ZA IMPLEMENTACIJU?<\/strong><\/h3>\n<p>Na\u0161 implementacijski tim pomo\u0107i \u0107e vam u pronala\u017eenju integriranog rje\u0161enja koje najbolje odgovara va\u0161im potrebama.<br \/>\n\t\t\n<style>\n#text-4204963441 {\n  text-align: center;\n  color: rgb(255, 255, 255);\n}\n#text-4204963441 > * {\n  color: rgb(255, 255, 255);\n}\n<\/style>\n\t<\/div>\n\t\n<a href=\"https:\/\/pfc.hr\/hr\/kontakt\/\" class=\"button white\" style=\"border-radius:99px;\">\n\t\t<span>Zaka\u017eite sastanak<\/span>\n\t<\/a>\n\n<a href=\"mailto:info@pfc.hr\" class=\"button white is-outline\" style=\"border-radius:99px;\">\n\t\t<span>Kontaktirajte nas<\/span>\n\t<\/a>\n\n              <\/div>\n           <\/div>\n                            \n<style>\n#text-box-1990171191 {\n  width: 60%;\n}\n#text-box-1990171191 .text-box-content {\n  font-size: 100%;\n}\n<\/style>\n    <\/div>\n \n        <\/div>\n      <\/div>\n\n            \n<style>\n#banner-395918699 {\n  padding-top: 400px;\n}\n#banner-395918699 .overlay {\n  background-color: rgba(0, 0, 0, 0.3);\n}\n@media (min-width:550px) {\n  #banner-395918699 {\n    padding-top: 500px;\n  }\n}\n@media (min-width:850px) {\n  #banner-395918699 {\n    padding-top: 600px;\n  }\n}\n<\/style>\n  <\/div>\n\n\n\n\t<section class=\"section\" id=\"section_1416682166\">\n\t\t<div class=\"section-bg fill\" >\n\t\t\t\t\t\t\t\t\t\n\t\t\t\n\n\t\t<\/div>\n\n\t\t\n\n\t\t<div class=\"section-content relative\">\n\t\t\t\n<div class=\"row\"  id=\"row-679495838\">\n\n\t<div id=\"col-1816859117\" class=\"col small-12 large-12\"  >\n\t\t\t\t<div class=\"col-inner\"  >\n\t\t\t\n\t\t\t\n\n  \n    <div class=\"row large-columns-1 medium-columns-1 small-columns-1 row-small has-shadow row-box-shadow-3\" >\n  <div class=\"col post-item\" >\n\t\t\t<div class=\"col-inner\">\n\t\t\t\t<div class=\"box box-normal box-text-bottom box-blog-post has-hover\">\n            \t\t\t\t\t<div class=\"box-image\" >\n  \t\t\t\t\t\t<div class=\"image-cover\" style=\"padding-top:56.25%;\">\n\t\t\t\t\t\t\t<a href=\"https:\/\/pfc.hr\/hr\/pfc-grupa-feromihin-prvo-sudjelovanje-na-online-kongresu\/\" class=\"plain\" aria-label=\"PFC Grupa (Feromihin) prvo sudjelovanje na Online kongresu\">\n\t\t\t\t\t\t\t\t<img loading=\"lazy\" decoding=\"async\" width=\"300\" height=\"158\" src=\"https:\/\/pfc.hr\/wp-content\/uploads\/2019\/12\/PFC_TOGC2020.jpg\" class=\"attachment-medium size-medium wp-post-image\" alt=\"kongres togc 2020\" \/>\t\t\t\t\t\t\t<\/a>\n  \t\t\t\t\t\t\t  \t\t\t\t\t\t\t  \t\t\t\t\t\t<\/div>\n  \t\t\t\t\t\t  \t\t\t\t\t<\/div>\n          \t\t\t\t\t<div class=\"box-text text-center\" >\n\t\t\t\t\t<div class=\"box-text-inner blog-post-inner\">\n\n\t\t\t\t\t\n\t\t\t\t\t\t\t\t\t\t<h5 class=\"post-title is-large \">\n\t\t\t\t\t\t<a href=\"https:\/\/pfc.hr\/hr\/pfc-grupa-feromihin-prvo-sudjelovanje-na-online-kongresu\/\" class=\"plain\">PFC Grupa (Feromihin) prvo sudjelovanje na Online kongresu<\/a>\n\t\t\t\t\t<\/h5>\n\t\t\t\t\t\t\t\t\t\t<div class=\"is-divider\"><\/div>\n\t\t\t\t\t\t\t\t\t\t<p class=\"from_the_blog_excerpt \">\n\t\t\t\t\t\tTOGC 2020 je godi\u0161nji Kongres posve\u0107en prijevozu nafte i plina koji uklju\u010duje pitanja automatizacije i [...]\t\t\t\t\t<\/p>\n\t\t\t\t\t                    \n\t\t\t\t\t\t\t\t\t\t\t<a href=\"https:\/\/pfc.hr\/hr\/pfc-grupa-feromihin-prvo-sudjelovanje-na-online-kongresu\/\" class=\"button primary is-default is-small mb-0\">\n\t\t\t\t\t\t\tSaznaj vi\u0161e\t\t\t\t\t\t<\/a>\n\t\t\t\t\t\n\t\t\t\t\t\n\t\t\t\t\t<\/div>\n\t\t\t\t\t<\/div>\n\t\t\t\t\t\t\t\t\t\t\t\t\t\t\t\t<div class=\"badge absolute top post-date badge-circle-inside\">\n\t\t\t\t\t\t\t<div class=\"badge-inner\">\n\t\t\t\t\t\t\t\t<span class=\"post-date-day\">11<\/span><br>\n\t\t\t\t\t\t\t\t<span class=\"post-date-month is-xsmall\">pro<\/span>\n\t\t\t\t\t\t\t<\/div>\n\t\t\t\t\t\t<\/div>\n\t\t\t\t\t\t\t\t\t<\/div>\n\t\t\t<\/div>\n\t\t<\/div><\/div>\n\t\t<\/div>\n\t\t\t\t\t<\/div>\n\n\t\n<\/div>\n\t\t<\/div>\n\n\t\t\n<style>\n#section_1416682166 {\n  padding-top: 50px;\n  padding-bottom: 50px;\n}\n@media (min-width:850px) {\n  #section_1416682166 {\n    padding-top: 80px;\n    padding-bottom: 80px;\n  }\n}\n<\/style>\n\t<\/section>\n\t\n","protected":false},"excerpt":{"rendered":"","protected":false},"author":2,"featured_media":4112,"parent":0,"menu_order":0,"comment_status":"closed","ping_status":"closed","template":"page-blank.php","meta":{"footnotes":""},"class_list":["post-1658","page","type-page","status-publish","has-post-thumbnail","hentry"],"yoast_head":"<!-- This site is optimized with the Yoast SEO plugin v27.3 - https:\/\/yoast.com\/product\/yoast-seo-wordpress\/ -->\n<title>Procesna instrumentacija - PFC<\/title>\n<meta name=\"description\" content=\"Procesna instrumentacija obuhva\u0107a precizno kalibrirane instrumente koji se koriste za nadzor, upravljanje i optimizaciju industrijskih procesa.\" \/>\n<meta name=\"robots\" content=\"index, follow, max-snippet:-1, max-image-preview:large, max-video-preview:-1\" \/>\n<link rel=\"canonical\" href=\"https:\/\/pfc.hr\/hr\/procesna-instrumentacija\/\" \/>\n<meta property=\"og:locale\" content=\"hr_HR\" \/>\n<meta property=\"og:type\" content=\"article\" \/>\n<meta property=\"og:title\" content=\"Procesna instrumentacija - PFC\" \/>\n<meta property=\"og:description\" content=\"Procesna instrumentacija obuhva\u0107a precizno kalibrirane instrumente koji se koriste za nadzor, upravljanje i optimizaciju industrijskih procesa.\" \/>\n<meta property=\"og:url\" content=\"https:\/\/pfc.hr\/hr\/procesna-instrumentacija\/\" \/>\n<meta property=\"og:site_name\" content=\"PFC\" \/>\n<meta property=\"article:modified_time\" content=\"2026-01-27T14:12:55+00:00\" \/>\n<meta property=\"og:image\" content=\"https:\/\/pfc.hr\/wp-content\/uploads\/2025\/02\/Process-instrumentation.jpg\" \/>\n\t<meta property=\"og:image:width\" content=\"2870\" \/>\n\t<meta property=\"og:image:height\" content=\"1608\" \/>\n\t<meta property=\"og:image:type\" content=\"image\/jpeg\" \/>\n<meta name=\"twitter:card\" content=\"summary_large_image\" \/>\n<meta name=\"twitter:label1\" content=\"Procijenjeno vrijeme \u010ditanja\" \/>\n\t<meta name=\"twitter:data1\" content=\"3 minute\" \/>\n<script type=\"application\/ld+json\" class=\"yoast-schema-graph\">{\"@context\":\"https:\\\/\\\/schema.org\",\"@graph\":[{\"@type\":\"WebPage\",\"@id\":\"https:\\\/\\\/pfc.hr\\\/hr\\\/procesna-instrumentacija\\\/\",\"url\":\"https:\\\/\\\/pfc.hr\\\/hr\\\/procesna-instrumentacija\\\/\",\"name\":\"Procesna instrumentacija - PFC\",\"isPartOf\":{\"@id\":\"https:\\\/\\\/pfc.hr\\\/hr\\\/#website\"},\"primaryImageOfPage\":{\"@id\":\"https:\\\/\\\/pfc.hr\\\/hr\\\/procesna-instrumentacija\\\/#primaryimage\"},\"image\":{\"@id\":\"https:\\\/\\\/pfc.hr\\\/hr\\\/procesna-instrumentacija\\\/#primaryimage\"},\"thumbnailUrl\":\"https:\\\/\\\/pfc.hr\\\/wp-content\\\/uploads\\\/2025\\\/02\\\/Process-instrumentation.jpg\",\"datePublished\":\"2024-10-18T06:24:30+00:00\",\"dateModified\":\"2026-01-27T14:12:55+00:00\",\"description\":\"Procesna instrumentacija obuhva\u0107a precizno kalibrirane instrumente koji se koriste za nadzor, upravljanje i optimizaciju industrijskih procesa.\",\"breadcrumb\":{\"@id\":\"https:\\\/\\\/pfc.hr\\\/hr\\\/procesna-instrumentacija\\\/#breadcrumb\"},\"inLanguage\":\"hr\",\"potentialAction\":[{\"@type\":\"ReadAction\",\"target\":[\"https:\\\/\\\/pfc.hr\\\/hr\\\/procesna-instrumentacija\\\/\"]}]},{\"@type\":\"ImageObject\",\"inLanguage\":\"hr\",\"@id\":\"https:\\\/\\\/pfc.hr\\\/hr\\\/procesna-instrumentacija\\\/#primaryimage\",\"url\":\"https:\\\/\\\/pfc.hr\\\/wp-content\\\/uploads\\\/2025\\\/02\\\/Process-instrumentation.jpg\",\"contentUrl\":\"https:\\\/\\\/pfc.hr\\\/wp-content\\\/uploads\\\/2025\\\/02\\\/Process-instrumentation.jpg\",\"width\":2870,\"height\":1608,\"caption\":\"procesna instrumentacija\"},{\"@type\":\"BreadcrumbList\",\"@id\":\"https:\\\/\\\/pfc.hr\\\/hr\\\/procesna-instrumentacija\\\/#breadcrumb\",\"itemListElement\":[{\"@type\":\"ListItem\",\"position\":1,\"name\":\"Home\",\"item\":\"https:\\\/\\\/pfc.hr\\\/hr\\\/pico-flow-controls\\\/\"},{\"@type\":\"ListItem\",\"position\":2,\"name\":\"Procesna instrumentacija\"}]},{\"@type\":\"WebSite\",\"@id\":\"https:\\\/\\\/pfc.hr\\\/hr\\\/#website\",\"url\":\"https:\\\/\\\/pfc.hr\\\/hr\\\/\",\"name\":\"PFC\",\"description\":\"\",\"publisher\":{\"@id\":\"https:\\\/\\\/pfc.hr\\\/hr\\\/#organization\"},\"potentialAction\":[{\"@type\":\"SearchAction\",\"target\":{\"@type\":\"EntryPoint\",\"urlTemplate\":\"https:\\\/\\\/pfc.hr\\\/hr\\\/?s={search_term_string}\"},\"query-input\":{\"@type\":\"PropertyValueSpecification\",\"valueRequired\":true,\"valueName\":\"search_term_string\"}}],\"inLanguage\":\"hr\"},{\"@type\":\"Organization\",\"@id\":\"https:\\\/\\\/pfc.hr\\\/hr\\\/#organization\",\"name\":\"Pico Flow Controls\",\"url\":\"https:\\\/\\\/pfc.hr\\\/hr\\\/\",\"logo\":{\"@type\":\"ImageObject\",\"inLanguage\":\"hr\",\"@id\":\"https:\\\/\\\/pfc.hr\\\/hr\\\/#\\\/schema\\\/logo\\\/image\\\/\",\"url\":\"https:\\\/\\\/pfc.hr\\\/wp-content\\\/uploads\\\/2024\\\/10\\\/PFC_Main_Logo.png\",\"contentUrl\":\"https:\\\/\\\/pfc.hr\\\/wp-content\\\/uploads\\\/2024\\\/10\\\/PFC_Main_Logo.png\",\"width\":3920,\"height\":1140,\"caption\":\"Pico Flow Controls\"},\"image\":{\"@id\":\"https:\\\/\\\/pfc.hr\\\/hr\\\/#\\\/schema\\\/logo\\\/image\\\/\"}}]}<\/script>\n<!-- \/ Yoast SEO plugin. -->","yoast_head_json":{"title":"Procesna instrumentacija - PFC","description":"Procesna instrumentacija obuhva\u0107a precizno kalibrirane instrumente koji se koriste za nadzor, upravljanje i optimizaciju industrijskih procesa.","robots":{"index":"index","follow":"follow","max-snippet":"max-snippet:-1","max-image-preview":"max-image-preview:large","max-video-preview":"max-video-preview:-1"},"canonical":"https:\/\/pfc.hr\/hr\/procesna-instrumentacija\/","og_locale":"hr_HR","og_type":"article","og_title":"Procesna instrumentacija - PFC","og_description":"Procesna instrumentacija obuhva\u0107a precizno kalibrirane instrumente koji se koriste za nadzor, upravljanje i optimizaciju industrijskih procesa.","og_url":"https:\/\/pfc.hr\/hr\/procesna-instrumentacija\/","og_site_name":"PFC","article_modified_time":"2026-01-27T14:12:55+00:00","og_image":[{"width":2870,"height":1608,"url":"https:\/\/pfc.hr\/wp-content\/uploads\/2025\/02\/Process-instrumentation.jpg","type":"image\/jpeg"}],"twitter_card":"summary_large_image","twitter_misc":{"Procijenjeno vrijeme \u010ditanja":"3 minute"},"schema":{"@context":"https:\/\/schema.org","@graph":[{"@type":"WebPage","@id":"https:\/\/pfc.hr\/hr\/procesna-instrumentacija\/","url":"https:\/\/pfc.hr\/hr\/procesna-instrumentacija\/","name":"Procesna instrumentacija - PFC","isPartOf":{"@id":"https:\/\/pfc.hr\/hr\/#website"},"primaryImageOfPage":{"@id":"https:\/\/pfc.hr\/hr\/procesna-instrumentacija\/#primaryimage"},"image":{"@id":"https:\/\/pfc.hr\/hr\/procesna-instrumentacija\/#primaryimage"},"thumbnailUrl":"https:\/\/pfc.hr\/wp-content\/uploads\/2025\/02\/Process-instrumentation.jpg","datePublished":"2024-10-18T06:24:30+00:00","dateModified":"2026-01-27T14:12:55+00:00","description":"Procesna instrumentacija obuhva\u0107a precizno kalibrirane instrumente koji se koriste za nadzor, upravljanje i optimizaciju industrijskih procesa.","breadcrumb":{"@id":"https:\/\/pfc.hr\/hr\/procesna-instrumentacija\/#breadcrumb"},"inLanguage":"hr","potentialAction":[{"@type":"ReadAction","target":["https:\/\/pfc.hr\/hr\/procesna-instrumentacija\/"]}]},{"@type":"ImageObject","inLanguage":"hr","@id":"https:\/\/pfc.hr\/hr\/procesna-instrumentacija\/#primaryimage","url":"https:\/\/pfc.hr\/wp-content\/uploads\/2025\/02\/Process-instrumentation.jpg","contentUrl":"https:\/\/pfc.hr\/wp-content\/uploads\/2025\/02\/Process-instrumentation.jpg","width":2870,"height":1608,"caption":"procesna instrumentacija"},{"@type":"BreadcrumbList","@id":"https:\/\/pfc.hr\/hr\/procesna-instrumentacija\/#breadcrumb","itemListElement":[{"@type":"ListItem","position":1,"name":"Home","item":"https:\/\/pfc.hr\/hr\/pico-flow-controls\/"},{"@type":"ListItem","position":2,"name":"Procesna instrumentacija"}]},{"@type":"WebSite","@id":"https:\/\/pfc.hr\/hr\/#website","url":"https:\/\/pfc.hr\/hr\/","name":"PFC","description":"","publisher":{"@id":"https:\/\/pfc.hr\/hr\/#organization"},"potentialAction":[{"@type":"SearchAction","target":{"@type":"EntryPoint","urlTemplate":"https:\/\/pfc.hr\/hr\/?s={search_term_string}"},"query-input":{"@type":"PropertyValueSpecification","valueRequired":true,"valueName":"search_term_string"}}],"inLanguage":"hr"},{"@type":"Organization","@id":"https:\/\/pfc.hr\/hr\/#organization","name":"Pico Flow Controls","url":"https:\/\/pfc.hr\/hr\/","logo":{"@type":"ImageObject","inLanguage":"hr","@id":"https:\/\/pfc.hr\/hr\/#\/schema\/logo\/image\/","url":"https:\/\/pfc.hr\/wp-content\/uploads\/2024\/10\/PFC_Main_Logo.png","contentUrl":"https:\/\/pfc.hr\/wp-content\/uploads\/2024\/10\/PFC_Main_Logo.png","width":3920,"height":1140,"caption":"Pico Flow Controls"},"image":{"@id":"https:\/\/pfc.hr\/hr\/#\/schema\/logo\/image\/"}}]}},"_links":{"self":[{"href":"https:\/\/pfc.hr\/hr\/wp-json\/wp\/v2\/pages\/1658","targetHints":{"allow":["GET"]}}],"collection":[{"href":"https:\/\/pfc.hr\/hr\/wp-json\/wp\/v2\/pages"}],"about":[{"href":"https:\/\/pfc.hr\/hr\/wp-json\/wp\/v2\/types\/page"}],"author":[{"embeddable":true,"href":"https:\/\/pfc.hr\/hr\/wp-json\/wp\/v2\/users\/2"}],"replies":[{"embeddable":true,"href":"https:\/\/pfc.hr\/hr\/wp-json\/wp\/v2\/comments?post=1658"}],"version-history":[{"count":31,"href":"https:\/\/pfc.hr\/hr\/wp-json\/wp\/v2\/pages\/1658\/revisions"}],"predecessor-version":[{"id":19707,"href":"https:\/\/pfc.hr\/hr\/wp-json\/wp\/v2\/pages\/1658\/revisions\/19707"}],"wp:featuredmedia":[{"embeddable":true,"href":"https:\/\/pfc.hr\/hr\/wp-json\/wp\/v2\/media\/4112"}],"wp:attachment":[{"href":"https:\/\/pfc.hr\/hr\/wp-json\/wp\/v2\/media?parent=1658"}],"curies":[{"name":"wp","href":"https:\/\/api.w.org\/{rel}","templated":true}]}}