
{"id":1656,"date":"2024-10-18T08:24:43","date_gmt":"2024-10-18T06:24:43","guid":{"rendered":"https:\/\/pfc.hr\/usluga-gradnja\/gradevinske-elektro-i-instrumentalne-usluge\/gradevinski-radovi\/"},"modified":"2026-01-27T08:35:42","modified_gmt":"2026-01-27T07:35:42","slug":"gradevinski-radovi","status":"publish","type":"page","link":"https:\/\/pfc.hr\/hr\/gradevinski-radovi\/","title":{"rendered":"Gra\u0111evinski radovi"},"content":{"rendered":"\n\t<section class=\"section dark\" id=\"section_1085810760\">\n\t\t<div class=\"section-bg fill\" >\n\t\t\t<img loading=\"lazy\" decoding=\"async\" width=\"2672\" height=\"1016\" src=\"https:\/\/pfc.hr\/wp-content\/uploads\/2025\/01\/civil-work.jpg\" class=\"bg attachment- size-\" alt=\"gra\u0111evinski radovi\" \/>\t\t\t\t\t\t<div class=\"section-bg-overlay absolute fill\"><\/div>\n\t\t\t\n\n\t\t<\/div>\n\n\t\t\n\n\t\t<div class=\"section-content relative\">\n\t\t\t\n<div class=\"row align-middle\"  id=\"row-1498343811\">\n\n\t<div id=\"col-311225394\" class=\"col medium-11 small-12 large-11\"  >\n\t\t\t\t<div class=\"col-inner\"  >\n\t\t\t\n\t\t\t\n\t<div id=\"text-3516258735\" class=\"text\">\n\t\t\n<h1>Gra\u0111evinski radovi<\/h1>\n\t\t\n<style>\n#text-3516258735 {\n  font-size: 3rem;\n}\n<\/style>\n\t<\/div>\n\t\n<a href=\"https:\/\/pfc.hr\/hr\/kontakt\/\" class=\"button primary\" style=\"border-radius:99px;\">\n\t\t<span>Po\u0161aljite upit<\/span>\n\t<\/a>\n\n\t\t<\/div>\n\t\t\t\t\t<\/div>\n\n\t\n<\/div>\n\t\t<\/div>\n\n\t\t\n<style>\n#section_1085810760 {\n  padding-top: 50px;\n  padding-bottom: 50px;\n  min-height: 400px;\n}\n#section_1085810760 .section-bg-overlay {\n  background-color: rgba(0, 0, 0, 0.5);\n}\n@media (min-width:550px) {\n  #section_1085810760 {\n    padding-top: 80px;\n    padding-bottom: 80px;\n  }\n}\n@media (min-width:850px) {\n  #section_1085810760 {\n    padding-top: 80px;\n    padding-bottom: 80px;\n    min-height: 600px;\n  }\n}\n<\/style>\n\t<\/section>\n\t\n\n\t<section class=\"section\" id=\"section_2021775158\">\n\t\t<div class=\"section-bg fill\" >\n\t\t\t\t\t\t\t\t\t\n\t\t\t\n\n\t\t<\/div>\n\n\t\t\n\n\t\t<div class=\"section-content relative\">\n\t\t\t\n<div class=\"row align-middle\"  id=\"row-1799142616\">\n\n\t<div id=\"col-33523368\" class=\"col medium-6 small-12 large-6\"  >\n\t\t\t\t<div class=\"col-inner text-left\"  >\n\t\t\t\n\t\t\t\n\t<div class=\"img has-hover x md-x lg-x y md-y lg-y\" id=\"image_1770463907\">\n\t\t\t\t\t\t<div data-animate=\"fadeInLeft\">\t\t<div class=\"img-inner box-shadow-2 dark\" >\n\t\t\t<img loading=\"lazy\" decoding=\"async\" width=\"1020\" height=\"1020\" src=\"https:\/\/pfc.hr\/wp-content\/uploads\/2025\/02\/cvil-work-3.jpg\" class=\"attachment-large size-large\" alt=\"gra\u0111evinski radovi\" \/>\t\t\t\t\t\t\n\t\t\t\t\t<\/div>\n\t\t<\/div>\t\t\t\t\t\t\n<style>\n#image_1770463907 {\n  width: 90%;\n}\n<\/style>\n\t<\/div>\n\t\n\t\t<\/div>\n\t\t\t\t\t<\/div>\n\n\t\n\n\t<div id=\"col-997408133\" class=\"col medium-6 small-12 large-6 small-col-first\"  >\n\t\t\t\t<div class=\"col-inner\"  >\n\t\t\t\n\t\t\t\n\t<div id=\"text-3443393145\" class=\"text\">\n\t\t\n<h2>Va\u0161 partner za svaki projekt<\/h2>\n\t\t\n<style>\n#text-3443393145 {\n  font-size: 1.8rem;\n}\n<\/style>\n\t<\/div>\n\t\n<p>Specijalizirani smo za gra\u0111evinarstvo, niskogradnju i visokogradnju te realizaciju projekata po principu \u201cklju\u010d u ruke\u201d.<\/p>\n<p>Na\u0161 iskusni tim pru\u017ea cjelovita rje\u0161enja od ideje do realizacije, osiguravaju\u0107i vrhunsku kvalitetu, pouzdanost i pridr\u017eavanje dogovorenih rokova.<\/p>\n\t\t<\/div>\n\t\t\t\t\t<\/div>\n\n\t\n<\/div>\n\t\t<\/div>\n\n\t\t\n<style>\n#section_2021775158 {\n  padding-top: 50px;\n  padding-bottom: 50px;\n  margin-bottom: -30px;\n}\n@media (min-width:850px) {\n  #section_2021775158 {\n    padding-top: 80px;\n    padding-bottom: 80px;\n  }\n}\n<\/style>\n\t<\/section>\n\t\n\n\n\t<section class=\"section\" id=\"section_340477769\">\n\t\t<div class=\"section-bg fill\" >\n\t\t\t\t\t\t\t\t\t\n\t\t\t\n\n\t\t<\/div>\n\n\t\t\n\n\t\t<div class=\"section-content relative\">\n\t\t\t\n<div class=\"row align-middle\"  id=\"row-618547387\">\n\n\t<div id=\"col-1685334565\" class=\"col medium-6 small-12 large-6\"  >\n\t\t\t\t<div class=\"col-inner\"  >\n\t\t\t\n\t\t\t\n\t<div id=\"text-738662591\" class=\"text\">\n\t\t\n<h2>Visokogradnja<\/h2>\n\t\t\n<style>\n#text-738662591 {\n  font-size: 1.8rem;\n}\n<\/style>\n\t<\/div>\n\t\n<p>U sklopu visokogradnje obavljamo sve radove na izgradnji, rekonstrukciji, dogradnji, adaptaciji i ure\u0111enju objekata. Takvi radovi uklju\u010duju: <\/p>\n<ul>\n<li>Pripremne radove, demonta\u017ee i ru\u0161enja<\/li>\n<li>Zidarske radove<\/li>\n<li>Tesarske radove<\/li>\n<li>Armira\u010dke radove<\/li>\n<li>Betonske i armirano-betonske radove<\/li>\n<li>Limarske radove<\/li>\n<li>Krovopokriva\u010dke radove<\/li>\n<li>Stolarske radove<\/li>\n<li>Izolaterske radove<\/li>\n<li>Kerami\u010darske radove<\/li>\n<li>Podopolaga\u010dke radove<\/li>\n<li>Soboslikarsko-li\u010dila\u010dke radove<\/li>\n<li>Fasaderske radove<\/li>\n<li>Instalacije vodovoda i kanalizacije<\/li>\n<\/ul>\n\t\t<\/div>\n\t\t\t\t\t<\/div>\n\n\t\n\n\t<div id=\"col-958672372\" class=\"col medium-6 small-12 large-6\"  >\n\t\t\t\t<div class=\"col-inner\"  >\n\t\t\t\n\t\t\t\n\t<div class=\"img has-hover x md-x lg-x y md-y lg-y\" id=\"image_303127796\">\n\t\t\t\t\t\t<div data-animate=\"fadeInRight\">\t\t<div class=\"img-inner box-shadow-2 dark\" >\n\t\t\t<img loading=\"lazy\" decoding=\"async\" width=\"574\" height=\"1024\" src=\"https:\/\/pfc.hr\/wp-content\/uploads\/2025\/01\/civil-work-2.jpg\" class=\"attachment-large size-large\" alt=\"gra\u0111evinski radovi\" \/>\t\t\t\t\t\t\n\t\t\t\t\t<\/div>\n\t\t<\/div>\t\t\t\t\t\t\n<style>\n#image_303127796 {\n  width: 100%;\n}\n<\/style>\n\t<\/div>\n\t\n\t\t<\/div>\n\t\t\t\t\t<\/div>\n\n\t\n<\/div>\n\t\t<\/div>\n\n\t\t\n<style>\n#section_340477769 {\n  padding-top: 30px;\n  padding-bottom: 30px;\n  margin-bottom: -30px;\n  background-color: rgb(255,255,255);\n}\n<\/style>\n\t<\/section>\n\t\n\n\t<section class=\"section\" id=\"section_342256171\">\n\t\t<div class=\"section-bg fill\" >\n\t\t\t\t\t\t\t\t\t\n\t\t\t\n\n\t\t<\/div>\n\n\t\t\n\n\t\t<div class=\"section-content relative\">\n\t\t\t\n<div class=\"row align-middle\"  id=\"row-664724391\">\n\n\t<div id=\"col-1911157601\" class=\"col medium-6 small-12 large-6\"  >\n\t\t\t\t<div class=\"col-inner\"  >\n\t\t\t\n\t\t\t\n\t<div class=\"img has-hover x md-x lg-x y md-y lg-y\" id=\"image_413557623\">\n\t\t\t\t\t\t<div data-animate=\"fadeInLeft\">\t\t<div class=\"img-inner box-shadow-2 dark\" >\n\t\t\t<img loading=\"lazy\" decoding=\"async\" width=\"1020\" height=\"571\" src=\"https:\/\/pfc.hr\/wp-content\/uploads\/2025\/02\/civil-work-public-areas.jpg\" class=\"attachment-large size-large\" alt=\"gra\u0111evinski radovi\" \/>\t\t\t\t\t\t\n\t\t\t\t\t<\/div>\n\t\t<\/div>\t\t\t\t\t\t\n<style>\n#image_413557623 {\n  width: 100%;\n}\n<\/style>\n\t<\/div>\n\t\n\t\t<\/div>\n\t\t\t\t\t<\/div>\n\n\t\n\n\t<div id=\"col-1533546794\" class=\"col medium-6 small-12 large-6 small-col-first\"  >\n\t\t\t\t<div class=\"col-inner\"  >\n\t\t\t\n\t\t\t\n\t<div id=\"text-2543348341\" class=\"text\">\n\t\t\n<h2>Niskogradnja<\/h2>\n\t\t\n<style>\n#text-2543348341 {\n  font-size: 1.8rem;\n}\n<\/style>\n\t<\/div>\n\t\n<p>Specijalizirani smo za izgradnju i obnovu cesta, vodovodnih sustava, kanalizacijskih sustava i javnih povr\u0161ina. Na\u0161 iskusni tim koristi najnoviju tehnologiju za postizanje visokokvalitetnih i u\u010dinkovitih rezultata, osiguravaju\u0107i dugotrajnu i pouzdanu infrastrukturu.  <\/p>\n<p>Na podru\u010dju niskogradnje nudimo izvo\u0111enje sljede\u0107ih radova:<\/p>\n<ul>\n<li>Izgradnja i rekonstrukcija prometnica, vodovoda i kanalizacija<\/li>\n<li>Izgradnja i rekonstrukcija javnih povr\u0161ina i zelenih povr\u0161ina te propusta<\/li>\n<li>Kr\u010denja raslinja, ko\u0161nje trave i sli\u010dno<\/li>\n<li>Ostali zahvati u tlu (iskopi)<\/li>\n<\/ul>\n\t\t<\/div>\n\t\t\t\t\t<\/div>\n\n\t\n<\/div>\n\t\t<\/div>\n\n\t\t\n<style>\n#section_342256171 {\n  padding-top: 30px;\n  padding-bottom: 30px;\n  margin-bottom: -30px;\n}\n<\/style>\n\t<\/section>\n\t\n\n\t<section class=\"section\" id=\"section_1699276582\">\n\t\t<div class=\"section-bg fill\" >\n\t\t\t\t\t\t\t\t\t\n\t\t\t\n\n\t\t<\/div>\n\n\t\t\n\n\t\t<div class=\"section-content relative\">\n\t\t\t\n<div class=\"row align-middle\"  id=\"row-1341404457\">\n\n\t<div id=\"col-2043011060\" class=\"col medium-6 small-12 large-6\"  >\n\t\t\t\t<div class=\"col-inner\"  >\n\t\t\t\n\t\t\t\n\t<div id=\"text-2736525304\" class=\"text\">\n\t\t\n<h2>Upravljanje projektima<\/h2>\n\t\t\n<style>\n#text-2736525304 {\n  font-size: 1.8rem;\n}\n<\/style>\n\t<\/div>\n\t\n<p>Na\u0161a stru\u010dnost u upravljanju projektima osigurava uspje\u0161nu realizaciju gra\u0111enja kroz planiranje, razvoj i nadzor svih klju\u010dnih procesa potrebnih za zavr\u0161etak va\u0161eg projekta. Pru\u017eamo sveobuhvatnu podr\u0161ku od po\u010detka do zavr\u0161etka projekta, s posebnim naglaskom na kvalitetu, pravovremenost i uskla\u0111enost s va\u0161im zahtjevima.  <\/p>\n<p><strong>\u0160to uklju\u010duje na\u0161 pristup?<\/strong><\/p>\n<ul>\n<li><strong>Prikupljanje i organizacija dokumentacije:<\/strong> Osiguravamo potrebne dokumente i obavljamo sve pravne poslove vezane za gra\u0111enje te zapise potrebne za realizaciju projekta.<\/li>\n<li><strong>Razvoj sustava kontrole i pra\u0107enje realizacije:<\/strong> Izra\u0111ujemo detaljne planove izvedbe s raspodjelom resursa i jasno definiranim vremenskim okvirima. Pripremamo izvje\u0161\u0107a o kvaliteti realizacije te nudimo rje\u0161enja za teku\u0107e i potencijalne izazove vezane uz rokove, tehnologiju i tro\u0161kove. <\/li>\n<li><strong>Koordinacija i uskla\u0111ivanje timova:<\/strong> Povezujemo rad projektanata, nadzornih in\u017eenjera, izvo\u0111a\u010da, investitora i ostalih sudionika kako bismo za\u0161titili prava i interese investitora. <\/li>\n<\/ul>\n\t\t<\/div>\n\t\t\t\t\t<\/div>\n\n\t\n\n\t<div id=\"col-1227218523\" class=\"col medium-6 small-12 large-6\"  >\n\t\t\t\t<div class=\"col-inner\"  >\n\t\t\t\n\t\t\t\n\t<div class=\"img has-hover x md-x lg-x y md-y lg-y\" id=\"image_888415448\">\n\t\t\t\t\t\t<div data-animate=\"fadeInRight\">\t\t<div class=\"img-inner box-shadow-2 dark\" >\n\t\t\t<img loading=\"lazy\" decoding=\"async\" width=\"1020\" height=\"571\" src=\"https:\/\/pfc.hr\/wp-content\/uploads\/2025\/02\/civil-work-partner.jpg\" class=\"attachment-large size-large\" alt=\"gra\u0111evinski radovi\" \/>\t\t\t\t\t\t\n\t\t\t\t\t<\/div>\n\t\t<\/div>\t\t\t\t\t\t\n<style>\n#image_888415448 {\n  width: 100%;\n}\n<\/style>\n\t<\/div>\n\t\n\t\t<\/div>\n\t\t\t\t\t<\/div>\n\n\t\n<\/div>\n\t\t<\/div>\n\n\t\t\n<style>\n#section_1699276582 {\n  padding-top: 50px;\n  padding-bottom: 50px;\n  margin-bottom: -30px;\n  background-color: rgb(255,255,255);\n}\n@media (min-width:850px) {\n  #section_1699276582 {\n    padding-top: 80px;\n    padding-bottom: 80px;\n  }\n}\n<\/style>\n\t<\/section>\n\t\n\n\n\t<section class=\"section dark\" id=\"section_113443421\">\n\t\t<div class=\"section-bg fill\" >\n\t\t\t\t\t\t\t\t\t\n\t\t\t\n\n\t\t<\/div>\n\n\t\t\n\n\t\t<div class=\"section-content relative\">\n\t\t\t\n<div class=\"row\"  id=\"row-848628377\">\n\n\t<div id=\"col-932919928\" class=\"col medium-6 small-12 large-6\"  >\n\t\t\t\t<div class=\"col-inner\"  >\n\t\t\t\n\t\t\t\n\t<div class=\"img has-hover x md-x lg-x y md-y lg-y\" id=\"image_598684334\">\n\t\t\t\t\t\t\t\t<div class=\"img-inner dark\" >\n\t\t\t<img loading=\"lazy\" decoding=\"async\" width=\"1020\" height=\"571\" src=\"https:\/\/pfc.hr\/wp-content\/uploads\/2025\/02\/civil-work-project-management.jpg\" class=\"attachment-large size-large\" alt=\"gra\u0111evinski radovi\" \/>\t\t\t\t\t\t\n\t\t\t\t\t<\/div>\n\t\t\t\t\t\t\t\t\n<style>\n#image_598684334 {\n  width: 100%;\n}\n<\/style>\n\t<\/div>\n\t\n\t\t<\/div>\n\t\t\t\t\t<\/div>\n\n\t\n\n\t<div id=\"col-1202271288\" class=\"col medium-6 small-12 large-6 small-col-first\"  >\n\t\t\t\t<div class=\"col-inner\"  >\n\t\t\t\n\t\t\t\n\t<div id=\"text-3861887084\" class=\"text\">\n\t\t\n<h2>Iskustvo. Stru\u010dnost. Pouzdanost.  <\/h2>\n\t\t\n<style>\n#text-3861887084 {\n  font-size: 1.8rem;\n}\n<\/style>\n\t<\/div>\n\t\n<p>Bilo da se radi o privatnom, komercijalnom ili javnom projektu, na\u0161 cilj ostaje isti: isporu\u010diti vrhunske rezultate i osigurati zadovoljstvo investitora u svakoj fazi projekta.<\/p>\n\t\t<\/div>\n\t\t\t\t\t<\/div>\n\n\t\n<\/div>\n\t\t<\/div>\n\n\t\t\n<style>\n#section_113443421 {\n  padding-top: 50px;\n  padding-bottom: 50px;\n  background-color: rgb(85, 85, 84);\n}\n@media (min-width:850px) {\n  #section_113443421 {\n    padding-top: 80px;\n    padding-bottom: 80px;\n  }\n}\n<\/style>\n\t<\/section>\n\t\n\n\n  <div class=\"banner has-hover\" id=\"banner-354028420\">\n          <div class=\"banner-inner fill\">\n        <div class=\"banner-bg fill\" >\n                                    <div class=\"overlay\"><\/div>            \n                    <\/div>\n\t\t\n        <div class=\"banner-layers container\">\n            <div class=\"fill banner-link\"><\/div>            \n   <div id=\"text-box-1031594506\" class=\"text-box banner-layer x50 md-x50 lg-x50 y50 md-y50 lg-y50 res-text\">\n                                <div class=\"text-box-content text dark\">\n              \n              <div class=\"text-inner text-center\">\n                  \n\t<div id=\"text-3710088837\" class=\"text\">\n\t\t\n<h5>KONTAKTIRAJTE NAS<\/h5>\n<h3><strong>GRADIMO ZAJEDNO<\/strong><\/h3>\n<p>\u017delite realizirati svoje gra\u0111evinske projekte? Na\u0161 stru\u010dni tim pru\u017eit \u0107e vam punu podr\u0161ku i rje\u0161enja potrebna za uspjeh. <\/p>\n\t\t\n<style>\n#text-3710088837 {\n  text-align: center;\n  color: rgb(255, 255, 255);\n}\n#text-3710088837 > * {\n  color: rgb(255, 255, 255);\n}\n<\/style>\n\t<\/div>\n\t\n<a href=\"https:\/\/pfc.hr\/hr\/kontakt\/\" class=\"button white\" style=\"border-radius:99px;\">\n\t\t<span>Zaka\u017eite sastanak<\/span>\n\t<\/a>\n\n<a href=\"https:\/\/pfc.hr\/hr\/kontakt\/\" class=\"button white is-outline\" style=\"border-radius:99px;\">\n\t\t<span>Kontaktirajte nas<\/span>\n\t<\/a>\n\n              <\/div>\n           <\/div>\n                            \n<style>\n#text-box-1031594506 {\n  width: 60%;\n}\n#text-box-1031594506 .text-box-content {\n  font-size: 100%;\n}\n<\/style>\n    <\/div>\n \n        <\/div>\n      <\/div>\n\n            \n<style>\n#banner-354028420 {\n  padding-top: 500px;\n}\n#banner-354028420 .overlay {\n  background-color: rgba(0, 0, 0, 0.3);\n}\n@media (min-width:850px) {\n  #banner-354028420 {\n    padding-top: 600px;\n  }\n}\n<\/style>\n  <\/div>\n\n\n\n\t<section class=\"section\" id=\"section_98927418\">\n\t\t<div class=\"section-bg fill\" >\n\t\t\t\t\t\t\t\t\t\n\t\t\t\n\n\t\t<\/div>\n\n\t\t\n\n\t\t<div class=\"section-content relative\">\n\t\t\t\n<div class=\"row\"  id=\"row-2018006649\">\n\n\t<div id=\"col-534842228\" class=\"col small-12 large-12\"  >\n\t\t\t\t<div class=\"col-inner\"  >\n\t\t\t\n\t\t\t\n\n  \n    <div class=\"row large-columns-1 medium-columns-1 small-columns-1 row-small has-shadow row-box-shadow-3\" >\n  <div class=\"col post-item\" >\n\t\t\t<div class=\"col-inner\">\n\t\t\t\t<div class=\"box box-normal box-text-bottom box-blog-post has-hover\">\n            \t\t\t\t\t<div class=\"box-image\" >\n  \t\t\t\t\t\t<div class=\"image-cover\" style=\"padding-top:56.25%;\">\n\t\t\t\t\t\t\t<a href=\"https:\/\/pfc.hr\/hr\/pfc-grupa-feromihin-prvo-sudjelovanje-na-online-kongresu\/\" class=\"plain\" aria-label=\"PFC Grupa (Feromihin) prvo sudjelovanje na Online kongresu\">\n\t\t\t\t\t\t\t\t<img loading=\"lazy\" decoding=\"async\" width=\"300\" height=\"158\" src=\"https:\/\/pfc.hr\/wp-content\/uploads\/2019\/12\/PFC_TOGC2020.jpg\" class=\"attachment-medium size-medium wp-post-image\" alt=\"kongres togc 2020\" \/>\t\t\t\t\t\t\t<\/a>\n  \t\t\t\t\t\t\t  \t\t\t\t\t\t\t  \t\t\t\t\t\t<\/div>\n  \t\t\t\t\t\t  \t\t\t\t\t<\/div>\n          \t\t\t\t\t<div class=\"box-text text-center\" >\n\t\t\t\t\t<div class=\"box-text-inner blog-post-inner\">\n\n\t\t\t\t\t\n\t\t\t\t\t\t\t\t\t\t<h5 class=\"post-title is-large \">\n\t\t\t\t\t\t<a href=\"https:\/\/pfc.hr\/hr\/pfc-grupa-feromihin-prvo-sudjelovanje-na-online-kongresu\/\" class=\"plain\">PFC Grupa (Feromihin) prvo sudjelovanje na Online kongresu<\/a>\n\t\t\t\t\t<\/h5>\n\t\t\t\t\t\t\t\t\t\t<div class=\"is-divider\"><\/div>\n\t\t\t\t\t\t\t\t\t\t<p class=\"from_the_blog_excerpt \">\n\t\t\t\t\t\tTOGC 2020 je godi\u0161nji Kongres posve\u0107en prijevozu nafte i plina koji uklju\u010duje pitanja automatizacije i [...]\t\t\t\t\t<\/p>\n\t\t\t\t\t                    \n\t\t\t\t\t\t\t\t\t\t\t<a href=\"https:\/\/pfc.hr\/hr\/pfc-grupa-feromihin-prvo-sudjelovanje-na-online-kongresu\/\" class=\"button primary is-default is-small mb-0\">\n\t\t\t\t\t\t\tSaznaj vi\u0161e\t\t\t\t\t\t<\/a>\n\t\t\t\t\t\n\t\t\t\t\t\n\t\t\t\t\t<\/div>\n\t\t\t\t\t<\/div>\n\t\t\t\t\t\t\t\t\t\t\t\t\t\t\t\t<div class=\"badge absolute top post-date badge-circle-inside\">\n\t\t\t\t\t\t\t<div class=\"badge-inner\">\n\t\t\t\t\t\t\t\t<span class=\"post-date-day\">11<\/span><br>\n\t\t\t\t\t\t\t\t<span class=\"post-date-month is-xsmall\">pro<\/span>\n\t\t\t\t\t\t\t<\/div>\n\t\t\t\t\t\t<\/div>\n\t\t\t\t\t\t\t\t\t<\/div>\n\t\t\t<\/div>\n\t\t<\/div><\/div>\n\t\t<\/div>\n\t\t\t\t\t<\/div>\n\n\t\n<\/div>\n\t\t<\/div>\n\n\t\t\n<style>\n#section_98927418 {\n  padding-top: 50px;\n  padding-bottom: 50px;\n}\n@media (min-width:850px) {\n  #section_98927418 {\n    padding-top: 80px;\n    padding-bottom: 80px;\n  }\n}\n<\/style>\n\t<\/section>\n\t\n","protected":false},"excerpt":{"rendered":"","protected":false},"author":2,"featured_media":5155,"parent":0,"menu_order":0,"comment_status":"closed","ping_status":"closed","template":"page-blank.php","meta":{"footnotes":""},"class_list":["post-1656","page","type-page","status-publish","has-post-thumbnail","hentry"],"yoast_head":"<!-- This site is optimized with the Yoast SEO plugin v27.3 - https:\/\/yoast.com\/product\/yoast-seo-wordpress\/ -->\n<title>Gra\u0111evinski radovi - PFC<\/title>\n<meta name=\"description\" content=\"Specijalizirani smo za gra\u0111evinske radove, in\u017eenjering i gra\u0111evinske projekte, pru\u017eaju\u0107i visokokvalitetna &quot;klju\u010d u ruke&quot; rje\u0161enja prilago\u0111ena va\u0161im potrebama.\" \/>\n<meta name=\"robots\" content=\"index, follow, max-snippet:-1, max-image-preview:large, max-video-preview:-1\" \/>\n<link rel=\"canonical\" href=\"https:\/\/pfc.hr\/hr\/gradevinski-radovi\/\" \/>\n<meta property=\"og:locale\" content=\"hr_HR\" \/>\n<meta property=\"og:type\" content=\"article\" \/>\n<meta property=\"og:title\" content=\"Gra\u0111evinski radovi - PFC\" \/>\n<meta property=\"og:description\" content=\"Specijalizirani smo za gra\u0111evinske radove, in\u017eenjering i gra\u0111evinske projekte, pru\u017eaju\u0107i visokokvalitetna &quot;klju\u010d u ruke&quot; rje\u0161enja prilago\u0111ena va\u0161im potrebama.\" \/>\n<meta property=\"og:url\" content=\"https:\/\/pfc.hr\/hr\/gradevinski-radovi\/\" \/>\n<meta property=\"og:site_name\" content=\"PFC\" \/>\n<meta property=\"article:modified_time\" content=\"2026-01-27T07:35:42+00:00\" \/>\n<meta property=\"og:image\" content=\"https:\/\/pfc.hr\/wp-content\/uploads\/2025\/03\/civil-work-preview.jpg\" \/>\n\t<meta property=\"og:image:width\" content=\"2870\" \/>\n\t<meta property=\"og:image:height\" content=\"1608\" \/>\n\t<meta property=\"og:image:type\" content=\"image\/jpeg\" \/>\n<meta name=\"twitter:card\" content=\"summary_large_image\" \/>\n<meta name=\"twitter:label1\" content=\"Procijenjeno vrijeme \u010ditanja\" \/>\n\t<meta name=\"twitter:data1\" content=\"4 minute\" \/>\n<script type=\"application\/ld+json\" class=\"yoast-schema-graph\">{\"@context\":\"https:\\\/\\\/schema.org\",\"@graph\":[{\"@type\":\"WebPage\",\"@id\":\"https:\\\/\\\/pfc.hr\\\/hr\\\/gradevinski-radovi\\\/\",\"url\":\"https:\\\/\\\/pfc.hr\\\/hr\\\/gradevinski-radovi\\\/\",\"name\":\"Gra\u0111evinski radovi - PFC\",\"isPartOf\":{\"@id\":\"https:\\\/\\\/pfc.hr\\\/hr\\\/#website\"},\"primaryImageOfPage\":{\"@id\":\"https:\\\/\\\/pfc.hr\\\/hr\\\/gradevinski-radovi\\\/#primaryimage\"},\"image\":{\"@id\":\"https:\\\/\\\/pfc.hr\\\/hr\\\/gradevinski-radovi\\\/#primaryimage\"},\"thumbnailUrl\":\"https:\\\/\\\/pfc.hr\\\/wp-content\\\/uploads\\\/2025\\\/03\\\/civil-work-preview.jpg\",\"datePublished\":\"2024-10-18T06:24:43+00:00\",\"dateModified\":\"2026-01-27T07:35:42+00:00\",\"description\":\"Specijalizirani smo za gra\u0111evinske radove, in\u017eenjering i gra\u0111evinske projekte, pru\u017eaju\u0107i visokokvalitetna \\\"klju\u010d u ruke\\\" rje\u0161enja prilago\u0111ena va\u0161im potrebama.\",\"breadcrumb\":{\"@id\":\"https:\\\/\\\/pfc.hr\\\/hr\\\/gradevinski-radovi\\\/#breadcrumb\"},\"inLanguage\":\"hr\",\"potentialAction\":[{\"@type\":\"ReadAction\",\"target\":[\"https:\\\/\\\/pfc.hr\\\/hr\\\/gradevinski-radovi\\\/\"]}]},{\"@type\":\"ImageObject\",\"inLanguage\":\"hr\",\"@id\":\"https:\\\/\\\/pfc.hr\\\/hr\\\/gradevinski-radovi\\\/#primaryimage\",\"url\":\"https:\\\/\\\/pfc.hr\\\/wp-content\\\/uploads\\\/2025\\\/03\\\/civil-work-preview.jpg\",\"contentUrl\":\"https:\\\/\\\/pfc.hr\\\/wp-content\\\/uploads\\\/2025\\\/03\\\/civil-work-preview.jpg\",\"width\":2870,\"height\":1608,\"caption\":\"gra\u0111evinski radovi\"},{\"@type\":\"BreadcrumbList\",\"@id\":\"https:\\\/\\\/pfc.hr\\\/hr\\\/gradevinski-radovi\\\/#breadcrumb\",\"itemListElement\":[{\"@type\":\"ListItem\",\"position\":1,\"name\":\"Home\",\"item\":\"https:\\\/\\\/pfc.hr\\\/hr\\\/pico-flow-controls\\\/\"},{\"@type\":\"ListItem\",\"position\":2,\"name\":\"Gra\u0111evinski radovi\"}]},{\"@type\":\"WebSite\",\"@id\":\"https:\\\/\\\/pfc.hr\\\/hr\\\/#website\",\"url\":\"https:\\\/\\\/pfc.hr\\\/hr\\\/\",\"name\":\"PFC\",\"description\":\"\",\"publisher\":{\"@id\":\"https:\\\/\\\/pfc.hr\\\/hr\\\/#organization\"},\"potentialAction\":[{\"@type\":\"SearchAction\",\"target\":{\"@type\":\"EntryPoint\",\"urlTemplate\":\"https:\\\/\\\/pfc.hr\\\/hr\\\/?s={search_term_string}\"},\"query-input\":{\"@type\":\"PropertyValueSpecification\",\"valueRequired\":true,\"valueName\":\"search_term_string\"}}],\"inLanguage\":\"hr\"},{\"@type\":\"Organization\",\"@id\":\"https:\\\/\\\/pfc.hr\\\/hr\\\/#organization\",\"name\":\"Pico Flow Controls\",\"url\":\"https:\\\/\\\/pfc.hr\\\/hr\\\/\",\"logo\":{\"@type\":\"ImageObject\",\"inLanguage\":\"hr\",\"@id\":\"https:\\\/\\\/pfc.hr\\\/hr\\\/#\\\/schema\\\/logo\\\/image\\\/\",\"url\":\"https:\\\/\\\/pfc.hr\\\/wp-content\\\/uploads\\\/2024\\\/10\\\/PFC_Main_Logo.png\",\"contentUrl\":\"https:\\\/\\\/pfc.hr\\\/wp-content\\\/uploads\\\/2024\\\/10\\\/PFC_Main_Logo.png\",\"width\":3920,\"height\":1140,\"caption\":\"Pico Flow Controls\"},\"image\":{\"@id\":\"https:\\\/\\\/pfc.hr\\\/hr\\\/#\\\/schema\\\/logo\\\/image\\\/\"}}]}<\/script>\n<!-- \/ Yoast SEO plugin. -->","yoast_head_json":{"title":"Gra\u0111evinski radovi - PFC","description":"Specijalizirani smo za gra\u0111evinske radove, in\u017eenjering i gra\u0111evinske projekte, pru\u017eaju\u0107i visokokvalitetna \"klju\u010d u ruke\" rje\u0161enja prilago\u0111ena va\u0161im potrebama.","robots":{"index":"index","follow":"follow","max-snippet":"max-snippet:-1","max-image-preview":"max-image-preview:large","max-video-preview":"max-video-preview:-1"},"canonical":"https:\/\/pfc.hr\/hr\/gradevinski-radovi\/","og_locale":"hr_HR","og_type":"article","og_title":"Gra\u0111evinski radovi - PFC","og_description":"Specijalizirani smo za gra\u0111evinske radove, in\u017eenjering i gra\u0111evinske projekte, pru\u017eaju\u0107i visokokvalitetna \"klju\u010d u ruke\" rje\u0161enja prilago\u0111ena va\u0161im potrebama.","og_url":"https:\/\/pfc.hr\/hr\/gradevinski-radovi\/","og_site_name":"PFC","article_modified_time":"2026-01-27T07:35:42+00:00","og_image":[{"width":2870,"height":1608,"url":"https:\/\/pfc.hr\/wp-content\/uploads\/2025\/03\/civil-work-preview.jpg","type":"image\/jpeg"}],"twitter_card":"summary_large_image","twitter_misc":{"Procijenjeno vrijeme \u010ditanja":"4 minute"},"schema":{"@context":"https:\/\/schema.org","@graph":[{"@type":"WebPage","@id":"https:\/\/pfc.hr\/hr\/gradevinski-radovi\/","url":"https:\/\/pfc.hr\/hr\/gradevinski-radovi\/","name":"Gra\u0111evinski radovi - PFC","isPartOf":{"@id":"https:\/\/pfc.hr\/hr\/#website"},"primaryImageOfPage":{"@id":"https:\/\/pfc.hr\/hr\/gradevinski-radovi\/#primaryimage"},"image":{"@id":"https:\/\/pfc.hr\/hr\/gradevinski-radovi\/#primaryimage"},"thumbnailUrl":"https:\/\/pfc.hr\/wp-content\/uploads\/2025\/03\/civil-work-preview.jpg","datePublished":"2024-10-18T06:24:43+00:00","dateModified":"2026-01-27T07:35:42+00:00","description":"Specijalizirani smo za gra\u0111evinske radove, in\u017eenjering i gra\u0111evinske projekte, pru\u017eaju\u0107i visokokvalitetna \"klju\u010d u ruke\" rje\u0161enja prilago\u0111ena va\u0161im potrebama.","breadcrumb":{"@id":"https:\/\/pfc.hr\/hr\/gradevinski-radovi\/#breadcrumb"},"inLanguage":"hr","potentialAction":[{"@type":"ReadAction","target":["https:\/\/pfc.hr\/hr\/gradevinski-radovi\/"]}]},{"@type":"ImageObject","inLanguage":"hr","@id":"https:\/\/pfc.hr\/hr\/gradevinski-radovi\/#primaryimage","url":"https:\/\/pfc.hr\/wp-content\/uploads\/2025\/03\/civil-work-preview.jpg","contentUrl":"https:\/\/pfc.hr\/wp-content\/uploads\/2025\/03\/civil-work-preview.jpg","width":2870,"height":1608,"caption":"gra\u0111evinski radovi"},{"@type":"BreadcrumbList","@id":"https:\/\/pfc.hr\/hr\/gradevinski-radovi\/#breadcrumb","itemListElement":[{"@type":"ListItem","position":1,"name":"Home","item":"https:\/\/pfc.hr\/hr\/pico-flow-controls\/"},{"@type":"ListItem","position":2,"name":"Gra\u0111evinski radovi"}]},{"@type":"WebSite","@id":"https:\/\/pfc.hr\/hr\/#website","url":"https:\/\/pfc.hr\/hr\/","name":"PFC","description":"","publisher":{"@id":"https:\/\/pfc.hr\/hr\/#organization"},"potentialAction":[{"@type":"SearchAction","target":{"@type":"EntryPoint","urlTemplate":"https:\/\/pfc.hr\/hr\/?s={search_term_string}"},"query-input":{"@type":"PropertyValueSpecification","valueRequired":true,"valueName":"search_term_string"}}],"inLanguage":"hr"},{"@type":"Organization","@id":"https:\/\/pfc.hr\/hr\/#organization","name":"Pico Flow Controls","url":"https:\/\/pfc.hr\/hr\/","logo":{"@type":"ImageObject","inLanguage":"hr","@id":"https:\/\/pfc.hr\/hr\/#\/schema\/logo\/image\/","url":"https:\/\/pfc.hr\/wp-content\/uploads\/2024\/10\/PFC_Main_Logo.png","contentUrl":"https:\/\/pfc.hr\/wp-content\/uploads\/2024\/10\/PFC_Main_Logo.png","width":3920,"height":1140,"caption":"Pico Flow Controls"},"image":{"@id":"https:\/\/pfc.hr\/hr\/#\/schema\/logo\/image\/"}}]}},"_links":{"self":[{"href":"https:\/\/pfc.hr\/hr\/wp-json\/wp\/v2\/pages\/1656","targetHints":{"allow":["GET"]}}],"collection":[{"href":"https:\/\/pfc.hr\/hr\/wp-json\/wp\/v2\/pages"}],"about":[{"href":"https:\/\/pfc.hr\/hr\/wp-json\/wp\/v2\/types\/page"}],"author":[{"embeddable":true,"href":"https:\/\/pfc.hr\/hr\/wp-json\/wp\/v2\/users\/2"}],"replies":[{"embeddable":true,"href":"https:\/\/pfc.hr\/hr\/wp-json\/wp\/v2\/comments?post=1656"}],"version-history":[{"count":32,"href":"https:\/\/pfc.hr\/hr\/wp-json\/wp\/v2\/pages\/1656\/revisions"}],"predecessor-version":[{"id":19647,"href":"https:\/\/pfc.hr\/hr\/wp-json\/wp\/v2\/pages\/1656\/revisions\/19647"}],"wp:featuredmedia":[{"embeddable":true,"href":"https:\/\/pfc.hr\/hr\/wp-json\/wp\/v2\/media\/5155"}],"wp:attachment":[{"href":"https:\/\/pfc.hr\/hr\/wp-json\/wp\/v2\/media?parent=1656"}],"curies":[{"name":"wp","href":"https:\/\/api.w.org\/{rel}","templated":true}]}}