
{"id":1650,"date":"2024-10-21T13:57:32","date_gmt":"2024-10-21T11:57:32","guid":{"rendered":"https:\/\/pfc.hr\/proizvodi\/proizvodi-svih-vrsta-elektronickih-komponenti\/"},"modified":"2026-01-26T14:42:56","modified_gmt":"2026-01-26T13:42:56","slug":"montaza-komponenata-na-tiskane-plocice","status":"publish","type":"page","link":"https:\/\/pfc.hr\/hr\/montaza-komponenata-na-tiskane-plocice\/","title":{"rendered":"Monta\u017ea komponenata na tiskane plo\u010dice"},"content":{"rendered":"\n\t<section class=\"section dark\" id=\"section_903542427\">\n\t\t<div class=\"section-bg fill\" >\n\t\t\t<img loading=\"lazy\" decoding=\"async\" width=\"2672\" height=\"1016\" src=\"https:\/\/pfc.hr\/wp-content\/uploads\/2024\/12\/Electronic-components.jpg\" class=\"bg attachment- size-\" alt=\"\" \/>\t\t\t\t\t\t<div class=\"section-bg-overlay absolute fill\"><\/div>\n\t\t\t\n\n\t\t<\/div>\n\n\t\t\n\n\t\t<div class=\"section-content relative\">\n\t\t\t\n<div class=\"row\"  id=\"row-1547605900\">\n\n\t<div id=\"col-1120827937\" class=\"col medium-10 small-12 large-10\"  >\n\t\t\t\t<div class=\"col-inner\"  >\n\t\t\t\n\t\t\t\n<h5\/>\n\t<div id=\"text-3329227050\" class=\"text\">\n\t\t\n<h1>Monta\u017ea komponenata na tiskane plo\u010dice<\/h1>\n\t\t\n<style>\n#text-3329227050 {\n  font-size: 2.7rem;\n}\n<\/style>\n\t<\/div>\n\t\n<a href=\"https:\/\/pfc.hr\/hr\/kontakt\/\" class=\"button primary\" style=\"border-radius:99px;\">\n\t\t<span>Po\u0161aljite upit<\/span>\n\t<\/a>\n\n\t\t<\/div>\n\t\t\t\t\t<\/div>\n\n\t\n<\/div>\n\t\t<\/div>\n\n\t\t\n<style>\n#section_903542427 {\n  padding-top: 50px;\n  padding-bottom: 50px;\n  min-height: 400px;\n}\n#section_903542427 .section-bg-overlay {\n  background-color: rgba(0, 0, 0, 0.7);\n}\n#section_903542427 .section-bg img {\n  object-position: 0% 0%;\n}\n@media (min-width:550px) {\n  #section_903542427 {\n    padding-top: 80px;\n    padding-bottom: 80px;\n    min-height: 500px;\n  }\n}\n@media (min-width:850px) {\n  #section_903542427 {\n    min-height: 600px;\n  }\n}\n<\/style>\n\t<\/section>\n\t\n\n\t<section class=\"section\" id=\"section_952062405\">\n\t\t<div class=\"section-bg fill\" >\n\t\t\t\t\t\t\t\t\t\n\t\t\t\n\n\t\t<\/div>\n\n\t\t\n\n\t\t<div class=\"section-content relative\">\n\t\t\t\n<div class=\"row align-middle\"  id=\"row-1292149428\">\n\n\t<div id=\"col-1075650520\" class=\"col medium-6 small-12 large-6\"  >\n\t\t\t\t<div class=\"col-inner\"  >\n\t\t\t\n\t\t\t\n\t<div class=\"img has-hover x md-x lg-x y md-y lg-y\" id=\"image_462445083\">\n\t\t\t\t\t\t<div data-animate=\"fadeInLeft\">\t\t<div class=\"img-inner image-cover dark\" style=\"padding-top:56.25%;\">\n\t\t\t<img loading=\"lazy\" decoding=\"async\" width=\"1020\" height=\"571\" src=\"https:\/\/pfc.hr\/wp-content\/uploads\/2024\/12\/PCB-assembly.jpg\" class=\"attachment-large size-large\" alt=\"\" \/>\t\t\t\t\t\t\n\t\t\t\t\t<\/div>\n\t\t<\/div>\t\t\t\t\t\t\n<style>\n#image_462445083 {\n  width: 100%;\n}\n<\/style>\n\t<\/div>\n\t\n\t\t<\/div>\n\t\t\t\t\t<\/div>\n\n\t\n\n\t<div id=\"col-636745967\" class=\"col medium-6 small-12 large-6 small-col-first\"  >\n\t\t\t\t<div class=\"col-inner\"  >\n\t\t\t\n\t\t\t\n\t<div id=\"text-948972933\" class=\"text\">\n\t\t\n<h2>Automatska monta\u017ea komponenata<\/h2>\n\t\t\n<style>\n#text-948972933 {\n  font-size: 1.8rem;\n}\n<\/style>\n\t<\/div>\n\t\n<p>U PICO FLOW CONTROLS d.o.o specijalizirani smo za sklapanje PCB-ova, s naglaskom na sklapanje elektroni\u010dkih komponenti na tiskane plo\u010dice (PCB).<\/p>\n<p>Sklapanje PCB-a uklju\u010duje \u0161irok raspon elektroni\u010dkih komponenti, kao \u0161to su ure\u0111aji za povr\u0161insku monta\u017eu (SMD) i komponente tehnologije provodnih rupa (THT).<\/p>\n<p>Ovi sustavi osiguravaju automatizaciju, pra\u0107enje i kontrolu kriti\u010dnih operacija, a sam proces uklju\u010duje kori\u0161tenje automatiziranih i ru\u010dnih alata kako bi se osigurala to\u010dnost i kvaliteta monta\u017ee. <\/p>\n\t\t<\/div>\n\t\t\t\t\t<\/div>\n\n\t\n<\/div>\n\t\t<\/div>\n\n\t\t\n<style>\n#section_952062405 {\n  padding-top: 50px;\n  padding-bottom: 50px;\n  margin-bottom: -50px;\n}\n@media (min-width:850px) {\n  #section_952062405 {\n    padding-top: 80px;\n    padding-bottom: 80px;\n  }\n}\n<\/style>\n\t<\/section>\n\t\n\n\t<section class=\"section\" id=\"section_2128496140\">\n\t\t<div class=\"section-bg fill\" >\n\t\t\t\t\t\t\t\t\t\n\t\t\t\n\n\t\t<\/div>\n\n\t\t\n\n\t\t<div class=\"section-content relative\">\n\t\t\t\n<div class=\"row align-middle\"  id=\"row-1059254752\">\n\n\t<div id=\"col-1317487359\" class=\"col medium-6 small-12 large-6\"  >\n\t\t\t\t<div class=\"col-inner\"  >\n\t\t\t\n\t\t\t\n\t<div id=\"text-1769997529\" class=\"text\">\n\t\t\n<h2>PCB monta\u017ea<\/h2>\n\t\t\n<style>\n#text-1769997529 {\n  font-size: 1.8rem;\n}\n<\/style>\n\t<\/div>\n\t\n<p>PICO FLOW CONTROLS d.o.o. nudi usluge izrade i monta\u017ee PCB-a, prilago\u0111ene razli\u010ditim fazama razvoja va\u0161eg proizvoda: <\/p>\n<ul>\n<li><strong>Prototipna PCB monta\u017ea:<\/strong> Omogu\u0107uje brzu izradu prototipa za testiranje funkcionalnosti PCB dizajna prije naru\u010divanja ve\u0107e serije.<\/li>\n<li><strong>PCB monta\u017ea u malim serijama:<\/strong> Idealno za specijalizirane primjene koje zahtijevaju manji broj razli\u010ditih plo\u010da.<\/li>\n<li><strong>PCB monta\u017ea u velikim serijama:<\/strong> Stru\u010dni smo u isporuci velikih narud\u017ebi PCB-a s jednakom pa\u017enjom kao i kod manjih serija.<\/li>\n<\/ul>\n\t\t<\/div>\n\t\t\t\t\t<\/div>\n\n\t\n\n\t<div id=\"col-1360084920\" class=\"col medium-6 small-12 large-6\"  >\n\t\t\t\t<div class=\"col-inner text-left\"  >\n\t\t\t\n\t\t\t\n\t<div class=\"img has-hover x md-x lg-x y md-y lg-y\" id=\"image_344410066\">\n\t\t\t\t\t\t<div data-animate=\"fadeInRight\">\t\t<div class=\"img-inner image-cover dark\" style=\"padding-top:56.25%;\">\n\t\t\t<img loading=\"lazy\" decoding=\"async\" width=\"1020\" height=\"571\" src=\"https:\/\/pfc.hr\/wp-content\/uploads\/2025\/02\/PCB-assembly-4.jpg\" class=\"attachment-large size-large\" alt=\"assembly of components on printed circuit boards\" \/>\t\t\t\t\t\t\n\t\t\t\t\t<\/div>\n\t\t<\/div>\t\t\t\t\t\t\n<style>\n#image_344410066 {\n  width: 100%;\n}\n<\/style>\n\t<\/div>\n\t\n\t\t<\/div>\n\t\t\t\t\t<\/div>\n\n\t\n<\/div>\n\t\t<\/div>\n\n\t\t\n<style>\n#section_2128496140 {\n  padding-top: 30px;\n  padding-bottom: 30px;\n  margin-bottom: -30px;\n}\n<\/style>\n\t<\/section>\n\t\n\n\t<section class=\"section\" id=\"section_1481286576\">\n\t\t<div class=\"section-bg fill\" >\n\t\t\t\t\t\t\t\t\t\n\t\t\t\n\n\t\t<\/div>\n\n\t\t\n\n\t\t<div class=\"section-content relative\">\n\t\t\t\n<div class=\"row align-middle\"  id=\"row-1893243263\">\n\n\t<div id=\"col-907706739\" class=\"col medium-6 small-12 large-6\"  >\n\t\t\t\t<div class=\"col-inner\"  >\n\t\t\t\n\t\t\t\n\t<div class=\"img has-hover x md-x lg-x y md-y lg-y\" id=\"image_200977446\">\n\t\t\t\t\t\t<div data-animate=\"fadeInLeft\">\t\t<div class=\"img-inner image-cover dark\" style=\"padding-top:56.25%;\">\n\t\t\t<img loading=\"lazy\" decoding=\"async\" width=\"1020\" height=\"571\" src=\"https:\/\/pfc.hr\/wp-content\/uploads\/2024\/12\/electronic-components-production.jpg\" class=\"attachment-large size-large\" alt=\"\" \/>\t\t\t\t\t\t\n\t\t\t\t\t<\/div>\n\t\t<\/div>\t\t\t\t\t\t\n<style>\n#image_200977446 {\n  width: 100%;\n}\n<\/style>\n\t<\/div>\n\t\n\t\t<\/div>\n\t\t\t\t\t<\/div>\n\n\t\n\n\t<div id=\"col-1026019233\" class=\"col medium-6 small-12 large-6 small-col-first\"  >\n\t\t\t\t<div class=\"col-inner\"  >\n\t\t\t\n\t\t\t\n\t<div id=\"text-4147513978\" class=\"text\">\n\t\t\n<h2>Monta\u017ea s obje strane<\/h2>\n\t\t\n<style>\n#text-4147513978 {\n  font-size: 1.8rem;\n}\n<\/style>\n\t<\/div>\n\t\n<p>Pru\u017eamo uslugu sklapanja PCB-a s komponentama na gornjoj i donjoj strani tiskane plo\u010de.<\/p>\n<p>Ovakav pristup podr\u017eava izradu slo\u017eenijih dizajna i ve\u0107u gusto\u0107u komponenti, \u010dime se posti\u017eu vrhunske performanse i pouzdanost va\u0161eg proizvoda.<\/p>\n\t\t<\/div>\n\t\t\t\t\t<\/div>\n\n\t\n<\/div>\n\t\t<\/div>\n\n\t\t\n<style>\n#section_1481286576 {\n  padding-top: 50px;\n  padding-bottom: 50px;\n  background-color: rgb(255,255,255);\n}\n@media (min-width:850px) {\n  #section_1481286576 {\n    padding-top: 80px;\n    padding-bottom: 80px;\n  }\n}\n<\/style>\n\t<\/section>\n\t\n\n\t<section class=\"section\" id=\"section_1950315745\">\n\t\t<div class=\"section-bg fill\" >\n\t\t\t\t\t\t\t\t\t\n\t\t\t\n\n\t\t<\/div>\n\n\t\t\n\n\t\t<div class=\"section-content relative\">\n\t\t\t\n<div class=\"row align-middle\"  id=\"row-386696563\">\n\n\t<div id=\"col-1017944226\" class=\"col medium-6 small-12 large-6\"  >\n\t\t\t\t<div class=\"col-inner\"  >\n\t\t\t\n\t\t\t\n\t<div id=\"text-282013248\" class=\"text\">\n\t\t\n<h2>Tehni\u010dke specifikacije<\/h2>\n\t\t\n<style>\n#text-282013248 {\n  font-size: 1.8rem;\n}\n<\/style>\n\t<\/div>\n\t\n<ul>\n<li><strong>Materijal:<\/strong> Polietilen visoke gusto\u0107e<\/li>\n<li><strong>Debljina mre\u017ee:<\/strong> 10 mm<\/li>\n<li><strong>Maksimalna temperatura:<\/strong> 90\u00b0C<\/li>\n<li><strong>Otpornost na kemikalije:<\/strong> Visoka<\/li>\n<\/ul>\n\t\t<\/div>\n\t\t\t\t\t<\/div>\n\n\t\n\n\t<div id=\"col-698828014\" class=\"col medium-6 small-12 large-6\"  >\n\t\t\t\t<div class=\"col-inner text-left\"  >\n\t\t\t\n\t\t\t\n\t<div class=\"img has-hover x md-x lg-x y md-y lg-y\" id=\"image_750345863\">\n\t\t\t\t\t\t<div data-animate=\"fadeInRight\">\t\t<div class=\"img-inner image-cover dark\" style=\"padding-top:56.25%;\">\n\t\t\t<img loading=\"lazy\" decoding=\"async\" width=\"1020\" height=\"388\" src=\"https:\/\/pfc.hr\/wp-content\/uploads\/2024\/12\/Electronic-components.jpg\" class=\"attachment-large size-large\" alt=\"\" \/>\t\t\t\t\t\t\n\t\t\t\t\t<\/div>\n\t\t<\/div>\t\t\t\t\t\t\n<style>\n#image_750345863 {\n  width: 100%;\n}\n<\/style>\n\t<\/div>\n\t\n\t\t<\/div>\n\t\t\t\t\t<\/div>\n\n\t\n<\/div>\n\t\t<\/div>\n\n\t\t\n<style>\n#section_1950315745 {\n  padding-top: 30px;\n  padding-bottom: 30px;\n  margin-bottom: -30px;\n}\n<\/style>\n\t<\/section>\n\t\n\n\t<section class=\"section\" id=\"section_55442555\">\n\t\t<div class=\"section-bg fill\" >\n\t\t\t\t\t\t\t\t\t\n\t\t\t\n\n\t\t<\/div>\n\n\t\t\n\n\t\t<div class=\"section-content relative\">\n\t\t\t\n<div class=\"row align-middle\"  id=\"row-1652519517\">\n\n\t<div id=\"col-137652617\" class=\"col medium-6 small-12 large-6\"  >\n\t\t\t\t<div class=\"col-inner\"  >\n\t\t\t\n\t\t\t\n\t<div class=\"img has-hover x md-x lg-x y md-y lg-y\" id=\"image_659589946\">\n\t\t\t\t\t\t<div data-animate=\"fadeInLeft\">\t\t<div class=\"img-inner image-cover dark\" style=\"padding-top:56.25%;\">\n\t\t\t<img loading=\"lazy\" decoding=\"async\" width=\"1020\" height=\"571\" src=\"https:\/\/pfc.hr\/wp-content\/uploads\/2025\/01\/line-production-of-all-types-electronic-components.jpg\" class=\"attachment-large size-large\" alt=\"Monta\u017ea komponenata na tiskane plo\u010dice\" \/>\t\t\t\t\t\t\n\t\t\t\t\t<\/div>\n\t\t<\/div>\t\t\t\t\t\t\n<style>\n#image_659589946 {\n  width: 100%;\n}\n<\/style>\n\t<\/div>\n\t\n\t\t<\/div>\n\t\t\t\t\t<\/div>\n\n\t\n\n\t<div id=\"col-1212274733\" class=\"col medium-6 small-12 large-6 small-col-first\"  >\n\t\t\t\t<div class=\"col-inner\"  >\n\t\t\t\n\t\t\t\n\t<div id=\"text-1211770015\" class=\"text\">\n\t\t\n<h2>Funkcionalnosti<\/h2>\n\t\t\n<style>\n#text-1211770015 {\n  font-size: 1.8rem;\n}\n<\/style>\n\t<\/div>\n\t\n<ul>\n<li>Dva stroja, svaki ima 160 8mm feed pozicija, ukupno 320 8mm feed pozicija<\/li>\n<li>Najmanja veli\u010dina tiskane plo\u010dice: 50 x 50 mm<\/li>\n<li>Najve\u0107a veli\u010dina tiskane plo\u010dice: 510 x 390 mm<\/li>\n<li>Najve\u0107a brzina rada 2 x 35800 cph\/stroj = ukupno 71600 cph\/sustav (cph = komponenti po satu)<\/li>\n<li>To\u010dnost pozicioniranja (placing accuracy): \u00b140 \u03bcm<\/li>\n<li>Najmanja veli\u010dina komponente 01005\u201c (0204)<\/li>\n<li>Najve\u0107a veli\u010dina komponente 120x 90mm ili 150x 25mm<\/li>\n<li>Najve\u0107a visina komponente 28mm<\/li>\n<\/ul>\n\t\t<\/div>\n\t\t\t\t\t<\/div>\n\n\t\n<\/div>\n\t\t<\/div>\n\n\t\t\n<style>\n#section_55442555 {\n  padding-top: 50px;\n  padding-bottom: 50px;\n  background-color: rgb(255,255,255);\n}\n@media (min-width:850px) {\n  #section_55442555 {\n    padding-top: 80px;\n    padding-bottom: 80px;\n  }\n}\n<\/style>\n\t<\/section>\n\t\n\n\t<section class=\"section dark\" id=\"section_954198875\">\n\t\t<div class=\"section-bg fill\" >\n\t\t\t\t\t\t\t\t\t\n\t\t\t\n\n\t\t<\/div>\n\n\t\t\n\n\t\t<div class=\"section-content relative\">\n\t\t\t\n<div class=\"row align-middle\"  id=\"row-571258708\">\n\n\t<div id=\"col-944258093\" class=\"col medium-6 small-12 large-6\"  >\n\t\t\t\t<div class=\"col-inner\"  >\n\t\t\t\n\t\t\t\n\t<div id=\"text-1185818093\" class=\"text\">\n\t\t\n<h2>Najnovija SMD i THT oprema<\/h2>\n\t\t\n<style>\n#text-1185818093 {\n  font-size: 1.6rem;\n}\n<\/style>\n\t<\/div>\n\t\n<p>Specijalizirani smo za sklapanje PCB-ova uz primjenu najnovije tehnologije i najsuvremenijih strojeva.<\/p>\n<p>Prije zavr\u0161ne isporuke provodimo temeljita vizualna i tehni\u010dka testiranja kako bismo osigurali vrhunsku kvalitetu.<\/p>\n\t\t<\/div>\n\t\t\t\t\t<\/div>\n\n\t\n\n\t<div id=\"col-1318257736\" class=\"col medium-6 small-12 large-6\"  >\n\t\t\t\t<div class=\"col-inner\"  >\n\t\t\t\n\t\t\t\n\n<p><iframe loading=\"lazy\" src=\"https:\/\/www.youtube.com\/embed\/zkeUOL-xfYc?autoplay=0&amp;mute=0&amp;controls=1&amp;playlist=zkeUOL-xfYc&amp;loop=0\" width=\"560\" height=\"312\" frameborder=\"0\"><\/iframe><br \/>\n\n\t\t<\/div>\n\t\t\t\t\t<\/div>\n\n\t\n<\/div>\n\t\t<\/div>\n\n\t\t\n<style>\n#section_954198875 {\n  padding-top: 50px;\n  padding-bottom: 50px;\n  background-color: rgb(85, 85, 84);\n}\n@media (min-width:850px) {\n  #section_954198875 {\n    padding-top: 80px;\n    padding-bottom: 80px;\n  }\n}\n<\/style>\n\t<\/section>\n\t\n\n  <div class=\"banner has-hover\" id=\"banner-1486831980\">\n          <div class=\"banner-inner fill\">\n        <div class=\"banner-bg fill\" >\n            <img loading=\"lazy\" decoding=\"async\" width=\"1020\" height=\"388\" src=\"https:\/\/pfc.hr\/wp-content\/uploads\/2024\/12\/electronic-components-production-team-2.jpg\" class=\"bg attachment-large size-large\" alt=\"\" \/>                        <div class=\"overlay\"><\/div>            \n                    <\/div>\n\t\t\n        <div class=\"banner-layers container\">\n            <div class=\"fill banner-link\"><\/div>            \n   <div id=\"text-box-32574047\" class=\"text-box banner-layer x50 md-x50 lg-x50 y70 md-y70 lg-y70 res-text\">\n                                <div class=\"text-box-content text dark\">\n              \n              <div class=\"text-inner text-center\">\n                  \n\t<div id=\"text-3872987657\" class=\"text\">\n\t\t\n<h5>KONTAKTIRAJTE NAS<\/h5>\n<h3><strong>ZAINTERESIRANI STE ZA NA\u0160 PROIZVOD?<\/strong><\/h3>\n<p>Na\u0161 tim pomo\u0107i \u0107e vam prona\u0107i najbolje rje\u0161enje za va\u0161e poslovne operacije.<br \/>\n\t\t\n<style>\n#text-3872987657 {\n  text-align: center;\n  color: rgb(255, 255, 255);\n}\n#text-3872987657 > * {\n  color: rgb(255, 255, 255);\n}\n<\/style>\n\t<\/div>\n\t\n<a href=\"https:\/\/pfc.hr\/hr\/kontakt\/\" class=\"button white\" style=\"border-radius:99px;\">\n\t\t<span>Kontaktirajte nas<\/span>\n\t<\/a>\n\n<a href=\"mailto:info@pfc.hr\" class=\"button white is-outline\" style=\"border-radius:99px;\">\n\t\t<span>Po\u0161aljite upit<\/span>\n\t<\/a>\n\n              <\/div>\n           <\/div>\n                            \n<style>\n#text-box-32574047 {\n  width: 60%;\n}\n#text-box-32574047 .text-box-content {\n  font-size: 100%;\n}\n<\/style>\n    <\/div>\n \n        <\/div>\n      <\/div>\n\n            \n<style>\n#banner-1486831980 {\n  padding-top: 500px;\n}\n#banner-1486831980 .overlay {\n  background-color: rgba(0, 0, 0, 0.5);\n}\n#banner-1486831980 .banner-bg img {\n  object-position: 49% 56%;\n}\n@media (min-width:850px) {\n  #banner-1486831980 {\n    padding-top: 600px;\n  }\n}\n<\/style>\n  <\/div>\n\n\n\n","protected":false},"excerpt":{"rendered":"","protected":false},"author":2,"featured_media":1931,"parent":0,"menu_order":0,"comment_status":"closed","ping_status":"closed","template":"page-blank.php","meta":{"footnotes":""},"class_list":["post-1650","page","type-page","status-publish","has-post-thumbnail","hentry"],"yoast_head":"<!-- This site is optimized with the Yoast SEO plugin v27.3 - https:\/\/yoast.com\/product\/yoast-seo-wordpress\/ -->\n<title>Monta\u017ea komponenata na tiskane plo\u010dice - PFC<\/title>\n<meta name=\"description\" content=\"Automatska monta\u017ea uklju\u010duje razli\u010dite elektroni\u010dke komponente poput ure\u0111aja za povr\u0161insku monta\u017eu (SMD) i komponente tehnologije provodnih rupa (THT)\" \/>\n<meta name=\"robots\" content=\"index, follow, max-snippet:-1, max-image-preview:large, max-video-preview:-1\" \/>\n<link rel=\"canonical\" href=\"https:\/\/pfc.hr\/hr\/montaza-komponenata-na-tiskane-plocice\/\" \/>\n<meta property=\"og:locale\" content=\"hr_HR\" \/>\n<meta property=\"og:type\" content=\"article\" \/>\n<meta property=\"og:title\" content=\"Monta\u017ea komponenata na tiskane plo\u010dice - PFC\" \/>\n<meta property=\"og:description\" content=\"Automatska monta\u017ea uklju\u010duje razli\u010dite elektroni\u010dke komponente poput ure\u0111aja za povr\u0161insku monta\u017eu (SMD) i komponente tehnologije provodnih rupa (THT)\" \/>\n<meta property=\"og:url\" content=\"https:\/\/pfc.hr\/hr\/montaza-komponenata-na-tiskane-plocice\/\" \/>\n<meta property=\"og:site_name\" content=\"PFC\" \/>\n<meta property=\"article:modified_time\" content=\"2026-01-26T13:42:56+00:00\" \/>\n<meta property=\"og:image\" content=\"https:\/\/pfc.hr\/wp-content\/uploads\/2024\/12\/PCB-assembly.jpg\" \/>\n\t<meta property=\"og:image:width\" content=\"2870\" \/>\n\t<meta property=\"og:image:height\" content=\"1608\" \/>\n\t<meta property=\"og:image:type\" content=\"image\/jpeg\" \/>\n<meta name=\"twitter:card\" content=\"summary_large_image\" \/>\n<meta name=\"twitter:label1\" content=\"Procijenjeno vrijeme \u010ditanja\" \/>\n\t<meta name=\"twitter:data1\" content=\"4 minute\" \/>\n<script type=\"application\/ld+json\" class=\"yoast-schema-graph\">{\"@context\":\"https:\\\/\\\/schema.org\",\"@graph\":[{\"@type\":\"WebPage\",\"@id\":\"https:\\\/\\\/pfc.hr\\\/hr\\\/montaza-komponenata-na-tiskane-plocice\\\/\",\"url\":\"https:\\\/\\\/pfc.hr\\\/hr\\\/montaza-komponenata-na-tiskane-plocice\\\/\",\"name\":\"Monta\u017ea komponenata na tiskane plo\u010dice - PFC\",\"isPartOf\":{\"@id\":\"https:\\\/\\\/pfc.hr\\\/hr\\\/#website\"},\"primaryImageOfPage\":{\"@id\":\"https:\\\/\\\/pfc.hr\\\/hr\\\/montaza-komponenata-na-tiskane-plocice\\\/#primaryimage\"},\"image\":{\"@id\":\"https:\\\/\\\/pfc.hr\\\/hr\\\/montaza-komponenata-na-tiskane-plocice\\\/#primaryimage\"},\"thumbnailUrl\":\"https:\\\/\\\/pfc.hr\\\/wp-content\\\/uploads\\\/2024\\\/12\\\/PCB-assembly.jpg\",\"datePublished\":\"2024-10-21T11:57:32+00:00\",\"dateModified\":\"2026-01-26T13:42:56+00:00\",\"description\":\"Automatska monta\u017ea uklju\u010duje razli\u010dite elektroni\u010dke komponente poput ure\u0111aja za povr\u0161insku monta\u017eu (SMD) i komponente tehnologije provodnih rupa (THT)\",\"breadcrumb\":{\"@id\":\"https:\\\/\\\/pfc.hr\\\/hr\\\/montaza-komponenata-na-tiskane-plocice\\\/#breadcrumb\"},\"inLanguage\":\"hr\",\"potentialAction\":[{\"@type\":\"ReadAction\",\"target\":[\"https:\\\/\\\/pfc.hr\\\/hr\\\/montaza-komponenata-na-tiskane-plocice\\\/\"]}]},{\"@type\":\"ImageObject\",\"inLanguage\":\"hr\",\"@id\":\"https:\\\/\\\/pfc.hr\\\/hr\\\/montaza-komponenata-na-tiskane-plocice\\\/#primaryimage\",\"url\":\"https:\\\/\\\/pfc.hr\\\/wp-content\\\/uploads\\\/2024\\\/12\\\/PCB-assembly.jpg\",\"contentUrl\":\"https:\\\/\\\/pfc.hr\\\/wp-content\\\/uploads\\\/2024\\\/12\\\/PCB-assembly.jpg\",\"width\":2870,\"height\":1608},{\"@type\":\"BreadcrumbList\",\"@id\":\"https:\\\/\\\/pfc.hr\\\/hr\\\/montaza-komponenata-na-tiskane-plocice\\\/#breadcrumb\",\"itemListElement\":[{\"@type\":\"ListItem\",\"position\":1,\"name\":\"Home\",\"item\":\"https:\\\/\\\/pfc.hr\\\/hr\\\/pico-flow-controls\\\/\"},{\"@type\":\"ListItem\",\"position\":2,\"name\":\"Monta\u017ea komponenata na tiskane plo\u010dice\"}]},{\"@type\":\"WebSite\",\"@id\":\"https:\\\/\\\/pfc.hr\\\/hr\\\/#website\",\"url\":\"https:\\\/\\\/pfc.hr\\\/hr\\\/\",\"name\":\"PFC\",\"description\":\"\",\"publisher\":{\"@id\":\"https:\\\/\\\/pfc.hr\\\/hr\\\/#organization\"},\"potentialAction\":[{\"@type\":\"SearchAction\",\"target\":{\"@type\":\"EntryPoint\",\"urlTemplate\":\"https:\\\/\\\/pfc.hr\\\/hr\\\/?s={search_term_string}\"},\"query-input\":{\"@type\":\"PropertyValueSpecification\",\"valueRequired\":true,\"valueName\":\"search_term_string\"}}],\"inLanguage\":\"hr\"},{\"@type\":\"Organization\",\"@id\":\"https:\\\/\\\/pfc.hr\\\/hr\\\/#organization\",\"name\":\"Pico Flow Controls\",\"url\":\"https:\\\/\\\/pfc.hr\\\/hr\\\/\",\"logo\":{\"@type\":\"ImageObject\",\"inLanguage\":\"hr\",\"@id\":\"https:\\\/\\\/pfc.hr\\\/hr\\\/#\\\/schema\\\/logo\\\/image\\\/\",\"url\":\"https:\\\/\\\/pfc.hr\\\/wp-content\\\/uploads\\\/2024\\\/10\\\/PFC_Main_Logo.png\",\"contentUrl\":\"https:\\\/\\\/pfc.hr\\\/wp-content\\\/uploads\\\/2024\\\/10\\\/PFC_Main_Logo.png\",\"width\":3920,\"height\":1140,\"caption\":\"Pico Flow Controls\"},\"image\":{\"@id\":\"https:\\\/\\\/pfc.hr\\\/hr\\\/#\\\/schema\\\/logo\\\/image\\\/\"}}]}<\/script>\n<!-- \/ Yoast SEO plugin. -->","yoast_head_json":{"title":"Monta\u017ea komponenata na tiskane plo\u010dice - PFC","description":"Automatska monta\u017ea uklju\u010duje razli\u010dite elektroni\u010dke komponente poput ure\u0111aja za povr\u0161insku monta\u017eu (SMD) i komponente tehnologije provodnih rupa (THT)","robots":{"index":"index","follow":"follow","max-snippet":"max-snippet:-1","max-image-preview":"max-image-preview:large","max-video-preview":"max-video-preview:-1"},"canonical":"https:\/\/pfc.hr\/hr\/montaza-komponenata-na-tiskane-plocice\/","og_locale":"hr_HR","og_type":"article","og_title":"Monta\u017ea komponenata na tiskane plo\u010dice - PFC","og_description":"Automatska monta\u017ea uklju\u010duje razli\u010dite elektroni\u010dke komponente poput ure\u0111aja za povr\u0161insku monta\u017eu (SMD) i komponente tehnologije provodnih rupa (THT)","og_url":"https:\/\/pfc.hr\/hr\/montaza-komponenata-na-tiskane-plocice\/","og_site_name":"PFC","article_modified_time":"2026-01-26T13:42:56+00:00","og_image":[{"width":2870,"height":1608,"url":"https:\/\/pfc.hr\/wp-content\/uploads\/2024\/12\/PCB-assembly.jpg","type":"image\/jpeg"}],"twitter_card":"summary_large_image","twitter_misc":{"Procijenjeno vrijeme \u010ditanja":"4 minute"},"schema":{"@context":"https:\/\/schema.org","@graph":[{"@type":"WebPage","@id":"https:\/\/pfc.hr\/hr\/montaza-komponenata-na-tiskane-plocice\/","url":"https:\/\/pfc.hr\/hr\/montaza-komponenata-na-tiskane-plocice\/","name":"Monta\u017ea komponenata na tiskane plo\u010dice - PFC","isPartOf":{"@id":"https:\/\/pfc.hr\/hr\/#website"},"primaryImageOfPage":{"@id":"https:\/\/pfc.hr\/hr\/montaza-komponenata-na-tiskane-plocice\/#primaryimage"},"image":{"@id":"https:\/\/pfc.hr\/hr\/montaza-komponenata-na-tiskane-plocice\/#primaryimage"},"thumbnailUrl":"https:\/\/pfc.hr\/wp-content\/uploads\/2024\/12\/PCB-assembly.jpg","datePublished":"2024-10-21T11:57:32+00:00","dateModified":"2026-01-26T13:42:56+00:00","description":"Automatska monta\u017ea uklju\u010duje razli\u010dite elektroni\u010dke komponente poput ure\u0111aja za povr\u0161insku monta\u017eu (SMD) i komponente tehnologije provodnih rupa (THT)","breadcrumb":{"@id":"https:\/\/pfc.hr\/hr\/montaza-komponenata-na-tiskane-plocice\/#breadcrumb"},"inLanguage":"hr","potentialAction":[{"@type":"ReadAction","target":["https:\/\/pfc.hr\/hr\/montaza-komponenata-na-tiskane-plocice\/"]}]},{"@type":"ImageObject","inLanguage":"hr","@id":"https:\/\/pfc.hr\/hr\/montaza-komponenata-na-tiskane-plocice\/#primaryimage","url":"https:\/\/pfc.hr\/wp-content\/uploads\/2024\/12\/PCB-assembly.jpg","contentUrl":"https:\/\/pfc.hr\/wp-content\/uploads\/2024\/12\/PCB-assembly.jpg","width":2870,"height":1608},{"@type":"BreadcrumbList","@id":"https:\/\/pfc.hr\/hr\/montaza-komponenata-na-tiskane-plocice\/#breadcrumb","itemListElement":[{"@type":"ListItem","position":1,"name":"Home","item":"https:\/\/pfc.hr\/hr\/pico-flow-controls\/"},{"@type":"ListItem","position":2,"name":"Monta\u017ea komponenata na tiskane plo\u010dice"}]},{"@type":"WebSite","@id":"https:\/\/pfc.hr\/hr\/#website","url":"https:\/\/pfc.hr\/hr\/","name":"PFC","description":"","publisher":{"@id":"https:\/\/pfc.hr\/hr\/#organization"},"potentialAction":[{"@type":"SearchAction","target":{"@type":"EntryPoint","urlTemplate":"https:\/\/pfc.hr\/hr\/?s={search_term_string}"},"query-input":{"@type":"PropertyValueSpecification","valueRequired":true,"valueName":"search_term_string"}}],"inLanguage":"hr"},{"@type":"Organization","@id":"https:\/\/pfc.hr\/hr\/#organization","name":"Pico Flow Controls","url":"https:\/\/pfc.hr\/hr\/","logo":{"@type":"ImageObject","inLanguage":"hr","@id":"https:\/\/pfc.hr\/hr\/#\/schema\/logo\/image\/","url":"https:\/\/pfc.hr\/wp-content\/uploads\/2024\/10\/PFC_Main_Logo.png","contentUrl":"https:\/\/pfc.hr\/wp-content\/uploads\/2024\/10\/PFC_Main_Logo.png","width":3920,"height":1140,"caption":"Pico Flow Controls"},"image":{"@id":"https:\/\/pfc.hr\/hr\/#\/schema\/logo\/image\/"}}]}},"_links":{"self":[{"href":"https:\/\/pfc.hr\/hr\/wp-json\/wp\/v2\/pages\/1650","targetHints":{"allow":["GET"]}}],"collection":[{"href":"https:\/\/pfc.hr\/hr\/wp-json\/wp\/v2\/pages"}],"about":[{"href":"https:\/\/pfc.hr\/hr\/wp-json\/wp\/v2\/types\/page"}],"author":[{"embeddable":true,"href":"https:\/\/pfc.hr\/hr\/wp-json\/wp\/v2\/users\/2"}],"replies":[{"embeddable":true,"href":"https:\/\/pfc.hr\/hr\/wp-json\/wp\/v2\/comments?post=1650"}],"version-history":[{"count":83,"href":"https:\/\/pfc.hr\/hr\/wp-json\/wp\/v2\/pages\/1650\/revisions"}],"predecessor-version":[{"id":19631,"href":"https:\/\/pfc.hr\/hr\/wp-json\/wp\/v2\/pages\/1650\/revisions\/19631"}],"wp:featuredmedia":[{"embeddable":true,"href":"https:\/\/pfc.hr\/hr\/wp-json\/wp\/v2\/media\/1931"}],"wp:attachment":[{"href":"https:\/\/pfc.hr\/hr\/wp-json\/wp\/v2\/media?parent=1650"}],"curies":[{"name":"wp","href":"https:\/\/api.w.org\/{rel}","templated":true}]}}