
{"id":1649,"date":"2024-10-21T14:00:15","date_gmt":"2024-10-21T12:00:15","guid":{"rendered":"https:\/\/pfc.hr\/proizvodi\/filteri-separatori-i-ostali-tlacni-spremnici\/"},"modified":"2026-01-27T14:42:39","modified_gmt":"2026-01-27T13:42:39","slug":"oprema-pod-tlakom","status":"publish","type":"page","link":"https:\/\/pfc.hr\/hr\/oprema-pod-tlakom\/","title":{"rendered":"Oprema pod tlakom"},"content":{"rendered":"\n\t<section class=\"section dark\" id=\"section_2000917079\">\n\t\t<div class=\"section-bg fill\" >\n\t\t\t<img loading=\"lazy\" decoding=\"async\" width=\"2672\" height=\"1016\" src=\"https:\/\/pfc.hr\/wp-content\/uploads\/2025\/02\/filter-separators-pressure-vessels-production.jpg\" class=\"bg attachment- size-\" alt=\"filters, separators, pressure vessels and heat exchangers\" \/>\t\t\t\t\t\t<div class=\"section-bg-overlay absolute fill\"><\/div>\n\t\t\t\n\n\t\t<\/div>\n\n\t\t\n\n\t\t<div class=\"section-content relative\">\n\t\t\t\n<div class=\"row align-middle\"  id=\"row-443530036\">\n\n\t<div id=\"col-907361469\" class=\"col medium-10 small-12 large-10\"  >\n\t\t\t\t<div class=\"col-inner\"  >\n\t\t\t\n\t\t\t\n\t<div id=\"text-535868089\" class=\"text\">\n\t\t\n<h1>Oprema pod tlakom<\/h1>\n\t\t\n<style>\n#text-535868089 {\n  font-size: 3rem;\n}\n<\/style>\n\t<\/div>\n\t\n<a href=\"https:\/\/pfc.hr\/hr\/kontakt\/\" class=\"button primary\" style=\"border-radius:99px;\">\n\t\t<span>Po\u0161aljite upit<\/span>\n\t<\/a>\n\n\t\t<\/div>\n\t\t\t\t\t<\/div>\n\n\t\n<\/div>\n\t\t<\/div>\n\n\t\t\n<style>\n#section_2000917079 {\n  padding-top: 50px;\n  padding-bottom: 50px;\n  min-height: 500px;\n}\n#section_2000917079 .section-bg-overlay {\n  background-color: rgba(0, 0, 0, 0.593);\n}\n@media (min-width:550px) {\n  #section_2000917079 {\n    padding-top: 80px;\n    padding-bottom: 80px;\n  }\n}\n@media (min-width:850px) {\n  #section_2000917079 {\n    min-height: 600px;\n  }\n}\n<\/style>\n\t<\/section>\n\t\n\n\t<section class=\"section\" id=\"section_1695142076\">\n\t\t<div class=\"section-bg fill\" >\n\t\t\t\t\t\t\t\t\t\n\t\t\t\n\n\t\t<\/div>\n\n\t\t\n\n\t\t<div class=\"section-content relative\">\n\t\t\t\n<div class=\"row align-middle\"  id=\"row-1441017275\">\n\n\t<div id=\"col-75459932\" class=\"col medium-6 small-12 large-6\"  >\n\t\t\t\t<div class=\"col-inner\"  >\n\t\t\t\n\t\t\t\n\t<div class=\"img has-hover x md-x lg-x y md-y lg-y\" id=\"image_691867907\">\n\t\t\t\t\t\t<div data-animate=\"fadeInLeft\">\t\t<div class=\"img-inner box-shadow-2 dark\" >\n\t\t\t<img loading=\"lazy\" decoding=\"async\" width=\"1020\" height=\"571\" src=\"https:\/\/pfc.hr\/wp-content\/uploads\/2025\/02\/high-quality-pressure-equipment.jpg\" class=\"attachment-large size-large\" alt=\"filters, separators, pressure vessels and heat exchangers\" \/>\t\t\t\t\t\t\n\t\t\t\t\t<\/div>\n\t\t<\/div>\t\t\t\t\t\t\n<style>\n#image_691867907 {\n  width: 100%;\n}\n<\/style>\n\t<\/div>\n\t\n\t\t<\/div>\n\t\t\t\t\t<\/div>\n\n\t\n\n\t<div id=\"col-1853327371\" class=\"col medium-6 small-12 large-6 small-col-first\"  >\n\t\t\t\t<div class=\"col-inner\"  >\n\t\t\t\n\t\t\t\n\t<div id=\"text-2652658925\" class=\"text\">\n\t\t\n<h2>Kvalitetna tla\u010dna oprema i rje\u0161enja<\/h2>\n\t\t\n<style>\n#text-2652658925 {\n  font-size: 1.8rem;\n}\n<\/style>\n\t<\/div>\n\t\n<p>Na\u0161a paleta filtera, separatora i tla\u010dnih spremnika namijenjena je industrijskim postrojenjima koja zahtijevaju visoku u\u010dinkovitost, sigurnost, pouzdanost i dugovje\u010dnost.<\/p>\n<p>Bilo da su vam potrebna rje\u0161enja za filtraciju, separaciju ne\u017eeljenih \u010destica ili tla\u010dne posude za skladi\u0161tenje, nudimo cjelovita rje\u0161enja dizajna i proizvodnje, od procesnih i mehani\u010dkih prora\u010duna do finalnog proizvoda.<\/p>\n\t\t<\/div>\n\t\t\t\t\t<\/div>\n\n\t\n<\/div>\n\t\t<\/div>\n\n\t\t\n<style>\n#section_1695142076 {\n  padding-top: 50px;\n  padding-bottom: 50px;\n  margin-bottom: -30px;\n}\n@media (min-width:850px) {\n  #section_1695142076 {\n    padding-top: 80px;\n    padding-bottom: 80px;\n  }\n}\n<\/style>\n\t<\/section>\n\t\n\n\t<section class=\"section\" id=\"section_646599085\">\n\t\t<div class=\"section-bg fill\" >\n\t\t\t\t\t\t\t\t\t\n\t\t\t\n\n\t\t<\/div>\n\n\t\t\n\n\t\t<div class=\"section-content relative\">\n\t\t\t\n<div class=\"row align-middle\"  id=\"row-1106902863\">\n\n\t<div id=\"col-1644608264\" class=\"col medium-6 small-12 large-6\"  >\n\t\t\t\t<div class=\"col-inner\"  >\n\t\t\t\n\t\t\t\n\t<div id=\"text-2640188260\" class=\"text\">\n\t\t\n<h2>Proizvodi<\/h2>\n\t\t\n<style>\n#text-2640188260 {\n  font-size: 1.8rem;\n}\n<\/style>\n\t<\/div>\n\t\n<ul>\n<li><strong>Filteri:<\/strong> Namijenjeni za pro\u010di\u0161\u0107avanje zraka, plinova i teku\u0107ina, osiguravaju visoku u\u010dinkovitost uklanjanja ne\u010disto\u0107a te nude prilago\u0111ena rje\u0161enja za specifi\u010dne primjene.<\/li>\n<li><strong>Separatori:<\/strong> Efikasno odvajanje teku\u0107ih i plinovitih faza i smanjenje rizika od kontaminacije. Pogodni za naftnu, plinsku, kemijsku i prehrambenu industriju. <\/li>\n<li><strong>Tla\u010dni spremnici:<\/strong> Sigurno skladi\u0161tenje teku\u0107ina i plinova.<\/li>\n<li><strong>Izmjenjiva\u010di topline:<\/strong> Slu\u017ee zagrijavanju\/hla\u0111enju radnog medija. Proizvodimo \u201ccijev u cijevi\u201d izmjenjiva\u010de u skladu s TEMA R, ASME VIII i EN 13445 normama. <\/li>\n<\/ul>\n\t\t<\/div>\n\t\t\t\t\t<\/div>\n\n\t\n\n\t<div id=\"col-1529429489\" class=\"col medium-6 small-12 large-6\"  >\n\t\t\t\t<div class=\"col-inner\"  >\n\t\t\t\n\t\t\t\n\t<div class=\"img has-hover x md-x lg-x y md-y lg-y\" id=\"image_466862101\">\n\t\t\t\t\t\t<div data-animate=\"fadeInRight\">\t\t<div class=\"img-inner box-shadow-2 dark\" >\n\t\t\t<img loading=\"lazy\" decoding=\"async\" width=\"1020\" height=\"1020\" src=\"https:\/\/pfc.hr\/wp-content\/uploads\/2025\/02\/gas-filter.jpg\" class=\"attachment-large size-large\" alt=\"filters, separators, pressure vessels and heat exchangers\" \/>\t\t\t\t\t\t\n\t\t\t\t\t<\/div>\n\t\t<\/div>\t\t\t\t\t\t\n<style>\n#image_466862101 {\n  width: 100%;\n}\n<\/style>\n\t<\/div>\n\t\n\t\t<\/div>\n\t\t\t\t\t<\/div>\n\n\t\n<\/div>\n\t\t<\/div>\n\n\t\t\n<style>\n#section_646599085 {\n  padding-top: 30px;\n  padding-bottom: 30px;\n  margin-bottom: -30px;\n  background-color: rgb(255,255,255);\n}\n<\/style>\n\t<\/section>\n\t\n\n\t<section class=\"section\" id=\"section_361913530\">\n\t\t<div class=\"section-bg fill\" >\n\t\t\t\t\t\t\t\t\t\n\t\t\t\n\n\t\t<\/div>\n\n\t\t\n\n\t\t<div class=\"section-content relative\">\n\t\t\t\n<div class=\"row align-middle\"  id=\"row-1735914114\">\n\n\t<div id=\"col-851587176\" class=\"col medium-6 small-12 large-6\"  >\n\t\t\t\t<div class=\"col-inner\"  >\n\t\t\t\n\t\t\t\n\t<div class=\"img has-hover x md-x lg-x y md-y lg-y\" id=\"image_353995897\">\n\t\t\t\t\t\t<div data-animate=\"fadeInLeft\">\t\t<div class=\"img-inner box-shadow-2 dark\" >\n\t\t\t<img loading=\"lazy\" decoding=\"async\" width=\"1020\" height=\"571\" src=\"https:\/\/pfc.hr\/wp-content\/uploads\/2025\/02\/zavojnica-izmjenjivac\u030ca-8.jpg\" class=\"attachment-large size-large\" alt=\"filters, separators, pressure vessels and heat exchangers\" \/>\t\t\t\t\t\t\n\t\t\t\t\t<\/div>\n\t\t<\/div>\t\t\t\t\t\t\n<style>\n#image_353995897 {\n  width: 100%;\n}\n<\/style>\n\t<\/div>\n\t\n\t\t<\/div>\n\t\t\t\t\t<\/div>\n\n\t\n\n\t<div id=\"col-1661240735\" class=\"col medium-6 small-12 large-6 small-col-first\"  >\n\t\t\t\t<div class=\"col-inner\"  >\n\t\t\t\n\t\t\t\n\t<div id=\"text-949910386\" class=\"text\">\n\t\t\n<h2>Prednosti<\/h2>\n\t\t\n<style>\n#text-949910386 {\n  font-size: 1.8rem;\n}\n<\/style>\n\t<\/div>\n\t\n<ul>\n<li><strong>Visoka u\u010dinkovitost filtracije i odvajanja:<\/strong> Na\u0161i filteri i separatori nude precizno uklanjanje ne\u010disto\u0107a, optimizirano odvajanje \u010destica i razdvajanje faza, \u010dime se pove\u0107ava efikasnost va\u0161eg sustava.<\/li>\n<li><strong>Sigurnost i kvaliteta:<\/strong> Svi na\u0161i tla\u010dni spremnici projektirani su i proizvedeni u skladu sa standardima ASME VIII div.1, EN 13445 ili AD2000. Prihva\u0107anje tla\u010dnih spremnika provodi ovla\u0161teno tijelo u skladu s direktivom PED 2014\/68\/EU.  <\/li>\n<li><strong>Dugotrajnost i pouzdanost:<\/strong> Kvalitetni materijali, poput uglji\u010dnog i nehr\u0111aju\u0107eg \u010delika (ovisno o specifi\u010dnim potrebama i uvjetima primjene), u kombinaciji s vrhunskom izradom, jam\u010de dugotrajnu upotrebu bez smanjenja performansi.<\/li>\n<li><strong>Raznolike mogu\u0107nosti prilagodbe:<\/strong> Proizvodimo toplinske izmjenjiva\u010de od faze procesnog projektiranja, toplinskih prora\u010duna, kao i prora\u010duna \u010dvrsto\u0107e do finalnog proizvoda kompletno prilago\u0111eno zahtjevima klijenata.<\/li>\n<\/ul>\n\t\t<\/div>\n\t\t\t\t\t<\/div>\n\n\t\n<\/div>\n\t\t<\/div>\n\n\t\t\n<style>\n#section_361913530 {\n  padding-top: 30px;\n  padding-bottom: 30px;\n  margin-bottom: -30px;\n}\n<\/style>\n\t<\/section>\n\t\n\n\t<section class=\"section dark\" id=\"section_401994341\">\n\t\t<div class=\"section-bg fill\" >\n\t\t\t\t\t\t\t\t\t\n\t\t\t\n\n\t\t<\/div>\n\n\t\t\n\n\t\t<div class=\"section-content relative\">\n\t\t\t\n<div class=\"row align-middle\"  id=\"row-188241681\">\n\n\t<div id=\"col-279611729\" class=\"col medium-6 small-12 large-6\"  >\n\t\t\t\t<div class=\"col-inner\"  >\n\t\t\t\n\t\t\t\n\t<div id=\"text-1750673440\" class=\"text\">\n\t\t\n<h2>Za\u0161to odabrati nas?<\/h2>\n\t\t\n<style>\n#text-1750673440 {\n  font-size: 1.8rem;\n}\n<\/style>\n\t<\/div>\n\t\n<ul>\n<li><strong>Vrhunska kvaliteta proizvoda:<\/strong> Koristimo samo najbolje materijale i provjerene proizvodne metode.<\/li>\n<li><strong>Tehni\u010dka podr\u0161ka:<\/strong> Pru\u017eamo podr\u0161ku i savjete kroz cijeli proces, od odabira do instalacije i odr\u017eavanja.<\/li>\n<li><strong>Brza isporuka:<\/strong> Osiguravamo brzu isporuku i sve potrebne certifikate za nesmetano pokretanje i rad.<\/li>\n<li><strong>Iskustvo i stru\u010dnost:<\/strong> Na\u0161 tim in\u017eenjera posjeduje bogato iskustvo i specijalizaciju u industriji tla\u010dnih ure\u0111aja.<\/li>\n<\/ul>\n\t\t<\/div>\n\t\t\t\t\t<\/div>\n\n\t\n\n\t<div id=\"col-1906989314\" class=\"col medium-6 small-12 large-6\"  >\n\t\t\t\t<div class=\"col-inner\"  >\n\t\t\t\n\t\t\t\n\t<div class=\"img has-hover x md-x lg-x y md-y lg-y\" id=\"image_1732040514\">\n\t\t\t\t\t\t\t\t<div class=\"img-inner dark\" >\n\t\t\t<img loading=\"lazy\" decoding=\"async\" width=\"1020\" height=\"574\" src=\"https:\/\/pfc.hr\/wp-content\/uploads\/2025\/02\/1737977064285-1.jpg\" class=\"attachment-large size-large\" alt=\"filters, separators, pressure vessels and heat exchangers\" \/>\t\t\t\t\t\t\n\t\t\t\t\t<\/div>\n\t\t\t\t\t\t\t\t\n<style>\n#image_1732040514 {\n  width: 100%;\n}\n<\/style>\n\t<\/div>\n\t\n\t\t<\/div>\n\t\t\t\t\t<\/div>\n\n\t\n<\/div>\n\t\t<\/div>\n\n\t\t\n<style>\n#section_401994341 {\n  padding-top: 50px;\n  padding-bottom: 50px;\n  background-color: rgb(85, 85, 84);\n}\n@media (min-width:850px) {\n  #section_401994341 {\n    padding-top: 80px;\n    padding-bottom: 80px;\n  }\n}\n<\/style>\n\t<\/section>\n\t\n\n  <div class=\"banner has-hover\" id=\"banner-404885058\">\n          <div class=\"banner-inner fill\">\n        <div class=\"banner-bg fill\" >\n                                    <div class=\"overlay\"><\/div>            \n                    <\/div>\n\t\t\n        <div class=\"banner-layers container\">\n            <div class=\"fill banner-link\"><\/div>            \n   <div id=\"text-box-515826702\" class=\"text-box banner-layer x50 md-x50 lg-x50 y50 md-y50 lg-y50 res-text\">\n                                <div class=\"text-box-content text dark\">\n              \n              <div class=\"text-inner text-center\">\n                  \n\t<div id=\"text-2571687371\" class=\"text\">\n\t\t\n<h5>KONTAKTIRAJTE NAS<\/h5>\n<h3><strong>IMATE LI PITANJA?<\/strong><\/h3>\n<p>Na\u0161 tim stoji vam na raspolaganju. Prona\u0111ite savr\u0161eno rje\u0161enje za svoje industrijske procese.<br \/>\n\t\t\n<style>\n#text-2571687371 {\n  text-align: center;\n  color: rgb(255, 255, 255);\n}\n#text-2571687371 > * {\n  color: rgb(255, 255, 255);\n}\n<\/style>\n\t<\/div>\n\t\n<a href=\"https:\/\/pfc.hr\/hr\/kontakt\/\" class=\"button white\" style=\"border-radius:99px;\">\n\t\t<span>Kontaktirajte nas<\/span>\n\t<\/a>\n\n<a href=\"mailto:info@pfc.hr\" class=\"button white is-outline\" style=\"border-radius:99px;\">\n\t\t<span>Po\u0161aljite upit<\/span>\n\t<\/a>\n\n              <\/div>\n           <\/div>\n                            \n<style>\n#text-box-515826702 {\n  width: 60%;\n}\n#text-box-515826702 .text-box-content {\n  font-size: 100%;\n}\n<\/style>\n    <\/div>\n \n        <\/div>\n      <\/div>\n\n            \n<style>\n#banner-404885058 {\n  padding-top: 400px;\n}\n#banner-404885058 .overlay {\n  background-color: rgba(0, 0, 0, 0.3);\n}\n@media (min-width:550px) {\n  #banner-404885058 {\n    padding-top: 500px;\n  }\n}\n@media (min-width:850px) {\n  #banner-404885058 {\n    padding-top: 600px;\n  }\n}\n<\/style>\n  <\/div>\n\n\n\n","protected":false},"excerpt":{"rendered":"","protected":false},"author":2,"featured_media":3909,"parent":0,"menu_order":0,"comment_status":"closed","ping_status":"closed","template":"page-blank.php","meta":{"footnotes":""},"class_list":["post-1649","page","type-page","status-publish","has-post-thumbnail","hentry"],"yoast_head":"<!-- This site is optimized with the Yoast SEO plugin v27.3 - https:\/\/yoast.com\/product\/yoast-seo-wordpress\/ -->\n<title>Oprema pod tlakom - PFC<\/title>\n<meta name=\"description\" content=\"Otkrijte na\u0161u tla\u010dnu opremu - visokou\u010dinkovite filtre, separatore i tla\u010dne posude, dizajnirane za industrijske pogone.\" \/>\n<meta name=\"robots\" content=\"index, follow, max-snippet:-1, max-image-preview:large, max-video-preview:-1\" \/>\n<link rel=\"canonical\" href=\"https:\/\/pfc.hr\/hr\/oprema-pod-tlakom\/\" \/>\n<meta property=\"og:locale\" content=\"hr_HR\" \/>\n<meta property=\"og:type\" content=\"article\" \/>\n<meta property=\"og:title\" content=\"Oprema pod tlakom - PFC\" \/>\n<meta property=\"og:description\" content=\"Otkrijte na\u0161u tla\u010dnu opremu - visokou\u010dinkovite filtre, separatore i tla\u010dne posude, dizajnirane za industrijske pogone.\" \/>\n<meta property=\"og:url\" content=\"https:\/\/pfc.hr\/hr\/oprema-pod-tlakom\/\" \/>\n<meta property=\"og:site_name\" content=\"PFC\" \/>\n<meta property=\"article:modified_time\" content=\"2026-01-27T13:42:39+00:00\" \/>\n<meta property=\"og:image\" content=\"https:\/\/pfc.hr\/wp-content\/uploads\/2025\/02\/high-quality-pressure-equipment.jpg\" \/>\n\t<meta property=\"og:image:width\" content=\"2870\" \/>\n\t<meta property=\"og:image:height\" content=\"1608\" \/>\n\t<meta property=\"og:image:type\" content=\"image\/jpeg\" \/>\n<meta name=\"twitter:card\" content=\"summary_large_image\" \/>\n<meta name=\"twitter:label1\" content=\"Procijenjeno vrijeme \u010ditanja\" \/>\n\t<meta name=\"twitter:data1\" content=\"3 minute\" \/>\n<script type=\"application\/ld+json\" class=\"yoast-schema-graph\">{\"@context\":\"https:\\\/\\\/schema.org\",\"@graph\":[{\"@type\":\"WebPage\",\"@id\":\"https:\\\/\\\/pfc.hr\\\/hr\\\/oprema-pod-tlakom\\\/\",\"url\":\"https:\\\/\\\/pfc.hr\\\/hr\\\/oprema-pod-tlakom\\\/\",\"name\":\"Oprema pod tlakom - PFC\",\"isPartOf\":{\"@id\":\"https:\\\/\\\/pfc.hr\\\/hr\\\/#website\"},\"primaryImageOfPage\":{\"@id\":\"https:\\\/\\\/pfc.hr\\\/hr\\\/oprema-pod-tlakom\\\/#primaryimage\"},\"image\":{\"@id\":\"https:\\\/\\\/pfc.hr\\\/hr\\\/oprema-pod-tlakom\\\/#primaryimage\"},\"thumbnailUrl\":\"https:\\\/\\\/pfc.hr\\\/wp-content\\\/uploads\\\/2025\\\/02\\\/high-quality-pressure-equipment.jpg\",\"datePublished\":\"2024-10-21T12:00:15+00:00\",\"dateModified\":\"2026-01-27T13:42:39+00:00\",\"description\":\"Otkrijte na\u0161u tla\u010dnu opremu - visokou\u010dinkovite filtre, separatore i tla\u010dne posude, dizajnirane za industrijske pogone.\",\"breadcrumb\":{\"@id\":\"https:\\\/\\\/pfc.hr\\\/hr\\\/oprema-pod-tlakom\\\/#breadcrumb\"},\"inLanguage\":\"hr\",\"potentialAction\":[{\"@type\":\"ReadAction\",\"target\":[\"https:\\\/\\\/pfc.hr\\\/hr\\\/oprema-pod-tlakom\\\/\"]}]},{\"@type\":\"ImageObject\",\"inLanguage\":\"hr\",\"@id\":\"https:\\\/\\\/pfc.hr\\\/hr\\\/oprema-pod-tlakom\\\/#primaryimage\",\"url\":\"https:\\\/\\\/pfc.hr\\\/wp-content\\\/uploads\\\/2025\\\/02\\\/high-quality-pressure-equipment.jpg\",\"contentUrl\":\"https:\\\/\\\/pfc.hr\\\/wp-content\\\/uploads\\\/2025\\\/02\\\/high-quality-pressure-equipment.jpg\",\"width\":2870,\"height\":1608,\"caption\":\"filters, separators, pressure vessels and heat exchangers\"},{\"@type\":\"BreadcrumbList\",\"@id\":\"https:\\\/\\\/pfc.hr\\\/hr\\\/oprema-pod-tlakom\\\/#breadcrumb\",\"itemListElement\":[{\"@type\":\"ListItem\",\"position\":1,\"name\":\"Home\",\"item\":\"https:\\\/\\\/pfc.hr\\\/hr\\\/pico-flow-controls\\\/\"},{\"@type\":\"ListItem\",\"position\":2,\"name\":\"Oprema pod tlakom\"}]},{\"@type\":\"WebSite\",\"@id\":\"https:\\\/\\\/pfc.hr\\\/hr\\\/#website\",\"url\":\"https:\\\/\\\/pfc.hr\\\/hr\\\/\",\"name\":\"PFC\",\"description\":\"\",\"publisher\":{\"@id\":\"https:\\\/\\\/pfc.hr\\\/hr\\\/#organization\"},\"potentialAction\":[{\"@type\":\"SearchAction\",\"target\":{\"@type\":\"EntryPoint\",\"urlTemplate\":\"https:\\\/\\\/pfc.hr\\\/hr\\\/?s={search_term_string}\"},\"query-input\":{\"@type\":\"PropertyValueSpecification\",\"valueRequired\":true,\"valueName\":\"search_term_string\"}}],\"inLanguage\":\"hr\"},{\"@type\":\"Organization\",\"@id\":\"https:\\\/\\\/pfc.hr\\\/hr\\\/#organization\",\"name\":\"Pico Flow Controls\",\"url\":\"https:\\\/\\\/pfc.hr\\\/hr\\\/\",\"logo\":{\"@type\":\"ImageObject\",\"inLanguage\":\"hr\",\"@id\":\"https:\\\/\\\/pfc.hr\\\/hr\\\/#\\\/schema\\\/logo\\\/image\\\/\",\"url\":\"https:\\\/\\\/pfc.hr\\\/wp-content\\\/uploads\\\/2024\\\/10\\\/PFC_Main_Logo.png\",\"contentUrl\":\"https:\\\/\\\/pfc.hr\\\/wp-content\\\/uploads\\\/2024\\\/10\\\/PFC_Main_Logo.png\",\"width\":3920,\"height\":1140,\"caption\":\"Pico Flow Controls\"},\"image\":{\"@id\":\"https:\\\/\\\/pfc.hr\\\/hr\\\/#\\\/schema\\\/logo\\\/image\\\/\"}}]}<\/script>\n<!-- \/ Yoast SEO plugin. -->","yoast_head_json":{"title":"Oprema pod tlakom - PFC","description":"Otkrijte na\u0161u tla\u010dnu opremu - visokou\u010dinkovite filtre, separatore i tla\u010dne posude, dizajnirane za industrijske pogone.","robots":{"index":"index","follow":"follow","max-snippet":"max-snippet:-1","max-image-preview":"max-image-preview:large","max-video-preview":"max-video-preview:-1"},"canonical":"https:\/\/pfc.hr\/hr\/oprema-pod-tlakom\/","og_locale":"hr_HR","og_type":"article","og_title":"Oprema pod tlakom - PFC","og_description":"Otkrijte na\u0161u tla\u010dnu opremu - visokou\u010dinkovite filtre, separatore i tla\u010dne posude, dizajnirane za industrijske pogone.","og_url":"https:\/\/pfc.hr\/hr\/oprema-pod-tlakom\/","og_site_name":"PFC","article_modified_time":"2026-01-27T13:42:39+00:00","og_image":[{"width":2870,"height":1608,"url":"https:\/\/pfc.hr\/wp-content\/uploads\/2025\/02\/high-quality-pressure-equipment.jpg","type":"image\/jpeg"}],"twitter_card":"summary_large_image","twitter_misc":{"Procijenjeno vrijeme \u010ditanja":"3 minute"},"schema":{"@context":"https:\/\/schema.org","@graph":[{"@type":"WebPage","@id":"https:\/\/pfc.hr\/hr\/oprema-pod-tlakom\/","url":"https:\/\/pfc.hr\/hr\/oprema-pod-tlakom\/","name":"Oprema pod tlakom - PFC","isPartOf":{"@id":"https:\/\/pfc.hr\/hr\/#website"},"primaryImageOfPage":{"@id":"https:\/\/pfc.hr\/hr\/oprema-pod-tlakom\/#primaryimage"},"image":{"@id":"https:\/\/pfc.hr\/hr\/oprema-pod-tlakom\/#primaryimage"},"thumbnailUrl":"https:\/\/pfc.hr\/wp-content\/uploads\/2025\/02\/high-quality-pressure-equipment.jpg","datePublished":"2024-10-21T12:00:15+00:00","dateModified":"2026-01-27T13:42:39+00:00","description":"Otkrijte na\u0161u tla\u010dnu opremu - visokou\u010dinkovite filtre, separatore i tla\u010dne posude, dizajnirane za industrijske pogone.","breadcrumb":{"@id":"https:\/\/pfc.hr\/hr\/oprema-pod-tlakom\/#breadcrumb"},"inLanguage":"hr","potentialAction":[{"@type":"ReadAction","target":["https:\/\/pfc.hr\/hr\/oprema-pod-tlakom\/"]}]},{"@type":"ImageObject","inLanguage":"hr","@id":"https:\/\/pfc.hr\/hr\/oprema-pod-tlakom\/#primaryimage","url":"https:\/\/pfc.hr\/wp-content\/uploads\/2025\/02\/high-quality-pressure-equipment.jpg","contentUrl":"https:\/\/pfc.hr\/wp-content\/uploads\/2025\/02\/high-quality-pressure-equipment.jpg","width":2870,"height":1608,"caption":"filters, separators, pressure vessels and heat exchangers"},{"@type":"BreadcrumbList","@id":"https:\/\/pfc.hr\/hr\/oprema-pod-tlakom\/#breadcrumb","itemListElement":[{"@type":"ListItem","position":1,"name":"Home","item":"https:\/\/pfc.hr\/hr\/pico-flow-controls\/"},{"@type":"ListItem","position":2,"name":"Oprema pod tlakom"}]},{"@type":"WebSite","@id":"https:\/\/pfc.hr\/hr\/#website","url":"https:\/\/pfc.hr\/hr\/","name":"PFC","description":"","publisher":{"@id":"https:\/\/pfc.hr\/hr\/#organization"},"potentialAction":[{"@type":"SearchAction","target":{"@type":"EntryPoint","urlTemplate":"https:\/\/pfc.hr\/hr\/?s={search_term_string}"},"query-input":{"@type":"PropertyValueSpecification","valueRequired":true,"valueName":"search_term_string"}}],"inLanguage":"hr"},{"@type":"Organization","@id":"https:\/\/pfc.hr\/hr\/#organization","name":"Pico Flow Controls","url":"https:\/\/pfc.hr\/hr\/","logo":{"@type":"ImageObject","inLanguage":"hr","@id":"https:\/\/pfc.hr\/hr\/#\/schema\/logo\/image\/","url":"https:\/\/pfc.hr\/wp-content\/uploads\/2024\/10\/PFC_Main_Logo.png","contentUrl":"https:\/\/pfc.hr\/wp-content\/uploads\/2024\/10\/PFC_Main_Logo.png","width":3920,"height":1140,"caption":"Pico Flow Controls"},"image":{"@id":"https:\/\/pfc.hr\/hr\/#\/schema\/logo\/image\/"}}]}},"_links":{"self":[{"href":"https:\/\/pfc.hr\/hr\/wp-json\/wp\/v2\/pages\/1649","targetHints":{"allow":["GET"]}}],"collection":[{"href":"https:\/\/pfc.hr\/hr\/wp-json\/wp\/v2\/pages"}],"about":[{"href":"https:\/\/pfc.hr\/hr\/wp-json\/wp\/v2\/types\/page"}],"author":[{"embeddable":true,"href":"https:\/\/pfc.hr\/hr\/wp-json\/wp\/v2\/users\/2"}],"replies":[{"embeddable":true,"href":"https:\/\/pfc.hr\/hr\/wp-json\/wp\/v2\/comments?post=1649"}],"version-history":[{"count":52,"href":"https:\/\/pfc.hr\/hr\/wp-json\/wp\/v2\/pages\/1649\/revisions"}],"predecessor-version":[{"id":19699,"href":"https:\/\/pfc.hr\/hr\/wp-json\/wp\/v2\/pages\/1649\/revisions\/19699"}],"wp:featuredmedia":[{"embeddable":true,"href":"https:\/\/pfc.hr\/hr\/wp-json\/wp\/v2\/media\/3909"}],"wp:attachment":[{"href":"https:\/\/pfc.hr\/hr\/wp-json\/wp\/v2\/media?parent=1649"}],"curies":[{"name":"wp","href":"https:\/\/api.w.org\/{rel}","templated":true}]}}