
{"id":1633,"date":"2024-10-17T07:59:55","date_gmt":"2024-10-17T05:59:55","guid":{"rendered":"https:\/\/pfc.hr\/o-nama\/karijere\/"},"modified":"2026-01-28T10:19:29","modified_gmt":"2026-01-28T09:19:29","slug":"karijere","status":"publish","type":"page","link":"https:\/\/pfc.hr\/hr\/karijere\/","title":{"rendered":"Karijere"},"content":{"rendered":"\n\t<section class=\"section\" id=\"section_1739743900\">\n\t\t<div class=\"section-bg fill\" >\n\t\t\t\t\t\t\t\t\t\n\t\t\t\n\n\t\t<\/div>\n\n\t\t\n\t<div class=\"ux-shape-divider ux-shape-divider--bottom ux-shape-divider--style-waves-opacity-3\">\n\t\t<svg viewBox=\"0 0 1000 300\" xmlns=\"http:\/\/www.w3.org\/2000\/svg\" preserveAspectRatio=\"none\">\n\t<path class=\"ux-shape-fill\" opacity=\"0.05\" d=\"M1014 264V386H206L34 300C34 300 344.42 277.16 436 221C542 156 590 160 704 209C811 255 899.11 214.94 979 346L1014 264Z\"\/>\n\t<path class=\"ux-shape-fill\" opacity=\"0.1\" d=\"M-302 55C-302 55 -66.73 263.25 50 214C178 160 283 116 353 141C445.68 174.1 534.28 256.19 588 249C692.9 235 764.52 75.94 855 131C940.61 183.09 1000 254 1000 254V328L-306 338L-302 55Z\"\/>\n\t<path class=\"ux-shape-fill\" opacity=\"0.15\" d=\"M-286 255C-286 255 -72 152 52 126C176 100 255 155 436 227C581.57 284.91 614.7 277.79 708 227C787 184 1009 3.0001 1093 164C1146 265.63 1031 293 1031 293L924 377L-288 389L-286 255Z\"\/>\n\t<path class=\"ux-shape-fill\" opacity=\"0.3\" d=\"M-24 69C-24 69 275.68 370.66 389 314C397 310 622 316 673 356C690.47 369.7 845 224 890 182C944.8 130.85 1018 92 1078 143C1154.12 207.7 1196 242 1196 242L1184 374L-28 386L-24 69Z\"\/>\n\t<path class=\"ux-shape-fill\" d=\"M-12 201C-12 201 58 284 182 258C306 232 342.29 221.23 456 264C565 305 640.82 288.36 721 249C776 222 837.5 191.31 935 253C984 284 1030 279 1030 279L1024 430L-12 440V201Z\"\/>\n<\/svg>\n\t<\/div>\n\n\t\t<div class=\"section-content relative\">\n\t\t\t\n\t\t<\/div>\n\n\t\t\n<style>\n#section_1739743900 {\n  padding-top: 50px;\n  padding-bottom: 50px;\n  background-color: #007369;\n}\n#section_1739743900 .ux-shape-divider--bottom svg {\n  height: 90px;\n  --divider-width: 100%;\n}\n@media (min-width:550px) {\n  #section_1739743900 {\n    padding-top: 80px;\n    padding-bottom: 80px;\n  }\n  #section_1739743900 .ux-shape-divider--bottom svg {\n    height: 120px;\n  }\n}\n@media (min-width:850px) {\n  #section_1739743900 {\n    padding-top: 100px;\n    padding-bottom: 100px;\n  }\n  #section_1739743900 .ux-shape-divider--bottom svg {\n    height: 150px;\n  }\n}\n<\/style>\n\t<\/section>\n\t\n\n\t<section class=\"section\" id=\"section_1954883363\">\n\t\t<div class=\"section-bg fill\" >\n\t\t\t\t\t\t\t\t\t\n\t\t\t\n\n\t\t<\/div>\n\n\t\t\n\n\t\t<div class=\"section-content relative\">\n\t\t\t\n<div class=\"row align-middle\"  id=\"row-1884765551\">\n\n\t<div id=\"col-571884612\" class=\"col medium-6 small-12 large-6\"  >\n\t\t\t\t<div class=\"col-inner\"  >\n\t\t\t\n\t\t\t\n\n  <div class=\"banner has-hover has-parallax\" id=\"banner-919260953\">\n          <div class=\"banner-inner fill\">\n        <div class=\"banner-bg fill\" data-parallax=\"-2\" data-parallax-container=\".banner\" data-parallax-background>\n            <img loading=\"lazy\" decoding=\"async\" width=\"1020\" height=\"1020\" src=\"https:\/\/pfc.hr\/wp-content\/uploads\/2025\/01\/career-pico-flow-controls-2.jpg\" class=\"bg attachment-large size-large\" alt=\"career at pico flow controls\" \/>                                    \n                    <\/div>\n\t\t\n        <div class=\"banner-layers container\">\n            <div class=\"fill banner-link\"><\/div>            \n   <div id=\"text-box-642131254\" class=\"text-box banner-layer x50 md-x50 lg-x50 y50 md-y50 lg-y50 res-text\">\n                                <div class=\"text-box-content text dark\">\n              \n              <div class=\"text-inner text-center\">\n                  \n              <\/div>\n           <\/div>\n                            \n<style>\n#text-box-642131254 {\n  width: 60%;\n}\n#text-box-642131254 .text-box-content {\n  font-size: 100%;\n}\n@media (min-width:550px) {\n  #text-box-642131254 {\n    width: 60%;\n  }\n}\n<\/style>\n    <\/div>\n \n        <\/div>\n      <\/div>\n\n            \n<style>\n#banner-919260953 {\n  padding-top: 120%;\n  background-color: #69aaa3;\n}\n<\/style>\n  <\/div>\n\n\n\t\t<\/div>\n\t\t\t\t\t<\/div>\n\n\t\n\n\t<div id=\"col-1182400819\" class=\"col medium-6 small-12 large-6 small-col-first\"  >\n\t\t\t\t<div class=\"col-inner\"  >\n\t\t\t\n\t\t\t\n\t<div id=\"text-2479808480\" class=\"text\">\n\t\t\n<h2>Careers at <span data-contrast=\"auto\">PICO FLOW CONTROLS d.o.o.<\/span><\/h2>\n\t\t\n<style>\n#text-2479808480 {\n  font-size: 1.8rem;\n}\n<\/style>\n\t<\/div>\n\t\n<p>Join us at <span data-contrast=\"auto\">PICO FLOW CONTROLS<\/span> d.o.o. and become part of a leading regional engineering and production team.<\/p>\n<p>Expertise, creativity, and commitment to excellence are our core values.<\/p>\n<p>These principles are deeply embedded in our culture, shaping our vision, driving our actions, and elevating the standards by which we contribute to the success of our clients and partners.<\/p>\n<p>Whether you are an experienced professional or just starting your career, we offer opportunities for growth, professional development, and a supportive work environment.<\/p>\n<p>Explore open positions and join a leading company in technological innovations.<\/p>\n\t\t<\/div>\n\t\t\t\t\t<\/div>\n\n\t\n<\/div>\n\t\t<\/div>\n\n\t\t\n<style>\n#section_1954883363 {\n  padding-top: 50px;\n  padding-bottom: 50px;\n  margin-bottom: -50px;\n}\n<\/style>\n\t<\/section>\n\t\n\n\t<section class=\"section\" id=\"section_216728820\">\n\t\t<div class=\"section-bg fill\" >\n\t\t\t\t\t\t\t\t\t\n\t\t\t\n\n\t\t<\/div>\n\n\t\t\n\t<div class=\"ux-shape-divider ux-shape-divider--bottom ux-shape-divider--style-waves-opacity-3\">\n\t\t<svg viewBox=\"0 0 1000 300\" xmlns=\"http:\/\/www.w3.org\/2000\/svg\" preserveAspectRatio=\"none\">\n\t<path class=\"ux-shape-fill\" opacity=\"0.05\" d=\"M1014 264V386H206L34 300C34 300 344.42 277.16 436 221C542 156 590 160 704 209C811 255 899.11 214.94 979 346L1014 264Z\"\/>\n\t<path class=\"ux-shape-fill\" opacity=\"0.1\" d=\"M-302 55C-302 55 -66.73 263.25 50 214C178 160 283 116 353 141C445.68 174.1 534.28 256.19 588 249C692.9 235 764.52 75.94 855 131C940.61 183.09 1000 254 1000 254V328L-306 338L-302 55Z\"\/>\n\t<path class=\"ux-shape-fill\" opacity=\"0.15\" d=\"M-286 255C-286 255 -72 152 52 126C176 100 255 155 436 227C581.57 284.91 614.7 277.79 708 227C787 184 1009 3.0001 1093 164C1146 265.63 1031 293 1031 293L924 377L-288 389L-286 255Z\"\/>\n\t<path class=\"ux-shape-fill\" opacity=\"0.3\" d=\"M-24 69C-24 69 275.68 370.66 389 314C397 310 622 316 673 356C690.47 369.7 845 224 890 182C944.8 130.85 1018 92 1078 143C1154.12 207.7 1196 242 1196 242L1184 374L-28 386L-24 69Z\"\/>\n\t<path class=\"ux-shape-fill\" d=\"M-12 201C-12 201 58 284 182 258C306 232 342.29 221.23 456 264C565 305 640.82 288.36 721 249C776 222 837.5 191.31 935 253C984 284 1030 279 1030 279L1024 430L-12 440V201Z\"\/>\n<\/svg>\n\t<\/div>\n\n\t\t<div class=\"section-content relative\">\n\t\t\t\n<div class=\"row align-middle align-center\"  id=\"row-422606332\">\n\n\t<div id=\"col-1473384653\" class=\"col small-12 large-12\"  >\n\t\t\t\t<div class=\"col-inner text-center\"  >\n\t\t\t\n\t\t\t\n\t<div id=\"text-183823356\" class=\"text\">\n\t\t\n<h2>Istra\u017eite otvorene pozicije<\/h2>\n\t\t\n<style>\n#text-183823356 {\n  font-size: 2rem;\n  text-align: center;\n}\n<\/style>\n\t<\/div>\n\t\n\t\t<\/div>\n\t\t\t\t\t<\/div>\n\n\t\n<\/div>\n\n\n  \n    <div class=\"row large-columns-2 medium-columns- small-columns-\" >\n  <div class=\"page-col col\" >\n          <div class=\"col-inner\" >\n          <a class=\"block plain\" href=\"https:\/\/pfc.hr\/hr\/karijere\/inzenjer-elektrotehnike-m-z\/\" title=\"In\u017eenjer elektrotehnike (m\/\u017e)\" target=\"\">\n            <div class=\"page-box box has-hover\">\n                  <div class=\"box-image\" >\n                      <div class=\"box-image\" >\n                      <img loading=\"lazy\" decoding=\"async\" width=\"300\" height=\"224\" src=\"https:\/\/pfc.hr\/wp-content\/uploads\/2025\/12\/Hiring-pico-flow-controls.jpeg\" class=\"attachment-medium size-medium\" alt=\"electrical engineer\" \/>                      <\/div>\n                                                              <\/div>\n                  <div class=\"box-text text-left is-xlarge\" >\n                        <div class=\"box-text-inner\">\n                            <p>In\u017eenjer elektrotehnike (m\/\u017e)<\/p>\n                        <\/div>\n                  <\/div>\n              <\/div>\n            <\/a>\n            <\/div>\n          <\/div><\/div>\n\t\t<\/div>\n\n\t\t\n<style>\n#section_216728820 {\n  padding-top: 50px;\n  padding-bottom: 50px;\n}\n#section_216728820 .ux-shape-divider--bottom svg {\n  height: 90px;\n  --divider-width: 100%;\n}\n#section_216728820 .ux-shape-divider--bottom .ux-shape-fill {\n  fill: rgb(0,0,0);\n}\n@media (min-width:550px) {\n  #section_216728820 .ux-shape-divider--bottom svg {\n    height: 120px;\n  }\n}\n@media (min-width:850px) {\n  #section_216728820 .ux-shape-divider--bottom svg {\n    height: 150px;\n  }\n}\n<\/style>\n\t<\/section>\n\t\n","protected":false},"excerpt":{"rendered":"","protected":false},"author":2,"featured_media":5019,"parent":0,"menu_order":1,"comment_status":"closed","ping_status":"closed","template":"page-blank.php","meta":{"footnotes":""},"class_list":["post-1633","page","type-page","status-publish","has-post-thumbnail","hentry"],"yoast_head":"<!-- This site is optimized with the Yoast SEO plugin v27.3 - https:\/\/yoast.com\/product\/yoast-seo-wordpress\/ -->\n<title>Karijere - PFC<\/title>\n<meta name=\"description\" content=\"Pridru\u017eite se PFC-u i izgradite svoju karijeru u industriji nafte i plina. Istra\u017eite mogu\u0107nosti zapo\u0161ljavanja, profesionalni razvoj i dinami\u010dno radno okru\u017eenje.\" \/>\n<meta name=\"robots\" content=\"index, follow, max-snippet:-1, max-image-preview:large, max-video-preview:-1\" \/>\n<link rel=\"canonical\" href=\"https:\/\/pfc.hr\/hr\/karijere\/\" \/>\n<meta property=\"og:locale\" content=\"hr_HR\" \/>\n<meta property=\"og:type\" content=\"article\" \/>\n<meta property=\"og:title\" content=\"Karijere - PFC\" \/>\n<meta property=\"og:description\" content=\"Pridru\u017eite se PFC-u i izgradite svoju karijeru u industriji nafte i plina. Istra\u017eite mogu\u0107nosti zapo\u0161ljavanja, profesionalni razvoj i dinami\u010dno radno okru\u017eenje.\" \/>\n<meta property=\"og:url\" content=\"https:\/\/pfc.hr\/hr\/karijere\/\" \/>\n<meta property=\"og:site_name\" content=\"PFC\" \/>\n<meta property=\"article:modified_time\" content=\"2026-01-28T09:19:29+00:00\" \/>\n<meta property=\"og:image\" content=\"https:\/\/pfc.hr\/wp-content\/uploads\/2025\/03\/pfc-careers.jpg\" \/>\n\t<meta property=\"og:image:width\" content=\"2870\" \/>\n\t<meta property=\"og:image:height\" content=\"1608\" \/>\n\t<meta property=\"og:image:type\" content=\"image\/jpeg\" \/>\n<meta name=\"twitter:card\" content=\"summary_large_image\" \/>\n<meta name=\"twitter:label1\" content=\"Procijenjeno vrijeme \u010ditanja\" \/>\n\t<meta name=\"twitter:data1\" content=\"2 minute\" \/>\n<script type=\"application\/ld+json\" class=\"yoast-schema-graph\">{\"@context\":\"https:\\\/\\\/schema.org\",\"@graph\":[{\"@type\":\"WebPage\",\"@id\":\"https:\\\/\\\/pfc.hr\\\/hr\\\/karijere\\\/\",\"url\":\"https:\\\/\\\/pfc.hr\\\/hr\\\/karijere\\\/\",\"name\":\"Karijere - PFC\",\"isPartOf\":{\"@id\":\"https:\\\/\\\/pfc.hr\\\/hr\\\/#website\"},\"primaryImageOfPage\":{\"@id\":\"https:\\\/\\\/pfc.hr\\\/hr\\\/karijere\\\/#primaryimage\"},\"image\":{\"@id\":\"https:\\\/\\\/pfc.hr\\\/hr\\\/karijere\\\/#primaryimage\"},\"thumbnailUrl\":\"https:\\\/\\\/pfc.hr\\\/wp-content\\\/uploads\\\/2025\\\/03\\\/pfc-careers.jpg\",\"datePublished\":\"2024-10-17T05:59:55+00:00\",\"dateModified\":\"2026-01-28T09:19:29+00:00\",\"description\":\"Pridru\u017eite se PFC-u i izgradite svoju karijeru u industriji nafte i plina. Istra\u017eite mogu\u0107nosti zapo\u0161ljavanja, profesionalni razvoj i dinami\u010dno radno okru\u017eenje.\",\"breadcrumb\":{\"@id\":\"https:\\\/\\\/pfc.hr\\\/hr\\\/karijere\\\/#breadcrumb\"},\"inLanguage\":\"hr\",\"potentialAction\":[{\"@type\":\"ReadAction\",\"target\":[\"https:\\\/\\\/pfc.hr\\\/hr\\\/karijere\\\/\"]}]},{\"@type\":\"ImageObject\",\"inLanguage\":\"hr\",\"@id\":\"https:\\\/\\\/pfc.hr\\\/hr\\\/karijere\\\/#primaryimage\",\"url\":\"https:\\\/\\\/pfc.hr\\\/wp-content\\\/uploads\\\/2025\\\/03\\\/pfc-careers.jpg\",\"contentUrl\":\"https:\\\/\\\/pfc.hr\\\/wp-content\\\/uploads\\\/2025\\\/03\\\/pfc-careers.jpg\",\"width\":2870,\"height\":1608},{\"@type\":\"BreadcrumbList\",\"@id\":\"https:\\\/\\\/pfc.hr\\\/hr\\\/karijere\\\/#breadcrumb\",\"itemListElement\":[{\"@type\":\"ListItem\",\"position\":1,\"name\":\"Home\",\"item\":\"https:\\\/\\\/pfc.hr\\\/hr\\\/pico-flow-controls\\\/\"},{\"@type\":\"ListItem\",\"position\":2,\"name\":\"Karijere\"}]},{\"@type\":\"WebSite\",\"@id\":\"https:\\\/\\\/pfc.hr\\\/hr\\\/#website\",\"url\":\"https:\\\/\\\/pfc.hr\\\/hr\\\/\",\"name\":\"PFC\",\"description\":\"\",\"publisher\":{\"@id\":\"https:\\\/\\\/pfc.hr\\\/hr\\\/#organization\"},\"potentialAction\":[{\"@type\":\"SearchAction\",\"target\":{\"@type\":\"EntryPoint\",\"urlTemplate\":\"https:\\\/\\\/pfc.hr\\\/hr\\\/?s={search_term_string}\"},\"query-input\":{\"@type\":\"PropertyValueSpecification\",\"valueRequired\":true,\"valueName\":\"search_term_string\"}}],\"inLanguage\":\"hr\"},{\"@type\":\"Organization\",\"@id\":\"https:\\\/\\\/pfc.hr\\\/hr\\\/#organization\",\"name\":\"Pico Flow Controls\",\"url\":\"https:\\\/\\\/pfc.hr\\\/hr\\\/\",\"logo\":{\"@type\":\"ImageObject\",\"inLanguage\":\"hr\",\"@id\":\"https:\\\/\\\/pfc.hr\\\/hr\\\/#\\\/schema\\\/logo\\\/image\\\/\",\"url\":\"https:\\\/\\\/pfc.hr\\\/wp-content\\\/uploads\\\/2024\\\/10\\\/PFC_Main_Logo.png\",\"contentUrl\":\"https:\\\/\\\/pfc.hr\\\/wp-content\\\/uploads\\\/2024\\\/10\\\/PFC_Main_Logo.png\",\"width\":3920,\"height\":1140,\"caption\":\"Pico Flow Controls\"},\"image\":{\"@id\":\"https:\\\/\\\/pfc.hr\\\/hr\\\/#\\\/schema\\\/logo\\\/image\\\/\"}}]}<\/script>\n<!-- \/ Yoast SEO plugin. -->","yoast_head_json":{"title":"Karijere - PFC","description":"Pridru\u017eite se PFC-u i izgradite svoju karijeru u industriji nafte i plina. Istra\u017eite mogu\u0107nosti zapo\u0161ljavanja, profesionalni razvoj i dinami\u010dno radno okru\u017eenje.","robots":{"index":"index","follow":"follow","max-snippet":"max-snippet:-1","max-image-preview":"max-image-preview:large","max-video-preview":"max-video-preview:-1"},"canonical":"https:\/\/pfc.hr\/hr\/karijere\/","og_locale":"hr_HR","og_type":"article","og_title":"Karijere - PFC","og_description":"Pridru\u017eite se PFC-u i izgradite svoju karijeru u industriji nafte i plina. Istra\u017eite mogu\u0107nosti zapo\u0161ljavanja, profesionalni razvoj i dinami\u010dno radno okru\u017eenje.","og_url":"https:\/\/pfc.hr\/hr\/karijere\/","og_site_name":"PFC","article_modified_time":"2026-01-28T09:19:29+00:00","og_image":[{"width":2870,"height":1608,"url":"https:\/\/pfc.hr\/wp-content\/uploads\/2025\/03\/pfc-careers.jpg","type":"image\/jpeg"}],"twitter_card":"summary_large_image","twitter_misc":{"Procijenjeno vrijeme \u010ditanja":"2 minute"},"schema":{"@context":"https:\/\/schema.org","@graph":[{"@type":"WebPage","@id":"https:\/\/pfc.hr\/hr\/karijere\/","url":"https:\/\/pfc.hr\/hr\/karijere\/","name":"Karijere - PFC","isPartOf":{"@id":"https:\/\/pfc.hr\/hr\/#website"},"primaryImageOfPage":{"@id":"https:\/\/pfc.hr\/hr\/karijere\/#primaryimage"},"image":{"@id":"https:\/\/pfc.hr\/hr\/karijere\/#primaryimage"},"thumbnailUrl":"https:\/\/pfc.hr\/wp-content\/uploads\/2025\/03\/pfc-careers.jpg","datePublished":"2024-10-17T05:59:55+00:00","dateModified":"2026-01-28T09:19:29+00:00","description":"Pridru\u017eite se PFC-u i izgradite svoju karijeru u industriji nafte i plina. Istra\u017eite mogu\u0107nosti zapo\u0161ljavanja, profesionalni razvoj i dinami\u010dno radno okru\u017eenje.","breadcrumb":{"@id":"https:\/\/pfc.hr\/hr\/karijere\/#breadcrumb"},"inLanguage":"hr","potentialAction":[{"@type":"ReadAction","target":["https:\/\/pfc.hr\/hr\/karijere\/"]}]},{"@type":"ImageObject","inLanguage":"hr","@id":"https:\/\/pfc.hr\/hr\/karijere\/#primaryimage","url":"https:\/\/pfc.hr\/wp-content\/uploads\/2025\/03\/pfc-careers.jpg","contentUrl":"https:\/\/pfc.hr\/wp-content\/uploads\/2025\/03\/pfc-careers.jpg","width":2870,"height":1608},{"@type":"BreadcrumbList","@id":"https:\/\/pfc.hr\/hr\/karijere\/#breadcrumb","itemListElement":[{"@type":"ListItem","position":1,"name":"Home","item":"https:\/\/pfc.hr\/hr\/pico-flow-controls\/"},{"@type":"ListItem","position":2,"name":"Karijere"}]},{"@type":"WebSite","@id":"https:\/\/pfc.hr\/hr\/#website","url":"https:\/\/pfc.hr\/hr\/","name":"PFC","description":"","publisher":{"@id":"https:\/\/pfc.hr\/hr\/#organization"},"potentialAction":[{"@type":"SearchAction","target":{"@type":"EntryPoint","urlTemplate":"https:\/\/pfc.hr\/hr\/?s={search_term_string}"},"query-input":{"@type":"PropertyValueSpecification","valueRequired":true,"valueName":"search_term_string"}}],"inLanguage":"hr"},{"@type":"Organization","@id":"https:\/\/pfc.hr\/hr\/#organization","name":"Pico Flow Controls","url":"https:\/\/pfc.hr\/hr\/","logo":{"@type":"ImageObject","inLanguage":"hr","@id":"https:\/\/pfc.hr\/hr\/#\/schema\/logo\/image\/","url":"https:\/\/pfc.hr\/wp-content\/uploads\/2024\/10\/PFC_Main_Logo.png","contentUrl":"https:\/\/pfc.hr\/wp-content\/uploads\/2024\/10\/PFC_Main_Logo.png","width":3920,"height":1140,"caption":"Pico Flow Controls"},"image":{"@id":"https:\/\/pfc.hr\/hr\/#\/schema\/logo\/image\/"}}]}},"_links":{"self":[{"href":"https:\/\/pfc.hr\/hr\/wp-json\/wp\/v2\/pages\/1633","targetHints":{"allow":["GET"]}}],"collection":[{"href":"https:\/\/pfc.hr\/hr\/wp-json\/wp\/v2\/pages"}],"about":[{"href":"https:\/\/pfc.hr\/hr\/wp-json\/wp\/v2\/types\/page"}],"author":[{"embeddable":true,"href":"https:\/\/pfc.hr\/hr\/wp-json\/wp\/v2\/users\/2"}],"replies":[{"embeddable":true,"href":"https:\/\/pfc.hr\/hr\/wp-json\/wp\/v2\/comments?post=1633"}],"version-history":[{"count":34,"href":"https:\/\/pfc.hr\/hr\/wp-json\/wp\/v2\/pages\/1633\/revisions"}],"predecessor-version":[{"id":19761,"href":"https:\/\/pfc.hr\/hr\/wp-json\/wp\/v2\/pages\/1633\/revisions\/19761"}],"wp:featuredmedia":[{"embeddable":true,"href":"https:\/\/pfc.hr\/hr\/wp-json\/wp\/v2\/media\/5019"}],"wp:attachment":[{"href":"https:\/\/pfc.hr\/hr\/wp-json\/wp\/v2\/media?parent=1633"}],"curies":[{"name":"wp","href":"https:\/\/api.w.org\/{rel}","templated":true}]}}